{"id":9325,"date":"2025-10-08T11:45:23","date_gmt":"2025-10-08T11:45:23","guid":{"rendered":"https:\/\/machinecastle.com\/product\/fistik-kabugu-kirma-makinesi\/"},"modified":"2025-10-08T11:45:23","modified_gmt":"2025-10-08T11:45:23","slug":"fistik-kabugu-kirma-makinesi","status":"publish","type":"product","link":"https:\/\/machinecastle.com\/tr\/product\/fistik-kabugu-kirma-makinesi\/","title":{"rendered":"F\u0131st\u0131k Kabu\u011fu K\u0131rma Makinesi"},"content":{"rendered":"<p>F\u0131st\u0131k kabu\u011fu k\u0131rma makinesi. Makine, kabuklu f\u0131st\u0131klar\u0131 giri\u015f hunisinden al\u0131r ve kabuklar\u0131n\u0131 k\u0131rar. \u0130\u015flemin sonunda f\u0131st\u0131k kabuklar\u0131 f\u0131st\u0131k i\u00e7leriyle birlikte k\u0131r\u0131lm\u0131\u015f olur.  <\/p>\n<p><strong>KAPAS\u0130TE SE\u00c7ENEKLER\u0130:<\/strong><\/p>\n<table class=\"table table-striped\">\n<tbody>\n<tr>\n<td>\n  <strong>MODELLER<\/strong>\n<\/td>\n<td>\n  <strong>KAPAS\u0130TELER<\/strong>\n<\/td>\n<\/tr>\n<\/tbody>\n<tbody>\n<tr>\n<td>PL-150 FISTIK KABUK KIRMA MAK\u0130NASI<\/td>\n<td>120-150 KG\/SAAT<\/td>\n<\/tr>\n<\/tbody>\n<\/table>\n","protected":false},"excerpt":{"rendered":"<p><iframe title=\"YouTube Video Oynat\u0131c\u0131\" src=\"https:\/\/www.youtube.com\/embed\/y9lIJkNplAI?si=ToDLMemhto7S5N53\" width=\"560\" height=\"315\" frameborder=\"0\" allowfullscreen=\"allowfullscreen\"><\/iframe><\/p>\n","protected":false},"featured_media":9324,"template":"","meta":{"site-sidebar-layout":"default","site-content-layout":"","ast-site-content-layout":"default","site-content-style":"default","site-sidebar-style":"default","ast-global-header-display":"","ast-banner-title-visibility":"","ast-main-header-display":"","ast-hfb-above-header-display":"","ast-hfb-below-header-display":"","ast-hfb-mobile-header-display":"","site-post-title":"","ast-breadcrumbs-content":"","ast-featured-img":"","footer-sml-layout":"","theme-transparent-header-meta":"default","adv-header-id-meta":"","stick-header-meta":"","header-above-stick-meta":"","header-main-stick-meta":"","header-below-stick-meta":"","astra-migrate-meta-layouts":"default","ast-page-background-enabled":"default","ast-page-background-meta":{"desktop":{"background-color":"","background-image":"","background-repeat":"repeat","background-position":"center center","background-size":"auto","background-attachment":"scroll","background-type":"","background-media":"","overlay-type":"","overlay-color":"","overlay-gradient":""},"tablet":{"background-color":"","background-image":"","background-repeat":"repeat","background-position":"center center","background-size":"auto","background-attachment":"scroll","background-type":"","background-media":"","overlay-type":"","overlay-color":"","overlay-gradient":""},"mobile":{"background-color":"","background-image":"","background-repeat":"repeat","background-position":"center center","background-size":"auto","background-attachment":"scroll","background-type":"","background-media":"","overlay-type":"","overlay-color":"","overlay-gradient":""}},"ast-content-background-meta":{"desktop":{"background-color":"var(--ast-global-color-5)","background-image":"","background-repeat":"repeat","background-position":"center center","background-size":"auto","background-attachment":"scroll","background-type":"","background-media":"","overlay-type":"","overlay-color":"","overlay-gradient":""},"tablet":{"background-color":"var(--ast-global-color-5)","background-image":"","background-repeat":"repeat","background-position":"center center","background-size":"auto","background-attachment":"scroll","background-type":"","background-media":"","overlay-type":"","overlay-color":"","overlay-gradient":""},"mobile":{"background-color":"var(--ast-global-color-5)","background-image":"","background-repeat":"repeat","background-position":"center center","background-size":"auto","background-attachment":"scroll","background-type":"","background-media":"","overlay-type":"","overlay-color":"","overlay-gradient":""}}},"product_brand":[],"product_cat":[345],"product_tag":[],"class_list":{"0":"post-9325","1":"product","2":"type-product","3":"status-publish","4":"has-post-thumbnail","6":"product_cat-kuruyemis-soyma-makinalari-tr","7":"desktop-align-left","8":"tablet-align-left","9":"mobile-align-left","11":"first","12":"instock","13":"shipping-taxable","14":"product-type-simple"},"_links":{"self":[{"href":"https:\/\/machinecastle.com\/tr\/wp-json\/wp\/v2\/product\/9325","targetHints":{"allow":["GET"]}}],"collection":[{"href":"https:\/\/machinecastle.com\/tr\/wp-json\/wp\/v2\/product"}],"about":[{"href":"https:\/\/machinecastle.com\/tr\/wp-json\/wp\/v2\/types\/product"}],"wp:featuredmedia":[{"embeddable":true,"href":"https:\/\/machinecastle.com\/tr\/wp-json\/wp\/v2\/media\/9324"}],"wp:attachment":[{"href":"https:\/\/machinecastle.com\/tr\/wp-json\/wp\/v2\/media?parent=9325"}],"wp:term":[{"taxonomy":"product_brand","embeddable":true,"href":"https:\/\/machinecastle.com\/tr\/wp-json\/wp\/v2\/product_brand?post=9325"},{"taxonomy":"product_cat","embeddable":true,"href":"https:\/\/machinecastle.com\/tr\/wp-json\/wp\/v2\/product_cat?post=9325"},{"taxonomy":"product_tag","embeddable":true,"href":"https:\/\/machinecastle.com\/tr\/wp-json\/wp\/v2\/product_tag?post=9325"}],"curies":[{"name":"wp","href":"https:\/\/api.w.org\/{rel}","templated":true}]}}