{"id":9310,"date":"2025-10-07T11:24:26","date_gmt":"2025-10-07T11:24:26","guid":{"rendered":"https:\/\/machinecastle.com\/product\/badem-kabugu-kirma-makinesi\/"},"modified":"2025-10-07T11:24:26","modified_gmt":"2025-10-07T11:24:26","slug":"badem-kabugu-kirma-makinesi","status":"publish","type":"product","link":"https:\/\/machinecastle.com\/tr\/product\/badem-kabugu-kirma-makinesi\/","title":{"rendered":"Badem Kabu\u011fu K\u0131rma Makinesi"},"content":{"rendered":"<p>Tam otomatik badem kabu\u011fu k\u0131rma makinesi. Makine, kabuklu bademleri giri\u015f hunisinden al\u0131r ve kabuklar\u0131 k\u0131rar, ard\u0131ndan kabuklar\u0131 ve badem \u00e7ekirdeklerini ay\u0131r\u0131r. \u0130\u015flemin sonunda kabuklar bir tarafa, badem \u00e7ekirdekleri di\u011fer tarafa gider. Makinenin \u00e7al\u0131\u015fma y\u00f6ntemi \u015f\u00f6yledir:   <\/p>\n<p>&#8211; Kullan\u0131c\u0131 kabuklu bademleri giri\u015f haznesine koyar ve \u00fcr\u00fcnler makinenin kabuk k\u0131rma k\u0131sm\u0131na doldurulur.<\/p>\n<p>&#8211; Bademlerin kabuklar\u0131 k\u0131r\u0131ld\u0131ktan sonra, makine badem \u00e7ekirdeklerini ve kabuklar\u0131n\u0131 birbirinden ay\u0131r\u0131r.<\/p>\n<p>&#8211; \u0130\u015flemin sonunda badem \u00e7ekirdekleri k\u0131r\u0131l\u0131r ve kabuklar\u0131ndan ayr\u0131l\u0131r.<\/p>\n<p><strong><br \/>\nKAPAS\u0130TE SE\u00c7ENEKLER\u0130:<\/strong><\/p>\n<table class=\"table table-striped\">\n<tbody>\n<tr>\n<td>\n  <strong>MODELLER<\/strong>\n<\/td>\n<td>\n  <strong>KAPAS\u0130TELER<\/strong>\n<\/td>\n<\/tr>\n<\/tbody>\n<tbody>\n<tr>\n<td>ABM-100 BADEM KABU\u011eU KIRMA MAK\u0130NES\u0130<\/td>\n<td>100 &#8211; 125 KG\/SAAT<\/td>\n<\/tr>\n<\/tbody>\n<tbody>\n<tr>\n<td>ABM-250 BADEM KABU\u011eU KIRMA MAK\u0130NES\u0130<\/td>\n<td>250- 275 KG\/SAAT<\/td>\n<\/tr>\n<\/tbody>\n<tbody>\n<tr>\n<td>ABM-500 BADEM KABU\u011eU KIRMA MAK\u0130NES\u0130<\/td>\n<td>500 &#8211; 550 KG\/SAAT<\/td>\n<\/tr>\n<\/tbody>\n<\/table>\n","protected":false},"excerpt":{"rendered":"<p>https:\/\/youtube.com\/shorts\/5KiCfbwEiRI?feature=share<\/p>\n<p>&nbsp;<\/p>\n","protected":false},"featured_media":9289,"template":"","meta":{"site-sidebar-layout":"default","site-content-layout":"","ast-site-content-layout":"default","site-content-style":"default","site-sidebar-style":"default","ast-global-header-display":"","ast-banner-title-visibility":"","ast-main-header-display":"","ast-hfb-above-header-display":"","ast-hfb-below-header-display":"","ast-hfb-mobile-header-display":"","site-post-title":"","ast-breadcrumbs-content":"","ast-featured-img":"","footer-sml-layout":"","theme-transparent-header-meta":"default","adv-header-id-meta":"","stick-header-meta":"","header-above-stick-meta":"","header-main-stick-meta":"","header-below-stick-meta":"","astra-migrate-meta-layouts":"default","ast-page-background-enabled":"default","ast-page-background-meta":{"desktop":{"background-color":"","background-image":"","background-repeat":"repeat","background-position":"center center","background-size":"auto","background-attachment":"scroll","background-type":"","background-media":"","overlay-type":"","overlay-color":"","overlay-gradient":""},"tablet":{"background-color":"","background-image":"","background-repeat":"repeat","background-position":"center center","background-size":"auto","background-attachment":"scroll","background-type":"","background-media":"","overlay-type":"","overlay-color":"","overlay-gradient":""},"mobile":{"background-color":"","background-image":"","background-repeat":"repeat","background-position":"center center","background-size":"auto","background-attachment":"scroll","background-type":"","background-media":"","overlay-type":"","overlay-color":"","overlay-gradient":""}},"ast-content-background-meta":{"desktop":{"background-color":"var(--ast-global-color-5)","background-image":"","background-repeat":"repeat","background-position":"center center","background-size":"auto","background-attachment":"scroll","background-type":"","background-media":"","overlay-type":"","overlay-color":"","overlay-gradient":""},"tablet":{"background-color":"var(--ast-global-color-5)","background-image":"","background-repeat":"repeat","background-position":"center center","background-size":"auto","background-attachment":"scroll","background-type":"","background-media":"","overlay-type":"","overlay-color":"","overlay-gradient":""},"mobile":{"background-color":"var(--ast-global-color-5)","background-image":"","background-repeat":"repeat","background-position":"center center","background-size":"auto","background-attachment":"scroll","background-type":"","background-media":"","overlay-type":"","overlay-color":"","overlay-gradient":""}}},"product_brand":[],"product_cat":[345],"product_tag":[],"class_list":{"0":"post-9310","1":"product","2":"type-product","3":"status-publish","4":"has-post-thumbnail","6":"product_cat-kuruyemis-soyma-makinalari-tr","7":"desktop-align-left","8":"tablet-align-left","9":"mobile-align-left","11":"first","12":"instock","13":"shipping-taxable","14":"product-type-simple"},"_links":{"self":[{"href":"https:\/\/machinecastle.com\/tr\/wp-json\/wp\/v2\/product\/9310","targetHints":{"allow":["GET"]}}],"collection":[{"href":"https:\/\/machinecastle.com\/tr\/wp-json\/wp\/v2\/product"}],"about":[{"href":"https:\/\/machinecastle.com\/tr\/wp-json\/wp\/v2\/types\/product"}],"wp:featuredmedia":[{"embeddable":true,"href":"https:\/\/machinecastle.com\/tr\/wp-json\/wp\/v2\/media\/9289"}],"wp:attachment":[{"href":"https:\/\/machinecastle.com\/tr\/wp-json\/wp\/v2\/media?parent=9310"}],"wp:term":[{"taxonomy":"product_brand","embeddable":true,"href":"https:\/\/machinecastle.com\/tr\/wp-json\/wp\/v2\/product_brand?post=9310"},{"taxonomy":"product_cat","embeddable":true,"href":"https:\/\/machinecastle.com\/tr\/wp-json\/wp\/v2\/product_cat?post=9310"},{"taxonomy":"product_tag","embeddable":true,"href":"https:\/\/machinecastle.com\/tr\/wp-json\/wp\/v2\/product_tag?post=9310"}],"curies":[{"name":"wp","href":"https:\/\/api.w.org\/{rel}","templated":true}]}}