{"id":9304,"date":"2025-10-07T10:39:47","date_gmt":"2025-10-07T10:39:47","guid":{"rendered":"https:\/\/machinecastle.com\/product\/findik-kabugu-kirici\/"},"modified":"2026-01-26T09:57:18","modified_gmt":"2026-01-26T09:57:18","slug":"findik-kabugu-kirici","status":"publish","type":"product","link":"https:\/\/machinecastle.com\/tr\/product\/findik-kabugu-kirici\/","title":{"rendered":"F\u0131nd\u0131k Kabu\u011fu K\u0131r\u0131c\u0131"},"content":{"rendered":"<p>F\u0131nd\u0131k K\u0131rma Makinesi, f\u0131nd\u0131klar\u0131n sert kabu\u011funu k\u0131rmak i\u00e7in kullan\u0131l\u0131r ve ard\u0131ndan makine kabuklar\u0131 ve k\u0131r\u0131lm\u0131\u015f f\u0131nd\u0131klar\u0131 ay\u0131r\u0131r. \u0130\u015flemin sonunda, k\u0131r\u0131lan kabuk par\u00e7alar\u0131 toplan\u0131r ve f\u0131nd\u0131k i\u00e7leri birbirinden ayr\u0131 olarak toplan\u0131r. Kapasite ihtiyac\u0131na ba\u011fl\u0131 olarak, f\u0131nd\u0131klar\u0131 f\u0131nd\u0131k k\u0131rma makinesinin giri\u015f hunisi k\u0131sm\u0131na almak i\u00e7in ek hava besleme sistemi eklenebilir.  <\/p>\n<p><strong><br \/>\nKAPAS\u0130TE SE\u00c7ENEKLER\u0130:<\/strong><\/p>\n<table class=\"table table-striped\">\n<tbody>\n<tr>\n<td>\n  <strong>MODELLER<\/strong>\n<\/td>\n<td>\n  <strong>KAPAS\u0130TELER<\/strong>\n<\/td>\n<\/tr>\n<\/tbody>\n<tbody>\n<tr>\n<td>HZB-25 FINDIK KABUK KIRMA MAK\u0130NASI<\/td>\n<td>500 Gram &#8211; 25 Kg\/Saat<\/td>\n<\/tr>\n<\/tbody>\n<tbody>\n<tr>\n<td>HZB-30 FINDIK KABUK KIRMA MAK\u0130NASI<\/td>\n<td>1000 Grams &#8211; 30 Kg\/Hour<\/td>\n<\/tr>\n<\/tbody>\n<tbody>\n<tr>\n<td>HZB-40 FINDIK KABUK KIRMA MAK\u0130NASI<\/td>\n<td>2000 Gram &#8211; 40 Kg\/Saat<\/td>\n<\/tr>\n<\/tbody>\n<tbody>\n<tr>\n<td>HZB-80 FINDIK KABUK KIRMA MAK\u0130NASI<\/td>\n<td>5000 Gram &#8211; 80 Kg\/Saat<\/td>\n<\/tr>\n<\/tbody>\n<tbody>\n<tr>\n<td>HZB-100 FINDIK KABUK KIRMA MAK\u0130NASI<\/td>\n<td>5000 Gram &#8211; 100 Kg\/Saat<\/td>\n<\/tr>\n<\/tbody>\n<\/table>\n","protected":false},"excerpt":{"rendered":"<p><iframe title=\"YouTube video oynat\u0131c\u0131\" src=\"https:\/\/www.youtube.com\/embed\/3Nh-bQo7L48?si=dTi3o9elLD56k9HH\" width=\"560\" height=\"315\" frameborder=\"0\" allowfullscreen=\"allowfullscreen\"><\/iframe><\/p>\n","protected":false},"featured_media":9280,"template":"","meta":{"site-sidebar-layout":"default","site-content-layout":"","ast-site-content-layout":"default","site-content-style":"default","site-sidebar-style":"default","ast-global-header-display":"","ast-banner-title-visibility":"","ast-main-header-display":"","ast-hfb-above-header-display":"","ast-hfb-below-header-display":"","ast-hfb-mobile-header-display":"","site-post-title":"","ast-breadcrumbs-content":"","ast-featured-img":"","footer-sml-layout":"","theme-transparent-header-meta":"default","adv-header-id-meta":"","stick-header-meta":"","header-above-stick-meta":"","header-main-stick-meta":"","header-below-stick-meta":"","astra-migrate-meta-layouts":"default","ast-page-background-enabled":"default","ast-page-background-meta":{"desktop":{"background-color":"","background-image":"","background-repeat":"repeat","background-position":"center center","background-size":"auto","background-attachment":"scroll","background-type":"","background-media":"","overlay-type":"","overlay-color":"","overlay-gradient":""},"tablet":{"background-color":"","background-image":"","background-repeat":"repeat","background-position":"center center","background-size":"auto","background-attachment":"scroll","background-type":"","background-media":"","overlay-type":"","overlay-color":"","overlay-gradient":""},"mobile":{"background-color":"","background-image":"","background-repeat":"repeat","background-position":"center center","background-size":"auto","background-attachment":"scroll","background-type":"","background-media":"","overlay-type":"","overlay-color":"","overlay-gradient":""}},"ast-content-background-meta":{"desktop":{"background-color":"var(--ast-global-color-5)","background-image":"","background-repeat":"repeat","background-position":"center center","background-size":"auto","background-attachment":"scroll","background-type":"","background-media":"","overlay-type":"","overlay-color":"","overlay-gradient":""},"tablet":{"background-color":"var(--ast-global-color-5)","background-image":"","background-repeat":"repeat","background-position":"center center","background-size":"auto","background-attachment":"scroll","background-type":"","background-media":"","overlay-type":"","overlay-color":"","overlay-gradient":""},"mobile":{"background-color":"var(--ast-global-color-5)","background-image":"","background-repeat":"repeat","background-position":"center center","background-size":"auto","background-attachment":"scroll","background-type":"","background-media":"","overlay-type":"","overlay-color":"","overlay-gradient":""}}},"product_brand":[],"product_cat":[345],"product_tag":[],"class_list":{"0":"post-9304","1":"product","2":"type-product","3":"status-publish","4":"has-post-thumbnail","6":"product_cat-kuruyemis-soyma-makinalari-tr","7":"desktop-align-left","8":"tablet-align-left","9":"mobile-align-left","11":"first","12":"instock","13":"shipping-taxable","14":"product-type-simple"},"_links":{"self":[{"href":"https:\/\/machinecastle.com\/tr\/wp-json\/wp\/v2\/product\/9304","targetHints":{"allow":["GET"]}}],"collection":[{"href":"https:\/\/machinecastle.com\/tr\/wp-json\/wp\/v2\/product"}],"about":[{"href":"https:\/\/machinecastle.com\/tr\/wp-json\/wp\/v2\/types\/product"}],"wp:featuredmedia":[{"embeddable":true,"href":"https:\/\/machinecastle.com\/tr\/wp-json\/wp\/v2\/media\/9280"}],"wp:attachment":[{"href":"https:\/\/machinecastle.com\/tr\/wp-json\/wp\/v2\/media?parent=9304"}],"wp:term":[{"taxonomy":"product_brand","embeddable":true,"href":"https:\/\/machinecastle.com\/tr\/wp-json\/wp\/v2\/product_brand?post=9304"},{"taxonomy":"product_cat","embeddable":true,"href":"https:\/\/machinecastle.com\/tr\/wp-json\/wp\/v2\/product_cat?post=9304"},{"taxonomy":"product_tag","embeddable":true,"href":"https:\/\/machinecastle.com\/tr\/wp-json\/wp\/v2\/product_tag?post=9304"}],"curies":[{"name":"wp","href":"https:\/\/api.w.org\/{rel}","templated":true}]}}