{"id":8720,"date":"2024-11-12T13:04:00","date_gmt":"2024-11-12T13:04:00","guid":{"rendered":"https:\/\/machinecastle.com\/urun\/susam-kavurma-makinesi\/"},"modified":"2024-11-12T13:54:28","modified_gmt":"2024-11-12T13:54:28","slug":"susam-kavurma-makinesi","status":"publish","type":"product","link":"https:\/\/machinecastle.com\/tr\/product\/susam-kavurma-makinesi\/","title":{"rendered":"SUSAM KAVURMA MAK\u0130NES\u0130"},"content":{"rendered":"<p>Susam i\u015fleme ve tahin \u00fcretim a\u015famalar\u0131nda en \u00f6nemli ekipmanlardan biri susam kavurma makinesidir. Susam kavurma makinelerimiz farkl\u0131 kapasitelerde mevcuttur ve \u00f6ncelikle tahin susam tohumlar\u0131ndan nemi \u00e7\u0131karmak i\u00e7in kullan\u0131l\u0131r. Bu, do\u011frudan tahin susam\u0131 tedarik eden veya tahin \u00fcreten i\u015fletmeler i\u00e7in \u00f6zellikle faydal\u0131d\u0131r, \u00e7\u00fcnk\u00fc susam tohumlar\u0131n\u0131 kavurmak nihai tahin \u00fcr\u00fcn\u00fcn\u00fcn kalitesini art\u0131r\u0131r. Susam kavurma makinemizle, susam tohumlar\u0131 istenen sonuca ba\u011fl\u0131 olarak 15 ila 20 dakika i\u00e7inde etkili bir \u015fekilde kavrulabilir. Bu makinenin benzersiz avantajlar\u0131ndan biri de \u00e7ok y\u00f6nl\u00fcl\u00fc\u011f\u00fcd\u00fcr. Susam tohumlar\u0131n\u0131 kavurman\u0131n yan\u0131 s\u0131ra, keten tohumu, ha\u015fha\u015f tohumu, chia tohumu ve daha fazlas\u0131 gibi \u00e7ok \u00e7e\u015fitli k\u00fc\u00e7\u00fck tohumlar\u0131 da kavurabilir. Bu, onu farkl\u0131 tohum t\u00fcrleriyle \u00e7al\u0131\u015fan ve kavurma yoluyla lezzetlerini, aromalar\u0131n\u0131 ve dokular\u0131n\u0131 geli\u015ftirmek isteyen \u00fcreticiler i\u00e7in de\u011ferli bir \u00e7ok ama\u00e7l\u0131 ara\u00e7 haline getirir. Susam kavurma makinesinin tasar\u0131m\u0131, kavurma s\u0131ras\u0131nda saat y\u00f6n\u00fcn\u00fcn tersine \u00e7al\u0131\u015fan ve kavrulmu\u015f tohumlar\u0131 bo\u015faltmak i\u00e7in saat y\u00f6n\u00fcnde d\u00f6nen bir tambur i\u00e7erir. Tohumlar d\u00f6nen tamburun i\u00e7ine yerle\u015ftirildi\u011finde, kullan\u0131c\u0131lar tamburun hem s\u0131cakl\u0131\u011f\u0131 hem de d\u00f6n\u00fc\u015f h\u0131z\u0131 \u00fczerinde tam kontrole sahip olur ve kavurma i\u015flemini her tohum t\u00fcr\u00fcn\u00fcn \u00f6zel ihtiya\u00e7lar\u0131na g\u00f6re uyarlamalar\u0131na ve istedikleri kavurma seviyesine ula\u015fmalar\u0131na olanak tan\u0131r. Tahin \u00fcretimi i\u00e7in susam tohumlar\u0131 kavurma s\u00fcresini biraz uzatarak zengin kahverengi bir renge ve geli\u015fmi\u015f bir lezzet profiline ula\u015fabilir. Hem \u0131s\u0131y\u0131 hem de d\u00f6n\u00fc\u015f h\u0131z\u0131n\u0131 hassas bir \u015fekilde ayarlama yetene\u011fi, farkl\u0131 tohum t\u00fcrlerinde tutarl\u0131, y\u00fcksek kaliteli sonu\u00e7lar sa\u011flar ve bu makineyi \u00fcr\u00fcnlerinin kalitesini y\u00fckseltmeyi ama\u00e7layan \u00fcreticiler i\u00e7in verimli ve \u00e7ok y\u00f6nl\u00fc bir se\u00e7im haline getirir.   <\/p>\n<p><strong><br \/>\nKAPAS\u0130TE SE\u00c7ENEKLER\u0130:<\/strong><\/p>\n<table class=\"table table-striped\">\n<tbody>\n<tr>\n<td><strong>MODELLER<\/strong><\/td>\n<td><strong>KAPAS\u0130TELER<\/strong><\/td>\n<\/tr>\n<\/tbody>\n<tbody>\n<tr>\n<td>MC-S-20 SUSAM KAVURMA MAK\u0130NASI<\/td>\n<td>10-60 KG\/SAAT<\/td>\n<\/tr>\n<\/tbody>\n<tbody>\n<tr>\n<td>MC-S-50 SUSAM KAVURMA MAK\u0130NASI<\/td>\n<td>50-150 KG\/SAAT<\/td>\n<\/tr>\n<\/tbody>\n<tbody>\n<tr>\n<td>MC-S-100 SUSAM KAVURMA MAK\u0130NASI<\/td>\n<td>100-300 KG\/SAAT<\/td>\n<\/tr>\n<\/tbody>\n<tbody>\n<tr>\n<td>MC-S-150 SUSAM KAVURMA MAK\u0130NASI<\/td>\n<td>150\/450 KG\/SAAT<\/td>\n<\/tr>\n<\/tbody>\n<tbody>\n<tr>\n<td>MC-S-250 SUSAM KAVURMA MAK\u0130NASI<\/td>\n<td>250\/750 KG\/SAAT<\/td>\n<\/tr>\n<\/tbody>\n<\/table>\n","protected":false},"excerpt":{"rendered":"<p><iframe title=\"YouTube video oynat\u0131c\u0131\" src=\"https:\/\/www.youtube.com\/embed\/yk-YtofP6Io?si=sElOH7TO6FopKDo_\" width=\"560\" height=\"315\" frameborder=\"0\" allowfullscreen=\"allowfullscreen\"><\/iframe><br \/>\n<iframe title=\"YouTube video oynat\u0131c\u0131\" src=\"https:\/\/www.youtube.com\/embed\/_7IxNLHGaJY?si=otnVJAJWHe15zN1_\" width=\"560\" height=\"315\" frameborder=\"0\" allowfullscreen=\"allowfullscreen\"><\/iframe><\/p>\n","protected":false},"featured_media":8719,"template":"","meta":{"site-sidebar-layout":"default","site-content-layout":"","ast-site-content-layout":"default","site-content-style":"default","site-sidebar-style":"default","ast-global-header-display":"","ast-banner-title-visibility":"","ast-main-header-display":"","ast-hfb-above-header-display":"","ast-hfb-below-header-display":"","ast-hfb-mobile-header-display":"","site-post-title":"","ast-breadcrumbs-content":"","ast-featured-img":"","footer-sml-layout":"","theme-transparent-header-meta":"default","adv-header-id-meta":"","stick-header-meta":"","header-above-stick-meta":"","header-main-stick-meta":"","header-below-stick-meta":"","astra-migrate-meta-layouts":"default","ast-page-background-enabled":"default","ast-page-background-meta":{"desktop":{"background-color":"","background-image":"","background-repeat":"repeat","background-position":"center center","background-size":"auto","background-attachment":"scroll","background-type":"","background-media":"","overlay-type":"","overlay-color":"","overlay-gradient":""},"tablet":{"background-color":"","background-image":"","background-repeat":"repeat","background-position":"center center","background-size":"auto","background-attachment":"scroll","background-type":"","background-media":"","overlay-type":"","overlay-color":"","overlay-gradient":""},"mobile":{"background-color":"","background-image":"","background-repeat":"repeat","background-position":"center center","background-size":"auto","background-attachment":"scroll","background-type":"","background-media":"","overlay-type":"","overlay-color":"","overlay-gradient":""}},"ast-content-background-meta":{"desktop":{"background-color":"var(--ast-global-color-5)","background-image":"","background-repeat":"repeat","background-position":"center center","background-size":"auto","background-attachment":"scroll","background-type":"","background-media":"","overlay-type":"","overlay-color":"","overlay-gradient":""},"tablet":{"background-color":"var(--ast-global-color-5)","background-image":"","background-repeat":"repeat","background-position":"center center","background-size":"auto","background-attachment":"scroll","background-type":"","background-media":"","overlay-type":"","overlay-color":"","overlay-gradient":""},"mobile":{"background-color":"var(--ast-global-color-5)","background-image":"","background-repeat":"repeat","background-position":"center center","background-size":"auto","background-attachment":"scroll","background-type":"","background-media":"","overlay-type":"","overlay-color":"","overlay-gradient":""}}},"product_brand":[],"product_cat":[168],"product_tag":[],"class_list":{"0":"post-8720","1":"product","2":"type-product","3":"status-publish","4":"has-post-thumbnail","6":"product_cat-kuruyemis-kavurma-makinalari","7":"desktop-align-left","8":"tablet-align-left","9":"mobile-align-left","11":"first","12":"instock","13":"shipping-taxable","14":"product-type-simple"},"_links":{"self":[{"href":"https:\/\/machinecastle.com\/tr\/wp-json\/wp\/v2\/product\/8720","targetHints":{"allow":["GET"]}}],"collection":[{"href":"https:\/\/machinecastle.com\/tr\/wp-json\/wp\/v2\/product"}],"about":[{"href":"https:\/\/machinecastle.com\/tr\/wp-json\/wp\/v2\/types\/product"}],"wp:featuredmedia":[{"embeddable":true,"href":"https:\/\/machinecastle.com\/tr\/wp-json\/wp\/v2\/media\/8719"}],"wp:attachment":[{"href":"https:\/\/machinecastle.com\/tr\/wp-json\/wp\/v2\/media?parent=8720"}],"wp:term":[{"taxonomy":"product_brand","embeddable":true,"href":"https:\/\/machinecastle.com\/tr\/wp-json\/wp\/v2\/product_brand?post=8720"},{"taxonomy":"product_cat","embeddable":true,"href":"https:\/\/machinecastle.com\/tr\/wp-json\/wp\/v2\/product_cat?post=8720"},{"taxonomy":"product_tag","embeddable":true,"href":"https:\/\/machinecastle.com\/tr\/wp-json\/wp\/v2\/product_tag?post=8720"}],"curies":[{"name":"wp","href":"https:\/\/api.w.org\/{rel}","templated":true}]}}