{"id":8670,"date":"2024-11-11T08:28:18","date_gmt":"2024-11-11T08:28:18","guid":{"rendered":"https:\/\/machinecastle.com\/urun\/ceviz-soyma-makinesi\/"},"modified":"2024-11-11T08:28:18","modified_gmt":"2024-11-11T08:28:18","slug":"ceviz-soyma-makinesi","status":"publish","type":"product","link":"https:\/\/machinecastle.com\/tr\/product\/ceviz-soyma-makinesi\/","title":{"rendered":"Ceviz Soyma Makinesi"},"content":{"rendered":"<p>Ceviz soyma makinesi, su ve rendeleme tekniklerinin bir kombinasyonunu kullanarak ceviz kabuklar\u0131n\u0131 etkili bir \u015fekilde \u00e7\u0131kar\u0131r. Makine her cevizi i\u015flerken, soyulmu\u015f cevizi \u00e7\u0131kar\u0131lan kabuktan d\u00fczg\u00fcn bir \u015fekilde ay\u0131r\u0131r ve her bile\u015feni ayr\u0131 ayr\u0131 teslim eder. Bu ak\u0131c\u0131 i\u015flem, cevizin i\u00e7 k\u0131s\u0131mlar\u0131n\u0131n sa\u011flam kalmas\u0131n\u0131 sa\u011flarken kabuk at\u0131\u011f\u0131 uygun \u015fekilde at\u0131l\u0131r. End\u00fcstriyel \u00fcretimden daha k\u00fc\u00e7\u00fck \u00f6l\u00e7ekli kullan\u0131ma kadar \u00e7e\u015fitli ihtiya\u00e7lar\u0131 kar\u015f\u0131lamak \u00fczere tasarlanm\u0131\u015f bir dizi ceviz soyma makinesi sunuyoruz. Modellerimiz, rendeleme mekanizmalar\u0131, hassas b\u0131\u00e7aklar, ayarlanabilir h\u0131z ayarlar\u0131 ve sabit h\u0131z modelleri i\u00e7eren \u00e7ok \u00e7e\u015fitli se\u00e7enekler i\u00e7erir. Bu \u00e7ok y\u00f6nl\u00fcl\u00fck, kullan\u0131c\u0131lar\u0131n belirli gereksinimleri i\u00e7in ideal makineyi se\u00e7melerine olanak tan\u0131r ve cevizin kalitesini koruyan \u00f6zel bir soyma deneyimi sa\u011flar. Tam olarak ihtiyac\u0131n\u0131z olan\u0131 bulmak i\u00e7in bu kategorideki ceviz soyma makineleri se\u00e7kimizi inceleyin. Machine Castle, onlarca y\u0131ll\u0131k uzmanl\u0131\u011f\u0131yla bu makineleri dayan\u0131kl\u0131l\u0131k ve hassasiyeti g\u00f6z \u00f6n\u00fcnde bulundurarak geli\u015ftirerek ceviz i\u015fleme i\u00e7in en y\u00fcksek standartlar\u0131 kar\u015f\u0131lamalar\u0131n\u0131 sa\u011flam\u0131\u015ft\u0131r. Her makine, b\u00fcy\u00fck ceviz partilerini tutarl\u0131l\u0131k ve kolayl\u0131kla i\u015flemeyi her zamankinden daha kolay hale getiren kusursuz ve etkili bir soyma s\u00fcreci sa\u011flamak \u00fczere \u00fcretilmi\u015ftir. \u0130ster y\u00fcksek h\u0131zl\u0131 bir soyma \u00e7\u00f6z\u00fcm\u00fcne, ister hassas i\u015fler i\u00e7in ayarlanabilir ayarlara sahip bir makineye ihtiyac\u0131n\u0131z olsun, Machine Castle&#8217;\u0131n ceviz soyma makineleri size uzun y\u0131llar g\u00fcvenilir bir \u015fekilde hizmet verecek \u015fekilde tasarlanm\u0131\u015ft\u0131r.  <\/p>\n<p>&nbsp;<\/p>\n<p><strong>MEVCUT KAPAS\u0130TE MODELLER\u0130:<\/strong><\/p>\n<table class=\"table table-striped\" style=\"height: 310px;\" width=\"1329\">\n<tbody>\n<tr>\n<td><strong>MODEL<\/strong><\/td>\n<td><strong>KAPAS\u0130TE<\/strong><\/td>\n<\/tr>\n<\/tbody>\n<tbody>\n<tr>\n<td>RM-35<\/td>\n<td>15 Kg\/Tek At\u0131m- Motor G\u00fcc\u00fc: 0.37KW-0.50HP, G\u00f6vde: ST37 \u00c7elik, Rende: 1.2 mm \u00c7apak Sac, A\u011f\u0131rl\u0131k: 30 kg, Geni\u015flik: 49 cm, Derinlik: 51 cm, Y\u00fckseklik: 80 cm<\/td>\n<\/tr>\n<\/tbody>\n<tbody>\n<tr>\n<td>RM-65<\/td>\n<td>35 Kg\/Tek At\u0131m- Motor g\u00fcc\u00fc: 0.75KW-1HP, G\u00f6vde: ST37 \u00c7elik, Rende: 1.2 mm \u00c7apak Sac, A\u011f\u0131rl\u0131k: 45 kg, Geni\u015flik: 57 cm, Derinlik: 61 cm, Y\u00fckseklik: 87 cm<\/td>\n<\/tr>\n<\/tbody>\n<tbody>\n<tr>\n<td>RM-78<\/td>\n<td>40 Kg\/Tek At\u0131m- Motor g\u00fcc\u00fc: 0.75KW-1HP, G\u00f6vde: ST37 \u00c7elik, Rende: 1.2 mm \u00c7apak Sac, A\u011f\u0131rl\u0131k: 54 kg, Geni\u015flik: 64 cm, Derinlik: 67 cm, Y\u00fckseklik: 90 cm<\/td>\n<\/tr>\n<tr>\n<td>RM-90<\/td>\n<td>50 Kg\/Tek At\u0131m- Motor g\u00fcc\u00fc: 0,75KW &#8211; 1 HP, G\u00f6vde: ST 37 \u00c7elik, Rende: 1,2 mm \u00c7apak Sac, A\u011f\u0131rl\u0131k: 81 kg, Geni\u015flik: 68 cm, Derinlik: 74 cm, Y\u00fckseklik: 94 cm<\/td>\n<\/tr>\n<tr>\n<td>RM-170<\/td>\n<td>90 Kg\/Tek At\u0131m- Motor g\u00fcc\u00fc: 1,5 KW-2HP, G\u00f6vde: ST37 \u00c7elik, Rende: 1,2 mm \u00c7apak Sac, A\u011f\u0131rl\u0131k: 115 kg, Geni\u015flik: 78 cm, Derinlik: 84 cm, Y\u00fckseklik: 103 cm<\/td>\n<\/tr>\n<tr>\n<td>RM-250<\/td>\n<td>120 Kg\/Tek At\u0131m- Motor g\u00fcc\u00fc: 2,2 KW-3 HP, G\u00f6vde: ST37 \u00c7elik, Rende: 1,2 mm \u00c7apak Sac, A\u011f\u0131rl\u0131k: 100 kg, Geni\u015flik: 86 cm, Derinlik: 91 cm, Y\u00fckseklik: 110 cm<\/td>\n<\/tr>\n<tr>\n<td>RM-350<\/td>\n<td>150 Kg\/Tek At\u0131m- Motor g\u00fcc\u00fc: 4 KW-5 HP, G\u00f6vde: ST37 \u00c7elik, Rende: 1,2 mm \u00c7apak Sac, A\u011f\u0131rl\u0131k: 120 kg, Geni\u015flik: 96 cm, Derinlik: 99 cm, Y\u00fckseklik: 118 cm<\/td>\n<\/tr>\n<\/tbody>\n<\/table>\n","protected":false},"excerpt":{"rendered":"<p><iframe title=\"YouTube video oynat\u0131c\u0131\" src=\"https:\/\/www.youtube.com\/embed\/Xjq-I-jlA6k?si=aVVNocCdunN1Uo6z\" width=\"560\" height=\"315\" frameborder=\"0\" allowfullscreen=\"allowfullscreen\"><\/iframe><br \/>\n<iframe title=\"YouTube video oynat\u0131c\u0131\" src=\"https:\/\/www.youtube.com\/embed\/VynrnU3mJnY?si=h_ZAa9-K7ufGqO15\" width=\"560\" height=\"315\" frameborder=\"0\" allowfullscreen=\"allowfullscreen\"><\/iframe><\/p>\n","protected":false},"featured_media":8627,"template":"","meta":{"site-sidebar-layout":"default","site-content-layout":"","ast-site-content-layout":"default","site-content-style":"default","site-sidebar-style":"default","ast-global-header-display":"","ast-banner-title-visibility":"","ast-main-header-display":"","ast-hfb-above-header-display":"","ast-hfb-below-header-display":"","ast-hfb-mobile-header-display":"","site-post-title":"","ast-breadcrumbs-content":"","ast-featured-img":"","footer-sml-layout":"","theme-transparent-header-meta":"default","adv-header-id-meta":"","stick-header-meta":"","header-above-stick-meta":"","header-main-stick-meta":"","header-below-stick-meta":"","astra-migrate-meta-layouts":"default","ast-page-background-enabled":"default","ast-page-background-meta":{"desktop":{"background-color":"","background-image":"","background-repeat":"repeat","background-position":"center center","background-size":"auto","background-attachment":"scroll","background-type":"","background-media":"","overlay-type":"","overlay-color":"","overlay-gradient":""},"tablet":{"background-color":"","background-image":"","background-repeat":"repeat","background-position":"center center","background-size":"auto","background-attachment":"scroll","background-type":"","background-media":"","overlay-type":"","overlay-color":"","overlay-gradient":""},"mobile":{"background-color":"","background-image":"","background-repeat":"repeat","background-position":"center center","background-size":"auto","background-attachment":"scroll","background-type":"","background-media":"","overlay-type":"","overlay-color":"","overlay-gradient":""}},"ast-content-background-meta":{"desktop":{"background-color":"var(--ast-global-color-5)","background-image":"","background-repeat":"repeat","background-position":"center center","background-size":"auto","background-attachment":"scroll","background-type":"","background-media":"","overlay-type":"","overlay-color":"","overlay-gradient":""},"tablet":{"background-color":"var(--ast-global-color-5)","background-image":"","background-repeat":"repeat","background-position":"center center","background-size":"auto","background-attachment":"scroll","background-type":"","background-media":"","overlay-type":"","overlay-color":"","overlay-gradient":""},"mobile":{"background-color":"var(--ast-global-color-5)","background-image":"","background-repeat":"repeat","background-position":"center center","background-size":"auto","background-attachment":"scroll","background-type":"","background-media":"","overlay-type":"","overlay-color":"","overlay-gradient":""}}},"product_brand":[],"product_cat":[345],"product_tag":[],"class_list":{"0":"post-8670","1":"product","2":"type-product","3":"status-publish","4":"has-post-thumbnail","6":"product_cat-kuruyemis-soyma-makinalari-tr","7":"desktop-align-left","8":"tablet-align-left","9":"mobile-align-left","11":"first","12":"instock","13":"shipping-taxable","14":"product-type-simple"},"_links":{"self":[{"href":"https:\/\/machinecastle.com\/tr\/wp-json\/wp\/v2\/product\/8670","targetHints":{"allow":["GET"]}}],"collection":[{"href":"https:\/\/machinecastle.com\/tr\/wp-json\/wp\/v2\/product"}],"about":[{"href":"https:\/\/machinecastle.com\/tr\/wp-json\/wp\/v2\/types\/product"}],"wp:featuredmedia":[{"embeddable":true,"href":"https:\/\/machinecastle.com\/tr\/wp-json\/wp\/v2\/media\/8627"}],"wp:attachment":[{"href":"https:\/\/machinecastle.com\/tr\/wp-json\/wp\/v2\/media?parent=8670"}],"wp:term":[{"taxonomy":"product_brand","embeddable":true,"href":"https:\/\/machinecastle.com\/tr\/wp-json\/wp\/v2\/product_brand?post=8670"},{"taxonomy":"product_cat","embeddable":true,"href":"https:\/\/machinecastle.com\/tr\/wp-json\/wp\/v2\/product_cat?post=8670"},{"taxonomy":"product_tag","embeddable":true,"href":"https:\/\/machinecastle.com\/tr\/wp-json\/wp\/v2\/product_tag?post=8670"}],"curies":[{"name":"wp","href":"https:\/\/api.w.org\/{rel}","templated":true}]}}