{"id":8615,"date":"2024-11-11T07:34:12","date_gmt":"2024-11-11T07:34:12","guid":{"rendered":"https:\/\/machinecastle.com\/urun\/badem-kabuk-soyma-makinesi\/"},"modified":"2024-11-11T07:34:12","modified_gmt":"2024-11-11T07:34:12","slug":"badem-kabuk-soyma-makinesi","status":"publish","type":"product","link":"https:\/\/machinecastle.com\/tr\/product\/badem-kabuk-soyma-makinesi\/","title":{"rendered":"Badem Kabuk Soyma Makinesi"},"content":{"rendered":"<p>Machine Castle badem kabu\u011fu soyma makinesi, saatte 100 ila 1.500 kg ye\u015fil kabuklu bademi verimli bir \u015fekilde ay\u0131rarak y\u00fcksek \u00fcretkenlik ve g\u00fcvenilirlik sunar. Kompakt tasar\u0131m\u0131 sayesinde kullan\u0131m\u0131 ve bak\u0131m\u0131 kolayd\u0131r, bu da onu \u00e7e\u015fitli operasyonel ortamlar i\u00e7in ideal hale getirir. Bu makine, hem yerel hem de ithal badem \u00e7e\u015fitlerinin geni\u015f bir yelpazesini hassasiyetle ve g\u00fcvenle soyar. Machine Castle badem soyma makinesi, kullan\u0131m ve bak\u0131m i\u00e7in rahat eri\u015fim sa\u011flayan a\u00e7\u0131k kafesli bir tasar\u0131ma sahiptir. Badem \u00e7ekirde\u011fini ye\u015fil kabuklar\u0131ndan ay\u0131r\u0131r. Ayr\u0131ca, makinenin d\u0131\u015f halkalar\u0131 dikey olarak konumland\u0131rmas\u0131, \u00fcr\u00fcn kay\u0131plar\u0131n\u0131 en aza indirerek s\u00fcrekli operasyonlarda y\u00fcksek verimli ve g\u00fcvenilir olmas\u0131n\u0131 sa\u011flar. Bu makine elektrikle \u00e7al\u0131\u015fabilir veya trakt\u00f6r\u00fcn\u00fcze ba\u011flanabilir. Kapasite iste\u011fe ba\u011fl\u0131d\u0131r ve kabuk soyma makinelerinin artmas\u0131yla daha fazla kapasite sonucu elde etmek m\u00fcmk\u00fcnd\u00fcr.     <\/p>\n<p>  Daha fazla kapasite i\u00e7in l\u00fctfen bizimle ileti\u015fime ge\u00e7in.<\/p>\n<p><strong>TEKNI\u0307K DETAYLAR:<\/strong><\/p>\n<table class=\"table table-striped\">\n<tbody>\n<tr>\n<td><strong>A\u00c7IKLAMA<\/strong><\/td>\n<td><strong>\u00d6zellik<\/strong><\/td>\n<\/tr>\n<\/tbody>\n<tbody>\n<tr>\n<td>Boyutlar:<\/td>\n<td>82 x 171 x 146 cm (Geni\u015flik x Uzunluk x Y\u00fckseklik)<\/td>\n<\/tr>\n<\/tbody>\n<tbody>\n<tr>\n<td>A\u011f\u0131rl\u0131k:<\/td>\n<td>325 Kg<\/td>\n<\/tr>\n<\/tbody>\n<tbody>\n<tr>\n<td>Kapasite<\/td>\n<td>1.500 Kg \/ Saat<\/td>\n<\/tr>\n<tr>\n<td>G\u00fc\u00e7 T\u00fcketimi<\/td>\n<td>5.5 Kw<\/td>\n<\/tr>\n<\/tbody>\n<\/table>\n","protected":false},"excerpt":{"rendered":"<p><iframe title=\"YouTube video oynat\u0131c\u0131\" src=\"https:\/\/www.youtube.com\/embed\/ZzjzOoCKOLg?si=_s2Lmxbj7f_o8lpq\" width=\"560\" height=\"315\" frameborder=\"0\" allowfullscreen=\"allowfullscreen\"><\/iframe><\/p>\n","protected":false},"featured_media":8613,"template":"","meta":{"site-sidebar-layout":"default","site-content-layout":"","ast-site-content-layout":"default","site-content-style":"default","site-sidebar-style":"default","ast-global-header-display":"","ast-banner-title-visibility":"","ast-main-header-display":"","ast-hfb-above-header-display":"","ast-hfb-below-header-display":"","ast-hfb-mobile-header-display":"","site-post-title":"","ast-breadcrumbs-content":"","ast-featured-img":"","footer-sml-layout":"","theme-transparent-header-meta":"default","adv-header-id-meta":"","stick-header-meta":"","header-above-stick-meta":"","header-main-stick-meta":"","header-below-stick-meta":"","astra-migrate-meta-layouts":"default","ast-page-background-enabled":"default","ast-page-background-meta":{"desktop":{"background-color":"","background-image":"","background-repeat":"repeat","background-position":"center center","background-size":"auto","background-attachment":"scroll","background-type":"","background-media":"","overlay-type":"","overlay-color":"","overlay-gradient":""},"tablet":{"background-color":"","background-image":"","background-repeat":"repeat","background-position":"center center","background-size":"auto","background-attachment":"scroll","background-type":"","background-media":"","overlay-type":"","overlay-color":"","overlay-gradient":""},"mobile":{"background-color":"","background-image":"","background-repeat":"repeat","background-position":"center center","background-size":"auto","background-attachment":"scroll","background-type":"","background-media":"","overlay-type":"","overlay-color":"","overlay-gradient":""}},"ast-content-background-meta":{"desktop":{"background-color":"var(--ast-global-color-5)","background-image":"","background-repeat":"repeat","background-position":"center center","background-size":"auto","background-attachment":"scroll","background-type":"","background-media":"","overlay-type":"","overlay-color":"","overlay-gradient":""},"tablet":{"background-color":"var(--ast-global-color-5)","background-image":"","background-repeat":"repeat","background-position":"center center","background-size":"auto","background-attachment":"scroll","background-type":"","background-media":"","overlay-type":"","overlay-color":"","overlay-gradient":""},"mobile":{"background-color":"var(--ast-global-color-5)","background-image":"","background-repeat":"repeat","background-position":"center center","background-size":"auto","background-attachment":"scroll","background-type":"","background-media":"","overlay-type":"","overlay-color":"","overlay-gradient":""}}},"product_brand":[],"product_cat":[345],"product_tag":[],"class_list":{"0":"post-8615","1":"product","2":"type-product","3":"status-publish","4":"has-post-thumbnail","6":"product_cat-kuruyemis-soyma-makinalari-tr","7":"desktop-align-left","8":"tablet-align-left","9":"mobile-align-left","11":"first","12":"instock","13":"shipping-taxable","14":"product-type-simple"},"_links":{"self":[{"href":"https:\/\/machinecastle.com\/tr\/wp-json\/wp\/v2\/product\/8615","targetHints":{"allow":["GET"]}}],"collection":[{"href":"https:\/\/machinecastle.com\/tr\/wp-json\/wp\/v2\/product"}],"about":[{"href":"https:\/\/machinecastle.com\/tr\/wp-json\/wp\/v2\/types\/product"}],"wp:featuredmedia":[{"embeddable":true,"href":"https:\/\/machinecastle.com\/tr\/wp-json\/wp\/v2\/media\/8613"}],"wp:attachment":[{"href":"https:\/\/machinecastle.com\/tr\/wp-json\/wp\/v2\/media?parent=8615"}],"wp:term":[{"taxonomy":"product_brand","embeddable":true,"href":"https:\/\/machinecastle.com\/tr\/wp-json\/wp\/v2\/product_brand?post=8615"},{"taxonomy":"product_cat","embeddable":true,"href":"https:\/\/machinecastle.com\/tr\/wp-json\/wp\/v2\/product_cat?post=8615"},{"taxonomy":"product_tag","embeddable":true,"href":"https:\/\/machinecastle.com\/tr\/wp-json\/wp\/v2\/product_tag?post=8615"}],"curies":[{"name":"wp","href":"https:\/\/api.w.org\/{rel}","templated":true}]}}