{"id":7252,"date":"2022-07-20T09:28:36","date_gmt":"2022-07-20T09:28:36","guid":{"rendered":"https:\/\/machinecastle.com\/urun\/kahve-yikama-makinesi\/"},"modified":"2023-11-19T11:17:39","modified_gmt":"2023-11-19T11:17:39","slug":"kahve-yikama-makinesi","status":"publish","type":"product","link":"https:\/\/machinecastle.com\/tr\/product\/kahve-yikama-makinesi\/","title":{"rendered":"KAHVE YIKAMA MAKINESI"},"content":{"rendered":"<p>Kahve y\u0131kama makinesi, ye\u015fil kahve \u00e7ekirdeklerini temizlemek ve \u00fcr\u00fcnlerdeki toz ve istenmeyen maddeleri gidermek i\u00e7in kullan\u0131l\u0131r. K\u0131zd\u0131rma suyu toz ve istenmeyen e\u015fyalar\u0131 temizlemek i\u00e7in kullan\u0131l\u0131r. Makinede y\u0131kad\u0131ktan sonra ye\u015fil kahve \u00e7ekirdeklerini kurumas\u0131 i\u00e7in vantilat\u00f6re al\u0131n ve kahve \u00e7ekirdeklerinin suyunu hava ile al\u0131n. Makine ayr\u0131ca su tahliye \u00f6zelli\u011fine sahiptir. Kullan\u0131lan malzeme tamamen paslanmazd\u0131r.<\/p>\n<p>Custome made makine siz de\u011ferli m\u00fc\u015fterilerimizin kapasite ihtiya\u00e7lar\u0131na g\u00f6re \u00fcretilmektedir.<\/p>\n","protected":false},"excerpt":{"rendered":"<p>https:\/\/www.youtube.com\/watch?v=Nds8UCUqo8Q&#038;ab_channel=MachineCastle<\/p>\n","protected":false},"featured_media":6482,"template":"","meta":{"site-sidebar-layout":"default","site-content-layout":"default","ast-site-content-layout":"default","site-content-style":"default","site-sidebar-style":"default","ast-global-header-display":"","ast-banner-title-visibility":"","ast-main-header-display":"","ast-hfb-above-header-display":"","ast-hfb-below-header-display":"","ast-hfb-mobile-header-display":"","site-post-title":"","ast-breadcrumbs-content":"","ast-featured-img":"","footer-sml-layout":"","theme-transparent-header-meta":"","adv-header-id-meta":"","stick-header-meta":"","header-above-stick-meta":"","header-main-stick-meta":"","header-below-stick-meta":"","astra-migrate-meta-layouts":"set","ast-page-background-enabled":"default","ast-page-background-meta":{"desktop":{"background-color":"","background-image":"","background-repeat":"repeat","background-position":"center center","background-size":"auto","background-attachment":"scroll","background-type":"","background-media":"","overlay-type":"","overlay-color":"","overlay-gradient":""},"tablet":{"background-color":"","background-image":"","background-repeat":"repeat","background-position":"center center","background-size":"auto","background-attachment":"scroll","background-type":"","background-media":"","overlay-type":"","overlay-color":"","overlay-gradient":""},"mobile":{"background-color":"","background-image":"","background-repeat":"repeat","background-position":"center center","background-size":"auto","background-attachment":"scroll","background-type":"","background-media":"","overlay-type":"","overlay-color":"","overlay-gradient":""}},"ast-content-background-meta":{"desktop":{"background-color":"var(--ast-global-color-5)","background-image":"","background-repeat":"repeat","background-position":"center center","background-size":"auto","background-attachment":"scroll","background-type":"","background-media":"","overlay-type":"","overlay-color":"","overlay-gradient":""},"tablet":{"background-color":"var(--ast-global-color-5)","background-image":"","background-repeat":"repeat","background-position":"center center","background-size":"auto","background-attachment":"scroll","background-type":"","background-media":"","overlay-type":"","overlay-color":"","overlay-gradient":""},"mobile":{"background-color":"var(--ast-global-color-5)","background-image":"","background-repeat":"repeat","background-position":"center center","background-size":"auto","background-attachment":"scroll","background-type":"","background-media":"","overlay-type":"","overlay-color":"","overlay-gradient":""}}},"product_brand":[],"product_cat":[143],"product_tag":[379,380],"class_list":{"0":"post-7252","1":"product","2":"type-product","3":"status-publish","4":"has-post-thumbnail","6":"product_cat-kahve-kavuruculari-ogutuculer","7":"product_tag-kahve-yikama-makinesi","8":"product_tag-kahve-yikayici","9":"desktop-align-left","10":"tablet-align-left","11":"mobile-align-left","13":"first","14":"instock","15":"shipping-taxable","16":"product-type-simple"},"_links":{"self":[{"href":"https:\/\/machinecastle.com\/tr\/wp-json\/wp\/v2\/product\/7252","targetHints":{"allow":["GET"]}}],"collection":[{"href":"https:\/\/machinecastle.com\/tr\/wp-json\/wp\/v2\/product"}],"about":[{"href":"https:\/\/machinecastle.com\/tr\/wp-json\/wp\/v2\/types\/product"}],"wp:featuredmedia":[{"embeddable":true,"href":"https:\/\/machinecastle.com\/tr\/wp-json\/wp\/v2\/media\/6482"}],"wp:attachment":[{"href":"https:\/\/machinecastle.com\/tr\/wp-json\/wp\/v2\/media?parent=7252"}],"wp:term":[{"taxonomy":"product_brand","embeddable":true,"href":"https:\/\/machinecastle.com\/tr\/wp-json\/wp\/v2\/product_brand?post=7252"},{"taxonomy":"product_cat","embeddable":true,"href":"https:\/\/machinecastle.com\/tr\/wp-json\/wp\/v2\/product_cat?post=7252"},{"taxonomy":"product_tag","embeddable":true,"href":"https:\/\/machinecastle.com\/tr\/wp-json\/wp\/v2\/product_tag?post=7252"}],"curies":[{"name":"wp","href":"https:\/\/api.w.org\/{rel}","templated":true}]}}