{"id":7248,"date":"2022-03-14T12:35:32","date_gmt":"2022-03-14T12:35:32","guid":{"rendered":"https:\/\/machinecastle.com\/urun\/kucuk-kahve-kavurma-tesisleri\/"},"modified":"2023-11-19T13:45:40","modified_gmt":"2023-11-19T13:45:40","slug":"kucuk-kahve-kavurma-ustalari","status":"publish","type":"product","link":"https:\/\/machinecastle.com\/tr\/product\/kucuk-kahve-kavurma-ustalari\/","title":{"rendered":"K\u00dc\u00c7\u00dcK KAHVE KAVURMA TESI\u0307SLERI\u0307"},"content":{"rendered":"<p>1. Kapasite 50g&#8217;dan ba\u015flayarak 1,2kg&#8217;a kadar. Kafe, ofis veya di\u011fer ticari kullan\u0131mlar\u0131 kar\u015f\u0131lar.<br \/>\n2. K\u00fc\u00e7\u00fck boyut ve hafiflik. Daha d\u00fc\u015f\u00fck nakliye maliyeti.<br \/>\n3. Dokunmatik ekran paneli. Kolay ve g\u00fcvenli kullan\u0131m.<br \/>\n4. Otomatik saman toplama sistemi. Kendi kendini temizler.<br \/>\n5. H\u0131zl\u0131 so\u011futma sistemi.<br \/>\n6. \u00c7ift g\u00fcvenlik korumas\u0131: s\u0131z\u0131nt\u0131 \u00f6nleyici g\u00fcvenlik fi\u015fi + otomatik \u0131s\u0131tma durdurma korumas\u0131.<br \/>\n<img fetchpriority=\"high\" decoding=\"async\" class=\"alignnone wp-image-1536\" src=\"https:\/\/machinecastle.com\/wp-content\/uploads\/2022\/03\/2203-202012301626194951-270x300.jpg\" alt=\"\" width=\"376\" height=\"418\" srcset=\"https:\/\/machinecastle.com\/wp-content\/uploads\/2022\/03\/2203-202012301626194951-270x300.jpg 270w, https:\/\/machinecastle.com\/wp-content\/uploads\/2022\/03\/2203-202012301626194951-768x852.jpg 768w, https:\/\/machinecastle.com\/wp-content\/uploads\/2022\/03\/2203-202012301626194951-923x1024.jpg 923w, https:\/\/machinecastle.com\/wp-content\/uploads\/2022\/03\/2203-202012301626194951-600x666.jpg 600w, https:\/\/machinecastle.com\/wp-content\/uploads\/2022\/03\/2203-202012301626194951-1000x1110.jpg 1000w\" sizes=\"(max-width: 376px) 100vw, 376px\" \/><\/p>\n<p>Kahve <strong>kavurma<\/strong> makinesi, Kahve kavurma <strong>makinesi<\/strong> fiyatlar\u0131, Kahve kavurma, Kahve kavurma makinesi, Kahve d\u00fckkan\u0131, Kahve \u00f6\u011f\u00fctme, Kahve \u00f6\u011f\u00fct\u00fcc\u00fcler, Kahve kavurma makineleri, Ticari kahve kavurma makinesi, Ticari kahve kavurma makineleri, Ye\u015fil \u00e7ekirdek kahve kavurma makinesi, Koyu kahve kavurma makinesi, Orta kahve kavurma makinesi, Kahve makinesi, Espresso kahve makinesi<\/p>\n","protected":false},"excerpt":{"rendered":"<p><iframe title=\"YouTube video oynat\u0131c\u0131\" src=\"https:\/\/www.youtube.com\/embed\/_UJyApZ1Qb0\" width=\"560\" height=\"315\" frameborder=\"0\" allowfullscreen=\"allowfullscreen\"><\/iframe><br \/>\nMevcut Kapasite Modelleri:<\/p>\n<table class=\"table table-striped\">\n<tbody>\n<tr>\n<td><strong>MODELLER<\/strong><\/td>\n<td><strong>KAPAS\u0130TELER<\/strong><\/td>\n<\/tr>\n<\/tbody>\n<tbody>\n<tr>\n<td>MC-SK-150 <strong>Kahve Kavurma Makinesi<\/strong><\/td>\n<td>50-150 Gram<\/td>\n<\/tr>\n<\/tbody>\n<tbody>\n<tr>\n<td>MC-SK-300 <strong>Kahve Kavurma Makinesi<\/strong><\/td>\n<td>50-300 Gram<\/td>\n<\/tr>\n<\/tbody>\n<tbody>\n<tr>\n<td>MC-SK-500 <strong>Kahve Kavurma Makinesi<\/strong><\/td>\n<td>200-500 Gram<\/td>\n<\/tr>\n<\/tbody>\n<tbody>\n<tr>\n<td>MC-SK-1200 <strong>Kahve Kavurma Makinesi<\/strong><\/td>\n<td>300-1200 Gram<\/td>\n<\/tr>\n<\/tbody>\n<\/table>\n<p>Markan\u0131z makinenin \u00fczerinde olabilir! \u0130ste\u011fe ba\u011fl\u0131 olarak makinelere farkl\u0131 renkler uygulanabilir.<\/p>\n","protected":false},"featured_media":6092,"template":"","meta":{"site-sidebar-layout":"default","site-content-layout":"default","ast-site-content-layout":"default","site-content-style":"default","site-sidebar-style":"default","ast-global-header-display":"","ast-banner-title-visibility":"","ast-main-header-display":"","ast-hfb-above-header-display":"","ast-hfb-below-header-display":"","ast-hfb-mobile-header-display":"","site-post-title":"","ast-breadcrumbs-content":"","ast-featured-img":"","footer-sml-layout":"","theme-transparent-header-meta":"default","adv-header-id-meta":"","stick-header-meta":"","header-above-stick-meta":"","header-main-stick-meta":"","header-below-stick-meta":"","astra-migrate-meta-layouts":"set","ast-page-background-enabled":"default","ast-page-background-meta":{"desktop":{"background-color":"","background-image":"","background-repeat":"repeat","background-position":"center center","background-size":"auto","background-attachment":"scroll","background-type":"","background-media":"","overlay-type":"","overlay-color":"","overlay-gradient":""},"tablet":{"background-color":"","background-image":"","background-repeat":"repeat","background-position":"center center","background-size":"auto","background-attachment":"scroll","background-type":"","background-media":"","overlay-type":"","overlay-color":"","overlay-gradient":""},"mobile":{"background-color":"","background-image":"","background-repeat":"repeat","background-position":"center center","background-size":"auto","background-attachment":"scroll","background-type":"","background-media":"","overlay-type":"","overlay-color":"","overlay-gradient":""}},"ast-content-background-meta":{"desktop":{"background-color":"var(--ast-global-color-5)","background-image":"","background-repeat":"repeat","background-position":"center center","background-size":"auto","background-attachment":"scroll","background-type":"","background-media":"","overlay-type":"","overlay-color":"","overlay-gradient":""},"tablet":{"background-color":"var(--ast-global-color-5)","background-image":"","background-repeat":"repeat","background-position":"center center","background-size":"auto","background-attachment":"scroll","background-type":"","background-media":"","overlay-type":"","overlay-color":"","overlay-gradient":""},"mobile":{"background-color":"var(--ast-global-color-5)","background-image":"","background-repeat":"repeat","background-position":"center center","background-size":"auto","background-attachment":"scroll","background-type":"","background-media":"","overlay-type":"","overlay-color":"","overlay-gradient":""}}},"product_brand":[],"product_cat":[143],"product_tag":[372,371],"class_list":{"0":"post-7248","1":"product","2":"type-product","3":"status-publish","4":"has-post-thumbnail","6":"product_cat-kahve-kavuruculari-ogutuculer","7":"product_tag-evde-kahve-kavurma","8":"product_tag-kucuk-kahve-kavurma-makinesi","9":"desktop-align-left","10":"tablet-align-left","11":"mobile-align-left","13":"first","14":"instock","15":"shipping-taxable","16":"product-type-simple"},"_links":{"self":[{"href":"https:\/\/machinecastle.com\/tr\/wp-json\/wp\/v2\/product\/7248","targetHints":{"allow":["GET"]}}],"collection":[{"href":"https:\/\/machinecastle.com\/tr\/wp-json\/wp\/v2\/product"}],"about":[{"href":"https:\/\/machinecastle.com\/tr\/wp-json\/wp\/v2\/types\/product"}],"wp:featuredmedia":[{"embeddable":true,"href":"https:\/\/machinecastle.com\/tr\/wp-json\/wp\/v2\/media\/6092"}],"wp:attachment":[{"href":"https:\/\/machinecastle.com\/tr\/wp-json\/wp\/v2\/media?parent=7248"}],"wp:term":[{"taxonomy":"product_brand","embeddable":true,"href":"https:\/\/machinecastle.com\/tr\/wp-json\/wp\/v2\/product_brand?post=7248"},{"taxonomy":"product_cat","embeddable":true,"href":"https:\/\/machinecastle.com\/tr\/wp-json\/wp\/v2\/product_cat?post=7248"},{"taxonomy":"product_tag","embeddable":true,"href":"https:\/\/machinecastle.com\/tr\/wp-json\/wp\/v2\/product_tag?post=7248"}],"curies":[{"name":"wp","href":"https:\/\/api.w.org\/{rel}","templated":true}]}}