{"id":7243,"date":"2022-02-10T08:58:15","date_gmt":"2022-02-10T08:58:15","guid":{"rendered":"https:\/\/machinecastle.com\/urun\/vakum-paketleme-makineleri\/"},"modified":"2023-11-19T11:19:50","modified_gmt":"2023-11-19T11:19:50","slug":"vakum-paketleme-makineleri","status":"publish","type":"product","link":"https:\/\/machinecastle.com\/tr\/product\/vakum-paketleme-makineleri\/","title":{"rendered":"VAKUM PAKETLEME MAKI\u0307NELERI\u0307"},"content":{"rendered":"<p><strong>Vakum paketleme makineleri<\/strong>Komple \u00c7elikten (304 Kalite <strong>Paslanmaz \u00c7elik<\/strong>) Avrupa Standartlar\u0131nda dizayn edilmi\u015f ve sa\u011flam bir yap\u0131da imal edilmi\u015ftir.<br \/>\nElektromekanik kontrol paneli sayesinde vakumlama s\u00fcresini ve yap\u0131\u015ft\u0131rma s\u00fcresini kolayca ayarlayabilirsiniz.<br \/>\nMakine Kapa\u011f\u0131n\u0131 kapatt\u0131\u011f\u0131n\u0131zda otomatik olarak \u00e7al\u0131\u015fmaya ba\u015flar ve s\u0131ras\u0131yla i\u00e7 havay\u0131 bo\u015faltma, yap\u0131\u015ft\u0131rma ve havay\u0131 \u00e7\u0131karma i\u015flemlerini ger\u00e7ekle\u015ftirir. Bu sayede ambalajlanan \u00fcr\u00fcnler paslanma, erime, nem, koku gibi zararl\u0131 d\u0131\u015f etkenlerden korunur ve \u00fcr\u00fcn\u00fcn\u00fcz\u00fcn raf \u00f6mr\u00fc uzar.<br \/>\nHijyenik ko\u015fullara uygun olarak \u00fcretilmi\u015ftir<br \/>\nK\u00fc\u00e7\u00fck mutfak tiplerine odaklanarak yerden tasarruf sa\u011flayan bir tasar\u0131mla \u00fcretilmi\u015ftir. Vakum paketleme makineleri, \u00fcr\u00fcnlerinizi vakumlaman\u0131n ve paketlemenin en iyi yoludur. Bu vakumlama makineleri sayesinde \u00fcr\u00fcnleriniz m\u00fc\u015fterileriniz i\u00e7in her zaman daha uzun raf \u00f6mr\u00fc sa\u011flayabilir.<br \/>\nT\u00fcm vakumlama i\u015flemini (vakumlama, yap\u0131\u015ft\u0131rma, bask\u0131, so\u011futma ve bo\u015faltma) otomatik olarak ger\u00e7ekle\u015ftirir. Paketlenmi\u015f \u00fcr\u00fcnler oksidasyona, d\u00f6k\u00fclmeye, s\u0131z\u0131nt\u0131ya, istilaya kar\u015f\u0131 korunur ve b\u00f6ylece daha uzun s\u00fcre taze kal\u0131r.<\/p>\n<p>&nbsp;<\/p>\n<p>Vakum paketleme <strong>makinesi<\/strong>, Vakum paketleme makineleri, Vakum paketleme, Vakum paketleme makineleri, <strong>g\u0131da<\/strong> vakum paketleme makinesi, g\u0131da i\u00e7in vakum paketleme makinesi, Kaju <strong>f\u0131st\u0131\u011f\u0131<\/strong> i\u00e7in vakum paketleme, Kahve i\u00e7in vakum paketleme makinesi, Kahve vakum paketleme makinesi<\/p>\n","protected":false},"excerpt":{"rendered":"<p><iframe title=\"YouTube video oynat\u0131c\u0131\" src=\"https:\/\/www.youtube.com\/embed\/575X8iyEonM\" width=\"560\" height=\"315\" frameborder=\"0\" allowfullscreen=\"allowfullscreen\"><\/iframe><br \/>\n<iframe title=\"YouTube video oynat\u0131c\u0131\" src=\"https:\/\/www.youtube.com\/embed\/4VJEFORMIEw\" width=\"560\" height=\"315\" frameborder=\"0\" allowfullscreen=\"allowfullscreen\"><\/iframe><\/p>\n<table class=\"table table-striped\">\n<tbody>\n<tr>\n<td>G\u00fc\u00e7<\/td>\n<td>1.0 (KW)<\/td>\n<\/tr>\n<tr>\n<td>Gerilim<\/td>\n<td>220\/50 \/V\/HZ<\/td>\n<\/tr>\n<tr>\n<td>Yap\u0131\u015ft\u0131rma \u00c7ene Uzunlu\u011fu<\/td>\n<td>41+41 Cm<\/td>\n<\/tr>\n<tr>\n<td><strong>\u00dcr\u00fcn Paketleme<\/strong> Uzunlu\u011fu<\/td>\n<td>40 Cm<\/td>\n<\/tr>\n<tr>\n<td>\u00dcr\u00fcn Ambalaj Derinli\u011fi<\/td>\n<td>11 Cm<\/td>\n<\/tr>\n<tr>\n<td>Yap\u0131\u015ft\u0131rma Geni\u015fli\u011fi<\/td>\n<td>6 mm<\/td>\n<\/tr>\n<tr>\n<td>Ba\u011flanma S\u00fcresi<\/td>\n<td>25 saniye<\/td>\n<\/tr>\n<\/tbody>\n<\/table>\n<p>Daha fazla kapasite i\u00e7in l\u00fctfen bizimle ileti\u015fime ge\u00e7in.<\/p>\n<p>&nbsp;<\/p>\n","protected":false},"featured_media":6632,"template":"","meta":{"site-sidebar-layout":"default","site-content-layout":"default","ast-site-content-layout":"default","site-content-style":"default","site-sidebar-style":"default","ast-global-header-display":"","ast-banner-title-visibility":"","ast-main-header-display":"","ast-hfb-above-header-display":"","ast-hfb-below-header-display":"","ast-hfb-mobile-header-display":"","site-post-title":"","ast-breadcrumbs-content":"","ast-featured-img":"","footer-sml-layout":"","theme-transparent-header-meta":"default","adv-header-id-meta":"","stick-header-meta":"","header-above-stick-meta":"","header-main-stick-meta":"","header-below-stick-meta":"","astra-migrate-meta-layouts":"set","ast-page-background-enabled":"default","ast-page-background-meta":{"desktop":{"background-color":"","background-image":"","background-repeat":"repeat","background-position":"center center","background-size":"auto","background-attachment":"scroll","background-type":"","background-media":"","overlay-type":"","overlay-color":"","overlay-gradient":""},"tablet":{"background-color":"","background-image":"","background-repeat":"repeat","background-position":"center center","background-size":"auto","background-attachment":"scroll","background-type":"","background-media":"","overlay-type":"","overlay-color":"","overlay-gradient":""},"mobile":{"background-color":"","background-image":"","background-repeat":"repeat","background-position":"center center","background-size":"auto","background-attachment":"scroll","background-type":"","background-media":"","overlay-type":"","overlay-color":"","overlay-gradient":""}},"ast-content-background-meta":{"desktop":{"background-color":"var(--ast-global-color-5)","background-image":"","background-repeat":"repeat","background-position":"center center","background-size":"auto","background-attachment":"scroll","background-type":"","background-media":"","overlay-type":"","overlay-color":"","overlay-gradient":""},"tablet":{"background-color":"var(--ast-global-color-5)","background-image":"","background-repeat":"repeat","background-position":"center center","background-size":"auto","background-attachment":"scroll","background-type":"","background-media":"","overlay-type":"","overlay-color":"","overlay-gradient":""},"mobile":{"background-color":"var(--ast-global-color-5)","background-image":"","background-repeat":"repeat","background-position":"center center","background-size":"auto","background-attachment":"scroll","background-type":"","background-media":"","overlay-type":"","overlay-color":"","overlay-gradient":""}}},"product_brand":[],"product_cat":[360],"product_tag":[362,361],"class_list":{"0":"post-7243","1":"product","2":"type-product","3":"status-publish","4":"has-post-thumbnail","6":"product_cat-vakum-paketleme-makineleri","7":"product_tag-paketleme-makinesi","8":"product_tag-vakum-paketleme-makinesi","9":"desktop-align-left","10":"tablet-align-left","11":"mobile-align-left","13":"first","14":"instock","15":"shipping-taxable","16":"product-type-simple"},"_links":{"self":[{"href":"https:\/\/machinecastle.com\/tr\/wp-json\/wp\/v2\/product\/7243","targetHints":{"allow":["GET"]}}],"collection":[{"href":"https:\/\/machinecastle.com\/tr\/wp-json\/wp\/v2\/product"}],"about":[{"href":"https:\/\/machinecastle.com\/tr\/wp-json\/wp\/v2\/types\/product"}],"wp:featuredmedia":[{"embeddable":true,"href":"https:\/\/machinecastle.com\/tr\/wp-json\/wp\/v2\/media\/6632"}],"wp:attachment":[{"href":"https:\/\/machinecastle.com\/tr\/wp-json\/wp\/v2\/media?parent=7243"}],"wp:term":[{"taxonomy":"product_brand","embeddable":true,"href":"https:\/\/machinecastle.com\/tr\/wp-json\/wp\/v2\/product_brand?post=7243"},{"taxonomy":"product_cat","embeddable":true,"href":"https:\/\/machinecastle.com\/tr\/wp-json\/wp\/v2\/product_cat?post=7243"},{"taxonomy":"product_tag","embeddable":true,"href":"https:\/\/machinecastle.com\/tr\/wp-json\/wp\/v2\/product_tag?post=7243"}],"curies":[{"name":"wp","href":"https:\/\/api.w.org\/{rel}","templated":true}]}}