{"id":7238,"date":"2022-01-03T09:38:07","date_gmt":"2022-01-03T09:38:07","guid":{"rendered":"https:\/\/machinecastle.com\/urun\/fistik-findik-soyma-makinesi\/"},"modified":"2023-11-19T14:01:33","modified_gmt":"2023-11-19T14:01:33","slug":"fistik-findik-soyma-makinesi","status":"publish","type":"product","link":"https:\/\/machinecastle.com\/tr\/product\/fistik-findik-soyma-makinesi\/","title":{"rendered":"F\u0131st\u0131k F\u0131nd\u0131k Soyma Makinesi"},"content":{"rendered":"<p>F\u0131nd\u0131k ve f\u0131st\u0131\u011f\u0131n ince kabu\u011funu soymak i\u00e7in kullan\u0131lan f\u0131nd\u0131k ve f\u0131st\u0131k <strong>soyma makinesi<\/strong>, bu \u00fcr\u00fcnleri i\u015fleyen firmalar\u0131n g\u00f6zdesi haline geldi. Alt ve \u00fcst k\u0131sm\u0131nda bulunan lastikler sayesinde <strong>soyma makinesi<\/strong> f\u0131st\u0131k veya f\u0131nd\u0131\u011f\u0131n ince kabu\u011funu h\u0131zl\u0131 bir \u015fekilde al\u0131r. Daha sonra bu ince kabuklar olmadan makineden g\u00f6nderir.<\/p>\n<p>Soyma i\u015flemi s\u0131ras\u0131nda \u00fcr\u00fcnlerden arta kalan kabuklar toz siklonuna g\u00f6nderilir. Bu makineye girmeden \u00f6nce \u00fcr\u00fcnler \u00e7i\u011f de\u011fil kurutulmu\u015f olarak girmelidir.<\/p>\n<p>&nbsp;<\/p>\n<p><strong>F\u0131st\u0131k<\/strong> soyma makinesi, F\u0131st\u0131k soyma makinesi, F\u0131nd\u0131k soyma makinesi, F\u0131nd\u0131k soyma makinesi, F\u0131nd\u0131k <strong>soyma<\/strong> makinesi,<\/p>\n","protected":false},"excerpt":{"rendered":"<p>Mevcut Kapasite Modelleri:<\/p>\n<table class=\"table table-striped\">\n<tbody>\n<tr>\n<td><strong>MODELLER<\/strong><\/td>\n<td><strong>KAPAS\u0130TELER<\/strong><\/td>\n<\/tr>\n<\/tbody>\n<tbody>\n<tr>\n<td>MC-P-100 <strong>F\u0131st\u0131k F\u0131nd\u0131k Soyma Makinesi<\/strong><\/td>\n<td>100 Kg\/saat<\/td>\n<\/tr>\n<\/tbody>\n<tbody>\n<tr>\n<td>MC-P-200 <strong>F\u0131st\u0131k F\u0131nd\u0131k Soyma Makinesi<\/strong><\/td>\n<td>200 Kg\/saat<\/td>\n<\/tr>\n<\/tbody>\n<tbody>\n<tr>\n<td>MC-P-300 <strong>F\u0131st\u0131k F\u0131nd\u0131k Soyma Makinesi<\/strong><\/td>\n<td>300 Kg\/saat<\/td>\n<\/tr>\n<\/tbody>\n<\/table>\n<p><iframe title=\"YouTube video oynat\u0131c\u0131\" src=\"https:\/\/www.youtube.com\/embed\/dqo0PazMGJU?si=74__j-Dds5SPwZXE\" width=\"560\" height=\"315\" frameborder=\"0\" allowfullscreen=\"allowfullscreen\"><\/iframe><\/p>\n","protected":false},"featured_media":7152,"template":"","meta":{"site-sidebar-layout":"default","site-content-layout":"default","ast-site-content-layout":"default","site-content-style":"default","site-sidebar-style":"default","ast-global-header-display":"","ast-banner-title-visibility":"","ast-main-header-display":"","ast-hfb-above-header-display":"","ast-hfb-below-header-display":"","ast-hfb-mobile-header-display":"","site-post-title":"","ast-breadcrumbs-content":"","ast-featured-img":"","footer-sml-layout":"","theme-transparent-header-meta":"default","adv-header-id-meta":"","stick-header-meta":"","header-above-stick-meta":"","header-main-stick-meta":"","header-below-stick-meta":"","astra-migrate-meta-layouts":"set","ast-page-background-enabled":"default","ast-page-background-meta":{"desktop":{"background-color":"","background-image":"","background-repeat":"repeat","background-position":"center center","background-size":"auto","background-attachment":"scroll","background-type":"","background-media":"","overlay-type":"","overlay-color":"","overlay-gradient":""},"tablet":{"background-color":"","background-image":"","background-repeat":"repeat","background-position":"center center","background-size":"auto","background-attachment":"scroll","background-type":"","background-media":"","overlay-type":"","overlay-color":"","overlay-gradient":""},"mobile":{"background-color":"","background-image":"","background-repeat":"repeat","background-position":"center center","background-size":"auto","background-attachment":"scroll","background-type":"","background-media":"","overlay-type":"","overlay-color":"","overlay-gradient":""}},"ast-content-background-meta":{"desktop":{"background-color":"var(--ast-global-color-5)","background-image":"","background-repeat":"repeat","background-position":"center center","background-size":"auto","background-attachment":"scroll","background-type":"","background-media":"","overlay-type":"","overlay-color":"","overlay-gradient":""},"tablet":{"background-color":"var(--ast-global-color-5)","background-image":"","background-repeat":"repeat","background-position":"center center","background-size":"auto","background-attachment":"scroll","background-type":"","background-media":"","overlay-type":"","overlay-color":"","overlay-gradient":""},"mobile":{"background-color":"var(--ast-global-color-5)","background-image":"","background-repeat":"repeat","background-position":"center center","background-size":"auto","background-attachment":"scroll","background-type":"","background-media":"","overlay-type":"","overlay-color":"","overlay-gradient":""}}},"product_brand":[],"product_cat":[345],"product_tag":[346,347],"class_list":{"0":"post-7238","1":"product","2":"type-product","3":"status-publish","4":"has-post-thumbnail","6":"product_cat-kuruyemis-soyma-makinalari-tr","7":"product_tag-findik-soyma-makinesi","8":"product_tag-yer-fistigi-soyma-makinesi","9":"desktop-align-left","10":"tablet-align-left","11":"mobile-align-left","13":"first","14":"instock","15":"shipping-taxable","16":"product-type-simple"},"_links":{"self":[{"href":"https:\/\/machinecastle.com\/tr\/wp-json\/wp\/v2\/product\/7238","targetHints":{"allow":["GET"]}}],"collection":[{"href":"https:\/\/machinecastle.com\/tr\/wp-json\/wp\/v2\/product"}],"about":[{"href":"https:\/\/machinecastle.com\/tr\/wp-json\/wp\/v2\/types\/product"}],"wp:featuredmedia":[{"embeddable":true,"href":"https:\/\/machinecastle.com\/tr\/wp-json\/wp\/v2\/media\/7152"}],"wp:attachment":[{"href":"https:\/\/machinecastle.com\/tr\/wp-json\/wp\/v2\/media?parent=7238"}],"wp:term":[{"taxonomy":"product_brand","embeddable":true,"href":"https:\/\/machinecastle.com\/tr\/wp-json\/wp\/v2\/product_brand?post=7238"},{"taxonomy":"product_cat","embeddable":true,"href":"https:\/\/machinecastle.com\/tr\/wp-json\/wp\/v2\/product_cat?post=7238"},{"taxonomy":"product_tag","embeddable":true,"href":"https:\/\/machinecastle.com\/tr\/wp-json\/wp\/v2\/product_tag?post=7238"}],"curies":[{"name":"wp","href":"https:\/\/api.w.org\/{rel}","templated":true}]}}