{"id":7233,"date":"2022-01-03T09:11:11","date_gmt":"2022-01-03T09:11:11","guid":{"rendered":"https:\/\/machinecastle.com\/urun\/tuzlama-karistirma-makineleri\/"},"modified":"2025-04-25T08:26:24","modified_gmt":"2025-04-25T08:26:24","slug":"tuzlama-maki%cc%87neleri%cc%87","status":"publish","type":"product","link":"https:\/\/machinecastle.com\/tr\/product\/tuzlama-maki%cc%87neleri%cc%87\/","title":{"rendered":"Tuzlama\/Kar\u0131\u015ft\u0131rma Makineleri"},"content":{"rendered":"<p><strong>Tuzlama \/ Kar\u0131\u015ft\u0131rma makineleri<\/strong>, ay\u00e7i\u00e7e\u011fi tohumu, kaju f\u0131st\u0131\u011f\u0131, yer f\u0131st\u0131\u011f\u0131, badem, antep f\u0131st\u0131\u011f\u0131 ve di\u011ferleri gibi f\u0131nd\u0131k ve tohumlar i\u00e7in kullan\u0131lmaktad\u0131r. <strong>Tuzlama<\/strong> \/ Kar\u0131\u015ft\u0131rma makinesi, kullan\u0131c\u0131n\u0131n kavurma a\u015famas\u0131ndan \u00f6nce \u00fcr\u00fcnlerine lezzet katmas\u0131na yard\u0131mc\u0131 olur. Makinenin kullan\u0131c\u0131s\u0131 kavurma i\u015fleminden sonra kuruyemi\u015flerini kavrulmu\u015f ve aromaland\u0131r\u0131lm\u0131\u015f olarak alabilir. Aroma<strong> makinesi<\/strong> ile bu kuruyemi\u015flere farkl\u0131 bir tat katmak i\u00e7in tuz veya farkl\u0131 bir aroma kullan\u0131labilir. Kar\u0131\u015ft\u0131rma makinesi otomatik veya manuel olarak kullan\u0131labilir.<\/p>\n<p>&nbsp;<\/p>\n","protected":false},"excerpt":{"rendered":"<p><iframe title=\"YouTube video oynat\u0131c\u0131\" src=\"https:\/\/www.youtube.com\/embed\/D2e1pWtIi8w\" width=\"560\" height=\"315\" frameborder=\"0\" allowfullscreen=\"allowfullscreen\"><\/iframe><br \/>\n<iframe title=\"YouTube video oynat\u0131c\u0131\" src=\"https:\/\/www.youtube.com\/embed\/FqM3h3VM7Kc\" width=\"560\" height=\"315\" frameborder=\"0\" allowfullscreen=\"allowfullscreen\"><\/iframe><br \/>\n<iframe title=\"YouTube video player\" src=\"https:\/\/www.youtube.com\/embed\/g7vuzbTbZJY?si=Lecs5Iq9LD6EWxRG\" width=\"560\" height=\"315\" frameborder=\"0\" allowfullscreen=\"allowfullscreen\"><\/iframe><br \/>\nMevcut Kapasite Modelleri:<\/p>\n<table class=\"table table-striped\">\n<tbody>\n<tr>\n<td><strong>MODELLER<\/strong><\/td>\n<td><strong>KAPAS\u0130TELER<\/strong><\/td>\n<\/tr>\n<\/tbody>\n<tbody>\n<tr>\n<td>MC-S-5 <strong>Mini Tuzlama Makinesi<\/strong><\/td>\n<td>5-10 Kg\/Saat<\/td>\n<\/tr>\n<\/tbody>\n<tbody>\n<tr>\n<td>MC-10 <strong>Mini Tuzlama Makinesi<\/strong><\/td>\n<td>10-14 Kg\/Saat<\/td>\n<\/tr>\n<\/tbody>\n<tbody>\n<tr>\n<td>MC-15 <strong>Mini Tuzlama Makinesi<\/strong><\/td>\n<td>15-20 Kg\/Saat<\/td>\n<\/tr>\n<tr>\n<td>MC-25 <strong>Mini Tuzlama Makinesi<\/strong><\/td>\n<td>20-45 Kg\/Saat<\/td>\n<\/tr>\n<\/tbody>\n<tbody>\n<tr>\n<td>MC-50 <strong>Tuzlama Makinesi<\/strong><\/td>\n<td>50-90 Kg\/Saat<\/td>\n<\/tr>\n<tr>\n<td>MC-100 <strong>Tuzlama Makinesi<\/strong><\/td>\n<td>100-200 Kg\/Saat<\/td>\n<\/tr>\n<tr>\n<td>MC-300 <strong>Tuzlama Makinesi<\/strong><\/td>\n<td>300-525 Kg\/Saat<\/td>\n<\/tr>\n<tr>\n<td>MC-500 <strong>Tuzlama Makinesi<\/strong><\/td>\n<td>500-700 Kg\/Saat<\/td>\n<\/tr>\n<tr>\n<td>MC-1000 <strong>Tuzlama Makinesi<\/strong><\/td>\n<td>1000-1600 Kg\/Saat<\/td>\n<\/tr>\n<\/tbody>\n<\/table>\n<p>M\u00fc\u015fterilerimizin tercihine ba\u011fl\u0131 olarak bu \u00fcr\u00fcnleri her boyutta ve kapasitede \u00fcretebiliyoruz. Bizimle ileti\u015fime ge\u00e7mekten \u00e7ekinmeyin.<\/p>\n","protected":false},"featured_media":5912,"template":"","meta":{"site-sidebar-layout":"default","site-content-layout":"default","ast-site-content-layout":"default","site-content-style":"default","site-sidebar-style":"default","ast-global-header-display":"","ast-banner-title-visibility":"","ast-main-header-display":"","ast-hfb-above-header-display":"","ast-hfb-below-header-display":"","ast-hfb-mobile-header-display":"","site-post-title":"","ast-breadcrumbs-content":"","ast-featured-img":"","footer-sml-layout":"","theme-transparent-header-meta":"default","adv-header-id-meta":"","stick-header-meta":"","header-above-stick-meta":"","header-main-stick-meta":"","header-below-stick-meta":"","astra-migrate-meta-layouts":"set","ast-page-background-enabled":"default","ast-page-background-meta":{"desktop":{"background-color":"","background-image":"","background-repeat":"repeat","background-position":"center center","background-size":"auto","background-attachment":"scroll","background-type":"","background-media":"","overlay-type":"","overlay-color":"","overlay-gradient":""},"tablet":{"background-color":"","background-image":"","background-repeat":"repeat","background-position":"center center","background-size":"auto","background-attachment":"scroll","background-type":"","background-media":"","overlay-type":"","overlay-color":"","overlay-gradient":""},"mobile":{"background-color":"","background-image":"","background-repeat":"repeat","background-position":"center center","background-size":"auto","background-attachment":"scroll","background-type":"","background-media":"","overlay-type":"","overlay-color":"","overlay-gradient":""}},"ast-content-background-meta":{"desktop":{"background-color":"var(--ast-global-color-5)","background-image":"","background-repeat":"repeat","background-position":"center center","background-size":"auto","background-attachment":"scroll","background-type":"","background-media":"","overlay-type":"","overlay-color":"","overlay-gradient":""},"tablet":{"background-color":"var(--ast-global-color-5)","background-image":"","background-repeat":"repeat","background-position":"center center","background-size":"auto","background-attachment":"scroll","background-type":"","background-media":"","overlay-type":"","overlay-color":"","overlay-gradient":""},"mobile":{"background-color":"var(--ast-global-color-5)","background-image":"","background-repeat":"repeat","background-position":"center center","background-size":"auto","background-attachment":"scroll","background-type":"","background-media":"","overlay-type":"","overlay-color":"","overlay-gradient":""}}},"product_brand":[],"product_cat":[329],"product_tag":[332,331,330],"class_list":{"0":"post-7233","1":"product","2":"type-product","3":"status-publish","4":"has-post-thumbnail","6":"product_cat-tuzlama-makineleri","7":"product_tag-manuel-tuzlama-makinesi","8":"product_tag-otomatik-tuzlama-makinesi","9":"product_tag-tuzlama-makinesi","10":"desktop-align-left","11":"tablet-align-left","12":"mobile-align-left","14":"first","15":"instock","16":"shipping-taxable","17":"product-type-simple"},"_links":{"self":[{"href":"https:\/\/machinecastle.com\/tr\/wp-json\/wp\/v2\/product\/7233","targetHints":{"allow":["GET"]}}],"collection":[{"href":"https:\/\/machinecastle.com\/tr\/wp-json\/wp\/v2\/product"}],"about":[{"href":"https:\/\/machinecastle.com\/tr\/wp-json\/wp\/v2\/types\/product"}],"wp:featuredmedia":[{"embeddable":true,"href":"https:\/\/machinecastle.com\/tr\/wp-json\/wp\/v2\/media\/5912"}],"wp:attachment":[{"href":"https:\/\/machinecastle.com\/tr\/wp-json\/wp\/v2\/media?parent=7233"}],"wp:term":[{"taxonomy":"product_brand","embeddable":true,"href":"https:\/\/machinecastle.com\/tr\/wp-json\/wp\/v2\/product_brand?post=7233"},{"taxonomy":"product_cat","embeddable":true,"href":"https:\/\/machinecastle.com\/tr\/wp-json\/wp\/v2\/product_cat?post=7233"},{"taxonomy":"product_tag","embeddable":true,"href":"https:\/\/machinecastle.com\/tr\/wp-json\/wp\/v2\/product_tag?post=7233"}],"curies":[{"name":"wp","href":"https:\/\/api.w.org\/{rel}","templated":true}]}}