{"id":7228,"date":"2022-01-03T08:30:19","date_gmt":"2022-01-03T08:30:19","guid":{"rendered":"https:\/\/machinecastle.com\/urun\/elekler\/"},"modified":"2023-11-19T14:04:03","modified_gmt":"2023-11-19T14:04:03","slug":"elekler","status":"publish","type":"product","link":"https:\/\/machinecastle.com\/tr\/product\/elekler\/","title":{"rendered":"Elekler"},"content":{"rendered":"<h4>Tuz\/Toz i\u00e7in Elekler<\/h4>\n<p>\u00dcr\u00fcnlerin \u00fczerindeki fazlal\u0131klar\u0131 ve tuzu almak i\u00e7in kullan\u0131lan elek, genellikle tam otomatik f\u0131nd\u0131k kavurma makinesi hatlar\u0131n\u0131n, manuel f\u0131nd\u0131k kavurma makinesi hatlar\u0131n\u0131n, f\u0131nd\u0131k kavurma f\u0131r\u0131nlar\u0131n\u0131n sonunda kullan\u0131l\u0131r. \u00dcr\u00fcn\u00fcn g\u0131da ile temas etti\u011fi yerler tamamen paslanmazd\u0131r veya tam paslanmaz se\u00e7ene\u011fi vard\u0131r. AISI 304 malzeme ile \u00fcretilmektedir.<\/p>\n<h4>Kalibrasyon Elekleri<\/h4>\n<p>Ba\u015fta leblebi, yer f\u0131st\u0131\u011f\u0131 veya f\u0131nd\u0131k olmak \u00fczere her t\u00fcrl\u00fc kuruyemi\u015f i\u00e7in 2-3-4-5 farkl\u0131 boyda \u00fcr\u00fcn\u00fc kalibre etmek amac\u0131yla \u00fcretilir ve kullan\u0131l\u0131r.<\/p>\n","protected":false},"excerpt":{"rendered":"<p>M\u00fc\u015fterilerimizin tercihine ba\u011fl\u0131 olarak bu \u00fcr\u00fcnleri her boyutta ve kapasitede \u00fcretebiliyoruz. Bizimle ileti\u015fime ge\u00e7mekten \u00e7ekinmeyin.<\/p>\n","protected":false},"featured_media":5892,"template":"","meta":{"site-sidebar-layout":"default","site-content-layout":"default","ast-site-content-layout":"default","site-content-style":"default","site-sidebar-style":"default","ast-global-header-display":"","ast-banner-title-visibility":"","ast-main-header-display":"","ast-hfb-above-header-display":"","ast-hfb-below-header-display":"","ast-hfb-mobile-header-display":"","site-post-title":"","ast-breadcrumbs-content":"","ast-featured-img":"","footer-sml-layout":"","theme-transparent-header-meta":"default","adv-header-id-meta":"","stick-header-meta":"","header-above-stick-meta":"","header-main-stick-meta":"","header-below-stick-meta":"","astra-migrate-meta-layouts":"set","ast-page-background-enabled":"default","ast-page-background-meta":{"desktop":{"background-color":"","background-image":"","background-repeat":"repeat","background-position":"center center","background-size":"auto","background-attachment":"scroll","background-type":"","background-media":"","overlay-type":"","overlay-color":"","overlay-gradient":""},"tablet":{"background-color":"","background-image":"","background-repeat":"repeat","background-position":"center center","background-size":"auto","background-attachment":"scroll","background-type":"","background-media":"","overlay-type":"","overlay-color":"","overlay-gradient":""},"mobile":{"background-color":"","background-image":"","background-repeat":"repeat","background-position":"center center","background-size":"auto","background-attachment":"scroll","background-type":"","background-media":"","overlay-type":"","overlay-color":"","overlay-gradient":""}},"ast-content-background-meta":{"desktop":{"background-color":"var(--ast-global-color-5)","background-image":"","background-repeat":"repeat","background-position":"center center","background-size":"auto","background-attachment":"scroll","background-type":"","background-media":"","overlay-type":"","overlay-color":"","overlay-gradient":""},"tablet":{"background-color":"var(--ast-global-color-5)","background-image":"","background-repeat":"repeat","background-position":"center center","background-size":"auto","background-attachment":"scroll","background-type":"","background-media":"","overlay-type":"","overlay-color":"","overlay-gradient":""},"mobile":{"background-color":"var(--ast-global-color-5)","background-image":"","background-repeat":"repeat","background-position":"center center","background-size":"auto","background-attachment":"scroll","background-type":"","background-media":"","overlay-type":"","overlay-color":"","overlay-gradient":""}}},"product_brand":[],"product_cat":[310],"product_tag":[311,312],"class_list":{"0":"post-7228","1":"product","2":"type-product","3":"status-publish","4":"has-post-thumbnail","6":"product_cat-elekler","7":"product_tag-elek","8":"product_tag-kalibrasyon-elegi","9":"desktop-align-left","10":"tablet-align-left","11":"mobile-align-left","13":"first","14":"instock","15":"shipping-taxable","16":"product-type-simple"},"_links":{"self":[{"href":"https:\/\/machinecastle.com\/tr\/wp-json\/wp\/v2\/product\/7228","targetHints":{"allow":["GET"]}}],"collection":[{"href":"https:\/\/machinecastle.com\/tr\/wp-json\/wp\/v2\/product"}],"about":[{"href":"https:\/\/machinecastle.com\/tr\/wp-json\/wp\/v2\/types\/product"}],"wp:featuredmedia":[{"embeddable":true,"href":"https:\/\/machinecastle.com\/tr\/wp-json\/wp\/v2\/media\/5892"}],"wp:attachment":[{"href":"https:\/\/machinecastle.com\/tr\/wp-json\/wp\/v2\/media?parent=7228"}],"wp:term":[{"taxonomy":"product_brand","embeddable":true,"href":"https:\/\/machinecastle.com\/tr\/wp-json\/wp\/v2\/product_brand?post=7228"},{"taxonomy":"product_cat","embeddable":true,"href":"https:\/\/machinecastle.com\/tr\/wp-json\/wp\/v2\/product_cat?post=7228"},{"taxonomy":"product_tag","embeddable":true,"href":"https:\/\/machinecastle.com\/tr\/wp-json\/wp\/v2\/product_tag?post=7228"}],"curies":[{"name":"wp","href":"https:\/\/api.w.org\/{rel}","templated":true}]}}