{"id":7223,"date":"2022-01-03T07:44:07","date_gmt":"2022-01-03T07:44:07","guid":{"rendered":"https:\/\/machinecastle.com\/urun\/asansorler-secme-bantlari-sogutma-makineleri\/"},"modified":"2023-11-19T14:02:40","modified_gmt":"2023-11-19T14:02:40","slug":"asansorler-secimler-bantlar-sogutma-makineleri","status":"publish","type":"product","link":"https:\/\/machinecastle.com\/tr\/product\/asansorler-secimler-bantlar-sogutma-makineleri\/","title":{"rendered":"Asans\u00f6rler, Se\u00e7me Bantlar\u0131, So\u011futma Makineleri"},"content":{"rendered":"<h4>Z-Elevator<\/h4>\n<p>Z-Elevator, kuru yemi\u015f ve tohumlar\u0131n kavurma makinesi hatt\u0131n\u0131n y\u00fcksek k\u0131s\u0131mlar\u0131na ula\u015fmas\u0131 gerekti\u011finde kullan\u0131l\u0131r. Z \u015feklinden dolay\u0131 Z-Elevator ad\u0131n\u0131 alm\u0131\u015ft\u0131r. Hazneye giren \u00fcr\u00fcnlerin ta\u015f\u0131nmas\u0131nda rol oynar ve f\u0131nd\u0131klar\u0131n bo\u015falt\u0131lmas\u0131, kavurma f\u0131r\u0131n\u0131n\u0131n beslenmesi veya bir makineden di\u011fer i\u015fleme makinesine \u00fcr\u00fcn transferinin sa\u011flanmas\u0131 amac\u0131yla tercih edilir.<\/p>\n<h4>Se\u00e7im Bantlar\u0131<\/h4>\n<p>Makineler taraf\u0131ndan soslanan, kavrulan ve i\u015flenen kuruyemi\u015fler son a\u015fama olarak se\u00e7me band\u0131ndan ge\u00e7er ve g\u00f6zle g\u00f6r\u00fclebilen istenmeyen malzeme olmas\u0131 durumunda \u00e7al\u0131\u015fan yard\u0131m\u0131 ile ay\u0131klan\u0131r. Se\u00e7im band\u0131, ayd\u0131nlat\u0131c\u0131 \u0131\u015f\u0131\u011f\u0131 ve h\u0131z ayar band\u0131 ile \u00fcr\u00fcnlerin incelenmesinde \u00f6nemli bir rol oynar.<\/p>\n<h4>So\u011futma Makinesi<\/h4>\n<p>\u00dcr\u00fcnlerin so\u011futma i\u015fleminden ge\u00e7irilmesi gerekti\u011finde, bu makine f\u0131nd\u0131klar\u0131 y\u00fcksek verimlilikle h\u0131zl\u0131 bir \u015fekilde so\u011futur. Alt k\u0131sm\u0131nda bulunan ters emi\u015f fan\u0131 sayesinde \u00fczerindeki \u00fcr\u00fcnler h\u0131zl\u0131 bir \u015fekilde oda s\u0131cakl\u0131\u011f\u0131na ge\u00e7er. Ve bundan sonra \u00fcr\u00fcnler paketlenmeye haz\u0131rd\u0131r.<\/p>\n<p>&nbsp;<\/p>\n","protected":false},"excerpt":{"rendered":"<p><iframe title=\"YouTube video oynat\u0131c\u0131\" src=\"https:\/\/www.youtube.com\/embed\/hgbhcmvpXrQ\" width=\"560\" height=\"315\" frameborder=\"0\" allowfullscreen=\"allowfullscreen\"><\/iframe><\/p>\n<p>M\u00fc\u015fterilerimizin tercihine ba\u011fl\u0131 olarak bu \u00fcr\u00fcnleri her boyutta ve kapasitede \u00fcretebiliyoruz. Bizimle ileti\u015fime ge\u00e7mekten \u00e7ekinmeyin.<\/p>\n","protected":false},"featured_media":5872,"template":"","meta":{"site-sidebar-layout":"default","site-content-layout":"default","ast-site-content-layout":"default","site-content-style":"default","site-sidebar-style":"default","ast-global-header-display":"","ast-banner-title-visibility":"","ast-main-header-display":"","ast-hfb-above-header-display":"","ast-hfb-below-header-display":"","ast-hfb-mobile-header-display":"","site-post-title":"","ast-breadcrumbs-content":"","ast-featured-img":"","footer-sml-layout":"","theme-transparent-header-meta":"default","adv-header-id-meta":"","stick-header-meta":"","header-above-stick-meta":"","header-main-stick-meta":"","header-below-stick-meta":"","astra-migrate-meta-layouts":"set","ast-page-background-enabled":"default","ast-page-background-meta":{"desktop":{"background-color":"","background-image":"","background-repeat":"repeat","background-position":"center center","background-size":"auto","background-attachment":"scroll","background-type":"","background-media":"","overlay-type":"","overlay-color":"","overlay-gradient":""},"tablet":{"background-color":"","background-image":"","background-repeat":"repeat","background-position":"center center","background-size":"auto","background-attachment":"scroll","background-type":"","background-media":"","overlay-type":"","overlay-color":"","overlay-gradient":""},"mobile":{"background-color":"","background-image":"","background-repeat":"repeat","background-position":"center center","background-size":"auto","background-attachment":"scroll","background-type":"","background-media":"","overlay-type":"","overlay-color":"","overlay-gradient":""}},"ast-content-background-meta":{"desktop":{"background-color":"var(--ast-global-color-5)","background-image":"","background-repeat":"repeat","background-position":"center center","background-size":"auto","background-attachment":"scroll","background-type":"","background-media":"","overlay-type":"","overlay-color":"","overlay-gradient":""},"tablet":{"background-color":"var(--ast-global-color-5)","background-image":"","background-repeat":"repeat","background-position":"center center","background-size":"auto","background-attachment":"scroll","background-type":"","background-media":"","overlay-type":"","overlay-color":"","overlay-gradient":""},"mobile":{"background-color":"var(--ast-global-color-5)","background-image":"","background-repeat":"repeat","background-position":"center center","background-size":"auto","background-attachment":"scroll","background-type":"","background-media":"","overlay-type":"","overlay-color":"","overlay-gradient":""}}},"product_brand":[],"product_cat":[295],"product_tag":[297,296],"class_list":{"0":"post-7223","1":"product","2":"type-product","3":"status-publish","4":"has-post-thumbnail","6":"product_cat-diger-ekipmanlar","7":"product_tag-elevator-tr","8":"product_tag-konveyor-bantlari","9":"desktop-align-left","10":"tablet-align-left","11":"mobile-align-left","13":"first","14":"instock","15":"shipping-taxable","16":"product-type-simple"},"_links":{"self":[{"href":"https:\/\/machinecastle.com\/tr\/wp-json\/wp\/v2\/product\/7223","targetHints":{"allow":["GET"]}}],"collection":[{"href":"https:\/\/machinecastle.com\/tr\/wp-json\/wp\/v2\/product"}],"about":[{"href":"https:\/\/machinecastle.com\/tr\/wp-json\/wp\/v2\/types\/product"}],"wp:featuredmedia":[{"embeddable":true,"href":"https:\/\/machinecastle.com\/tr\/wp-json\/wp\/v2\/media\/5872"}],"wp:attachment":[{"href":"https:\/\/machinecastle.com\/tr\/wp-json\/wp\/v2\/media?parent=7223"}],"wp:term":[{"taxonomy":"product_brand","embeddable":true,"href":"https:\/\/machinecastle.com\/tr\/wp-json\/wp\/v2\/product_brand?post=7223"},{"taxonomy":"product_cat","embeddable":true,"href":"https:\/\/machinecastle.com\/tr\/wp-json\/wp\/v2\/product_cat?post=7223"},{"taxonomy":"product_tag","embeddable":true,"href":"https:\/\/machinecastle.com\/tr\/wp-json\/wp\/v2\/product_tag?post=7223"}],"curies":[{"name":"wp","href":"https:\/\/api.w.org\/{rel}","templated":true}]}}