{"id":7218,"date":"2021-12-30T12:46:31","date_gmt":"2021-12-30T12:46:31","guid":{"rendered":"https:\/\/machinecastle.com\/urun\/soguk-pres-yag-yapma-makineleri\/"},"modified":"2023-11-19T13:59:16","modified_gmt":"2023-11-19T13:59:16","slug":"yag-pres-makineleri","status":"publish","type":"product","link":"https:\/\/machinecastle.com\/tr\/product\/yag-pres-makineleri\/","title":{"rendered":"SO\u011eUK PRES YA\u011e YAPMA MAKI\u0307NELERI\u0307"},"content":{"rendered":"<p>\u00dcr\u00fcnlerden ya\u011f almak i\u00e7in <strong>So\u011fuk Pres Ya\u011f \u00dcretim Makineleri<\/strong>kullan\u0131lmaktad\u0131r. Geni\u015f haznesi sayesinde hemen hemen her \u015feyin ya\u011f\u0131n\u0131 alabilirsiniz. Ya\u011f \u00e7\u0131karma makinesinden ya\u011f elde edebilece\u011finiz \u00fcr\u00fcnlerden baz\u0131 \u00f6rnekler: \u00c7\u00f6rek otu, aspir tohumu, hindistan cevizi, nar \u00e7ekirde\u011fi, kimyon tohumu, ha\u015fha\u015f, \u00fcz\u00fcm \u00e7ekirde\u011fi, kanola tohumu, Keten tohumu, susam tohumu, hardal tohumu, badem, f\u0131nd\u0131k, kay\u0131s\u0131 \u00e7ekirde\u011fi, kabak \u00e7ekirde\u011fi, ay \u00e7ekirde\u011fi, yer f\u0131st\u0131\u011f\u0131, kakao bitkisi, \u0131s\u0131rgan otu, biber tohumu, domates tohumu, chia tohumu vb. tohum \u00e7e\u015fitleri. 4 y\u0131l garantilidir.<\/p>\n<p><strong><br \/>\n1-16 kg\/saat:<\/strong><\/p>\n<table class=\"table table-striped\">\n<tbody>\n<tr>\n<td><strong>A\u00c7IKLAMA<\/strong><\/td>\n<td><strong>\u00d6zellik<\/strong><\/td>\n<\/tr>\n<\/tbody>\n<tbody>\n<tr>\n<td>Boyutlar:<\/td>\n<td>25 x 80 x 35 cm (En x Boy x Y\u00fckseklik)<\/td>\n<\/tr>\n<\/tbody>\n<tbody>\n<tr>\n<td>A\u011f\u0131rl\u0131k:<\/td>\n<td>38 kg<\/td>\n<\/tr>\n<\/tbody>\n<tbody>\n<tr>\n<td>Kapasite:<\/td>\n<td>Maksimum 16 kg \/ Saat<\/td>\n<\/tr>\n<tr>\n<td>G\u00fc\u00e7 T\u00fcketimi<\/td>\n<td>220V\/380V, 0,75 kw Motor G\u00fcc\u00fc, 0,75 kw H\u0131z Kontrol\u00fc<\/td>\n<\/tr>\n<tr>\n<td>Termostat<\/td>\n<td>600 Watt dijital s\u0131cakl\u0131k kontroll\u00fc<\/td>\n<\/tr>\n<\/tbody>\n<\/table>\n<p><strong>1-40 kg\/saat:<\/strong><\/p>\n<table class=\"table table-striped\">\n<tbody>\n<tr>\n<td><strong>A\u00c7IKLAMA<\/strong><\/td>\n<td><strong>\u00d6zellik<\/strong><\/td>\n<\/tr>\n<\/tbody>\n<tbody>\n<tr>\n<td>Boyutlar:<\/td>\n<td>25 x 100 x 52 cm (En x Boy x Y\u00fckseklik)<\/td>\n<\/tr>\n<\/tbody>\n<tbody>\n<tr>\n<td>A\u011f\u0131rl\u0131k:<\/td>\n<td>68 kg<\/td>\n<\/tr>\n<\/tbody>\n<tbody>\n<tr>\n<td>Kapasite:<\/td>\n<td>Maksimum 40 kg \/ Saat<\/td>\n<\/tr>\n<tr>\n<td>G\u00fc\u00e7 T\u00fcketimi<\/td>\n<td>220V\/380V, 1,5 kw Motor G\u00fcc\u00fc, ABB H\u0131z Kontrol\u00fc<\/td>\n<\/tr>\n<tr>\n<td>Termostat<\/td>\n<td>600 Watt dijital s\u0131cakl\u0131k kontroll\u00fc<\/td>\n<\/tr>\n<\/tbody>\n<\/table>\n<p><strong>1-55 kg\/saat:<\/strong><\/p>\n<table class=\"table table-striped\">\n<tbody>\n<tr>\n<td><strong>A\u00c7IKLAMA<\/strong><\/td>\n<td><strong>\u00d6zellik<\/strong><\/td>\n<\/tr>\n<\/tbody>\n<tbody>\n<tr>\n<td>Boyutlar:<\/td>\n<td>Huni hari\u00e7 27 x 95 x 52 cm (Geni\u015flik x Uzunluk x Y\u00fckseklik)<\/td>\n<\/tr>\n<\/tbody>\n<tbody>\n<tr>\n<td>A\u011f\u0131rl\u0131k:<\/td>\n<td>92 kg<\/td>\n<\/tr>\n<\/tbody>\n<tbody>\n<tr>\n<td>Kapasite:<\/td>\n<td>Maksimum 55 kg \/ Saat<\/td>\n<\/tr>\n<tr>\n<td>G\u00fc\u00e7 T\u00fcketimi<\/td>\n<td>220V\/380V, 2,2 kw Motor G\u00fcc\u00fc, ABB H\u0131z Kontrol\u00fc<\/td>\n<\/tr>\n<tr>\n<td>Termostat<\/td>\n<td>600 Watt dijital s\u0131cakl\u0131k kontroll\u00fc<\/td>\n<\/tr>\n<\/tbody>\n<\/table>\n<p><strong>1-90 kg\/saat:<\/strong><\/p>\n<table class=\"table table-striped\">\n<tbody>\n<tr>\n<td><strong>A\u00c7IKLAMA<\/strong><\/td>\n<td><strong>\u00d6zellik<\/strong><\/td>\n<\/tr>\n<\/tbody>\n<tbody>\n<tr>\n<td>Boyutlar:<\/td>\n<td>Huni hari\u00e7 55 x 135 x 87 cm (Geni\u015flik x Uzunluk x Y\u00fckseklik)<\/td>\n<\/tr>\n<\/tbody>\n<tbody>\n<tr>\n<td>A\u011f\u0131rl\u0131k:<\/td>\n<td>270 kg<\/td>\n<\/tr>\n<\/tbody>\n<tbody>\n<tr>\n<td>Kapasite:<\/td>\n<td>Maksimum 90 kg \/ Saat<\/td>\n<\/tr>\n<tr>\n<td>G\u00fc\u00e7 T\u00fcketimi<\/td>\n<td>220V\/380V, 4 kw 3 faz giri\u015f 3 faz \u00e7\u0131k\u0131\u015f, ABB marka s\u00fcr\u00fcc\u00fc 4 kw<\/td>\n<\/tr>\n<tr>\n<td>Termostat<\/td>\n<td>600 Watt dijital s\u0131cakl\u0131k kontroll\u00fc<\/td>\n<\/tr>\n<\/tbody>\n<\/table>\n<p><strong>1-130 kg\/saat:<\/strong><\/p>\n<table class=\"table table-striped\">\n<tbody>\n<tr>\n<td><strong>A\u00c7IKLAMA<\/strong><\/td>\n<td><strong>\u00d6zellik<\/strong><\/td>\n<\/tr>\n<\/tbody>\n<tbody>\n<tr>\n<td>Boyutlar:<\/td>\n<td>Huni hari\u00e7 66 x 140 x 100 cm (Geni\u015flik x Uzunluk x Y\u00fckseklik)<\/td>\n<\/tr>\n<\/tbody>\n<tbody>\n<tr>\n<td>A\u011f\u0131rl\u0131k:<\/td>\n<td>380 kg<\/td>\n<\/tr>\n<\/tbody>\n<tbody>\n<tr>\n<td>Kapasite:<\/td>\n<td>Maksimum 130 kg \/ Saat<\/td>\n<\/tr>\n<tr>\n<td>G\u00fc\u00e7 T\u00fcketimi<\/td>\n<td>11 kw 3 faz giri\u015f 3 faz \u00e7\u0131k\u0131\u015f, ABB marka s\u00fcr\u00fcc\u00fc 11 kw<\/td>\n<\/tr>\n<tr>\n<td>Termostat<\/td>\n<td>600 Watt dijital s\u0131cakl\u0131k kontroll\u00fc<\/td>\n<\/tr>\n<\/tbody>\n<\/table>\n<p>&nbsp;<\/p>\n<p>Ya\u011f \u00e7\u0131karma <strong>makineleri<\/strong>, Ya\u011f <strong>\u00fcretim<\/strong> makinesi, Ya\u011f \u00fcretim makinesi, Tohum ya\u011f\u0131 \u00fcretimi, Tohumlar i\u00e7in ya\u011f \u00e7\u0131karma makinesi, Ya\u011f \u00e7\u0131karma makinesi, Ya\u011f \u00e7\u0131karma makinesi, Ya\u011f <strong>\u00fcreten<\/strong> makine, Ya\u011f \u00fcretimi i\u00e7in makine, Tohum ya\u011f\u0131 yapma makineleri<\/p>\n","protected":false},"excerpt":{"rendered":"<p><iframe title=\"YouTube video oynat\u0131c\u0131\" src=\"https:\/\/www.youtube.com\/embed\/RsYvPVLS2_E\" width=\"560\" height=\"315\" frameborder=\"0\" allowfullscreen=\"allowfullscreen\"><\/iframe><\/p>\n<p><strong>1-16 kg\/saat:<\/strong><\/p>\n<table class=\"table table-striped\">\n<tbody>\n<tr>\n<td><strong>MODELLER<\/strong><\/td>\n<td><strong>KAPAS\u0130TE<\/strong><\/td>\n<\/tr>\n<\/tbody>\n<tbody>\n<tr>\n<td>MC-O-16 <strong>Ya\u011f Yapma So\u011fuk Pres Makinesi<\/strong><\/td>\n<td>Maksimum 16 Kg\/H<\/td>\n<\/tr>\n<\/tbody>\n<tbody>\n<tr>\n<td>MC-O-40 <strong>Ya\u011f Yapma So\u011fuk Pres Makinesi<\/strong><\/td>\n<td>Maksimum 40 Kg\/H<\/td>\n<\/tr>\n<\/tbody>\n<tbody>\n<tr>\n<td>MC-O-55 <strong>Ya\u011f Yapma So\u011fuk Pres Makinesi<\/strong><\/td>\n<td>Maksimum 55 Kg\/H<\/td>\n<\/tr>\n<tr>\n<td>MC-O-90 <strong>Ya\u011f Yapma So\u011fuk Pres Makinesi<\/strong><\/td>\n<td>Maksimum 90 Kg\/H<\/td>\n<\/tr>\n<tr>\n<td>MC-O-130 <strong>Ya\u011f Yapma So\u011fuk Pres Makinesi<\/strong><\/td>\n<td>Maksimum 130 Kg\/H<\/td>\n<\/tr>\n<\/tbody>\n<\/table>\n<p>&nbsp;<\/p>\n","protected":false},"featured_media":5742,"template":"","meta":{"site-sidebar-layout":"default","site-content-layout":"default","ast-site-content-layout":"default","site-content-style":"default","site-sidebar-style":"default","ast-global-header-display":"","ast-banner-title-visibility":"","ast-main-header-display":"","ast-hfb-above-header-display":"","ast-hfb-below-header-display":"","ast-hfb-mobile-header-display":"","site-post-title":"","ast-breadcrumbs-content":"","ast-featured-img":"","footer-sml-layout":"","theme-transparent-header-meta":"default","adv-header-id-meta":"","stick-header-meta":"","header-above-stick-meta":"","header-main-stick-meta":"","header-below-stick-meta":"","astra-migrate-meta-layouts":"set","ast-page-background-enabled":"default","ast-page-background-meta":{"desktop":{"background-color":"","background-image":"","background-repeat":"repeat","background-position":"center center","background-size":"auto","background-attachment":"scroll","background-type":"","background-media":"","overlay-type":"","overlay-color":"","overlay-gradient":""},"tablet":{"background-color":"","background-image":"","background-repeat":"repeat","background-position":"center center","background-size":"auto","background-attachment":"scroll","background-type":"","background-media":"","overlay-type":"","overlay-color":"","overlay-gradient":""},"mobile":{"background-color":"","background-image":"","background-repeat":"repeat","background-position":"center center","background-size":"auto","background-attachment":"scroll","background-type":"","background-media":"","overlay-type":"","overlay-color":"","overlay-gradient":""}},"ast-content-background-meta":{"desktop":{"background-color":"var(--ast-global-color-5)","background-image":"","background-repeat":"repeat","background-position":"center center","background-size":"auto","background-attachment":"scroll","background-type":"","background-media":"","overlay-type":"","overlay-color":"","overlay-gradient":""},"tablet":{"background-color":"var(--ast-global-color-5)","background-image":"","background-repeat":"repeat","background-position":"center center","background-size":"auto","background-attachment":"scroll","background-type":"","background-media":"","overlay-type":"","overlay-color":"","overlay-gradient":""},"mobile":{"background-color":"var(--ast-global-color-5)","background-image":"","background-repeat":"repeat","background-position":"center center","background-size":"auto","background-attachment":"scroll","background-type":"","background-media":"","overlay-type":"","overlay-color":"","overlay-gradient":""}}},"product_brand":[],"product_cat":[279],"product_tag":[280,282,281],"class_list":{"0":"post-7218","1":"product","2":"type-product","3":"status-publish","4":"has-post-thumbnail","6":"product_cat-soguk-pres-yag-yapma-makineleri","7":"product_tag-yag-cikarma-makinesi","8":"product_tag-yag-presleme-makinesi","9":"product_tag-yag-yapma-makinesi","10":"desktop-align-left","11":"tablet-align-left","12":"mobile-align-left","14":"first","15":"instock","16":"shipping-taxable","17":"product-type-simple"},"_links":{"self":[{"href":"https:\/\/machinecastle.com\/tr\/wp-json\/wp\/v2\/product\/7218","targetHints":{"allow":["GET"]}}],"collection":[{"href":"https:\/\/machinecastle.com\/tr\/wp-json\/wp\/v2\/product"}],"about":[{"href":"https:\/\/machinecastle.com\/tr\/wp-json\/wp\/v2\/types\/product"}],"wp:featuredmedia":[{"embeddable":true,"href":"https:\/\/machinecastle.com\/tr\/wp-json\/wp\/v2\/media\/5742"}],"wp:attachment":[{"href":"https:\/\/machinecastle.com\/tr\/wp-json\/wp\/v2\/media?parent=7218"}],"wp:term":[{"taxonomy":"product_brand","embeddable":true,"href":"https:\/\/machinecastle.com\/tr\/wp-json\/wp\/v2\/product_brand?post=7218"},{"taxonomy":"product_cat","embeddable":true,"href":"https:\/\/machinecastle.com\/tr\/wp-json\/wp\/v2\/product_cat?post=7218"},{"taxonomy":"product_tag","embeddable":true,"href":"https:\/\/machinecastle.com\/tr\/wp-json\/wp\/v2\/product_tag?post=7218"}],"curies":[{"name":"wp","href":"https:\/\/api.w.org\/{rel}","templated":true}]}}