{"id":7213,"date":"2021-12-30T10:39:22","date_gmt":"2021-12-30T10:39:22","guid":{"rendered":"https:\/\/machinecastle.com\/urun\/fistik-ezmesi-makineleri\/"},"modified":"2025-08-04T07:07:51","modified_gmt":"2025-08-04T07:07:51","slug":"tereyagi-yapim-maki%cc%87neleri%cc%87","status":"publish","type":"product","link":"https:\/\/machinecastle.com\/tr\/product\/tereyagi-yapim-maki%cc%87neleri%cc%87\/","title":{"rendered":"FISTIK EZMESI\u0307 MAKI\u0307NELERI\u0307"},"content":{"rendered":"<p>Bu <strong>f\u0131nd\u0131k<\/strong> <strong>ezmesi yapma makineleri<\/strong> <strong>yer f\u0131st\u0131\u011f\u0131, f\u0131nd\u0131k, antep f\u0131st\u0131\u011f\u0131<\/strong> ve di\u011ferlerinin <strong>ezmelerini<\/strong>yapabilir. \u00dcr\u00fcnler hazneye girdikten sonra do\u011frudan yap\u0131\u015ft\u0131rma i\u015fleminden ge\u00e7er. Daha sonra do\u011frudan haz\u0131r olurlar. Kullan\u0131c\u0131 ezdikten sonra \u015feker veya farkl\u0131 aromalar kullanabilir veya ekleyebilir. Makine \u00fczerinde Alt\u0131n veya Krom renk se\u00e7ilebilir.<\/p>\n<p>&nbsp;<\/p>\n<p>&nbsp;<\/p>\n<p>&nbsp;<\/p>\n<p><strong>F\u0131st\u0131k<\/strong> ezmesi makinesi, <strong>F\u0131nd\u0131k<\/strong>ezmesi makineleri, F\u0131nd\u0131k ezmesi makinesi, F\u0131st\u0131k ezmesi \u00fcretimi, Tereya\u011f\u0131 \u00fcreten makine, F\u0131st\u0131k ezmesi makinesi, <strong>F\u0131nd\u0131k<\/strong> ezmesi makinesi, K\u00fc\u00e7\u00fck f\u0131st\u0131k ezmesi makinesi, Almod tereya\u011f\u0131 yapma makinesi<\/p>\n","protected":false},"excerpt":{"rendered":"<p><iframe title=\"YouTube video oynat\u0131c\u0131\" src=\"https:\/\/www.youtube.com\/embed\/JfimLAfHOGs?si=zCDX2egja9fI3zhF\" width=\"560\" height=\"315\" frameborder=\"0\" allowfullscreen=\"allowfullscreen\"><\/iframe><\/p>\n<p><strong>TEKNI\u0307K DETAYLAR:<\/strong><\/p>\n<p>F\u0131st\u0131k <strong>Ezmesi Makinemiz<\/strong> F\u0131st\u0131k, F\u0131nd\u0131k, Badem, Kaju, Terebinth, Susam, Ha\u015fha\u015f gibi her t\u00fcrl\u00fc \u00fcr\u00fcn\u00fc macun haline getirebilmektedir. Kapasite f\u0131nd\u0131k i\u00e7in 1 kg\/saatten ba\u015flay\u0131p 50 kg\/saate kadar \u00e7\u0131kmaktad\u0131r.<\/p>\n<p>Makinemiz market, \u015fark\u00fcteri, kuruyemi\u015f\u00e7i, baharat\u00e7\u0131 gibi perakende i\u015fler i\u00e7in uygundur. M\u00fc\u015fterilerinizin hemen yan\u0131 ba\u015f\u0131nda anl\u0131k \u00fcretim yapma imkan\u0131 sunar.<\/p>\n<p>Tamamen 304 <strong>paslanmaz \u00e7elik<\/strong> kalitesinde malzemeden \u00fcretilmi\u015f olup g\u0131daya tam uygundur.<\/p>\n<table class=\"table table-striped\">\n<tbody>\n<tr>\n<td><strong>A\u00c7IKLAMA<\/strong><\/td>\n<td><strong>\u00d6zellik<\/strong><\/td>\n<\/tr>\n<\/tbody>\n<tbody>\n<tr>\n<td>Boyutlar:<\/td>\n<td>60 x 30 x 60 cm (En x Boy x Y\u00fckseklik)<\/td>\n<\/tr>\n<\/tbody>\n<tbody>\n<tr>\n<td>A\u011f\u0131rl\u0131k:<\/td>\n<td>30 kg<\/td>\n<\/tr>\n<\/tbody>\n<tbody>\n<tr>\n<td>Kapasite<\/td>\n<td>1-50 kg \/ Saat<\/td>\n<\/tr>\n<tr>\n<td>G\u00fc\u00e7 T\u00fcketimi<\/td>\n<td>1,5 kw<\/td>\n<\/tr>\n<\/tbody>\n<\/table>\n<p><strong>Di\u011fer Mevcut Kapasite Modelleri:<\/strong><\/p>\n<p><strong>1-120 kg\/saat<\/strong><\/p>\n<p><strong>1-350 kg\/saat<\/strong><\/p>\n<p><strong>1-1000 kg\/saat<\/strong><\/p>\n<p><strong>1-2000 kg\/saat<\/strong><\/p>\n","protected":false},"featured_media":5717,"template":"","meta":{"site-sidebar-layout":"default","site-content-layout":"default","ast-site-content-layout":"default","site-content-style":"default","site-sidebar-style":"default","ast-global-header-display":"","ast-banner-title-visibility":"","ast-main-header-display":"","ast-hfb-above-header-display":"","ast-hfb-below-header-display":"","ast-hfb-mobile-header-display":"","site-post-title":"","ast-breadcrumbs-content":"","ast-featured-img":"","footer-sml-layout":"","theme-transparent-header-meta":"default","adv-header-id-meta":"","stick-header-meta":"","header-above-stick-meta":"","header-main-stick-meta":"","header-below-stick-meta":"","astra-migrate-meta-layouts":"set","ast-page-background-enabled":"default","ast-page-background-meta":{"desktop":{"background-color":"","background-image":"","background-repeat":"repeat","background-position":"center center","background-size":"auto","background-attachment":"scroll","background-type":"","background-media":"","overlay-type":"","overlay-color":"","overlay-gradient":""},"tablet":{"background-color":"","background-image":"","background-repeat":"repeat","background-position":"center center","background-size":"auto","background-attachment":"scroll","background-type":"","background-media":"","overlay-type":"","overlay-color":"","overlay-gradient":""},"mobile":{"background-color":"","background-image":"","background-repeat":"repeat","background-position":"center center","background-size":"auto","background-attachment":"scroll","background-type":"","background-media":"","overlay-type":"","overlay-color":"","overlay-gradient":""}},"ast-content-background-meta":{"desktop":{"background-color":"var(--ast-global-color-5)","background-image":"","background-repeat":"repeat","background-position":"center center","background-size":"auto","background-attachment":"scroll","background-type":"","background-media":"","overlay-type":"","overlay-color":"","overlay-gradient":""},"tablet":{"background-color":"var(--ast-global-color-5)","background-image":"","background-repeat":"repeat","background-position":"center center","background-size":"auto","background-attachment":"scroll","background-type":"","background-media":"","overlay-type":"","overlay-color":"","overlay-gradient":""},"mobile":{"background-color":"var(--ast-global-color-5)","background-image":"","background-repeat":"repeat","background-position":"center center","background-size":"auto","background-attachment":"scroll","background-type":"","background-media":"","overlay-type":"","overlay-color":"","overlay-gradient":""}}},"product_brand":[],"product_cat":[259],"product_tag":[261,262,260],"class_list":{"0":"post-7213","1":"product","2":"type-product","3":"status-publish","4":"has-post-thumbnail","6":"product_cat-findik-ezmesi-makineleri","7":"product_tag-ezme-yapma-makinesi","8":"product_tag-findik-ezmesi-makinesi","9":"product_tag-fistik-ezmesi-makinesi","10":"desktop-align-left","11":"tablet-align-left","12":"mobile-align-left","14":"first","15":"instock","16":"shipping-taxable","17":"product-type-simple"},"_links":{"self":[{"href":"https:\/\/machinecastle.com\/tr\/wp-json\/wp\/v2\/product\/7213","targetHints":{"allow":["GET"]}}],"collection":[{"href":"https:\/\/machinecastle.com\/tr\/wp-json\/wp\/v2\/product"}],"about":[{"href":"https:\/\/machinecastle.com\/tr\/wp-json\/wp\/v2\/types\/product"}],"wp:featuredmedia":[{"embeddable":true,"href":"https:\/\/machinecastle.com\/tr\/wp-json\/wp\/v2\/media\/5717"}],"wp:attachment":[{"href":"https:\/\/machinecastle.com\/tr\/wp-json\/wp\/v2\/media?parent=7213"}],"wp:term":[{"taxonomy":"product_brand","embeddable":true,"href":"https:\/\/machinecastle.com\/tr\/wp-json\/wp\/v2\/product_brand?post=7213"},{"taxonomy":"product_cat","embeddable":true,"href":"https:\/\/machinecastle.com\/tr\/wp-json\/wp\/v2\/product_cat?post=7213"},{"taxonomy":"product_tag","embeddable":true,"href":"https:\/\/machinecastle.com\/tr\/wp-json\/wp\/v2\/product_tag?post=7213"}],"curies":[{"name":"wp","href":"https:\/\/api.w.org\/{rel}","templated":true}]}}