{"id":7208,"date":"2021-12-30T08:07:15","date_gmt":"2021-12-30T08:07:15","guid":{"rendered":"https:\/\/machinecastle.com\/urun\/tahin-yapma-makineleri\/"},"modified":"2025-11-21T09:05:00","modified_gmt":"2025-11-21T09:05:00","slug":"tahin-yapma-makineleri","status":"publish","type":"product","link":"https:\/\/machinecastle.com\/tr\/product\/tahin-yapma-makineleri\/","title":{"rendered":"TAHI\u0307N YAPMA MAKI\u0307NELERI\u0307"},"content":{"rendered":"<p><strong>Tahin \u00dcretim Makinesi <\/strong>, susam tohumlar\u0131ndan tahin \u00fcretimi i\u00e7indir. Tahin, \u00f6\u011f\u00fct\u00fclm\u00fc\u015f susam tohumlar\u0131ndan yap\u0131lan koyu bir macundur. Genellikle humus gibi Orta Do\u011fu yemeklerinde tatland\u0131r\u0131c\u0131 bir bile\u015fen olarak veya baba ganu\u015f yapmak i\u00e7in \u0131zgara patl\u0131canla birlikte kullan\u0131l\u0131r. Tahinin lezzeti ve uyarlanabilirli\u011fi, onu sebze veya di\u011fer yiyecek t\u00fcrlerine e\u015flik edecek soslar i\u00e7in de ideal bir temel haline getiriyor. Tahin <strong>makinesi<\/strong> b\u00fcy\u00fck \u015fehirlerde her ge\u00e7en g\u00fcn daha y\u00fcksek sat\u0131\u015f rakamlar\u0131na ula\u015f\u0131yor. Bir\u00e7ok i\u015fletme insanlara taze tahin satmak i\u00e7in bu makineleri tercih ediyor. Susam\u0131n tahine d\u00f6n\u00fc\u015ft\u00fcr\u00fclmesinde gerekli t\u00fcm i\u015flemleri ger\u00e7ekle\u015ftiren makineye k\u0131saca tahin makinesi denir. G\u00fcn\u00fcm\u00fczde tahin \u00fcreten firmalar ve k\u00fc\u00e7\u00fck i\u015fletmeler bu makineler ile tahin sat\u0131\u015f\u0131 yapmaktad\u0131r. \u00d6\u011f\u00fctme malzemesi paslanmaz \u00e7elik b\u0131\u00e7ak veya f\u0131r\u0131nlanm\u0131\u015f ta\u015f olarak opsiyoneldir.<\/p>\n<p>&nbsp;<\/p>\n<p><strong>TEKNI\u0307K DETAYLAR:<\/strong><strong><br \/>\n20 kg\/saat:<\/strong><\/p>\n<p>Daha fazla kapasiteli makineler i\u00e7in l\u00fctfen bizimle ileti\u015fime ge\u00e7in.<\/p>\n<table class=\"table table-striped\">\n<tbody>\n<tr>\n<td><strong>A\u00c7IKLAMA<\/strong><\/td>\n<td><strong>\u00d6zellik<\/strong><\/td>\n<\/tr>\n<\/tbody>\n<tbody>\n<tr>\n<td>Boyutlar:<\/td>\n<td>32 x 32 x 80 cm (Geni\u015flik x Uzunluk x Y\u00fckseklik)<\/td>\n<\/tr>\n<\/tbody>\n<tbody>\n<tr>\n<td>A\u011f\u0131rl\u0131k:<\/td>\n<td>35 kg<\/td>\n<\/tr>\n<\/tbody>\n<tbody>\n<tr>\n<td>Kapasite:<\/td>\n<td>20 kg \/ Saat<\/td>\n<\/tr>\n<tr>\n<td>G\u00fc\u00e7 T\u00fcketimi<\/td>\n<td>1,5 kw<\/td>\n<\/tr>\n<\/tbody>\n<\/table>\n<p><strong>50 kg\/saat:<\/strong><\/p>\n<table class=\"table table-striped\">\n<tbody>\n<tr>\n<td><strong>A\u00c7IKLAMA<\/strong><\/td>\n<td><strong>\u00d6zellik<\/strong><\/td>\n<\/tr>\n<\/tbody>\n<tbody>\n<tr>\n<td>Boyutlar:<\/td>\n<td>80 x 80 x 190 cm (En x Boy x Y\u00fckseklik)<\/td>\n<\/tr>\n<\/tbody>\n<tbody>\n<tr>\n<td>Kapasite:<\/td>\n<td>50 kg \/ Saat<\/td>\n<\/tr>\n<tr>\n<td>G\u00fc\u00e7 T\u00fcketimi<\/td>\n<td>5,5 kw<\/td>\n<\/tr>\n<\/tbody>\n<\/table>\n<p><strong>Di\u011fer Mevcut Kapasite Modelleri:<\/strong><\/p>\n<p><strong>100 kg\/saat<\/strong><\/p>\n<p><strong>150 kg\/saat<\/strong><\/p>\n<p><strong>200 kg\/saat<\/strong><\/p>\n<p><strong>250 kg\/saat<\/strong><\/p>\n<p><strong>500 kg\/saat<\/strong><\/p>\n<p><strong>1000 kg\/saat<\/strong><\/p>\n<p>Tahin <strong>yapma<\/strong> makinesi, Tahin <strong>makinesi<\/strong>, Tahin \u00fcretim hatt\u0131, Tahin \u00fcreten makine, Tahin <strong>\u00fcretim<\/strong> makinesi, Ma\u011fazalar i\u00e7in tahin makinesi, Susam tohumlar\u0131ndan tahin, Susam tohumlar\u0131 <strong>i\u00e7in<\/strong> tahin makinesi, Susam tohumlar\u0131ndan tahin \u00e7\u0131karma<\/p>\n","protected":false},"excerpt":{"rendered":"<p>https:\/\/www.youtube.com\/shorts\/0HBpzYk5aFk<\/p>\n<p>T\u00fcm marketler, d\u00fckkanlar, baharat\u00e7\u0131lar kendi tahinlerini yapabilir ve m\u00fc\u015fterilerine \u00e7ok taze ve s\u0131cak olarak satabilirler. Saatlik kapasite ihtiyac\u0131n\u0131za ba\u011fl\u0131 olarak size farkl\u0131 makineler \u00f6nerece\u011fiz. M\u00fc\u015fterilerinize her zaman taze ve do\u011fal tahin satabilirsiniz. Tamamen <strong>paslanmaz \u00e7elik<\/strong> 304 kalite malzemeden \u00fcretilmi\u015f olup g\u0131daya tam uygundur. Hem do\u011fal ta\u015f tahin makineleri hem de paslanmaz b\u0131\u00e7akl\u0131 makineler mevcuttur.<\/p>\n","protected":false},"featured_media":8779,"template":"","meta":{"site-sidebar-layout":"default","site-content-layout":"default","ast-site-content-layout":"default","site-content-style":"default","site-sidebar-style":"default","ast-global-header-display":"","ast-banner-title-visibility":"","ast-main-header-display":"","ast-hfb-above-header-display":"","ast-hfb-below-header-display":"","ast-hfb-mobile-header-display":"","site-post-title":"","ast-breadcrumbs-content":"","ast-featured-img":"","footer-sml-layout":"","theme-transparent-header-meta":"default","adv-header-id-meta":"","stick-header-meta":"","header-above-stick-meta":"","header-main-stick-meta":"","header-below-stick-meta":"","astra-migrate-meta-layouts":"set","ast-page-background-enabled":"default","ast-page-background-meta":{"desktop":{"background-color":"","background-image":"","background-repeat":"repeat","background-position":"center center","background-size":"auto","background-attachment":"scroll","background-type":"","background-media":"","overlay-type":"","overlay-color":"","overlay-gradient":""},"tablet":{"background-color":"","background-image":"","background-repeat":"repeat","background-position":"center center","background-size":"auto","background-attachment":"scroll","background-type":"","background-media":"","overlay-type":"","overlay-color":"","overlay-gradient":""},"mobile":{"background-color":"","background-image":"","background-repeat":"repeat","background-position":"center center","background-size":"auto","background-attachment":"scroll","background-type":"","background-media":"","overlay-type":"","overlay-color":"","overlay-gradient":""}},"ast-content-background-meta":{"desktop":{"background-color":"var(--ast-global-color-5)","background-image":"","background-repeat":"repeat","background-position":"center center","background-size":"auto","background-attachment":"scroll","background-type":"","background-media":"","overlay-type":"","overlay-color":"","overlay-gradient":""},"tablet":{"background-color":"var(--ast-global-color-5)","background-image":"","background-repeat":"repeat","background-position":"center center","background-size":"auto","background-attachment":"scroll","background-type":"","background-media":"","overlay-type":"","overlay-color":"","overlay-gradient":""},"mobile":{"background-color":"var(--ast-global-color-5)","background-image":"","background-repeat":"repeat","background-position":"center center","background-size":"auto","background-attachment":"scroll","background-type":"","background-media":"","overlay-type":"","overlay-color":"","overlay-gradient":""}}},"product_brand":[],"product_cat":[240],"product_tag":[242,241],"class_list":{"0":"post-7208","1":"product","2":"type-product","3":"status-publish","4":"has-post-thumbnail","6":"product_cat-tahin-yapma-makineleri","7":"product_tag-susam-tahin-makinesi","8":"product_tag-tahin-makinesi","9":"desktop-align-left","10":"tablet-align-left","11":"mobile-align-left","13":"first","14":"instock","15":"shipping-taxable","16":"product-type-simple"},"_links":{"self":[{"href":"https:\/\/machinecastle.com\/tr\/wp-json\/wp\/v2\/product\/7208","targetHints":{"allow":["GET"]}}],"collection":[{"href":"https:\/\/machinecastle.com\/tr\/wp-json\/wp\/v2\/product"}],"about":[{"href":"https:\/\/machinecastle.com\/tr\/wp-json\/wp\/v2\/types\/product"}],"wp:featuredmedia":[{"embeddable":true,"href":"https:\/\/machinecastle.com\/tr\/wp-json\/wp\/v2\/media\/8779"}],"wp:attachment":[{"href":"https:\/\/machinecastle.com\/tr\/wp-json\/wp\/v2\/media?parent=7208"}],"wp:term":[{"taxonomy":"product_brand","embeddable":true,"href":"https:\/\/machinecastle.com\/tr\/wp-json\/wp\/v2\/product_brand?post=7208"},{"taxonomy":"product_cat","embeddable":true,"href":"https:\/\/machinecastle.com\/tr\/wp-json\/wp\/v2\/product_cat?post=7208"},{"taxonomy":"product_tag","embeddable":true,"href":"https:\/\/machinecastle.com\/tr\/wp-json\/wp\/v2\/product_tag?post=7208"}],"curies":[{"name":"wp","href":"https:\/\/api.w.org\/{rel}","templated":true}]}}