{"id":7203,"date":"2021-12-29T12:22:04","date_gmt":"2021-12-29T12:22:04","guid":{"rendered":"https:\/\/machinecastle.com\/urun\/pleksi-kahve-silolari\/"},"modified":"2023-11-19T13:47:19","modified_gmt":"2023-11-19T13:47:19","slug":"plexi-coffee-silos","status":"publish","type":"product","link":"https:\/\/machinecastle.com\/tr\/product\/plexi-coffee-silos\/","title":{"rendered":"PLEKSI\u0307 KAHVE SI\u0307LOLARI"},"content":{"rendered":"<p>Dikd\u00f6rtgen, silindirik, kare, duvara monte kahve \u00e7ekirde\u011fi silolar\u0131, kuru g\u0131da dispenserleri, draje dispenserleri, kuruyemi\u015f dispenseri, bakliyat dispenseri, d\u00f6ner sistem d\u00f6kme silolar\u0131, tah\u0131l dispenserleri \u00fcretiyoruz. Silolar, m\u00fc\u015fterilerinize \u00fcr\u00fcnlerinizi g\u00f6rsel bir g\u00fczellik i\u00e7inde g\u00f6stermenin harika bir yoludur. Sadece depolama i\u00e7in de\u011fil, ayn\u0131 zamanda iyi bir temsil i\u00e7in de kullan\u0131l\u0131rlar. \u0130ste\u011fe ba\u011fl\u0131 renkler mevcuttur ve talep \u00fczerine farkl\u0131 boyut ve kapasiteler uygulanabilir.<\/p>\n<p>&nbsp;<\/p>\n<p>Kahve da\u011f\u0131t\u0131c\u0131s\u0131, Kahve silolar\u0131, Kahve da\u011f\u0131t\u0131c\u0131lar\u0131, Da\u011f\u0131t\u0131c\u0131 kahve silolar\u0131, Kahve depolamak i\u00e7in silolar<\/p>\n","protected":false},"excerpt":{"rendered":"<p><b>Renk Se\u00e7enekleri: <\/b>Alt\u0131n, G\u00fcm\u00fc\u015f, Bak\u0131r.<br \/>\nFarkl\u0131 renkler i\u00e7in l\u00fctfen bizimle ileti\u015fime ge\u00e7iniz.<\/p>\n<div class=\"clearfix\"><\/div>\n<p><strong>Standart \u00f6l\u00e7\u00fcler:<\/strong> <span class=\"items\"> 15 Cm x 60 Cm (h)<br \/>\nDaha b\u00fcy\u00fck boyutlar i\u00e7in l\u00fctfen bizimle ileti\u015fime ge\u00e7in.<\/span><\/p>\n<div class=\"clearfix\"><\/div>\n<p><b>Kapasite: <\/b>5-6 KG<br \/>\n<span class=\"items\">Daha b\u00fcy\u00fck kapasiteler i\u00e7in l\u00fctfen bizimle ileti\u015fime ge\u00e7in.<\/span><\/p>\n<p>Pleksi silo, Kahve silosu, Kahve \u00e7ekirdeklerini depolamak i\u00e7in silo, Kavrulmu\u015f kahve \u00e7ekirde\u011fi silolar\u0131<\/p>\n","protected":false},"featured_media":5662,"template":"","meta":{"site-sidebar-layout":"default","site-content-layout":"default","ast-site-content-layout":"default","site-content-style":"default","site-sidebar-style":"default","ast-global-header-display":"","ast-banner-title-visibility":"","ast-main-header-display":"","ast-hfb-above-header-display":"","ast-hfb-below-header-display":"","ast-hfb-mobile-header-display":"","site-post-title":"","ast-breadcrumbs-content":"","ast-featured-img":"","footer-sml-layout":"","theme-transparent-header-meta":"default","adv-header-id-meta":"","stick-header-meta":"","header-above-stick-meta":"","header-main-stick-meta":"","header-below-stick-meta":"","astra-migrate-meta-layouts":"set","ast-page-background-enabled":"default","ast-page-background-meta":{"desktop":{"background-color":"","background-image":"","background-repeat":"repeat","background-position":"center center","background-size":"auto","background-attachment":"scroll","background-type":"","background-media":"","overlay-type":"","overlay-color":"","overlay-gradient":""},"tablet":{"background-color":"","background-image":"","background-repeat":"repeat","background-position":"center center","background-size":"auto","background-attachment":"scroll","background-type":"","background-media":"","overlay-type":"","overlay-color":"","overlay-gradient":""},"mobile":{"background-color":"","background-image":"","background-repeat":"repeat","background-position":"center center","background-size":"auto","background-attachment":"scroll","background-type":"","background-media":"","overlay-type":"","overlay-color":"","overlay-gradient":""}},"ast-content-background-meta":{"desktop":{"background-color":"var(--ast-global-color-5)","background-image":"","background-repeat":"repeat","background-position":"center center","background-size":"auto","background-attachment":"scroll","background-type":"","background-media":"","overlay-type":"","overlay-color":"","overlay-gradient":""},"tablet":{"background-color":"var(--ast-global-color-5)","background-image":"","background-repeat":"repeat","background-position":"center center","background-size":"auto","background-attachment":"scroll","background-type":"","background-media":"","overlay-type":"","overlay-color":"","overlay-gradient":""},"mobile":{"background-color":"var(--ast-global-color-5)","background-image":"","background-repeat":"repeat","background-position":"center center","background-size":"auto","background-attachment":"scroll","background-type":"","background-media":"","overlay-type":"","overlay-color":"","overlay-gradient":""}}},"product_brand":[],"product_cat":[143],"product_tag":[],"class_list":{"0":"post-7203","1":"product","2":"type-product","3":"status-publish","4":"has-post-thumbnail","6":"product_cat-kahve-kavuruculari-ogutuculer","7":"desktop-align-left","8":"tablet-align-left","9":"mobile-align-left","11":"first","12":"instock","13":"shipping-taxable","14":"product-type-simple"},"_links":{"self":[{"href":"https:\/\/machinecastle.com\/tr\/wp-json\/wp\/v2\/product\/7203","targetHints":{"allow":["GET"]}}],"collection":[{"href":"https:\/\/machinecastle.com\/tr\/wp-json\/wp\/v2\/product"}],"about":[{"href":"https:\/\/machinecastle.com\/tr\/wp-json\/wp\/v2\/types\/product"}],"wp:featuredmedia":[{"embeddable":true,"href":"https:\/\/machinecastle.com\/tr\/wp-json\/wp\/v2\/media\/5662"}],"wp:attachment":[{"href":"https:\/\/machinecastle.com\/tr\/wp-json\/wp\/v2\/media?parent=7203"}],"wp:term":[{"taxonomy":"product_brand","embeddable":true,"href":"https:\/\/machinecastle.com\/tr\/wp-json\/wp\/v2\/product_brand?post=7203"},{"taxonomy":"product_cat","embeddable":true,"href":"https:\/\/machinecastle.com\/tr\/wp-json\/wp\/v2\/product_cat?post=7203"},{"taxonomy":"product_tag","embeddable":true,"href":"https:\/\/machinecastle.com\/tr\/wp-json\/wp\/v2\/product_tag?post=7203"}],"curies":[{"name":"wp","href":"https:\/\/api.w.org\/{rel}","templated":true}]}}