{"id":7198,"date":"2021-12-28T08:07:12","date_gmt":"2021-12-28T08:07:12","guid":{"rendered":"https:\/\/machinecastle.com\/urun\/leblebi-kavurma-makineleri\/"},"modified":"2023-11-21T05:58:05","modified_gmt":"2023-11-21T05:58:05","slug":"leblebi-kavurma-makineleri","status":"publish","type":"product","link":"https:\/\/machinecastle.com\/tr\/product\/leblebi-kavurma-makineleri\/","title":{"rendered":"LEBLEB\u0130 KAVURMA MAKI\u0307NELERI\u0307"},"content":{"rendered":"<p><strong>Nohut kavurma makineleri<\/strong> <strong>nohut<\/strong><strong>kavurmak<\/strong>i\u00e7in kullan\u0131l\u0131r. \u0130\u00e7erisinde <strong>d\u00f6nen<\/strong> bir <strong>tambura<\/strong> sahip olan bu <strong>nohut kav<\/strong>urma makineleri \u0131s\u0131t\u0131l\u0131r ve tambur i\u00e7erisindeki \u00fcr\u00fcnler kavrulur. Benekli leblebi olu\u015fumu bu makinede kavrularak ger\u00e7ekle\u015ftirilir. Daha \u00e7ok perakendeciler ve ma\u011fazalar taraf\u0131ndan tercih edilen bu <strong>nohut kavurma makineleri<\/strong>ergonomik olmas\u0131 a\u00e7\u0131s\u0131ndan tekerlekli olarak \u00fcretilmektedir. \u00dcr\u00fcn giri\u015fi ve \u00e7\u0131k\u0131\u015f\u0131 da manuel olarak kontrol edilir. Yak\u0131t \u00fcnitesi olarak genellikle Gaz veya Lpg kullan\u0131lmakta olup, elektrik yak\u0131t\u0131 da uygulanabilmektedir. \u0130ste\u011fe ba\u011fl\u0131 olarak bu makine otomatik olarak da \u00fcretilebilir.<\/p>\n<p>&nbsp;<\/p>\n<p>Leblebi kavurma makineleri, Nohut tost makinesi, Nohut kavurma makinesi<\/p>\n","protected":false},"excerpt":{"rendered":"<p><iframe title=\"YouTube video oynat\u0131c\u0131\" src=\"https:\/\/www.youtube.com\/embed\/dn3NEpGeq0o\" width=\"560\" height=\"315\" frameborder=\"0\" allowfullscreen=\"allowfullscreen\"><\/iframe><\/p>\n<p><iframe title=\"YouTube video oynat\u0131c\u0131\" src=\"https:\/\/www.youtube.com\/embed\/WHsSxNEP0jI\" width=\"560\" height=\"315\" frameborder=\"0\" allowfullscreen=\"allowfullscreen\"><\/iframe><\/p>\n<p>Mevcut Kapasiteler:<br \/>\n4 kg<br \/>\n8 kg<br \/>\n12 kg<br \/>\n16 kg<br \/>\n20 kg<br \/>\n32 kg<br \/>\n40 kg<br \/>\n64 kg<\/p>\n","protected":false},"featured_media":5512,"template":"","meta":{"site-sidebar-layout":"default","site-content-layout":"default","ast-site-content-layout":"default","site-content-style":"default","site-sidebar-style":"default","ast-global-header-display":"","ast-banner-title-visibility":"","ast-main-header-display":"","ast-hfb-above-header-display":"","ast-hfb-below-header-display":"","ast-hfb-mobile-header-display":"","site-post-title":"","ast-breadcrumbs-content":"","ast-featured-img":"","footer-sml-layout":"","theme-transparent-header-meta":"default","adv-header-id-meta":"","stick-header-meta":"","header-above-stick-meta":"","header-main-stick-meta":"","header-below-stick-meta":"","astra-migrate-meta-layouts":"set","ast-page-background-enabled":"default","ast-page-background-meta":{"desktop":{"background-color":"","background-image":"","background-repeat":"repeat","background-position":"center center","background-size":"auto","background-attachment":"scroll","background-type":"","background-media":"","overlay-type":"","overlay-color":"","overlay-gradient":""},"tablet":{"background-color":"","background-image":"","background-repeat":"repeat","background-position":"center center","background-size":"auto","background-attachment":"scroll","background-type":"","background-media":"","overlay-type":"","overlay-color":"","overlay-gradient":""},"mobile":{"background-color":"","background-image":"","background-repeat":"repeat","background-position":"center center","background-size":"auto","background-attachment":"scroll","background-type":"","background-media":"","overlay-type":"","overlay-color":"","overlay-gradient":""}},"ast-content-background-meta":{"desktop":{"background-color":"var(--ast-global-color-5)","background-image":"","background-repeat":"repeat","background-position":"center center","background-size":"auto","background-attachment":"scroll","background-type":"","background-media":"","overlay-type":"","overlay-color":"","overlay-gradient":""},"tablet":{"background-color":"var(--ast-global-color-5)","background-image":"","background-repeat":"repeat","background-position":"center center","background-size":"auto","background-attachment":"scroll","background-type":"","background-media":"","overlay-type":"","overlay-color":"","overlay-gradient":""},"mobile":{"background-color":"var(--ast-global-color-5)","background-image":"","background-repeat":"repeat","background-position":"center center","background-size":"auto","background-attachment":"scroll","background-type":"","background-media":"","overlay-type":"","overlay-color":"","overlay-gradient":""}}},"product_brand":[],"product_cat":[168],"product_tag":[227,226],"class_list":{"0":"post-7198","1":"product","2":"type-product","3":"status-publish","4":"has-post-thumbnail","6":"product_cat-kuruyemis-kavurma-makinalari","7":"product_tag-leblebi-kavurma","8":"product_tag-leblebi-kavurma-makinesi","9":"desktop-align-left","10":"tablet-align-left","11":"mobile-align-left","13":"first","14":"instock","15":"shipping-taxable","16":"product-type-simple"},"_links":{"self":[{"href":"https:\/\/machinecastle.com\/tr\/wp-json\/wp\/v2\/product\/7198","targetHints":{"allow":["GET"]}}],"collection":[{"href":"https:\/\/machinecastle.com\/tr\/wp-json\/wp\/v2\/product"}],"about":[{"href":"https:\/\/machinecastle.com\/tr\/wp-json\/wp\/v2\/types\/product"}],"wp:featuredmedia":[{"embeddable":true,"href":"https:\/\/machinecastle.com\/tr\/wp-json\/wp\/v2\/media\/5512"}],"wp:attachment":[{"href":"https:\/\/machinecastle.com\/tr\/wp-json\/wp\/v2\/media?parent=7198"}],"wp:term":[{"taxonomy":"product_brand","embeddable":true,"href":"https:\/\/machinecastle.com\/tr\/wp-json\/wp\/v2\/product_brand?post=7198"},{"taxonomy":"product_cat","embeddable":true,"href":"https:\/\/machinecastle.com\/tr\/wp-json\/wp\/v2\/product_cat?post=7198"},{"taxonomy":"product_tag","embeddable":true,"href":"https:\/\/machinecastle.com\/tr\/wp-json\/wp\/v2\/product_tag?post=7198"}],"curies":[{"name":"wp","href":"https:\/\/api.w.org\/{rel}","templated":true}]}}