{"id":7193,"date":"2021-12-28T06:41:09","date_gmt":"2021-12-28T06:41:09","guid":{"rendered":"https:\/\/machinecastle.com\/urun\/kaplama-makineleri\/"},"modified":"2023-11-19T14:00:54","modified_gmt":"2023-11-19T14:00:54","slug":"kaplama-maki%cc%87neleri%cc%87","status":"publish","type":"product","link":"https:\/\/machinecastle.com\/tr\/product\/kaplama-maki%cc%87neleri%cc%87\/","title":{"rendered":"KAPLAMA MAKI\u0307NELERI\u0307"},"content":{"rendered":"<h4>Tekli Kaplama Makinesi<\/h4>\n<p>Leblebi, f\u0131st\u0131k, badem, f\u0131nd\u0131k vb. \u00fcr\u00fcnleri kaplamak isteyenlerin en \u00e7ok tercih etti\u011fi makinedir. Tuzlu veya \u015fekerli \u00fcr\u00fcn yapma tercihine ba\u011fl\u0131 olarak makinede \u0131s\u0131tma alan\u0131 da bulunabilir. <strong>Is\u0131tmal\u0131 f\u0131r\u0131n<\/strong>, \u015fekerle draje yapmak isteyenler taraf\u0131ndan, \u015fekerin <strong>karamelizasyon<\/strong> i\u00e7in kullan\u0131lmas\u0131 a\u00e7\u0131s\u0131ndan tercih edilir. \u015eekeri karamelize etmeden \u00fcr\u00fcn yapmak isteyenler de bu makineyi \u0131s\u0131tmadan kullanabilirler.<\/p>\n<h4>\u00c7ift Kaplama Makinesi<\/h4>\n<p>Bu makine de <strong>tek kafal\u0131 kaplama makinesi<\/strong> ile ayn\u0131 \u00f6zelli\u011fi ta\u015f\u0131r, ancak daha y\u00fcksek kapasite i\u00e7in iki kafaya sahiptir. \u00c7o\u011fu \u015firket tek kafa almak yerine \u00fcr\u00fcn kapasitesini tamamen ikiye katlamay\u0131 ve fiyat\/performans bazl\u0131 kullan\u0131labilirlik ger\u00e7ekle\u015ftirmeyi tercih ediyor.<\/p>\n<h4>E\u011filebilir Kaplama Makinesi<\/h4>\n<p><strong>E\u011filebilir kaplama makinesi<\/strong> de <strong>tek kafa<\/strong> kaplama makinesi olarak kaplama i\u015flemi yapmak i\u00e7in kullan\u0131l\u0131r. Plc Dokunmatik Ekran, Is\u0131tma veya D\u00fc\u011fme Kontrol\u00fc gibi t\u00fcm \u00f6zellikler iste\u011fe ba\u011fl\u0131 olarak \u00f6zelle\u015ftirilebilir. <strong>E\u011filebilir kaplama makinesi<\/strong>, her \u015fey bir d\u00fc\u011fmeye bas\u0131larak kullan\u0131labildi\u011finden kullan\u0131c\u0131ya kolay bir <strong>kaplama performans\u0131<\/strong> sa\u011flar. Bir d\u00fc\u011fmeye basarak \u00fcr\u00fcnler kaplanabilir ve hareketli tepsiye d\u00f6k\u00fclebilir.<\/p>\n<p>&nbsp;<\/p>\n<p>Mevcut Kapasiteler:<br \/>\n50 kg\/saat<br \/>\n100 kg\/saat<br \/>\n150 kg\/saat<br \/>\n200 kg\/saat<br \/>\n250 kg\/saat<br \/>\n300 kg\/saat<br \/>\n350 kg\/saat<br \/>\n400 kg\/saat<br \/>\n450 kg\/saat<br \/>\n500 kg\/saat<\/p>\n","protected":false},"excerpt":{"rendered":"<p><iframe title=\"YouTube video oynat\u0131c\u0131\" src=\"https:\/\/www.youtube.com\/embed\/0sRoO_pAang\" width=\"560\" height=\"315\" frameborder=\"0\" allowfullscreen=\"allowfullscreen\"><\/iframe><\/p>\n<p>https:\/\/www.youtube.com\/shorts\/3UR-PZVeZho<\/p>\n<p>Mevcut Modeller:<\/p>\n<table class=\"table table-striped\">\n<tbody>\n<tr>\n<td><strong>MODELLER<\/strong><\/td>\n<td><strong>\u00d6zellik<\/strong><\/td>\n<\/tr>\n<\/tbody>\n<tbody>\n<tr>\n<td>MC-50 <strong>Kaplama Makinesi<\/strong><\/td>\n<td><strong>Paslanmaz Krom Tambur, Sadece Kaplama<\/strong><\/td>\n<\/tr>\n<\/tbody>\n<tbody>\n<tr>\n<td>MC-60 <strong>Kaplama Makinesi<\/strong><\/td>\n<td><strong>Parlak Paslanmaz Krom Tambur, Sadece Kaplama<\/strong><\/td>\n<\/tr>\n<\/tbody>\n<tbody>\n<tr>\n<td>MC-70 <strong>Kaplama Makinesi<\/strong><\/td>\n<td><strong>Paslanmaz Krom Tambur, Kaplama + Gazl\u0131 Is\u0131tma<\/strong><\/td>\n<\/tr>\n<tr>\n<td>MC-80 <strong>Kaplama Makinesi<\/strong><\/td>\n<td><strong>Parlak Paslanmaz Krom Tambur, Kaplama + Gazl\u0131 Is\u0131tma<\/strong><\/td>\n<\/tr>\n<\/tbody>\n<tbody>\n<tr>\n<td>MC-90 <strong>Kaplama Makinesi<\/strong><\/td>\n<td><strong>Paslanmaz Bak\u0131r Tambur, Kaplama + Gaz Is\u0131tma<\/strong><\/td>\n<\/tr>\n<tr>\n<td>MC-100 <strong>Kaplama Makinesi<\/strong><\/td>\n<td><strong>D\u00fc\u011fme Kontroll\u00fc + Gazl\u0131 Is\u0131tmal\u0131 E\u011filebilir Kaplama Makinesi (Krom Tambur)<\/strong><\/td>\n<\/tr>\n<tr>\n<td>MC-150 <strong>Kaplama Makinesi<\/strong><\/td>\n<td><strong>Dokunmatik Ekran Kontroll\u00fc + Gazl\u0131 Is\u0131tmal\u0131 E\u011filebilir Kaplama Makinesi (Krom Tambur)<\/strong><\/td>\n<\/tr>\n<tr>\n<td>MC-160 <strong>Kaplama Makinesi<\/strong><\/td>\n<td><strong>D\u00fc\u011fme Kontroll\u00fc + Gazl\u0131 Is\u0131tmal\u0131 E\u011filebilir Kaplama Makinesi (Bak\u0131r Tambur)<\/strong><\/td>\n<\/tr>\n<tr>\n<td>MC-170 <strong>Kaplama Makinesi<\/strong><\/td>\n<td><strong>Dokunmatik Ekran Kontroll\u00fc + Gazl\u0131 Is\u0131tmal\u0131 E\u011filebilir Kaplama Makinesi (Bak\u0131r Tambur)<\/strong><\/td>\n<\/tr>\n<\/tbody>\n<\/table>\n<p>Her \u015feyi ihtiyac\u0131n\u0131za g\u00f6re \u00f6zelle\u015ftirebiliyoruz, l\u00fctfen akl\u0131n\u0131zdan ge\u00e7enleri bize bildirin?<\/p>\n","protected":false},"featured_media":6527,"template":"","meta":{"site-sidebar-layout":"default","site-content-layout":"default","ast-site-content-layout":"default","site-content-style":"default","site-sidebar-style":"default","ast-global-header-display":"","ast-banner-title-visibility":"","ast-main-header-display":"","ast-hfb-above-header-display":"","ast-hfb-below-header-display":"","ast-hfb-mobile-header-display":"","site-post-title":"","ast-breadcrumbs-content":"","ast-featured-img":"","footer-sml-layout":"","theme-transparent-header-meta":"default","adv-header-id-meta":"","stick-header-meta":"","header-above-stick-meta":"","header-main-stick-meta":"","header-below-stick-meta":"","astra-migrate-meta-layouts":"set","ast-page-background-enabled":"default","ast-page-background-meta":{"desktop":{"background-color":"","background-image":"","background-repeat":"repeat","background-position":"center center","background-size":"auto","background-attachment":"scroll","background-type":"","background-media":"","overlay-type":"","overlay-color":"","overlay-gradient":""},"tablet":{"background-color":"","background-image":"","background-repeat":"repeat","background-position":"center center","background-size":"auto","background-attachment":"scroll","background-type":"","background-media":"","overlay-type":"","overlay-color":"","overlay-gradient":""},"mobile":{"background-color":"","background-image":"","background-repeat":"repeat","background-position":"center center","background-size":"auto","background-attachment":"scroll","background-type":"","background-media":"","overlay-type":"","overlay-color":"","overlay-gradient":""}},"ast-content-background-meta":{"desktop":{"background-color":"var(--ast-global-color-5)","background-image":"","background-repeat":"repeat","background-position":"center center","background-size":"auto","background-attachment":"scroll","background-type":"","background-media":"","overlay-type":"","overlay-color":"","overlay-gradient":""},"tablet":{"background-color":"var(--ast-global-color-5)","background-image":"","background-repeat":"repeat","background-position":"center center","background-size":"auto","background-attachment":"scroll","background-type":"","background-media":"","overlay-type":"","overlay-color":"","overlay-gradient":""},"mobile":{"background-color":"var(--ast-global-color-5)","background-image":"","background-repeat":"repeat","background-position":"center center","background-size":"auto","background-attachment":"scroll","background-type":"","background-media":"","overlay-type":"","overlay-color":"","overlay-gradient":""}}},"product_brand":[],"product_cat":[215],"product_tag":[217,216],"class_list":{"0":"post-7193","1":"product","2":"type-product","3":"status-publish","4":"has-post-thumbnail","6":"product_cat-kaplama-makineleri","7":"product_tag-draje-kaplama-makinesi","8":"product_tag-kaplama-makinesi","9":"desktop-align-left","10":"tablet-align-left","11":"mobile-align-left","13":"first","14":"instock","15":"shipping-taxable","16":"product-type-simple"},"_links":{"self":[{"href":"https:\/\/machinecastle.com\/tr\/wp-json\/wp\/v2\/product\/7193","targetHints":{"allow":["GET"]}}],"collection":[{"href":"https:\/\/machinecastle.com\/tr\/wp-json\/wp\/v2\/product"}],"about":[{"href":"https:\/\/machinecastle.com\/tr\/wp-json\/wp\/v2\/types\/product"}],"wp:featuredmedia":[{"embeddable":true,"href":"https:\/\/machinecastle.com\/tr\/wp-json\/wp\/v2\/media\/6527"}],"wp:attachment":[{"href":"https:\/\/machinecastle.com\/tr\/wp-json\/wp\/v2\/media?parent=7193"}],"wp:term":[{"taxonomy":"product_brand","embeddable":true,"href":"https:\/\/machinecastle.com\/tr\/wp-json\/wp\/v2\/product_brand?post=7193"},{"taxonomy":"product_cat","embeddable":true,"href":"https:\/\/machinecastle.com\/tr\/wp-json\/wp\/v2\/product_cat?post=7193"},{"taxonomy":"product_tag","embeddable":true,"href":"https:\/\/machinecastle.com\/tr\/wp-json\/wp\/v2\/product_tag?post=7193"}],"curies":[{"name":"wp","href":"https:\/\/api.w.org\/{rel}","templated":true}]}}