{"id":7188,"date":"2021-12-27T11:11:05","date_gmt":"2021-12-27T11:11:05","guid":{"rendered":"https:\/\/machinecastle.com\/urun\/kahve-ogutucu\/"},"modified":"2025-01-17T07:00:29","modified_gmt":"2025-01-17T07:00:29","slug":"kahve-ogutucu","status":"publish","type":"product","link":"https:\/\/machinecastle.com\/tr\/product\/kahve-ogutucu\/","title":{"rendered":"KAHVE \u00d6\u011e\u00dcT\u00dcC\u00dc"},"content":{"rendered":"<p><strong>Kahve \u00f6\u011f\u00fctme makineleri<\/strong>10 kg\/saatten ba\u015flayarak 120 kg\/saate kadar mevcuttur. Kapasite ihtiyac\u0131n\u0131z\u0131 bize bildirin.<\/p>\n<p><strong>Kahve de\u011firmenleri<\/strong>istenilen kapasite ihtiyac\u0131na g\u00f6re \u00fcretilebilmektedir. Renk se\u00e7enekleri mevcuttur. <strong>Kahve de\u011firmenleri<\/strong>ile <strong>\u00f6\u011f\u00fct\u00fclm\u00fc\u015f<\/strong> kahveden t\u00fcm farkl\u0131 kahve t\u00fcrleri elde edilebilir. Espresso, Filtre Kahve, T\u00fcrk Kahvesi ve daha bir\u00e7ok se\u00e7enek mevcuttur. Ayarlanabilir b\u0131\u00e7ak ba\u015fl\u0131\u011f\u0131 sayesinde <strong>\u00f6\u011f\u00fct\u00fclm\u00fc\u015f kahvenizi<\/strong> istedi\u011finiz seviye boyutunda elde edebilirsiniz. Kahve <strong>kavrulduktan<\/strong> sonra \u00f6\u011f\u00fct\u00fclmek \u00fczere bu de\u011firmenlerden ge\u00e7mek zorundad\u0131r. \u00dcr\u00fcn manuel olarak girilir ve <strong>\u00f6\u011f\u00fct\u00fclm\u00fc\u015f kahve<\/strong>, \u00e7\u0131k\u0131\u015f\u0131n \u00f6n\u00fcnde bulunan \u00fcr\u00fcn <strong>haznesine<\/strong> doldurulur. Bu nedenle <strong>\u00f6\u011f\u00fct\u00fcc\u00fc<\/strong>, kahve i\u015fleme s\u00fcrecinin vazge\u00e7ilmez bir par\u00e7as\u0131d\u0131r. Ayr\u0131ca <strong>Kahve Kavurma<\/strong>, <strong>De-Stoner<\/strong> (Ta\u015f, Demir Extrakt\u00f6r) ve <strong>After-Burner<\/strong> (Baca Yakma) dedi\u011fimiz di\u011fer kahve i\u015flemlerini i\u00e7eren makine se\u00e7eneklerimiz <strong>de<\/strong> mevcuttur. \u00dcr\u00fcnlerimizin tamam\u0131 ISO 9001, TSE, CE, CSA yeterlilik ve yetkinlik belgelerine sahiptir.<\/p>\n","protected":false},"excerpt":{"rendered":"<p><iframe title=\"YouTube video oynat\u0131c\u0131\" src=\"https:\/\/www.youtube.com\/embed\/sfSwuQk0uEI\" width=\"560\" height=\"315\" frameborder=\"0\" allowfullscreen=\"allowfullscreen\"><\/iframe><\/p>\n<p>https:\/\/youtube.com\/shorts\/YDUSwOL0o8A?si=SPzS61DotAOU2cny<\/p>\n<p><iframe title=\"YouTube video oynat\u0131c\u0131\" src=\"https:\/\/www.youtube.com\/embed\/cDqYDUMKdMM\" width=\"560\" height=\"315\" frameborder=\"0\" allowfullscreen=\"allowfullscreen\"><\/iframe><br \/>\n<strong>Her t\u00fcr Kahve i\u00e7in ayarlanabilir boyut d\u00fczenlenebilir!<\/strong><\/p>\n<table class=\"table table-striped\">\n<tbody>\n<tr>\n<td>Uzunluk<\/td>\n<td>450 mm<\/td>\n<\/tr>\n<tr>\n<td>Geni\u015flik<\/td>\n<td>250 mm<\/td>\n<\/tr>\n<tr>\n<td>Y\u00fckseklik<\/td>\n<td>900 mm<\/td>\n<\/tr>\n<tr>\n<td>A\u011f\u0131rl\u0131k<\/td>\n<td>49 Kg<\/td>\n<\/tr>\n<tr>\n<td>Elektrik<\/td>\n<td>1.1 Kw<\/td>\n<\/tr>\n<tr>\n<td>Motor<\/td>\n<td>1400W<\/td>\n<\/tr>\n<\/tbody>\n<\/table>\n<p>Kahve de\u011firmeni, Kahve \u00f6\u011f\u00fctme makinesi, <strong>End\u00fcstriyel kahve de\u011firmenleri<\/strong>, Ma\u011faza tipi kahve de\u011firmeni, Kahve \u00f6\u011f\u00fctme makinesi, \u00d6\u011f\u00fct\u00fcc\u00fc ile kahve \u00e7ekirde\u011fi \u00f6\u011f\u00fctme, Espresso \u00f6\u011f\u00fctme makinesi, <strong>T\u00fcrk kahv<\/strong>esi de\u011firmeni, <strong>Filtre<\/strong> kahve \u00f6\u011f\u00fctme, Kahve de\u011firmeni, Koyu kahve de\u011firmeni<\/p>\n","protected":false},"featured_media":5387,"template":"","meta":{"site-sidebar-layout":"default","site-content-layout":"default","ast-site-content-layout":"default","site-content-style":"default","site-sidebar-style":"default","ast-global-header-display":"","ast-banner-title-visibility":"","ast-main-header-display":"","ast-hfb-above-header-display":"","ast-hfb-below-header-display":"","ast-hfb-mobile-header-display":"","site-post-title":"","ast-breadcrumbs-content":"","ast-featured-img":"","footer-sml-layout":"","theme-transparent-header-meta":"default","adv-header-id-meta":"","stick-header-meta":"","header-above-stick-meta":"","header-main-stick-meta":"","header-below-stick-meta":"","astra-migrate-meta-layouts":"set","ast-page-background-enabled":"default","ast-page-background-meta":{"desktop":{"background-color":"","background-image":"","background-repeat":"repeat","background-position":"center center","background-size":"auto","background-attachment":"scroll","background-type":"","background-media":"","overlay-type":"","overlay-color":"","overlay-gradient":""},"tablet":{"background-color":"","background-image":"","background-repeat":"repeat","background-position":"center center","background-size":"auto","background-attachment":"scroll","background-type":"","background-media":"","overlay-type":"","overlay-color":"","overlay-gradient":""},"mobile":{"background-color":"","background-image":"","background-repeat":"repeat","background-position":"center center","background-size":"auto","background-attachment":"scroll","background-type":"","background-media":"","overlay-type":"","overlay-color":"","overlay-gradient":""}},"ast-content-background-meta":{"desktop":{"background-color":"var(--ast-global-color-5)","background-image":"","background-repeat":"repeat","background-position":"center center","background-size":"auto","background-attachment":"scroll","background-type":"","background-media":"","overlay-type":"","overlay-color":"","overlay-gradient":""},"tablet":{"background-color":"var(--ast-global-color-5)","background-image":"","background-repeat":"repeat","background-position":"center center","background-size":"auto","background-attachment":"scroll","background-type":"","background-media":"","overlay-type":"","overlay-color":"","overlay-gradient":""},"mobile":{"background-color":"var(--ast-global-color-5)","background-image":"","background-repeat":"repeat","background-position":"center center","background-size":"auto","background-attachment":"scroll","background-type":"","background-media":"","overlay-type":"","overlay-color":"","overlay-gradient":""}}},"product_brand":[],"product_cat":[143],"product_tag":[201,202],"class_list":{"0":"post-7188","1":"product","2":"type-product","3":"status-publish","4":"has-post-thumbnail","6":"product_cat-kahve-kavuruculari-ogutuculer","7":"product_tag-kahve-degirmeni","8":"product_tag-ogutucu","9":"desktop-align-left","10":"tablet-align-left","11":"mobile-align-left","13":"first","14":"instock","15":"shipping-taxable","16":"product-type-simple"},"_links":{"self":[{"href":"https:\/\/machinecastle.com\/tr\/wp-json\/wp\/v2\/product\/7188","targetHints":{"allow":["GET"]}}],"collection":[{"href":"https:\/\/machinecastle.com\/tr\/wp-json\/wp\/v2\/product"}],"about":[{"href":"https:\/\/machinecastle.com\/tr\/wp-json\/wp\/v2\/types\/product"}],"wp:featuredmedia":[{"embeddable":true,"href":"https:\/\/machinecastle.com\/tr\/wp-json\/wp\/v2\/media\/5387"}],"wp:attachment":[{"href":"https:\/\/machinecastle.com\/tr\/wp-json\/wp\/v2\/media?parent=7188"}],"wp:term":[{"taxonomy":"product_brand","embeddable":true,"href":"https:\/\/machinecastle.com\/tr\/wp-json\/wp\/v2\/product_brand?post=7188"},{"taxonomy":"product_cat","embeddable":true,"href":"https:\/\/machinecastle.com\/tr\/wp-json\/wp\/v2\/product_cat?post=7188"},{"taxonomy":"product_tag","embeddable":true,"href":"https:\/\/machinecastle.com\/tr\/wp-json\/wp\/v2\/product_tag?post=7188"}],"curies":[{"name":"wp","href":"https:\/\/api.w.org\/{rel}","templated":true}]}}