{"id":7183,"date":"2021-12-24T13:23:03","date_gmt":"2021-12-24T13:23:03","guid":{"rendered":"https:\/\/machinecastle.com\/urun\/toz-ogutme-makinesi\/"},"modified":"2023-11-21T10:14:32","modified_gmt":"2023-11-21T10:14:32","slug":"toz-ogutme-makinesi","status":"publish","type":"product","link":"https:\/\/machinecastle.com\/tr\/product\/toz-ogutme-makinesi\/","title":{"rendered":"TOZ \u00d6\u011e\u00dcTME MAKI\u0307NESI\u0307"},"content":{"rendered":"<p>Kuruyemi\u015f ve Baharat <strong>\u00d6\u011f\u00fctme Makinesi<\/strong>, \u00fcr\u00fcnlerini <strong>\u00f6\u011f\u00fctmek<\/strong> ve <strong>toz<\/strong> haline getirmek isteyenler i\u00e7in \u00fcretilmi\u015ftir. <strong>Makinenin<\/strong> en b\u00fcy\u00fck \u00f6zelli\u011fi, kullan\u0131c\u0131n\u0131n her t\u00fcr kuruyemi\u015f ve baharat i\u00e7in kullanabilmesidir. 28.000 rpm <strong>motor g\u00fcc\u00fc<\/strong> sayesinde <strong>badem, f\u0131nd\u0131k, yer f\u0131st\u0131\u011f\u0131<\/strong> veya kaju <strong>f\u0131st\u0131\u011f\u0131<\/strong> gibi ya\u011fl\u0131 kuruyemi\u015fler an\u0131nda <strong>\u00f6\u011f\u00fct\u00fclebilir<\/strong>. Bu makine ayn\u0131 zamanda her t\u00fcrl\u00fc <strong>baharat\u0131n<\/strong> \u00f6\u011f\u00fct\u00fclmesi i\u00e7in de kullan\u0131labilir. \u0130stenirse, motor d\u00f6n\u00fc\u015f h\u0131z\u0131 i\u00e7in bir h\u0131z kontrol cihaz\u0131 da eklenebilir. Sa\u011flam ve uzun \u00f6m\u00fcrl\u00fc bir makine i\u00e7in tamamen <strong>paslanmaz \u00e7elik<\/strong> yap\u0131. Polikarbonat kapak ve <strong>y\u00fcksek kaliteli paslanmaz \u00e7elik<\/strong> hazne ve b\u0131\u00e7ak a\u011f\u0131zlar\u0131 hijyen vaat ediyor.<\/p>\n","protected":false},"excerpt":{"rendered":"<p><iframe title=\"YouTube video oynat\u0131c\u0131\" src=\"https:\/\/www.youtube.com\/embed\/tIdA4otTZKo\" width=\"560\" height=\"315\" frameborder=\"0\" allowfullscreen=\"allowfullscreen\"><\/iframe><br \/>\n<iframe title=\"YouTube video oynat\u0131c\u0131\" src=\"https:\/\/www.youtube.com\/embed\/mlcAvIEhwds\" width=\"560\" height=\"315\" frameborder=\"0\" allowfullscreen=\"allowfullscreen\"><\/iframe><\/p>\n<table class=\"table table-striped\">\n<tbody>\n<tr>\n<td>D\u00f6n\u00fc\u015f H\u0131z\u0131<\/td>\n<td>28.000 RPM&#8217;ye kadar, (H\u0131z Kontrol Cihaz\u0131 ile Ayarlanabilir H\u0131z)<\/td>\n<\/tr>\n<tr>\n<td>G\u00fc\u00e7<\/td>\n<td>Zaman ba\u015f\u0131na 0,37 kw<\/td>\n<\/tr>\n<tr>\n<td>Kapasite<\/td>\n<td>1500 Gram (Daha fazla kapasite i\u00e7in l\u00fctfen bizimle ileti\u015fime ge\u00e7in)<\/td>\n<\/tr>\n<tr>\n<td>A\u011f\u0131rl\u0131k<\/td>\n<td>18 Kg<\/td>\n<\/tr>\n<tr>\n<td>Elektrik<\/td>\n<td>Gerilim 220V 50\/60 Hz<\/td>\n<\/tr>\n<\/tbody>\n<\/table>\n","protected":false},"featured_media":6027,"template":"","meta":{"site-sidebar-layout":"default","site-content-layout":"default","ast-site-content-layout":"default","site-content-style":"default","site-sidebar-style":"default","ast-global-header-display":"","ast-banner-title-visibility":"","ast-main-header-display":"","ast-hfb-above-header-display":"","ast-hfb-below-header-display":"","ast-hfb-mobile-header-display":"","site-post-title":"","ast-breadcrumbs-content":"","ast-featured-img":"","footer-sml-layout":"","theme-transparent-header-meta":"default","adv-header-id-meta":"","stick-header-meta":"","header-above-stick-meta":"","header-main-stick-meta":"","header-below-stick-meta":"","astra-migrate-meta-layouts":"set","ast-page-background-enabled":"default","ast-page-background-meta":{"desktop":{"background-color":"","background-image":"","background-repeat":"repeat","background-position":"center center","background-size":"auto","background-attachment":"scroll","background-type":"","background-media":"","overlay-type":"","overlay-color":"","overlay-gradient":""},"tablet":{"background-color":"","background-image":"","background-repeat":"repeat","background-position":"center center","background-size":"auto","background-attachment":"scroll","background-type":"","background-media":"","overlay-type":"","overlay-color":"","overlay-gradient":""},"mobile":{"background-color":"","background-image":"","background-repeat":"repeat","background-position":"center center","background-size":"auto","background-attachment":"scroll","background-type":"","background-media":"","overlay-type":"","overlay-color":"","overlay-gradient":""}},"ast-content-background-meta":{"desktop":{"background-color":"var(--ast-global-color-5)","background-image":"","background-repeat":"repeat","background-position":"center center","background-size":"auto","background-attachment":"scroll","background-type":"","background-media":"","overlay-type":"","overlay-color":"","overlay-gradient":""},"tablet":{"background-color":"var(--ast-global-color-5)","background-image":"","background-repeat":"repeat","background-position":"center center","background-size":"auto","background-attachment":"scroll","background-type":"","background-media":"","overlay-type":"","overlay-color":"","overlay-gradient":""},"mobile":{"background-color":"var(--ast-global-color-5)","background-image":"","background-repeat":"repeat","background-position":"center center","background-size":"auto","background-attachment":"scroll","background-type":"","background-media":"","overlay-type":"","overlay-color":"","overlay-gradient":""}}},"product_brand":[],"product_cat":[191],"product_tag":[192],"class_list":{"0":"post-7183","1":"product","2":"type-product","3":"status-publish","4":"has-post-thumbnail","6":"product_cat-tozlu-urun-ogutme-makinesi","7":"product_tag-toz-ogutme-makinesi","8":"desktop-align-left","9":"tablet-align-left","10":"mobile-align-left","12":"first","13":"instock","14":"shipping-taxable","15":"product-type-simple"},"_links":{"self":[{"href":"https:\/\/machinecastle.com\/tr\/wp-json\/wp\/v2\/product\/7183","targetHints":{"allow":["GET"]}}],"collection":[{"href":"https:\/\/machinecastle.com\/tr\/wp-json\/wp\/v2\/product"}],"about":[{"href":"https:\/\/machinecastle.com\/tr\/wp-json\/wp\/v2\/types\/product"}],"wp:featuredmedia":[{"embeddable":true,"href":"https:\/\/machinecastle.com\/tr\/wp-json\/wp\/v2\/media\/6027"}],"wp:attachment":[{"href":"https:\/\/machinecastle.com\/tr\/wp-json\/wp\/v2\/media?parent=7183"}],"wp:term":[{"taxonomy":"product_brand","embeddable":true,"href":"https:\/\/machinecastle.com\/tr\/wp-json\/wp\/v2\/product_brand?post=7183"},{"taxonomy":"product_cat","embeddable":true,"href":"https:\/\/machinecastle.com\/tr\/wp-json\/wp\/v2\/product_cat?post=7183"},{"taxonomy":"product_tag","embeddable":true,"href":"https:\/\/machinecastle.com\/tr\/wp-json\/wp\/v2\/product_tag?post=7183"}],"curies":[{"name":"wp","href":"https:\/\/api.w.org\/{rel}","templated":true}]}}