{"id":7178,"date":"2021-12-16T14:52:19","date_gmt":"2021-12-16T14:52:19","guid":{"rendered":"https:\/\/machinecastle.com\/urun\/doner-kavurma-makineleri\/"},"modified":"2025-04-25T12:40:32","modified_gmt":"2025-04-25T12:40:32","slug":"mc-30-findik-kavurma-makinesi","status":"publish","type":"product","link":"https:\/\/machinecastle.com\/tr\/product\/mc-30-findik-kavurma-makinesi\/","title":{"rendered":"D\u00d6NER KAVURMA MAKI\u0307NELERI\u0307"},"content":{"rendered":"<h2>D\u00d6NER KAVURMA MAKI\u0307NESI\u0307<\/h2>\n<p><strong>D\u00f6ner kavurma makineleri<\/strong>, f\u0131nd\u0131klar\u0131 d\u00f6ner bir tambur i\u00e7inde \u0131s\u0131t\u0131lm\u0131\u015f tuz ile <strong>kavurur<\/strong>. Genellikle Antep f\u0131st\u0131\u011f\u0131, badem, kabak \u00e7ekirde\u011fi, karpuz \u00e7ekirde\u011fi, kaplamal\u0131 kuruyemi\u015f gibi \u00fcr\u00fcnlerin kavrulmas\u0131 i\u00e7in kullan\u0131l\u0131r. <strong>F\u0131nd\u0131klar kavrulduktan<\/strong> sonra makine onlar\u0131 ele\u011fin \u00f6n\u00fcne d\u00f6ker. Makine, fan sistemi ile \u00e7al\u0131\u015fan bir <strong>toz toplama siklonuna<\/strong> sahiptir. <strong>Kavurma<\/strong> s\u0131ras\u0131nda f\u0131nd\u0131klar\u0131n at\u0131klar\u0131 ve istenmeyen par\u00e7ac\u0131klar\u0131 bir fan sistemi ile <strong>syclone<\/strong> i\u00e7ine emilir. 50 kg\/saat ile 500 kg\/saat kapasiteye kadar \u00fcr\u00fcn \u00fcretebilmektedir. Bu makine genellikle manuel olarak kullan\u0131l\u0131r. \u00dcr\u00fcn bo\u015faltma i\u015flemi i\u00e7in kullan\u0131lan delikli ve deliksiz iki kol sepetine sahiptir. <strong>Y\u00fcksek performansl\u0131 br\u00fcl\u00f6re<\/strong> sahiptir. Yak\u0131t se\u00e7enekleri aras\u0131nda Gaz, LPG, Dizel bulunmaktad\u0131r. \u00dcr\u00fcnlerimizin tamam\u0131 ISO 9001, TSE, CE, CSA yeterlilik ve yetkinlik belgelerine sahiptir. A\u015fa\u011f\u0131da verilen \u00f6l\u00e7\u00fcler elek ve siklon dahil tam set i\u00e7indir.<\/p>\n<table class=\"table table-striped\">\n<tbody>\n<tr>\n<td><strong>MODEL<\/strong><\/td>\n<td><strong>T\u00dcKET\u0130MLER <\/strong><\/td>\n<\/tr>\n<tr>\n<td>MC-R-90 <strong>D\u00f6ner Kavurma Makinesi<\/strong><\/td>\n<td>Boyut: 2250x2200x2250 mm, A\u011f\u0131rl\u0131k: 1200 Kg, Elektrik: 3,8 Kw, Gaz: 8 m\u00b3\/h<\/td>\n<\/tr>\n<tr>\n<td>MC-R-180 <strong>D\u00f6ner Kavurma Makinesi<\/strong><\/td>\n<td>Boyut: 2280x2400x2650 mm, A\u011f\u0131rl\u0131k: 1600 Kg, Elektrik: 4,2 Kw, Gaz: 8 m\u00b3\/h<\/td>\n<\/tr>\n<tr>\n<td>MC-R-280 <strong>D\u00f6ner Kavurma Makinesi<\/strong><\/td>\n<td>Boyut: 2650x3000x3250 mm, A\u011f\u0131rl\u0131k: 2300 Kg, Elektrik: 4,7 Kw, Gaz: 15 m\u00b3\/h<\/td>\n<\/tr>\n<\/tbody>\n<\/table>\n<h2>TEREKE KAVURMA MAKI\u0307NESI\u0307<\/h2>\n<p><strong>Probate kavurma makineleri<\/strong>, d\u00f6nen bir tambur i\u00e7inde f\u0131nd\u0131k <strong>kavurur<\/strong>. Genellikle Antep f\u0131st\u0131\u011f\u0131, badem, kabak \u00e7ekirde\u011fi, karpuz \u00e7ekirde\u011fi gibi \u00fcr\u00fcnlerin kavrulmas\u0131 i\u00e7in kullan\u0131l\u0131r. <strong>Kuruyemi\u015fler<\/strong> kavrulduktan sonra, makine bunlar\u0131 kuruyemi\u015f kavurma makinesine ba\u011fl\u0131 olan so\u011futma makinesine d\u00f6ker. Makine, fan sistemi ile \u00e7al\u0131\u015fan bir <strong>toz toplama siklonuna<\/strong> sahiptir. <strong>Kavurma<\/strong> s\u0131ras\u0131nda f\u0131nd\u0131klar\u0131n at\u0131klar\u0131 ve istenmeyen par\u00e7ac\u0131klar\u0131 bir fan sistemi ile <strong>syclone<\/strong> i\u00e7ine emilir. 50 kg\/saatten 500 kg\/saat kapasiteye kadar \u00fcr\u00fcn \u00fcretebilir, bu m\u00fc\u015fterilerimizin kapasite ihtiyac\u0131na g\u00f6re d\u00fczenlenmektedir. \u00dcr\u00fcn kontrol penceresi, \u00fcr\u00fcn giri\u015f penceresi, \u00fcr\u00fcn kavurma kalite kontrol ka\u015f\u0131\u011f\u0131n\u0131n yan\u0131 s\u0131ra alev kontrol penceresine sahiptir. <strong>Y\u00fcksek performansl\u0131 br\u00fcl\u00f6re<\/strong> sahiptir. Yak\u0131t se\u00e7enekleri aras\u0131nda Gaz, LPG, Dizel bulunmaktad\u0131r. \u00dcr\u00fcnlerimizin tamam\u0131 ISO 9001, TSE, CE, CSA yeterlilik ve yetkinlik belgelerine sahiptir.<\/p>\n","protected":false},"excerpt":{"rendered":"<p><iframe title=\"YouTube video oynat\u0131c\u0131\" src=\"https:\/\/www.youtube.com\/embed\/bbpnGMDn6zI\" width=\"560\" height=\"315\" frameborder=\"0\" allowfullscreen=\"allowfullscreen\"><\/iframe><br \/>\n<iframe title=\"YouTube video oynat\u0131c\u0131\" src=\"https:\/\/www.youtube.com\/embed\/9S5NBpj8O5U\" width=\"560\" height=\"315\" frameborder=\"0\" allowfullscreen=\"allowfullscreen\"><\/iframe><\/p>\n<p>Mevcut Kapasite Modelleri:<\/p>\n<p>&nbsp;<\/p>\n<table class=\"table table-striped\" style=\"height: 284px;\" width=\"814\">\n<tbody>\n<tr>\n<td><strong>MODELLER<\/strong><\/td>\n<td><strong>KAPAS\u0130TELER<\/strong><\/td>\n<\/tr>\n<\/tbody>\n<tbody>\n<tr>\n<td>MC-R-90 <strong>D\u00f6ner Kavurma Makinesi<\/strong><\/td>\n<td>50-90 Kg\/saat<\/td>\n<\/tr>\n<\/tbody>\n<tbody>\n<tr>\n<td>MC-R-180 <strong>D\u00f6ner Kavurma Makinesi<\/strong><\/td>\n<td>90-180 Kg\/saat<\/td>\n<\/tr>\n<\/tbody>\n<tbody>\n<tr>\n<td>MC-R-280 <strong>D\u00f6ner Kavurma Makinesi<\/strong><\/td>\n<td>140-280 Kg\/saat<\/td>\n<\/tr>\n<\/tbody>\n<\/table>\n","protected":false},"featured_media":5307,"template":"","meta":{"site-sidebar-layout":"default","site-content-layout":"default","ast-site-content-layout":"default","site-content-style":"default","site-sidebar-style":"default","ast-global-header-display":"","ast-banner-title-visibility":"","ast-main-header-display":"","ast-hfb-above-header-display":"","ast-hfb-below-header-display":"","ast-hfb-mobile-header-display":"","site-post-title":"","ast-breadcrumbs-content":"","ast-featured-img":"","footer-sml-layout":"","theme-transparent-header-meta":"default","adv-header-id-meta":"","stick-header-meta":"","header-above-stick-meta":"","header-main-stick-meta":"","header-below-stick-meta":"","astra-migrate-meta-layouts":"set","ast-page-background-enabled":"default","ast-page-background-meta":{"desktop":{"background-color":"","background-image":"","background-repeat":"repeat","background-position":"center center","background-size":"auto","background-attachment":"scroll","background-type":"","background-media":"","overlay-type":"","overlay-color":"","overlay-gradient":""},"tablet":{"background-color":"","background-image":"","background-repeat":"repeat","background-position":"center center","background-size":"auto","background-attachment":"scroll","background-type":"","background-media":"","overlay-type":"","overlay-color":"","overlay-gradient":""},"mobile":{"background-color":"","background-image":"","background-repeat":"repeat","background-position":"center center","background-size":"auto","background-attachment":"scroll","background-type":"","background-media":"","overlay-type":"","overlay-color":"","overlay-gradient":""}},"ast-content-background-meta":{"desktop":{"background-color":"var(--ast-global-color-5)","background-image":"","background-repeat":"repeat","background-position":"center center","background-size":"auto","background-attachment":"scroll","background-type":"","background-media":"","overlay-type":"","overlay-color":"","overlay-gradient":""},"tablet":{"background-color":"var(--ast-global-color-5)","background-image":"","background-repeat":"repeat","background-position":"center center","background-size":"auto","background-attachment":"scroll","background-type":"","background-media":"","overlay-type":"","overlay-color":"","overlay-gradient":""},"mobile":{"background-color":"var(--ast-global-color-5)","background-image":"","background-repeat":"repeat","background-position":"center center","background-size":"auto","background-attachment":"scroll","background-type":"","background-media":"","overlay-type":"","overlay-color":"","overlay-gradient":""}}},"product_brand":[],"product_cat":[168],"product_tag":[181,182],"class_list":{"0":"post-7178","1":"product","2":"type-product","3":"status-publish","4":"has-post-thumbnail","6":"product_cat-kuruyemis-kavurma-makinalari","7":"product_tag-doner-kavurma-makinesi","8":"product_tag-tamburlu-kavurma-makinesi","9":"desktop-align-left","10":"tablet-align-left","11":"mobile-align-left","13":"first","14":"instock","15":"shipping-taxable","16":"product-type-simple"},"_links":{"self":[{"href":"https:\/\/machinecastle.com\/tr\/wp-json\/wp\/v2\/product\/7178","targetHints":{"allow":["GET"]}}],"collection":[{"href":"https:\/\/machinecastle.com\/tr\/wp-json\/wp\/v2\/product"}],"about":[{"href":"https:\/\/machinecastle.com\/tr\/wp-json\/wp\/v2\/types\/product"}],"wp:featuredmedia":[{"embeddable":true,"href":"https:\/\/machinecastle.com\/tr\/wp-json\/wp\/v2\/media\/5307"}],"wp:attachment":[{"href":"https:\/\/machinecastle.com\/tr\/wp-json\/wp\/v2\/media?parent=7178"}],"wp:term":[{"taxonomy":"product_brand","embeddable":true,"href":"https:\/\/machinecastle.com\/tr\/wp-json\/wp\/v2\/product_brand?post=7178"},{"taxonomy":"product_cat","embeddable":true,"href":"https:\/\/machinecastle.com\/tr\/wp-json\/wp\/v2\/product_cat?post=7178"},{"taxonomy":"product_tag","embeddable":true,"href":"https:\/\/machinecastle.com\/tr\/wp-json\/wp\/v2\/product_tag?post=7178"}],"curies":[{"name":"wp","href":"https:\/\/api.w.org\/{rel}","templated":true}]}}