{"id":7168,"date":"2021-12-16T11:55:26","date_gmt":"2021-12-16T11:55:26","guid":{"rendered":"https:\/\/machinecastle.com\/urun\/kahve-kavurma-makineleri\/"},"modified":"2024-12-30T07:54:55","modified_gmt":"2024-12-30T07:54:55","slug":"m-15-coffee-roaster","status":"publish","type":"product","link":"https:\/\/machinecastle.com\/tr\/product\/m-15-coffee-roaster\/","title":{"rendered":"KAHVE KAVURMA MAKI\u0307NELERI\u0307"},"content":{"rendered":"<p>Machine Castle Coffee Roaster, kalite, g\u00f6r\u00fcn\u00fcm ve i\u015flevsellik a\u00e7\u0131s\u0131ndan m\u00fckemmel olan y\u00fcksek kaliteli kahve kavurma makinesi \u00fcreticisidir. Y\u00fcksek kalite seviyemiz ve destek ekibimizin s\u00fcrekli ula\u015f\u0131labilirli\u011fi nedeniyle Machine Castle, kahve kavurma makinelerinin en iyi markalar\u0131ndan biridir. Kavurma makinelerimiz gururla T\u00dcRK\u0130YE&#8217;de tasarlanm\u0131\u015f ve \u00fcretilmi\u015ftir ve dayan\u0131kl\u0131 malzemelerle uzun \u00f6m\u00fcrl\u00fc olacak \u015fekilde yap\u0131lm\u0131\u015ft\u0131r. Machine Castle, kahve i\u015finize daha y\u00fcksek bir kalite seviyesi getirecek ara\u00e7lar\u0131 sa\u011flar. Kendi kahvenizi kavurmaya ba\u015flad\u0131\u011f\u0131n\u0131zda, \u015firketinizin \u00fcr\u00fcn\u00fcn\u00fc di\u011ferlerinden ay\u0131rabilecek lezzet profilleri ve di\u011fer \u00f6zel ara\u00e7lar \u00fczerinde kontrol sahibi olursunuz. Tabii ki, kahve kavurma ayn\u0131 zamanda her ortamdaki atmosferi geli\u015ftiren harika bir tiyatrodur. T\u00fcrkiye&#8217;de tasarlanan ve \u00fcretilen bu kavurucular, h\u0131zl\u0131 ve s\u00fcrekli de\u011fi\u015fen \u00f6zel kahve kavurma pazar\u0131n\u0131n taleplerini en y\u00fcksek teknolojiyle kar\u015f\u0131lamak i\u00e7in geli\u015ftirildi.<\/p>\n<h2><strong>Machine Castle ile Sahip Olabilecekleriniz<br \/>\n<\/strong><\/h2>\n<table>\n<tbody>\n<tr>\n<td>-\u00dcr\u00fcn kontrol ka\u015f\u0131\u011f\u0131 ve g\u00f6zlem cam\u0131<br \/>\n-Toz toplama siklonu<br \/>\n-Ayn\u0131 anda kavurma ve so\u011futma<br \/>\n-Y\u00fcksek kapasiteli so\u011futma ve fan sistemi<br \/>\n-So\u011futma ve kavurma g\u00fcvenlik sistemi<br \/>\n-Is\u0131 g\u00f6stergesi ve alev g\u00f6zlemleme<br \/>\n-Bilgisayar kontroll\u00fc kavurma<br \/>\n-Re\u00e7ete kaydetme sistemi<br \/>\n-UL sertifikal\u0131 kablolar<br \/>\n-Elektrik par\u00e7alar\u0131 Siemens, Schneider, Delta<br \/>\n-Artisan ve Cropster sistem kavurma uygulanabilir<br \/>\n-Otomatik ve Manuel kontroll\u00fc sistem<br \/>\n-PLC dokunmatik ekran kontrol\u00fc<br \/>\n-15-18 Dakika toplu kavurma h\u0131zlar\u0131<br \/>\n-Y\u00fcksek \u0131s\u0131 yal\u0131t\u0131ml\u0131 \u00e7ift cidarl\u0131 tambur<br \/>\n-Kabuk ve istenmeyen par\u00e7ac\u0131klar\u0131n toplanmas\u0131 i\u00e7in siklon<br \/>\n-Fonomatik haval\u0131 kahve besleyici ile hava beslemesi (iste\u011fe ba\u011fl\u0131)<br \/>\n-USB kablosu ile PC Ba\u011flant\u0131s\u0131<br \/>\n-Kahve kavurma tambur h\u0131z\u0131, alev seviyeleri, kahve kavurma s\u00fcresi ve kahve so\u011futma s\u00fcresi kontrol\u00fc, Kahve kavurma s\u0131ras\u0131nda kavurma parametreleri ve s\u00fcresi ile kahve grafi\u011fi kayd\u0131<br \/>\n-4 y\u0131l garanti ve 7\/24 s\u0131n\u0131rs\u0131z \u00f6m\u00fcr boyu destek<\/td>\n<\/tr>\n<\/tbody>\n<\/table>\n<p>&nbsp;<\/p>\n<h2><em>Teknik Detaylar:<\/em><\/h2>\n<style>#sp-ea-4485 .spcollapsing { height: 0; overflow: hidden; transition-property: height;transition-duration: 300ms;}#sp-ea-4485.sp-easy-accordion>.sp-ea-single {margin-bottom: 10px; border: 1px solid #e2e2e2; }#sp-ea-4485.sp-easy-accordion>.sp-ea-single>.ea-header a {color: #444;}#sp-ea-4485.sp-easy-accordion>.sp-ea-single>.sp-collapse>.ea-body {background: #fff; color: #444;}#sp-ea-4485.sp-easy-accordion>.sp-ea-single {background: #eee;}#sp-ea-4485.sp-easy-accordion>.sp-ea-single>.ea-header a .ea-expand-icon { float: left; color: #444;font-size: 16px;}<\/style><div id=\"sp_easy_accordion-1691058277\"><div id=\"sp-ea-4485\" class=\"sp-ea-one sp-easy-accordion\" data-ea-active=\"ea-click\" data-ea-mode=\"vertical\" data-preloader=\"\" data-scroll-active-item=\"\" data-offset-to-scroll=\"0\"><div class=\"ea-card ea-expand sp-ea-single\"><h3 class=\"ea-header\"><a class=\"collapsed\" id=\"ea-header-44850\" role=\"button\" data-sptoggle=\"spcollapse\" data-sptarget=\"#collapse44850\" aria-controls=\"collapse44850\" href=\"#\" aria-expanded=\"true\" tabindex=\"0\"><i aria-hidden=\"true\" role=\"presentation\" class=\"ea-expand-icon eap-icon-ea-expand-minus\"><\/i> MC-K-2 COFFEE ROASTING MACHINE 2 Kg\/Batch<\/a><\/h3><div class=\"sp-collapse spcollapse collapsed show\" id=\"collapse44850\" data-parent=\"#sp-ea-4485\" role=\"region\" aria-labelledby=\"ea-header-44850\"> <div class=\"ea-body\"><p>This coffee roaster, which can roast 2 kg of coffee beans at a time; has high-quality heat insulation to achieve a special roasting experience. This coffee roaster has become the most popular roaster among coffee shops and coffee lovers all over the world. Thanks to the Roasting Software; Your Roasting Profile and coffee production process are fully under control. Our coffee roasters, which have fast cooling and fuel saving features, have always been user-friendly and have an easy-to-use structure. Fuel type options are available as Electric, Gas, LPG and Diesel.<\/p><table class=\"table\"><tbody><tr><td>Lenght<\/td><td>1200 mm<\/td><\/tr><tr><td>Width<\/td><td>880 mm<\/td><\/tr><tr><td>Height<\/td><td>1100 mm<\/td><\/tr><tr><td>Electricity Consumption (moving parts+heating)<\/td><td>3,6 Kw<\/td><\/tr><tr><td>Gas Consumption<\/td><td>\u2014<\/td><\/tr><\/tbody><\/table><\/div><\/div><\/div><div class=\"ea-card sp-ea-single\"><h3 class=\"ea-header\"><a class=\"collapsed\" id=\"ea-header-44851\" role=\"button\" data-sptoggle=\"spcollapse\" data-sptarget=\"#collapse44851\" aria-controls=\"collapse44851\" href=\"#\" aria-expanded=\"false\" tabindex=\"0\"><i aria-hidden=\"true\" role=\"presentation\" class=\"ea-expand-icon eap-icon-ea-expand-plus\"><\/i> MC-K-5 COFFEE ROASTING MACHINE 5 Kg\/Batch<\/a><\/h3><div class=\"sp-collapse spcollapse \" id=\"collapse44851\" data-parent=\"#sp-ea-4485\" role=\"region\" aria-labelledby=\"ea-header-44851\"> <div class=\"ea-body\"><table class=\"table\"><tbody><tr><td>Lenght<\/td><td>1690 mm<\/td><\/tr><tr><td>Width<\/td><td>1300 mm<\/td><\/tr><tr><td>Height<\/td><td>1700 mm<\/td><\/tr><tr><td>Electricity Consumption (moving parts + heating)<\/td><td>1,6 + 5,1 Kw<\/td><\/tr><tr><td>Gas Consumption<\/td><td>2,20 m\u00b3\/h<\/td><\/tr><\/tbody><\/table><\/div><\/div><\/div><div class=\"ea-card sp-ea-single\"><h3 class=\"ea-header\"><a class=\"collapsed\" id=\"ea-header-44852\" role=\"button\" data-sptoggle=\"spcollapse\" data-sptarget=\"#collapse44852\" aria-controls=\"collapse44852\" href=\"#\" aria-expanded=\"false\" tabindex=\"0\"><i aria-hidden=\"true\" role=\"presentation\" class=\"ea-expand-icon eap-icon-ea-expand-plus\"><\/i> MC-K-10 COFFEE ROASTING MACHINE 10 Kg\/Batch<\/a><\/h3><div class=\"sp-collapse spcollapse \" id=\"collapse44852\" data-parent=\"#sp-ea-4485\" role=\"region\" aria-labelledby=\"ea-header-44852\"> <div class=\"ea-body\"><table class=\"table\"><tbody><tr><td>Lenght<\/td><td>2200 mm<\/td><\/tr><tr><td>Width<\/td><td>2080 mm<\/td><\/tr><tr><td>Height<\/td><td>2000 mm<\/td><\/tr><tr><td>Electricity Consumption (moving parts + heating)<\/td><td>1,6 Kw + 6,3 Kw<\/td><\/tr><tr><td>Gas Consumption<\/td><td>3,20 m\u00b3\/h<\/td><\/tr><\/tbody><\/table><\/div><\/div><\/div><div class=\"ea-card sp-ea-single\"><h3 class=\"ea-header\"><a class=\"collapsed\" id=\"ea-header-44853\" role=\"button\" data-sptoggle=\"spcollapse\" data-sptarget=\"#collapse44853\" aria-controls=\"collapse44853\" href=\"#\" aria-expanded=\"false\" tabindex=\"0\"><i aria-hidden=\"true\" role=\"presentation\" class=\"ea-expand-icon eap-icon-ea-expand-plus\"><\/i> MC-K-15 COFFEE ROASTING MACHINE 15 Kg\/Batch<\/a><\/h3><div class=\"sp-collapse spcollapse \" id=\"collapse44853\" data-parent=\"#sp-ea-4485\" role=\"region\" aria-labelledby=\"ea-header-44853\"> <div class=\"ea-body\"><table class=\"table\"><tbody><tr><td>Lenght<\/td><td>2400 mm<\/td><\/tr><tr><td>Width<\/td><td>2250 mm<\/td><\/tr><tr><td>Height<\/td><td>2100 mm<\/td><\/tr><tr><td>Electricity Consumption<\/td><td>1,8 Kw (Moving Parts)<\/td><\/tr><tr><td>Gas Consumption<\/td><td>4,2 m\u00b3\/h<\/td><\/tr><\/tbody><\/table><\/div><\/div><\/div><div class=\"ea-card sp-ea-single\"><h3 class=\"ea-header\"><a class=\"collapsed\" id=\"ea-header-44854\" role=\"button\" data-sptoggle=\"spcollapse\" data-sptarget=\"#collapse44854\" aria-controls=\"collapse44854\" href=\"#\" aria-expanded=\"false\" tabindex=\"0\"><i aria-hidden=\"true\" role=\"presentation\" class=\"ea-expand-icon eap-icon-ea-expand-plus\"><\/i> MC-K-30 COFFEE ROASTING MACHINE 30 Kg\/Batch<\/a><\/h3><div class=\"sp-collapse spcollapse \" id=\"collapse44854\" data-parent=\"#sp-ea-4485\" role=\"region\" aria-labelledby=\"ea-header-44854\"> <div class=\"ea-body\"><table class=\"table\"><tbody><tr><td>Lenght<\/td><td>2100 mm<\/td><\/tr><tr><td>Width<\/td><td>4500 mm<\/td><\/tr><tr><td>Height<\/td><td>3000 mm<\/td><\/tr><tr><td>Electricity<\/td><td>3,7 Kw (Moving Parts)<\/td><\/tr><tr><td>Gas<\/td><td>5\u00a0 m\u00b3\/h<\/td><\/tr><\/tbody><\/table><\/div><\/div><\/div><div class=\"ea-card sp-ea-single\"><h3 class=\"ea-header\"><a class=\"collapsed\" id=\"ea-header-44855\" role=\"button\" data-sptoggle=\"spcollapse\" data-sptarget=\"#collapse44855\" aria-controls=\"collapse44855\" href=\"#\" aria-expanded=\"false\" tabindex=\"0\"><i aria-hidden=\"true\" role=\"presentation\" class=\"ea-expand-icon eap-icon-ea-expand-plus\"><\/i> MC-K-60 COFFEE ROASTING MACHINE 60 Kg\/Batch<\/a><\/h3><div class=\"sp-collapse spcollapse \" id=\"collapse44855\" data-parent=\"#sp-ea-4485\" role=\"region\" aria-labelledby=\"ea-header-44855\"> <div class=\"ea-body\"><table class=\"table\"><tbody><tr><td>Lenght<\/td><td>2800 mm<\/td><\/tr><tr><td>Width<\/td><td>5100 mm<\/td><\/tr><tr><td>Height<\/td><td>3200 mm<\/td><\/tr><tr><td>Electricity Consumption<\/td><td>6 Kw (Moving Parts)<\/td><\/tr><tr><td>Gas Consumption<\/td><td>6\u00a0 m\u00b3\/h<\/td><\/tr><\/tbody><\/table><\/div><\/div><\/div><div class=\"ea-card sp-ea-single\"><h3 class=\"ea-header\"><a class=\"collapsed\" id=\"ea-header-44856\" role=\"button\" data-sptoggle=\"spcollapse\" data-sptarget=\"#collapse44856\" aria-controls=\"collapse44856\" href=\"#\" aria-expanded=\"false\" tabindex=\"0\"><i aria-hidden=\"true\" role=\"presentation\" class=\"ea-expand-icon eap-icon-ea-expand-plus\"><\/i> MC-K-120 COFFEE ROASTING MACHINE 120 Kg\/Batch<\/a><\/h3><div class=\"sp-collapse spcollapse \" id=\"collapse44856\" data-parent=\"#sp-ea-4485\" role=\"region\" aria-labelledby=\"ea-header-44856\"> <div class=\"ea-body\"><table class=\"table\"><tbody><tr><td>Lenght<\/td><td>5700 mm<\/td><\/tr><tr><td>Width<\/td><td>6600 mm<\/td><\/tr><tr><td>Height<\/td><td>3550 mm<\/td><\/tr><tr><td>Electricity Consumption<\/td><td>7 Kw (Moving Parts)<\/td><\/tr><tr><td>Gas Consumption<\/td><td>8\u00a0 m\u00b3\/h<\/td><\/tr><\/tbody><\/table><\/div><\/div><\/div><\/div><\/div>\n<p>Kahve <strong>kavurma<\/strong> makinesi, Kahve <strong>kavurma<\/strong> <strong>makinesi<\/strong> fiyatlar\u0131, Kahve kavurma, Kahve kavurma makinesi, Kahve d\u00fckkan\u0131, Kahve \u00f6\u011f\u00fctme, Kahve \u00f6\u011f\u00fct\u00fcc\u00fcler, Kahve <strong>kavurma<\/strong>makineleri, Ticari kahve kavurma makinesi, Ticari kahve kavurma makineleri, Ye\u015fil \u00e7ekirdek kahve kavurma makinesi, <strong>Koyu<\/strong> kahve kavurma makinesi, Orta kahve kavurma makinesi, Kahve makinesi, Espresso kahve makinesi<\/p>\n","protected":false},"excerpt":{"rendered":"<p><iframe title=\"YouTube video player\" src=\"https:\/\/www.youtube.com\/embed\/dudKCsRciGw?si=Ma7DE5etDgLJmLYb\" width=\"560\" height=\"315\" frameborder=\"0\" allowfullscreen=\"allowfullscreen\"><\/iframe><\/p>\n<p><iframe title=\"YouTube video player\" src=\"https:\/\/www.youtube.com\/embed\/hBJ6lO1-LJU?si=wvbu77MmtsTlMZEY\" width=\"560\" height=\"315\" frameborder=\"0\" allowfullscreen=\"allowfullscreen\"><\/iframe><\/p>\n<p>https:\/\/youtube.com\/shorts\/nBKQeYQkkTs?si=kUP4Q-Rl1xOBtPSV<\/p>\n<p>&nbsp;<\/p>\n","protected":false},"featured_media":6522,"template":"","meta":{"site-sidebar-layout":"default","site-content-layout":"default","ast-site-content-layout":"default","site-content-style":"default","site-sidebar-style":"default","ast-global-header-display":"","ast-banner-title-visibility":"","ast-main-header-display":"","ast-hfb-above-header-display":"","ast-hfb-below-header-display":"","ast-hfb-mobile-header-display":"","site-post-title":"","ast-breadcrumbs-content":"","ast-featured-img":"","footer-sml-layout":"","theme-transparent-header-meta":"default","adv-header-id-meta":"","stick-header-meta":"","header-above-stick-meta":"","header-main-stick-meta":"","header-below-stick-meta":"","astra-migrate-meta-layouts":"set","ast-page-background-enabled":"default","ast-page-background-meta":{"desktop":{"background-color":"","background-image":"","background-repeat":"repeat","background-position":"center center","background-size":"auto","background-attachment":"scroll","background-type":"","background-media":"","overlay-type":"","overlay-color":"","overlay-gradient":""},"tablet":{"background-color":"","background-image":"","background-repeat":"repeat","background-position":"center center","background-size":"auto","background-attachment":"scroll","background-type":"","background-media":"","overlay-type":"","overlay-color":"","overlay-gradient":""},"mobile":{"background-color":"","background-image":"","background-repeat":"repeat","background-position":"center center","background-size":"auto","background-attachment":"scroll","background-type":"","background-media":"","overlay-type":"","overlay-color":"","overlay-gradient":""}},"ast-content-background-meta":{"desktop":{"background-color":"var(--ast-global-color-5)","background-image":"","background-repeat":"repeat","background-position":"center center","background-size":"auto","background-attachment":"scroll","background-type":"","background-media":"","overlay-type":"","overlay-color":"","overlay-gradient":""},"tablet":{"background-color":"var(--ast-global-color-5)","background-image":"","background-repeat":"repeat","background-position":"center center","background-size":"auto","background-attachment":"scroll","background-type":"","background-media":"","overlay-type":"","overlay-color":"","overlay-gradient":""},"mobile":{"background-color":"var(--ast-global-color-5)","background-image":"","background-repeat":"repeat","background-position":"center center","background-size":"auto","background-attachment":"scroll","background-type":"","background-media":"","overlay-type":"","overlay-color":"","overlay-gradient":""}}},"product_brand":[],"product_cat":[143],"product_tag":[147,144,145,146],"class_list":{"0":"post-7168","1":"product","2":"type-product","3":"status-publish","4":"has-post-thumbnail","6":"product_cat-kahve-kavuruculari-ogutuculer","7":"product_tag-endustriyel-kahve-kavurma-makinesi","8":"product_tag-kahve-kavurma","9":"product_tag-kahve-kavurma-makinesi","10":"product_tag-ticari-kahve-kavurma-makinesi","11":"desktop-align-left","12":"tablet-align-left","13":"mobile-align-left","15":"first","16":"instock","17":"shipping-taxable","18":"product-type-simple"},"_links":{"self":[{"href":"https:\/\/machinecastle.com\/tr\/wp-json\/wp\/v2\/product\/7168","targetHints":{"allow":["GET"]}}],"collection":[{"href":"https:\/\/machinecastle.com\/tr\/wp-json\/wp\/v2\/product"}],"about":[{"href":"https:\/\/machinecastle.com\/tr\/wp-json\/wp\/v2\/types\/product"}],"wp:featuredmedia":[{"embeddable":true,"href":"https:\/\/machinecastle.com\/tr\/wp-json\/wp\/v2\/media\/6522"}],"wp:attachment":[{"href":"https:\/\/machinecastle.com\/tr\/wp-json\/wp\/v2\/media?parent=7168"}],"wp:term":[{"taxonomy":"product_brand","embeddable":true,"href":"https:\/\/machinecastle.com\/tr\/wp-json\/wp\/v2\/product_brand?post=7168"},{"taxonomy":"product_cat","embeddable":true,"href":"https:\/\/machinecastle.com\/tr\/wp-json\/wp\/v2\/product_cat?post=7168"},{"taxonomy":"product_tag","embeddable":true,"href":"https:\/\/machinecastle.com\/tr\/wp-json\/wp\/v2\/product_tag?post=7168"}],"curies":[{"name":"wp","href":"https:\/\/api.w.org\/{rel}","templated":true}]}}