{"id":9145,"date":"2025-04-25T10:01:59","date_gmt":"2025-04-25T10:01:59","guid":{"rendered":"https:\/\/machinecastle.com\/?page_id=9145"},"modified":"2025-04-25T11:12:53","modified_gmt":"2025-04-25T11:12:53","slug":"tasli-tahin-degirmen","status":"publish","type":"page","link":"https:\/\/machinecastle.com\/tr\/tasli-tahin-degirmen\/","title":{"rendered":"TA\u015eLI TAH\u0130N DE\u011e\u0130RMEN\u0130\u200b"},"content":{"rendered":"\t\t<div data-elementor-type=\"wp-page\" data-elementor-id=\"9145\" class=\"elementor elementor-9145\">\n\t\t\t\t\t\t<section class=\"elementor-section elementor-top-section elementor-element elementor-element-c558352 elementor-section-boxed elementor-section-height-default elementor-section-height-default\" data-id=\"c558352\" data-element_type=\"section\">\n\t\t\t\t\t\t<div class=\"elementor-container elementor-column-gap-default\">\n\t\t\t\t\t<div class=\"elementor-column elementor-col-100 elementor-top-column elementor-element elementor-element-9a76139\" data-id=\"9a76139\" data-element_type=\"column\">\n\t\t\t<div class=\"elementor-widget-wrap elementor-element-populated\">\n\t\t\t\t\t\t<div class=\"elementor-element elementor-element-a8f46aa elementor-widget elementor-widget-heading\" data-id=\"a8f46aa\" data-element_type=\"widget\" data-widget_type=\"heading.default\">\n\t\t\t\t<div class=\"elementor-widget-container\">\n\t\t\t\t\t<h2 class=\"elementor-heading-title elementor-size-default\">TA\u015eLI TAH\u0130N DE\u011e\u0130RMEN\u0130<\/h2>\t\t\t\t<\/div>\n\t\t\t\t<\/div>\n\t\t\t\t\t<\/div>\n\t\t<\/div>\n\t\t\t\t\t<\/div>\n\t\t<\/section>\n\t\t\t\t<section class=\"elementor-section elementor-top-section elementor-element elementor-element-7c4fd36 elementor-section-boxed elementor-section-height-default elementor-section-height-default\" data-id=\"7c4fd36\" data-element_type=\"section\">\n\t\t\t\t\t\t<div class=\"elementor-container elementor-column-gap-default\">\n\t\t\t\t\t<div class=\"elementor-column elementor-col-100 elementor-top-column elementor-element elementor-element-35fe53c\" data-id=\"35fe53c\" data-element_type=\"column\">\n\t\t\t<div class=\"elementor-widget-wrap elementor-element-populated\">\n\t\t\t\t\t\t<div class=\"elementor-element elementor-element-2f683e9 elementor-widget elementor-widget-video\" data-id=\"2f683e9\" data-element_type=\"widget\" data-settings=\"{&quot;youtube_url&quot;:&quot;https:\\\/\\\/www.youtube.com\\\/shorts\\\/0HBpzYk5aFk&quot;,&quot;video_type&quot;:&quot;youtube&quot;,&quot;controls&quot;:&quot;yes&quot;}\" data-widget_type=\"video.default\">\n\t\t\t\t<div class=\"elementor-widget-container\">\n\t\t\t\t\t\t\t<div class=\"elementor-wrapper elementor-open-inline\">\n\t\t\t<div class=\"elementor-video\"><\/div>\t\t<\/div>\n\t\t\t\t\t\t<\/div>\n\t\t\t\t<\/div>\n\t\t\t\t\t<\/div>\n\t\t<\/div>\n\t\t\t\t\t<\/div>\n\t\t<\/section>\n\t\t\t\t<section class=\"elementor-section elementor-top-section elementor-element elementor-element-6c80d40 elementor-section-boxed elementor-section-height-default elementor-section-height-default\" data-id=\"6c80d40\" data-element_type=\"section\">\n\t\t\t\t\t\t<div class=\"elementor-container elementor-column-gap-default\">\n\t\t\t\t\t<div class=\"elementor-column elementor-col-100 elementor-top-column elementor-element elementor-element-4cfc617\" data-id=\"4cfc617\" data-element_type=\"column\">\n\t\t\t<div class=\"elementor-widget-wrap elementor-element-populated\">\n\t\t\t\t\t\t<div class=\"elementor-element elementor-element-f182693 elementor-widget elementor-widget-heading\" data-id=\"f182693\" data-element_type=\"widget\" data-widget_type=\"heading.default\">\n\t\t\t\t<div class=\"elementor-widget-container\">\n\t\t\t\t\t<h3 class=\"elementor-heading-title elementor-size-default\">Y\u00fcksek Kaliteli Tahin \u00dcretimi i\u00e7in Tahin Makineleri<\/h3>\t\t\t\t<\/div>\n\t\t\t\t<\/div>\n\t\t\t\t\t<\/div>\n\t\t<\/div>\n\t\t\t\t\t<\/div>\n\t\t<\/section>\n\t\t\t\t<section class=\"elementor-section elementor-top-section elementor-element elementor-element-171817f elementor-section-boxed elementor-section-height-default elementor-section-height-default\" data-id=\"171817f\" data-element_type=\"section\">\n\t\t\t\t\t\t<div class=\"elementor-container elementor-column-gap-default\">\n\t\t\t\t\t<div class=\"elementor-column elementor-col-100 elementor-top-column elementor-element elementor-element-7b31b53\" data-id=\"7b31b53\" data-element_type=\"column\">\n\t\t\t<div class=\"elementor-widget-wrap elementor-element-populated\">\n\t\t\t\t\t\t<div class=\"elementor-element elementor-element-ddf8014 elementor-widget elementor-widget-text-editor\" data-id=\"ddf8014\" data-element_type=\"widget\" data-widget_type=\"text-editor.default\">\n\t\t\t\t<div class=\"elementor-widget-container\">\n\t\t\t\t\t\t\t\t\t<p>Birinci s\u0131n\u0131f tahin \u00fcretmeye gelince, do\u011fru ekipmana sahip olmak kaliteli malzemeler kullanmak kadar \u00f6nemlidir. Tahin makinelerimiz, dairesel do\u011fal f\u0131r\u0131nlanm\u0131\u015f ta\u015flarla geleneksel ancak etkili bir \u00f6\u011f\u00fctme y\u00f6ntemi kullanarak tutarl\u0131, p\u00fcr\u00fczs\u00fcz ve y\u00fcksek kaliteli tahin sunmak \u00fczere tasarlanm\u0131\u015ft\u0131r.<\/p>\t\t\t\t\t\t\t\t<\/div>\n\t\t\t\t<\/div>\n\t\t\t\t\t<\/div>\n\t\t<\/div>\n\t\t\t\t\t<\/div>\n\t\t<\/section>\n\t\t\t\t<section class=\"elementor-section elementor-top-section elementor-element elementor-element-a4f9cea elementor-section-boxed elementor-section-height-default elementor-section-height-default\" data-id=\"a4f9cea\" data-element_type=\"section\">\n\t\t\t\t\t\t<div class=\"elementor-container elementor-column-gap-default\">\n\t\t\t\t\t<div class=\"elementor-column elementor-col-100 elementor-top-column elementor-element elementor-element-f061dd1\" data-id=\"f061dd1\" data-element_type=\"column\">\n\t\t\t<div class=\"elementor-widget-wrap elementor-element-populated\">\n\t\t\t\t\t\t<div class=\"elementor-element elementor-element-79a18da elementor-widget elementor-widget-heading\" data-id=\"79a18da\" data-element_type=\"widget\" data-widget_type=\"heading.default\">\n\t\t\t\t<div class=\"elementor-widget-container\">\n\t\t\t\t\t<h3 class=\"elementor-heading-title elementor-size-default\">Ta\u015f Tipi Tahin Makinalar\u0131m\u0131z Nas\u0131l \u00c7al\u0131\u015f\u0131r?<\/h3>\t\t\t\t<\/div>\n\t\t\t\t<\/div>\n\t\t\t\t\t<\/div>\n\t\t<\/div>\n\t\t\t\t\t<\/div>\n\t\t<\/section>\n\t\t\t\t<section class=\"elementor-section elementor-top-section elementor-element elementor-element-2885241 elementor-section-boxed elementor-section-height-default elementor-section-height-default\" data-id=\"2885241\" data-element_type=\"section\">\n\t\t\t\t\t\t<div class=\"elementor-container elementor-column-gap-default\">\n\t\t\t\t\t<div class=\"elementor-column elementor-col-100 elementor-top-column elementor-element elementor-element-4541122\" data-id=\"4541122\" data-element_type=\"column\">\n\t\t\t<div class=\"elementor-widget-wrap elementor-element-populated\">\n\t\t\t\t\t\t<div class=\"elementor-element elementor-element-cdf576f elementor-widget elementor-widget-text-editor\" data-id=\"cdf576f\" data-element_type=\"widget\" data-widget_type=\"text-editor.default\">\n\t\t\t\t<div class=\"elementor-widget-container\">\n\t\t\t\t\t\t\t\t\t<p>Her tahin makinesi birden fazla \u00f6\u011f\u00fctme ba\u015fl\u0131\u011f\u0131yla donat\u0131lm\u0131\u015ft\u0131r ve her ba\u015fl\u0131k \u00f6zel olarak haz\u0131rlanm\u0131\u015f bir ta\u015f i\u00e7erir. Bu ta\u015flar tahin \u00fcretim s\u00fcrecinin anahtar\u0131d\u0131r ve p\u00fcr\u00fczs\u00fcz bir doku ve optimum \u00f6\u011f\u00fctme performans\u0131 sa\u011flar. \u00dcretim kapasitesine ba\u011fl\u0131 olarak, makineler hem ba\u015fl\u0131k say\u0131s\u0131 hem de \u00f6\u011f\u00fctme ta\u015flar\u0131n\u0131n boyutu bak\u0131m\u0131ndan farkl\u0131l\u0131k g\u00f6sterir.<\/p><p>\u00d6rne\u011fin, 50 kg\/saat kapasiteli bir tahin makinesinde genellikle iki ba\u015fl\u0131k bulunurken, 500 kg\/saat kapasiteli daha b\u00fcy\u00fck bir makinede be\u015f ba\u015fl\u0131k bulunur. Boyut ve \u00e7\u0131kt\u0131daki bu farkl\u0131l\u0131klara ra\u011fmen, temel prensip ayn\u0131 kal\u0131r: y\u00fcksek kaliteli tahin \u00fcretmek i\u00e7in verimli ve do\u011fal ta\u015f \u00f6\u011f\u00fctme.<\/p>\t\t\t\t\t\t\t\t<\/div>\n\t\t\t\t<\/div>\n\t\t\t\t\t<\/div>\n\t\t<\/div>\n\t\t\t\t\t<\/div>\n\t\t<\/section>\n\t\t\t\t<section class=\"elementor-section elementor-top-section elementor-element elementor-element-51f816c elementor-section-boxed elementor-section-height-default elementor-section-height-default\" data-id=\"51f816c\" data-element_type=\"section\">\n\t\t\t\t\t\t<div class=\"elementor-container elementor-column-gap-default\">\n\t\t\t\t\t<div class=\"elementor-column elementor-col-100 elementor-top-column elementor-element elementor-element-c281dcb\" data-id=\"c281dcb\" data-element_type=\"column\">\n\t\t\t<div class=\"elementor-widget-wrap elementor-element-populated\">\n\t\t\t\t\t\t<div class=\"elementor-element elementor-element-d700b3a elementor-widget elementor-widget-heading\" data-id=\"d700b3a\" data-element_type=\"widget\" data-widget_type=\"heading.default\">\n\t\t\t\t<div class=\"elementor-widget-container\">\n\t\t\t\t\t<h3 class=\"elementor-heading-title elementor-size-default\">Kontrol Edebilece\u011finiz Tutarl\u0131l\u0131k\u200b<\/h3>\t\t\t\t<\/div>\n\t\t\t\t<\/div>\n\t\t\t\t\t<\/div>\n\t\t<\/div>\n\t\t\t\t\t<\/div>\n\t\t<\/section>\n\t\t\t\t<section class=\"elementor-section elementor-top-section elementor-element elementor-element-431cf44 elementor-section-boxed elementor-section-height-default elementor-section-height-default\" data-id=\"431cf44\" data-element_type=\"section\">\n\t\t\t\t\t\t<div class=\"elementor-container elementor-column-gap-default\">\n\t\t\t\t\t<div class=\"elementor-column elementor-col-100 elementor-top-column elementor-element elementor-element-9e75101\" data-id=\"9e75101\" data-element_type=\"column\">\n\t\t\t<div class=\"elementor-widget-wrap elementor-element-populated\">\n\t\t\t\t\t\t<div class=\"elementor-element elementor-element-bb2d601 elementor-widget elementor-widget-text-editor\" data-id=\"bb2d601\" data-element_type=\"widget\" data-widget_type=\"text-editor.default\">\n\t\t\t\t<div class=\"elementor-widget-container\">\n\t\t\t\t\t\t\t\t\t<p>Tahin makinelerimizin \u00f6ne \u00e7\u0131kan \u00f6zelliklerinden biri, kullan\u0131c\u0131lar\u0131n tahin \u00e7\u0131kt\u0131s\u0131n\u0131n yo\u011funlu\u011funu kontrol edebilmesidir. Bu, \u00f6\u011f\u00fctme ta\u015flar\u0131 aras\u0131ndaki mesafeyi ayarlayarak yap\u0131l\u0131r. \u0130deal doku ve k\u0131vam elde edildi\u011finde, ta\u015flar \u00fcretim s\u0131ras\u0131nda tutarl\u0131 sonu\u00e7lar i\u00e7in yerinde kilitlenebilir.<\/p><p>Bu esneklik, \u00fcreticilerin kaliteyi feda etmeden \u00e7e\u015fitli m\u00fc\u015fteri tercihlerini ve pazar taleplerini kar\u015f\u0131lamas\u0131n\u0131 sa\u011flar.<\/p>\t\t\t\t\t\t\t\t<\/div>\n\t\t\t\t<\/div>\n\t\t\t\t\t<\/div>\n\t\t<\/div>\n\t\t\t\t\t<\/div>\n\t\t<\/section>\n\t\t\t\t<section class=\"elementor-section elementor-top-section elementor-element elementor-element-c5d1c60 elementor-section-boxed elementor-section-height-default elementor-section-height-default\" data-id=\"c5d1c60\" data-element_type=\"section\">\n\t\t\t\t\t\t<div class=\"elementor-container elementor-column-gap-default\">\n\t\t\t\t\t<div class=\"elementor-column elementor-col-100 elementor-top-column elementor-element elementor-element-b6fc0d9\" data-id=\"b6fc0d9\" data-element_type=\"column\">\n\t\t\t<div class=\"elementor-widget-wrap elementor-element-populated\">\n\t\t\t\t\t\t<div class=\"elementor-element elementor-element-a0d40a9 elementor-widget elementor-widget-heading\" data-id=\"a0d40a9\" data-element_type=\"widget\" data-widget_type=\"heading.default\">\n\t\t\t\t<div class=\"elementor-widget-container\">\n\t\t\t\t\t<h3 class=\"elementor-heading-title elementor-size-default\">Haz\u0131rlanm\u0131\u015f Susam Tohumlar\u0131n\u0131n \u00d6nemi\u200b<\/h3>\t\t\t\t<\/div>\n\t\t\t\t<\/div>\n\t\t\t\t\t<\/div>\n\t\t<\/div>\n\t\t\t\t\t<\/div>\n\t\t<\/section>\n\t\t\t\t<section class=\"elementor-section elementor-top-section elementor-element elementor-element-a334267 elementor-section-boxed elementor-section-height-default elementor-section-height-default\" data-id=\"a334267\" data-element_type=\"section\">\n\t\t\t\t\t\t<div class=\"elementor-container elementor-column-gap-default\">\n\t\t\t\t\t<div class=\"elementor-column elementor-col-100 elementor-top-column elementor-element elementor-element-9653fd2\" data-id=\"9653fd2\" data-element_type=\"column\">\n\t\t\t<div class=\"elementor-widget-wrap elementor-element-populated\">\n\t\t\t\t\t\t<div class=\"elementor-element elementor-element-f3f6422 elementor-widget elementor-widget-text-editor\" data-id=\"f3f6422\" data-element_type=\"widget\" data-widget_type=\"text-editor.default\">\n\t\t\t\t<div class=\"elementor-widget-container\">\n\t\t\t\t\t\t\t\t\t<p>Makinelerimiz en iyi sonu\u00e7lar\u0131 verecek \u015fekilde tasarlanm\u0131\u015f olsa da, tahinin kalitesi kullan\u0131lan susam tohumlar\u0131na da b\u00fcy\u00fck \u00f6l\u00e7\u00fcde ba\u011fl\u0131d\u0131r. Tahin \u00fcretimi i\u00e7in \u00f6zel olarak tasarlanm\u0131\u015f \u00f6zel haz\u0131rlanm\u0131\u015f susam tohumlar\u0131n\u0131n kullan\u0131lmas\u0131 esast\u0131r.<\/p><p>Haz\u0131rlanm\u0131\u015f susam tohumlar\u0131 a\u015fa\u011f\u0131dakiler de dahil olmak \u00fczere birka\u00e7 a\u015famadan ge\u00e7er:<\/p><p>Susam Kalibrasyonu<\/p><p>Havuzlarda Y\u0131kama<\/p><p>Soyma<\/p><p>Tuzlu Suyla Y\u0131kama<\/p><p>Suyla Durulama<\/p><p>Santrif\u00fcj Kullanarak Suyun Uzakla\u015ft\u0131r\u0131lmas\u0131<\/p><p>Kavurma<\/p><p>So\u011futma<\/p><p>Biz sadece tahin makineleri \u00fcretmeye ve tedarik etmeye odakland\u0131\u011f\u0131m\u0131zdan, m\u00fc\u015fterilerimiz genellikle bu haz\u0131rlanm\u0131\u015f susam tohumlar\u0131n\u0131 \u00f6zel susam i\u015fleyicilerinden temin eder. Sipari\u015f verirken, do\u011fru haz\u0131rlama s\u00fcrecinin izlenmesini sa\u011flamak i\u00e7in susam tohumlar\u0131n\u0131n tahin \u00fcretimi i\u00e7in tasarland\u0131\u011f\u0131n\u0131 belirtmek \u00f6nemlidir.<\/p>\t\t\t\t\t\t\t\t<\/div>\n\t\t\t\t<\/div>\n\t\t\t\t\t<\/div>\n\t\t<\/div>\n\t\t\t\t\t<\/div>\n\t\t<\/section>\n\t\t\t\t<section class=\"elementor-section elementor-top-section elementor-element elementor-element-646ac63 elementor-section-boxed elementor-section-height-default elementor-section-height-default\" data-id=\"646ac63\" data-element_type=\"section\">\n\t\t\t\t\t\t<div class=\"elementor-container elementor-column-gap-default\">\n\t\t\t\t\t<div class=\"elementor-column elementor-col-100 elementor-top-column elementor-element elementor-element-503ad58\" data-id=\"503ad58\" data-element_type=\"column\">\n\t\t\t<div class=\"elementor-widget-wrap elementor-element-populated\">\n\t\t\t\t\t\t<div class=\"elementor-element elementor-element-72670d4 elementor-widget elementor-widget-heading\" data-id=\"72670d4\" data-element_type=\"widget\" data-widget_type=\"heading.default\">\n\t\t\t\t<div class=\"elementor-widget-container\">\n\t\t\t\t\t<h3 class=\"elementor-heading-title elementor-size-default\">Neden Tahin Makinalar\u0131m\u0131z\u0131 Tercih Etmelisiniz?<\/h3>\t\t\t\t<\/div>\n\t\t\t\t<\/div>\n\t\t\t\t\t<\/div>\n\t\t<\/div>\n\t\t\t\t\t<\/div>\n\t\t<\/section>\n\t\t\t\t<section class=\"elementor-section elementor-top-section elementor-element elementor-element-08597e1 elementor-section-boxed elementor-section-height-default elementor-section-height-default\" data-id=\"08597e1\" data-element_type=\"section\">\n\t\t\t\t\t\t<div class=\"elementor-container elementor-column-gap-default\">\n\t\t\t\t\t<div class=\"elementor-column elementor-col-100 elementor-top-column elementor-element elementor-element-c830256\" data-id=\"c830256\" data-element_type=\"column\">\n\t\t\t<div class=\"elementor-widget-wrap elementor-element-populated\">\n\t\t\t\t\t\t<div class=\"elementor-element elementor-element-6a09096 elementor-widget elementor-widget-text-editor\" data-id=\"6a09096\" data-element_type=\"widget\" data-widget_type=\"text-editor.default\">\n\t\t\t\t<div class=\"elementor-widget-container\">\n\t\t\t\t\t\t\t\t\t<ul data-start=\"2684\" data-end=\"2980\"><li class=\"\" data-start=\"2684\" data-end=\"2756\"><p>Geleneksel, otantik lezzet i\u00e7in dayan\u0131kl\u0131 do\u011fal ta\u015f \u00f6\u011f\u00fct\u00fcc\u00fcler<\/p><\/li><li class=\"\" data-start=\"2684\" data-end=\"2756\"><p>Tam kontrol i\u00e7in ayarlanabilir ta\u015f ayarlar\u0131<\/p><\/li><li class=\"\" data-start=\"2684\" data-end=\"2756\"><p>K\u00fc\u00e7\u00fck \u00f6l\u00e7ekliden end\u00fcstriyel d\u00fczeyde \u00e7\u0131kt\u0131ya kadar \u00f6l\u00e7eklenebilir \u00fcretim kapasiteleri<\/p><\/li><li class=\"\" data-start=\"2684\" data-end=\"2756\"><p>Kullan\u0131m\u0131 ve bak\u0131m\u0131 kolay, tutarl\u0131, uzun vadeli kullan\u0131m i\u00e7in tasarlanm\u0131\u015ft\u0131r<\/p><p>\u0130ster yeni bir tahin \u00fcretim i\u015fine ba\u015fl\u0131yor olun, ister mevcut makinenizi y\u00fckseltmek istiyor olun, tahin makinelerimiz g\u00fcvenilir ve y\u00fcksek performansl\u0131 bir \u00e7\u00f6z\u00fcm sunar.<\/p><\/li><\/ul>\t\t\t\t\t\t\t\t<\/div>\n\t\t\t\t<\/div>\n\t\t\t\t\t<\/div>\n\t\t<\/div>\n\t\t\t\t\t<\/div>\n\t\t<\/section>\n\t\t\t\t<section class=\"elementor-section elementor-top-section elementor-element elementor-element-e35abf8 elementor-section-boxed elementor-section-height-default elementor-section-height-default\" data-id=\"e35abf8\" data-element_type=\"section\">\n\t\t\t\t\t\t<div class=\"elementor-container elementor-column-gap-default\">\n\t\t\t\t\t<div class=\"elementor-column elementor-col-100 elementor-top-column elementor-element elementor-element-6728abd\" data-id=\"6728abd\" data-element_type=\"column\">\n\t\t\t<div class=\"elementor-widget-wrap elementor-element-populated\">\n\t\t\t\t\t\t<div class=\"elementor-element elementor-element-9eb495f elementor-widget elementor-widget-image\" data-id=\"9eb495f\" data-element_type=\"widget\" data-widget_type=\"image.default\">\n\t\t\t\t<div class=\"elementor-widget-container\">\n\t\t\t\t\t\t\t\t\t\t\t\t<figure class=\"wp-caption\">\n\t\t\t\t\t\t\t\t\t\t\t<a href=\"https:\/\/machinecastle.com\/tr\/urun\/tahin-yapma-makineleri\/\">\n\t\t\t\t\t\t\t<img fetchpriority=\"high\" decoding=\"async\" width=\"600\" height=\"560\" src=\"https:\/\/machinecastle.com\/wp-content\/uploads\/2025\/04\/Tahini-Production-Machine--600x560.png\" class=\"attachment-woocommerce_single size-woocommerce_single wp-image-9147\" alt=\"Tahini Production Machine\" srcset=\"https:\/\/machinecastle.com\/wp-content\/uploads\/2025\/04\/Tahini-Production-Machine--600x560.png 600w, https:\/\/machinecastle.com\/wp-content\/uploads\/2025\/04\/Tahini-Production-Machine--300x280.png 300w, https:\/\/machinecastle.com\/wp-content\/uploads\/2025\/04\/Tahini-Production-Machine--768x716.png 768w, https:\/\/machinecastle.com\/wp-content\/uploads\/2025\/04\/Tahini-Production-Machine-.png 938w\" sizes=\"(max-width: 600px) 100vw, 600px\" \/>\t\t\t\t\t\t\t\t<\/a>\n\t\t\t\t\t\t\t\t\t\t\t<figcaption class=\"widget-image-caption wp-caption-text\">Modellerimizi g\u00f6rmek i\u00e7in yukar\u0131daki resme t\u0131klay\u0131n<\/figcaption>\n\t\t\t\t\t\t\t\t\t\t<\/figure>\n\t\t\t\t\t\t\t\t\t<\/div>\n\t\t\t\t<\/div>\n\t\t\t\t\t<\/div>\n\t\t<\/div>\n\t\t\t\t\t<\/div>\n\t\t<\/section>\n\t\t\t\t<section class=\"elementor-section elementor-top-section elementor-element elementor-element-ed18c1e elementor-section-boxed elementor-section-height-default elementor-section-height-default\" data-id=\"ed18c1e\" data-element_type=\"section\">\n\t\t\t\t\t\t<div class=\"elementor-container elementor-column-gap-default\">\n\t\t\t\t\t<div class=\"elementor-column elementor-col-100 elementor-top-column elementor-element elementor-element-3769655\" data-id=\"3769655\" data-element_type=\"column\">\n\t\t\t<div class=\"elementor-widget-wrap\">\n\t\t\t\t\t\t\t<\/div>\n\t\t<\/div>\n\t\t\t\t\t<\/div>\n\t\t<\/section>\n\t\t\t\t<\/div>\n\t\t","protected":false},"excerpt":{"rendered":"<p>TA\u015eLI TAH\u0130N DE\u011e\u0130RMEN\u0130 Y\u00fcksek Kaliteli Tahin \u00dcretimi i\u00e7in Tahin Makineleri Birinci s\u0131n\u0131f tahin \u00fcretmeye gelince, do\u011fru ekipmana sahip olmak kaliteli malzemeler kullanmak kadar \u00f6nemlidir. Tahin makinelerimiz, dairesel do\u011fal f\u0131r\u0131nlanm\u0131\u015f ta\u015flarla geleneksel ancak etkili bir \u00f6\u011f\u00fctme y\u00f6ntemi kullanarak tutarl\u0131, p\u00fcr\u00fczs\u00fcz ve y\u00fcksek kaliteli tahin sunmak \u00fczere tasarlanm\u0131\u015ft\u0131r. Ta\u015f Tipi Tahin Makinalar\u0131m\u0131z Nas\u0131l \u00c7al\u0131\u015f\u0131r? Her tahin makinesi &hellip;<\/p>\n<p class=\"read-more\"> <a class=\"\" href=\"https:\/\/machinecastle.com\/tr\/tasli-tahin-degirmen\/\"> <span class=\"screen-reader-text\">TA\u015eLI TAH\u0130N DE\u011e\u0130RMEN\u0130\u200b<\/span> Devam\u0131 &raquo;<\/a><\/p>\n","protected":false},"author":1,"featured_media":0,"parent":0,"menu_order":0,"comment_status":"closed","ping_status":"closed","template":"","meta":{"site-sidebar-layout":"default","site-content-layout":"","ast-site-content-layout":"default","site-content-style":"default","site-sidebar-style":"default","ast-global-header-display":"","ast-banner-title-visibility":"","ast-main-header-display":"","ast-hfb-above-header-display":"","ast-hfb-below-header-display":"","ast-hfb-mobile-header-display":"","site-post-title":"","ast-breadcrumbs-content":"","ast-featured-img":"","footer-sml-layout":"","theme-transparent-header-meta":"","adv-header-id-meta":"","stick-header-meta":"","header-above-stick-meta":"","header-main-stick-meta":"","header-below-stick-meta":"","astra-migrate-meta-layouts":"set","ast-page-background-enabled":"default","ast-page-background-meta":{"desktop":{"background-color":"","background-image":"","background-repeat":"repeat","background-position":"center center","background-size":"auto","background-attachment":"scroll","background-type":"","background-media":"","overlay-type":"","overlay-color":"","overlay-gradient":""},"tablet":{"background-color":"","background-image":"","background-repeat":"repeat","background-position":"center center","background-size":"auto","background-attachment":"scroll","background-type":"","background-media":"","overlay-type":"","overlay-color":"","overlay-gradient":""},"mobile":{"background-color":"","background-image":"","background-repeat":"repeat","background-position":"center center","background-size":"auto","background-attachment":"scroll","background-type":"","background-media":"","overlay-type":"","overlay-color":"","overlay-gradient":""}},"ast-content-background-meta":{"desktop":{"background-color":"var(--ast-global-color-5)","background-image":"","background-repeat":"repeat","background-position":"center center","background-size":"auto","background-attachment":"scroll","background-type":"","background-media":"","overlay-type":"","overlay-color":"","overlay-gradient":""},"tablet":{"background-color":"var(--ast-global-color-5)","background-image":"","background-repeat":"repeat","background-position":"center center","background-size":"auto","background-attachment":"scroll","background-type":"","background-media":"","overlay-type":"","overlay-color":"","overlay-gradient":""},"mobile":{"background-color":"var(--ast-global-color-5)","background-image":"","background-repeat":"repeat","background-position":"center center","background-size":"auto","background-attachment":"scroll","background-type":"","background-media":"","overlay-type":"","overlay-color":"","overlay-gradient":""}},"footnotes":""},"class_list":["post-9145","page","type-page","status-publish","hentry"],"_links":{"self":[{"href":"https:\/\/machinecastle.com\/tr\/wp-json\/wp\/v2\/pages\/9145","targetHints":{"allow":["GET"]}}],"collection":[{"href":"https:\/\/machinecastle.com\/tr\/wp-json\/wp\/v2\/pages"}],"about":[{"href":"https:\/\/machinecastle.com\/tr\/wp-json\/wp\/v2\/types\/page"}],"author":[{"embeddable":true,"href":"https:\/\/machinecastle.com\/tr\/wp-json\/wp\/v2\/users\/1"}],"replies":[{"embeddable":true,"href":"https:\/\/machinecastle.com\/tr\/wp-json\/wp\/v2\/comments?post=9145"}],"version-history":[{"count":13,"href":"https:\/\/machinecastle.com\/tr\/wp-json\/wp\/v2\/pages\/9145\/revisions"}],"predecessor-version":[{"id":9167,"href":"https:\/\/machinecastle.com\/tr\/wp-json\/wp\/v2\/pages\/9145\/revisions\/9167"}],"wp:attachment":[{"href":"https:\/\/machinecastle.com\/tr\/wp-json\/wp\/v2\/media?parent=9145"}],"curies":[{"name":"wp","href":"https:\/\/api.w.org\/{rel}","templated":true}]}}