{"id":9079,"date":"2025-04-10T10:43:48","date_gmt":"2025-04-10T10:43:48","guid":{"rendered":"https:\/\/machinecastle.com\/kuruyemis-kavurma-makinasi\/"},"modified":"2025-04-16T10:21:47","modified_gmt":"2025-04-16T10:21:47","slug":"kuruyemis-kavurma-makinasi","status":"publish","type":"page","link":"https:\/\/machinecastle.com\/tr\/kuruyemis-kavurma-makinasi\/","title":{"rendered":"Kuruyemi\u015f Kavurma Makinas\u0131"},"content":{"rendered":"\t\t<div data-elementor-type=\"wp-page\" data-elementor-id=\"9079\" class=\"elementor elementor-9079 elementor-8944\">\n\t\t\t\t\t\t<section class=\"elementor-section elementor-top-section elementor-element elementor-element-382474a elementor-section-boxed elementor-section-height-default elementor-section-height-default\" data-id=\"382474a\" data-element_type=\"section\">\n\t\t\t\t\t\t<div class=\"elementor-container elementor-column-gap-default\">\n\t\t\t\t\t<div class=\"elementor-column elementor-col-100 elementor-top-column elementor-element elementor-element-af8f9f2\" data-id=\"af8f9f2\" data-element_type=\"column\">\n\t\t\t<div class=\"elementor-widget-wrap elementor-element-populated\">\n\t\t\t\t\t\t<div class=\"elementor-element elementor-element-fc175a2 elementor-widget elementor-widget-heading\" data-id=\"fc175a2\" data-element_type=\"widget\" data-widget_type=\"heading.default\">\n\t\t\t\t<div class=\"elementor-widget-container\">\n\t\t\t\t\t<h2 class=\"elementor-heading-title elementor-size-default\">KURUYEM\u0130\u015e KAVURMA MAK\u0130NASI<\/h2>\t\t\t\t<\/div>\n\t\t\t\t<\/div>\n\t\t\t\t<div class=\"elementor-element elementor-element-537afdb elementor-widget elementor-widget-video\" data-id=\"537afdb\" data-element_type=\"widget\" data-settings=\"{&quot;youtube_url&quot;:&quot;https:\\\/\\\/www.youtube.com\\\/watch?v=JGFY-uy1Wb8&quot;,&quot;video_type&quot;:&quot;youtube&quot;,&quot;controls&quot;:&quot;yes&quot;}\" data-widget_type=\"video.default\">\n\t\t\t\t<div class=\"elementor-widget-container\">\n\t\t\t\t\t\t\t<div class=\"elementor-wrapper elementor-open-inline\">\n\t\t\t<div class=\"elementor-video\"><\/div>\t\t<\/div>\n\t\t\t\t\t\t<\/div>\n\t\t\t\t<\/div>\n\t\t\t\t<div class=\"elementor-element elementor-element-1e642fc elementor-widget elementor-widget-text-editor\" data-id=\"1e642fc\" data-element_type=\"widget\" data-widget_type=\"text-editor.default\">\n\t\t\t\t<div class=\"elementor-widget-container\">\n\t\t\t\t\t\t\t\t\t<p>Bu <b><a href=\"https:\/\/nutsroaster.com\">kuruyemi\u015f kavurma<\/a><\/b> AISI 304 paslanmaz \u00e7elik kalite band\u0131 ile \u00e7al\u0131\u015fan bu bant, \u00fcr\u00fcnleri kavurma ve so\u011futma odalar\u0131 boyunca s\u00fcrekli olarak hareket ettirir. \u00dcr\u00fcnler kavurucunun giri\u015f bunkerine y\u00fcklendikten sonra do\u011frudan s\u00fcrekli hareket eden band\u0131n \u00fczerine yerle\u015ftirilir. Bant, \u00fcr\u00fcnleri \u00f6nce alttan \u0131s\u0131t\u0131lm\u0131\u015f havan\u0131n uyguland\u0131\u011f\u0131 birinci kavurma odas\u0131na ta\u015f\u0131r. Ard\u0131ndan \u00fcr\u00fcnler, \u00fcstten \u0131s\u0131t\u0131lm\u0131\u015f hava ald\u0131klar\u0131 ikinci kavurma odas\u0131na ge\u00e7er. Hem alttan hem de \u00fcstten gelen bu \u0131s\u0131 sirk\u00fclasyonu, \u00fcr\u00fcnlerin teknolojik sistemimizde e\u015fit ve homojen bir \u015fekilde kavrulmas\u0131n\u0131 sa\u011flar.   &nbsp;<b>kuruyemi\u015f kavurma<\/b> makinesi. Kavurma a\u015famalar\u0131 tamamland\u0131ktan sonra \u00fcr\u00fcnler bir dinlendirme a\u015famas\u0131ndan ge\u00e7er. Bu dinlendirme a\u015famas\u0131, \u00fcr\u00fcnlerin do\u011frudan ve h\u0131zl\u0131 so\u011futmaya maruz kalmas\u0131n\u0131 \u00f6nleyerek \u00e7atlamalar\u0131n \u00f6n\u00fcne ge\u00e7er ve \u00fcr\u00fcn kalitesini korur. Dinlendirme a\u015famas\u0131n\u0131n ard\u0131ndan \u00fcr\u00fcnler so\u011futma odas\u0131nda oda s\u0131cakl\u0131\u011f\u0131na kadar so\u011futulur. So\u011futulduktan sonra \u00fcr\u00fcnler paketlenmeye haz\u0131r hale gelir. Kavurma odalar\u0131n\u0131n say\u0131s\u0131 kuruyemi\u015f kavurma makinesinin b\u00fcy\u00fckl\u00fc\u011f\u00fcne ba\u011fl\u0131 olarak de\u011fi\u015fir. Kapasiteleri 30 kg\/saatten ba\u015flayan <b>kuruyemi\u015f<\/b> kavurma makinelerine so\u011futma \u00f6zelli\u011fi eklenebilmektedir.     <\/p>\n<p>Kuruyemi\u015f <b>kavurma makinemiz<\/b>, a\u015fa\u011f\u0131dakiler dahil olmak \u00fczere \u00e7e\u015fitli kuruyemi\u015f ve tohum t\u00fcrlerini m\u00fckemmel \u015fekilde <b>kavurabilir<\/b>: Yer f\u0131st\u0131\u011f\u0131, F\u0131nd\u0131k, Leblebi, Kabak \u00c7ekirde\u011fi, Ay \u00c7ekirde\u011fi, Kabuklu F\u0131nd\u0131k Badem, Kabuklu Badem, Antep F\u0131st\u0131\u011f\u0131, Kaju F\u0131st\u0131\u011f\u0131 ve \u00e7ok daha fazlas\u0131. <b><a href=\"https:\/\/machinecastle.com\/tr\/\">kuruyemi\u0307\u015f kavurma maki\u0307nesi\u0307<\/a><\/b> m\u00fckemmel kavurma performans\u0131 ve \u00fcst\u00fcn lezzet sunar, tutarl\u0131 bir kavurma i\u015flemi ile y\u00fcksek kaliteli \u00fcretim sa\u011flar. Tamamen paslanmaz \u00e7elik bile\u015fenlerle tasarlanan makine, daha az insan g\u00fcc\u00fc gerektirir ve d\u00fc\u015f\u00fck enerji t\u00fcketir. Kavurma haznelerinin i\u00e7indeki y\u00fcksek s\u0131cakl\u0131\u011fa ra\u011fmen, makine \u00fcr\u00fcnlerden herhangi bir aroma kayb\u0131n\u0131 \u00f6nleyecek \u015fekilde tasarlanm\u0131\u015ft\u0131r. <b>Kuruyemi\u015f<\/b>kavurma makineleri y\u00fcksek yal\u0131t\u0131ml\u0131 olup enerji t\u00fcketimini azalt\u0131r ve \u00fcretim maliyetlerini d\u00fc\u015f\u00fcr\u00fcr.   <\/p>\n<h3 data-start=\"2245\" data-end=\"2284\">Kullan\u0131c\u0131 Dostu ve Hijyenik Tasar\u0131m<\/h3>\n<p data-start=\"2286\" data-end=\"2481\">Bu k\u0131zartma f\u0131r\u0131n\u0131, FDA y\u00f6netmeliklerine uygun olarak g\u0131da g\u00fcvenli\u011fi ve hijyen standartlar\u0131n\u0131 kar\u015f\u0131lamak \u00fczere tasarlanm\u0131\u015ft\u0131r. Ayarlama esnekli\u011fi sa\u011flayan geli\u015fmi\u015f bir dokunmatik ekran kontrol paneline sahiptir: <\/p>\n<ul data-start=\"2483\" data-end=\"2551\">\n<li data-start=\"2483\" data-end=\"2507\">\n<p data-start=\"2485\" data-end=\"2507\">Kavurma s\u0131cakl\u0131\u011f\u0131<\/p>\n<\/li>\n<li data-start=\"2508\" data-end=\"2531\">\n<p data-start=\"2510\" data-end=\"2531\">Konvey\u00f6r bant h\u0131z\u0131<\/p>\n<\/li>\n<li data-start=\"2532\" data-end=\"2551\">\n<p data-start=\"2534\" data-end=\"2551\">Nem seviyeleri<\/p>\n<\/li>\n<li data-start=\"2532\" data-end=\"2551\">\n<p data-start=\"2534\" data-end=\"2551\">Tarif Tasarrufu<\/p>\n<\/li>\n<\/ul>\n<p data-start=\"2553\" data-end=\"2654\">Ayr\u0131ca, kullan\u0131c\u0131 s\u00fcrekli bant \u00fczerine serilen \u00fcr\u00fcn\u00fcn kal\u0131nl\u0131\u011f\u0131n\u0131 kontrol edebilir.<\/p>\n<h3 data-start=\"2661\" data-end=\"2682\">Is\u0131tma Se\u00e7enekleri<\/h3>\n<p data-start=\"2684\" data-end=\"2789\">Kuruyemi\u015f kavurma makinesi, farkl\u0131 \u00fcretim tesislerinin ihtiya\u00e7lar\u0131n\u0131 kar\u015f\u0131lamak i\u00e7in \u00e7e\u015fitli yak\u0131t t\u00fcrleri sunar:<\/p>\n<ul data-start=\"2791\" data-end=\"2833\">\n<li data-start=\"2791\" data-end=\"2798\">\n<p data-start=\"2793\" data-end=\"2798\">Gaz<\/p>\n<\/li>\n<li data-start=\"2799\" data-end=\"2806\">\n<p data-start=\"2801\" data-end=\"2806\">LPG<\/p>\n<\/li>\n<li data-start=\"2807\" data-end=\"2817\">\n<p data-start=\"2809\" data-end=\"2817\">Dizel<\/p>\n<\/li>\n<li data-start=\"2818\" data-end=\"2833\">\n<p data-start=\"2820\" data-end=\"2833\">Elektrik<\/p>\n<\/li>\n<\/ul>\n<p data-start=\"2835\" data-end=\"3006\">Gaz, LPG veya dizel ile \u00e7al\u0131\u015fan makineler i\u00e7in \u0131s\u0131tma br\u00fcl\u00f6rler taraf\u0131ndan sa\u011flan\u0131r. Elektrikle \u0131s\u0131t\u0131lan modellerde, verimli ve homojen \u0131s\u0131tma i\u00e7in kanatl\u0131 borulu \u0131s\u0131t\u0131c\u0131lar kullan\u0131l\u0131r. <\/p>\t\t\t\t\t\t\t\t<\/div>\n\t\t\t\t<\/div>\n\t\t\t\t\t<\/div>\n\t\t<\/div>\n\t\t\t\t\t<\/div>\n\t\t<\/section>\n\t\t\t\t<\/div>\n\t\t","protected":false},"excerpt":{"rendered":"<p>KURUYEM\u0130\u015e KAVURMA MAK\u0130NASI https:\/\/www.youtube.com\/watch?v=JGFY-uy1Wb8 Bu kuruyemi\u015f kavurma AISI 304 paslanmaz \u00e7elik kalite band\u0131 ile \u00e7al\u0131\u015fan bu bant, \u00fcr\u00fcnleri kavurma ve so\u011futma odalar\u0131 boyunca s\u00fcrekli olarak hareket ettirir. \u00dcr\u00fcnler kavurucunun giri\u015f bunkerine y\u00fcklendikten sonra do\u011frudan s\u00fcrekli hareket eden band\u0131n \u00fczerine yerle\u015ftirilir. Bant, \u00fcr\u00fcnleri \u00f6nce alttan \u0131s\u0131t\u0131lm\u0131\u015f havan\u0131n uyguland\u0131\u011f\u0131 birinci kavurma odas\u0131na ta\u015f\u0131r. Ard\u0131ndan \u00fcr\u00fcnler, \u00fcstten \u0131s\u0131t\u0131lm\u0131\u015f &hellip;<\/p>\n<p class=\"read-more\"> <a class=\"\" href=\"https:\/\/machinecastle.com\/tr\/kuruyemis-kavurma-makinasi\/\"> <span class=\"screen-reader-text\">Kuruyemi\u015f Kavurma Makinas\u0131<\/span> Devam\u0131 &raquo;<\/a><\/p>\n","protected":false},"author":1,"featured_media":0,"parent":0,"menu_order":0,"comment_status":"closed","ping_status":"closed","template":"","meta":{"site-sidebar-layout":"default","site-content-layout":"","ast-site-content-layout":"default","site-content-style":"default","site-sidebar-style":"default","ast-global-header-display":"","ast-banner-title-visibility":"","ast-main-header-display":"","ast-hfb-above-header-display":"","ast-hfb-below-header-display":"","ast-hfb-mobile-header-display":"","site-post-title":"","ast-breadcrumbs-content":"","ast-featured-img":"","footer-sml-layout":"","theme-transparent-header-meta":"","adv-header-id-meta":"","stick-header-meta":"","header-above-stick-meta":"","header-main-stick-meta":"","header-below-stick-meta":"","astra-migrate-meta-layouts":"default","ast-page-background-enabled":"default","ast-page-background-meta":{"desktop":{"background-color":"","background-image":"","background-repeat":"repeat","background-position":"center center","background-size":"auto","background-attachment":"scroll","background-type":"","background-media":"","overlay-type":"","overlay-color":"","overlay-gradient":""},"tablet":{"background-color":"","background-image":"","background-repeat":"repeat","background-position":"center center","background-size":"auto","background-attachment":"scroll","background-type":"","background-media":"","overlay-type":"","overlay-color":"","overlay-gradient":""},"mobile":{"background-color":"","background-image":"","background-repeat":"repeat","background-position":"center center","background-size":"auto","background-attachment":"scroll","background-type":"","background-media":"","overlay-type":"","overlay-color":"","overlay-gradient":""}},"ast-content-background-meta":{"desktop":{"background-color":"var(--ast-global-color-5)","background-image":"","background-repeat":"repeat","background-position":"center center","background-size":"auto","background-attachment":"scroll","background-type":"","background-media":"","overlay-type":"","overlay-color":"","overlay-gradient":""},"tablet":{"background-color":"var(--ast-global-color-5)","background-image":"","background-repeat":"repeat","background-position":"center center","background-size":"auto","background-attachment":"scroll","background-type":"","background-media":"","overlay-type":"","overlay-color":"","overlay-gradient":""},"mobile":{"background-color":"var(--ast-global-color-5)","background-image":"","background-repeat":"repeat","background-position":"center center","background-size":"auto","background-attachment":"scroll","background-type":"","background-media":"","overlay-type":"","overlay-color":"","overlay-gradient":""}},"footnotes":""},"class_list":["post-9079","page","type-page","status-publish","hentry"],"_links":{"self":[{"href":"https:\/\/machinecastle.com\/tr\/wp-json\/wp\/v2\/pages\/9079","targetHints":{"allow":["GET"]}}],"collection":[{"href":"https:\/\/machinecastle.com\/tr\/wp-json\/wp\/v2\/pages"}],"about":[{"href":"https:\/\/machinecastle.com\/tr\/wp-json\/wp\/v2\/types\/page"}],"author":[{"embeddable":true,"href":"https:\/\/machinecastle.com\/tr\/wp-json\/wp\/v2\/users\/1"}],"replies":[{"embeddable":true,"href":"https:\/\/machinecastle.com\/tr\/wp-json\/wp\/v2\/comments?post=9079"}],"version-history":[{"count":1,"href":"https:\/\/machinecastle.com\/tr\/wp-json\/wp\/v2\/pages\/9079\/revisions"}],"predecessor-version":[{"id":9080,"href":"https:\/\/machinecastle.com\/tr\/wp-json\/wp\/v2\/pages\/9079\/revisions\/9080"}],"wp:attachment":[{"href":"https:\/\/machinecastle.com\/tr\/wp-json\/wp\/v2\/media?parent=9079"}],"curies":[{"name":"wp","href":"https:\/\/api.w.org\/{rel}","templated":true}]}}