{"id":9073,"date":"2025-04-16T08:01:58","date_gmt":"2025-04-16T08:01:58","guid":{"rendered":"https:\/\/machinecastle.com\/havali-tip-kuruyemis-kavurma-makinesi-ve-doner-kuruyemis-kavurma\/"},"modified":"2025-07-22T08:40:10","modified_gmt":"2025-07-22T08:40:10","slug":"havali-tip-kuruyemis-kavurma-makinesi-ve-doner-kuruyemis-kavurma","status":"publish","type":"page","link":"https:\/\/machinecastle.com\/tr\/havali-tip-kuruyemis-kavurma-makinesi-ve-doner-kuruyemis-kavurma\/","title":{"rendered":"Haval\u0131 Tip Kuruyemi\u015f Kavurma Makinesi ve D\u00f6ner Kuruyemi\u015f Kavurma"},"content":{"rendered":"\t\t<div data-elementor-type=\"wp-page\" data-elementor-id=\"9073\" class=\"elementor elementor-9073 elementor-9009\">\n\t\t\t\t\t\t<section class=\"elementor-section elementor-top-section elementor-element elementor-element-ded9af0 elementor-section-boxed elementor-section-height-default elementor-section-height-default\" data-id=\"ded9af0\" data-element_type=\"section\">\n\t\t\t\t\t\t<div class=\"elementor-container elementor-column-gap-default\">\n\t\t\t\t\t<div class=\"elementor-column elementor-col-100 elementor-top-column elementor-element elementor-element-6ac022a\" data-id=\"6ac022a\" data-element_type=\"column\">\n\t\t\t<div class=\"elementor-widget-wrap elementor-element-populated\">\n\t\t\t\t\t\t<div class=\"elementor-element elementor-element-f52d7e8 elementor-widget elementor-widget-heading\" data-id=\"f52d7e8\" data-element_type=\"widget\" data-widget_type=\"heading.default\">\n\t\t\t\t<div class=\"elementor-widget-container\">\n\t\t\t\t\t<h2 class=\"elementor-heading-title elementor-size-default\">HAVALI TI\u0307P KURUYEMI\u0307\u015e KAVURMA MAKI\u0307NESI\u0307 VE D\u00d6NER KURUYEMI\u0307\u015e KAVURMA MAKI\u0307NESI\u0307<\/h2>\t\t\t\t<\/div>\n\t\t\t\t<\/div>\n\t\t\t\t\t<\/div>\n\t\t<\/div>\n\t\t\t\t\t<\/div>\n\t\t<\/section>\n\t\t\t\t<section class=\"elementor-section elementor-top-section elementor-element elementor-element-35c49c6 elementor-section-boxed elementor-section-height-default elementor-section-height-default\" data-id=\"35c49c6\" data-element_type=\"section\">\n\t\t\t\t\t\t<div class=\"elementor-container elementor-column-gap-default\">\n\t\t\t\t\t<div class=\"elementor-column elementor-col-50 elementor-top-column elementor-element elementor-element-335d99c\" data-id=\"335d99c\" data-element_type=\"column\">\n\t\t\t<div class=\"elementor-widget-wrap elementor-element-populated\">\n\t\t\t\t\t\t<div class=\"elementor-element elementor-element-300c5c0 elementor-widget elementor-widget-video\" data-id=\"300c5c0\" data-element_type=\"widget\" data-settings=\"{&quot;youtube_url&quot;:&quot;https:\\\/\\\/www.youtube.com\\\/watch?v=OGQpmRaruxo&quot;,&quot;video_type&quot;:&quot;youtube&quot;,&quot;controls&quot;:&quot;yes&quot;}\" data-widget_type=\"video.default\">\n\t\t\t\t<div class=\"elementor-widget-container\">\n\t\t\t\t\t\t\t<div class=\"elementor-wrapper elementor-open-inline\">\n\t\t\t<div class=\"elementor-video\"><\/div>\t\t<\/div>\n\t\t\t\t\t\t<\/div>\n\t\t\t\t<\/div>\n\t\t\t\t\t<\/div>\n\t\t<\/div>\n\t\t\t\t<div class=\"elementor-column elementor-col-50 elementor-top-column elementor-element elementor-element-ba7f8c6\" data-id=\"ba7f8c6\" data-element_type=\"column\">\n\t\t\t<div class=\"elementor-widget-wrap elementor-element-populated\">\n\t\t\t\t\t\t<div class=\"elementor-element elementor-element-424deea elementor-widget elementor-widget-video\" data-id=\"424deea\" data-element_type=\"widget\" data-settings=\"{&quot;youtube_url&quot;:&quot;https:\\\/\\\/youtu.be\\\/bbpnGMDn6zI&quot;,&quot;video_type&quot;:&quot;youtube&quot;,&quot;controls&quot;:&quot;yes&quot;}\" data-widget_type=\"video.default\">\n\t\t\t\t<div class=\"elementor-widget-container\">\n\t\t\t\t\t\t\t<div class=\"elementor-wrapper elementor-open-inline\">\n\t\t\t<div class=\"elementor-video\"><\/div>\t\t<\/div>\n\t\t\t\t\t\t<\/div>\n\t\t\t\t<\/div>\n\t\t\t\t\t<\/div>\n\t\t<\/div>\n\t\t\t\t\t<\/div>\n\t\t<\/section>\n\t\t\t\t<section class=\"elementor-section elementor-top-section elementor-element elementor-element-2c2ddf7 elementor-section-boxed elementor-section-height-default elementor-section-height-default\" data-id=\"2c2ddf7\" data-element_type=\"section\">\n\t\t\t\t\t\t<div class=\"elementor-container elementor-column-gap-default\">\n\t\t\t\t\t<div class=\"elementor-column elementor-col-100 elementor-top-column elementor-element elementor-element-eac859c\" data-id=\"eac859c\" data-element_type=\"column\">\n\t\t\t<div class=\"elementor-widget-wrap elementor-element-populated\">\n\t\t\t\t\t\t<div class=\"elementor-element elementor-element-e007c9a elementor-widget elementor-widget-text-editor\" data-id=\"e007c9a\" data-element_type=\"widget\" data-widget_type=\"text-editor.default\">\n\t\t\t\t<div class=\"elementor-widget-container\">\n\t\t\t\t\t\t\t\t\t<p>End\u00fcstriyel d\u00fczeyde kuruyemi\u015f kavurma s\u00f6z konusu oldu\u011funda, do\u011fru ekipman\u0131 se\u00e7mek lezzet tutarl\u0131l\u0131\u011f\u0131, verimlilik ve \u00fcr\u00fcn kalitesini sa\u011flamak i\u00e7in \u00e7ok \u00f6nemlidir. En yayg\u0131n se\u00e7eneklerden ikisi <strong data-start=\"448\" data-end=\"474\">Hava Tipi Bantl\u0131 Kavurucular<\/strong> ve <strong data-start=\"479\" data-end=\"505\">D\u00f6ner Tamburlu Kavuruculard\u0131<\/strong>r. Her birinin kendine \u00f6zg\u00fc avantajlar\u0131 ve kullan\u0131m alanlar\u0131 vard\u0131r.<\/p>\t\t\t\t\t\t\t\t<\/div>\n\t\t\t\t<\/div>\n\t\t\t\t\t<\/div>\n\t\t<\/div>\n\t\t\t\t\t<\/div>\n\t\t<\/section>\n\t\t\t\t<section class=\"elementor-section elementor-top-section elementor-element elementor-element-96b7ee1 elementor-section-boxed elementor-section-height-default elementor-section-height-default\" data-id=\"96b7ee1\" data-element_type=\"section\">\n\t\t\t\t\t\t<div class=\"elementor-container elementor-column-gap-default\">\n\t\t\t\t\t<div class=\"elementor-column elementor-col-100 elementor-top-column elementor-element elementor-element-a2a0831\" data-id=\"a2a0831\" data-element_type=\"column\">\n\t\t\t<div class=\"elementor-widget-wrap elementor-element-populated\">\n\t\t\t\t\t\t<div class=\"elementor-element elementor-element-2ad6e5e elementor-widget elementor-widget-heading\" data-id=\"2ad6e5e\" data-element_type=\"widget\" data-widget_type=\"heading.default\">\n\t\t\t\t<div class=\"elementor-widget-container\">\n\t\t\t\t\t<h3 class=\"elementor-heading-title elementor-size-default\">Haval\u0131 ile Kavuran Kuruyemi\u015f Kavurma Makinesi:<\/h3>\t\t\t\t<\/div>\n\t\t\t\t<\/div>\n\t\t\t\t\t<\/div>\n\t\t<\/div>\n\t\t\t\t\t<\/div>\n\t\t<\/section>\n\t\t\t\t<section class=\"elementor-section elementor-top-section elementor-element elementor-element-226830e elementor-section-boxed elementor-section-height-default elementor-section-height-default\" data-id=\"226830e\" data-element_type=\"section\">\n\t\t\t\t\t\t<div class=\"elementor-container elementor-column-gap-default\">\n\t\t\t\t\t<div class=\"elementor-column elementor-col-100 elementor-top-column elementor-element elementor-element-8f9ff50\" data-id=\"8f9ff50\" data-element_type=\"column\">\n\t\t\t<div class=\"elementor-widget-wrap elementor-element-populated\">\n\t\t\t\t\t\t<div class=\"elementor-element elementor-element-9ac97ad elementor-widget elementor-widget-text-editor\" data-id=\"9ac97ad\" data-element_type=\"widget\" data-widget_type=\"text-editor.default\">\n\t\t\t\t<div class=\"elementor-widget-container\">\n\t\t\t\t\t\t\t\t\t<p>Bant tipi kuruyemi\u015f kavurucular\u0131nda \u00fcr\u00fcnler \u0131s\u0131t\u0131lm\u0131\u015f hava kullan\u0131larak kavrulur. Giri\u015f hunisi kuruyemi\u015flerle doldurulduktan ve parametreler (bant h\u0131z\u0131 ve kavurma derecesi) ayarland\u0131ktan sonra, bant s\u00fcrekli olarak hareket eder ve kuruyemi\u015fleri \u00e7\u0131k\u0131\u015fa do\u011fru ta\u015f\u0131r. \u0130ki kavurma odas\u0131 vard\u0131r: birincisi \u0131s\u0131t\u0131lm\u0131\u015f havay\u0131 sirk\u00fcle etmek i\u00e7in bir alt fan kullan\u0131r ve ikincisi bir \u00fcst fan kullan\u0131r. Bu ikili hava ak\u0131\u015f\u0131, zaman i\u00e7inde e\u015fit kavurma sa\u011flar. Kavurma i\u015fleminden sonra kuruyemi\u015fler so\u011futma odas\u0131na aktar\u0131l\u0131r ve burada h\u0131zla so\u011futularak paketlemeye haz\u0131r hale getirilir. Bant tipi kavurucular i\u00e7in yak\u0131t se\u00e7enekleri aras\u0131nda Gaz, LPG, Dizel ve Elektrik bulunur. Gazl\u0131, LPG&#8217;li veya Dizel modellerde \u0131s\u0131tma i\u00e7in br\u00fcl\u00f6rler kullan\u0131l\u0131r. Elektrikli modellerde kanatl\u0131 borulu \u0131s\u0131t\u0131c\u0131lar kullan\u0131l\u0131r.<\/p><p>Bu makine, kullan\u0131c\u0131lar\u0131n tutarl\u0131 sonu\u00e7lar i\u00e7in tarifler olu\u015fturmas\u0131na ve kaydetmesine olanak tan\u0131yan dokunmatik ekranl\u0131 bir kontrol paneline sahiptir. Operat\u00f6r\u00fcn \u00fcr\u00fcn\u00fc manuel olarak \u00e7\u0131karmas\u0131na gerek yoktur, kuruyemi\u015fler otomatik olarak \u00e7\u0131k\u0131\u015f haznesine bo\u015falt\u0131l\u0131r.<\/p><p class=\"\" data-start=\"589\" data-end=\"846\">Temel \u00f6zellikler \u015funlard\u0131r:<\/p><ul data-start=\"848\" data-end=\"1129\"><li class=\"\" data-start=\"848\" data-end=\"907\"><p class=\"\" data-start=\"850\" data-end=\"907\">\u00c7ift hava ak\u0131\u015f\u0131 sayesinde <strong data-start=\"850\" data-end=\"882\">tutarl\u0131, homojen kavurma<\/strong>.<\/p><\/li><li class=\"\" data-start=\"908\" data-end=\"956\"><p class=\"\" data-start=\"910\" data-end=\"956\">Dokunmatik ekran kontrolleri ile <strong data-start=\"910\" data-end=\"929\">tam otomatik<\/strong>.<\/p><\/li><li class=\"\" data-start=\"957\" data-end=\"1010\"><p class=\"\" data-start=\"959\" data-end=\"1010\">Tekrarlanabilir sonu\u00e7lar i\u00e7in <strong data-start=\"970\" data-end=\"986\">tarifleri kaydedebilme<\/strong>.<\/p><\/li><li class=\"\" data-start=\"1011\" data-end=\"1058\"><p class=\"\" data-start=\"1013\" data-end=\"1058\">Kavrulmu\u015f \u00fcr\u00fcnlerin <strong data-start=\"1013\" data-end=\"1037\">eller serbest bo\u015falt\u0131lmas\u0131<\/strong>.<\/p><\/li><li class=\"\" data-start=\"1059\" data-end=\"1129\"><p class=\"\" data-start=\"1061\" data-end=\"1129\">Birden fazla yak\u0131t se\u00e7ene\u011fi mevcuttur: Gaz, LPG, Dizel veya Elektrikli.<\/p><\/li><\/ul><p class=\"\" data-start=\"1131\" data-end=\"1218\">Tutarl\u0131l\u0131k ve otomasyon gerektiren y\u00fcksek kapasiteli \u00fcretim ortamlar\u0131 i\u00e7in idealdir.<\/p>\t\t\t\t\t\t\t\t<\/div>\n\t\t\t\t<\/div>\n\t\t\t\t\t<\/div>\n\t\t<\/div>\n\t\t\t\t\t<\/div>\n\t\t<\/section>\n\t\t\t\t<section class=\"elementor-section elementor-top-section elementor-element elementor-element-e495507 elementor-section-boxed elementor-section-height-default elementor-section-height-default\" data-id=\"e495507\" data-element_type=\"section\">\n\t\t\t\t\t\t<div class=\"elementor-container elementor-column-gap-default\">\n\t\t\t\t\t<div class=\"elementor-column elementor-col-100 elementor-top-column elementor-element elementor-element-f44c930\" data-id=\"f44c930\" data-element_type=\"column\">\n\t\t\t<div class=\"elementor-widget-wrap elementor-element-populated\">\n\t\t\t\t\t\t<div class=\"elementor-element elementor-element-31741eb elementor-widget elementor-widget-heading\" data-id=\"31741eb\" data-element_type=\"widget\" data-widget_type=\"heading.default\">\n\t\t\t\t<div class=\"elementor-widget-container\">\n\t\t\t\t\t<h3 class=\"elementor-heading-title elementor-size-default\">D\u00f6ner Kuruyemi\u015f Kavurma Makinesi:<\/h3>\t\t\t\t<\/div>\n\t\t\t\t<\/div>\n\t\t\t\t\t<\/div>\n\t\t<\/div>\n\t\t\t\t\t<\/div>\n\t\t<\/section>\n\t\t\t\t<section class=\"elementor-section elementor-top-section elementor-element elementor-element-e2e2329 elementor-section-boxed elementor-section-height-default elementor-section-height-default\" data-id=\"e2e2329\" data-element_type=\"section\">\n\t\t\t\t\t\t<div class=\"elementor-container elementor-column-gap-default\">\n\t\t\t\t\t<div class=\"elementor-column elementor-col-100 elementor-top-column elementor-element elementor-element-5af1b71\" data-id=\"5af1b71\" data-element_type=\"column\">\n\t\t\t<div class=\"elementor-widget-wrap elementor-element-populated\">\n\t\t\t\t\t\t<div class=\"elementor-element elementor-element-7f157ba elementor-widget elementor-widget-text-editor\" data-id=\"7f157ba\" data-element_type=\"widget\" data-widget_type=\"text-editor.default\">\n\t\t\t\t<div class=\"elementor-widget-container\">\n\t\t\t\t\t\t\t\t\t<p>D\u00f6ner tamburlu kavurucu, kuruyemi\u015fleri \u0131s\u0131t\u0131lm\u0131\u015f, d\u00f6nen bir tambur i\u00e7inde kavurur. Gaz, LPG, Dizel veya Elektrik ile \u00e7al\u0131\u015fabilir. \u0130stenen s\u0131cakl\u0131\u011fa ula\u015f\u0131ld\u0131\u011f\u0131nda, operat\u00f6r tambur d\u00f6nerken kuruyemi\u015fler y\u00fckler. Kavurma i\u015fleminden sonra kuruyemi\u015fler bir tutamak kullan\u0131larak bo\u015falt\u0131l\u0131r. Pop\u00fcler bir y\u00f6ntem de kuruyemi\u015flerin \u0131s\u0131t\u0131lm\u0131\u015f tuz i\u00e7inde kavrulmas\u0131d\u0131r. \u0130ki bo\u015faltma kolu vard\u0131r: biri kuruyemi\u015fleri \u00e7\u0131karmak i\u00e7in, di\u011feri ise tuzu veya art\u0131k \u00fcr\u00fcnleri \u00e7\u0131karmak i\u00e7in. \u00a0<\/p><p>Bu modelde so\u011futma sistemi yoktur, bu nedenle somunlar do\u011fal olarak so\u011fumas\u0131 i\u00e7in ba\u015fka bir yere ta\u015f\u0131n\u0131r. Operat\u00f6r yaln\u0131zca tambur h\u0131z\u0131n\u0131 ve \u0131s\u0131y\u0131 kontrol eder; tarif tasarrufu sa\u011flayan bir teknoloji yoktur, bu nedenle tutarl\u0131 sonu\u00e7lar tamamen operat\u00f6r\u00fcn becerisine ba\u011fl\u0131d\u0131r.<\/p><p data-start=\"1255\" data-end=\"1414\">Temel \u00f6zellikler:<\/p><ul data-start=\"1416\" data-end=\"1650\"><li data-start=\"1416\" data-end=\"1472\"><p data-start=\"1418\" data-end=\"1472\">Manuel olarak \u00e7al\u0131\u015ft\u0131r\u0131l\u0131r; <strong data-start=\"1437\" data-end=\"1457\">tarif haf\u0131zas\u0131<\/strong> veya otomasyon <strong data-start=\"1437\" data-end=\"1457\">yoktur<\/strong>.<\/p><\/li><li data-start=\"1473\" data-end=\"1533\"><p data-start=\"1475\" data-end=\"1533\"><strong data-start=\"1475\" data-end=\"1500\">Entegre so\u011futma yok<\/strong> &#8211; \u00fcr\u00fcnler ayr\u0131 ayr\u0131 so\u011futulmal\u0131d\u0131r.<\/p><\/li><li data-start=\"1534\" data-end=\"1596\"><p data-start=\"1536\" data-end=\"1596\">\u00c7ift kulp kullanarak <strong data-start=\"1536\" data-end=\"1556\">manuel bo\u015faltma<\/strong> (kuruyemi\u015fler ve tuz i\u00e7in).<\/p><\/li><li data-start=\"1597\" data-end=\"1650\"><p data-start=\"1599\" data-end=\"1650\"><strong data-start=\"1612\" data-end=\"1649\">\u00d6zel kavurma<\/strong> i\u00e7in uygundur.<\/p><\/li><\/ul><div>K\u0131zartmalar\u0131 \u00fczerinde kontrol sahibi olmak isteyen veya k\u00fc\u00e7\u00fck, \u00f6zel partiler \u00fcreten i\u015fletmeler i\u00e7in m\u00fckemmeldir.<\/div>\t\t\t\t\t\t\t\t<\/div>\n\t\t\t\t<\/div>\n\t\t\t\t\t<\/div>\n\t\t<\/div>\n\t\t\t\t\t<\/div>\n\t\t<\/section>\n\t\t\t\t<section class=\"elementor-section elementor-top-section elementor-element elementor-element-79c4668 elementor-section-boxed elementor-section-height-default elementor-section-height-default\" data-id=\"79c4668\" data-element_type=\"section\">\n\t\t\t\t\t\t<div class=\"elementor-container elementor-column-gap-default\">\n\t\t\t\t\t<div class=\"elementor-column elementor-col-100 elementor-top-column elementor-element elementor-element-3f46634\" data-id=\"3f46634\" data-element_type=\"column\">\n\t\t\t<div class=\"elementor-widget-wrap elementor-element-populated\">\n\t\t\t\t\t\t<div class=\"elementor-element elementor-element-8b08a75 elementor-widget elementor-widget-heading\" data-id=\"8b08a75\" data-element_type=\"widget\" data-widget_type=\"heading.default\">\n\t\t\t\t<div class=\"elementor-widget-container\">\n\t\t\t\t\t<h4 class=\"elementor-heading-title elementor-size-default\">Hangisini Se\u00e7meli?<\/h4>\t\t\t\t<\/div>\n\t\t\t\t<\/div>\n\t\t\t\t\t<\/div>\n\t\t<\/div>\n\t\t\t\t\t<\/div>\n\t\t<\/section>\n\t\t\t\t<section class=\"elementor-section elementor-top-section elementor-element elementor-element-bcbeb19 elementor-section-boxed elementor-section-height-default elementor-section-height-default\" data-id=\"bcbeb19\" data-element_type=\"section\">\n\t\t\t\t\t\t<div class=\"elementor-container elementor-column-gap-default\">\n\t\t\t\t\t<div class=\"elementor-column elementor-col-100 elementor-top-column elementor-element elementor-element-1f4ecc5\" data-id=\"1f4ecc5\" data-element_type=\"column\">\n\t\t\t<div class=\"elementor-widget-wrap elementor-element-populated\">\n\t\t\t\t\t\t<div class=\"elementor-element elementor-element-957d0ad elementor-widget elementor-widget-text-editor\" data-id=\"957d0ad\" data-element_type=\"widget\" data-widget_type=\"text-editor.default\">\n\t\t\t\t<div class=\"elementor-widget-container\">\n\t\t\t\t\t\t\t\t\t<ul>\n<li data-start=\"1783\" data-end=\"1880\">\n<p data-start=\"1785\" data-end=\"1880\">Otomasyona, kullan\u0131m kolayl\u0131\u011f\u0131na ve tutarl\u0131 \u00e7\u0131kt\u0131ya ihtiyac\u0131n\u0131z varsa <strong data-start=\"1792\" data-end=\"1818\">Haval\u0131 Tip Bantl\u0131 Kavurucular\u0131<\/strong> se\u00e7in.<\/p>\n<\/li>\n<li data-start=\"1881\" data-end=\"2019\">\n<p data-start=\"1883\" data-end=\"2019\">Manuel kontrol\u00fc tercih ediyorsan\u0131z veya geleneksel y\u00f6ntemleri kullanmak ve \u00fcr\u00fcnleri tuz gibi ilave lezzet unsurlar\u0131yla birlikte <strong data-start=\"1891\" data-end=\"1917\">kavurmak<\/strong> istiyorsan\u0131z <strong data-start=\"1891\" data-end=\"1917\">D\u00f6ner Tamburlu Kavurma<\/strong> Makinelerini tercih edin.<\/p>\n<\/li>\n<\/ul>\n\t\t\t\t\t\t\t\t<\/div>\n\t\t\t\t<\/div>\n\t\t\t\t\t<\/div>\n\t\t<\/div>\n\t\t\t\t\t<\/div>\n\t\t<\/section>\n\t\t\t\t<section class=\"elementor-section elementor-top-section elementor-element elementor-element-eca6517 elementor-section-boxed elementor-section-height-default elementor-section-height-default\" data-id=\"eca6517\" data-element_type=\"section\">\n\t\t\t\t\t\t<div class=\"elementor-container elementor-column-gap-default\">\n\t\t\t\t\t<div class=\"elementor-column elementor-col-50 elementor-top-column elementor-element elementor-element-66d2381\" data-id=\"66d2381\" data-element_type=\"column\">\n\t\t\t<div class=\"elementor-widget-wrap elementor-element-populated\">\n\t\t\t\t\t\t<div class=\"elementor-element elementor-element-ee0b37d elementor-widget elementor-widget-image\" data-id=\"ee0b37d\" data-element_type=\"widget\" data-widget_type=\"image.default\">\n\t\t\t\t<div class=\"elementor-widget-container\">\n\t\t\t\t\t\t\t\t\t\t\t\t<figure class=\"wp-caption\">\n\t\t\t\t\t\t\t\t\t\t\t<a href=\"https:\/\/machinecastle.com\/urun\/nuts-roaster\/\">\n\t\t\t\t\t\t\t<img fetchpriority=\"high\" decoding=\"async\" width=\"750\" height=\"630\" src=\"https:\/\/machinecastle.com\/wp-content\/uploads\/2025\/04\/Belt-Type-Nuts-Roaster-.png\" class=\"attachment-large size-large wp-image-9034\" alt=\"Belt Type Nuts Roaster\" srcset=\"https:\/\/machinecastle.com\/wp-content\/uploads\/2025\/04\/Belt-Type-Nuts-Roaster-.png 750w, https:\/\/machinecastle.com\/wp-content\/uploads\/2025\/04\/Belt-Type-Nuts-Roaster--300x252.png 300w, https:\/\/machinecastle.com\/wp-content\/uploads\/2025\/04\/Belt-Type-Nuts-Roaster--600x504.png 600w\" sizes=\"(max-width: 750px) 100vw, 750px\" \/>\t\t\t\t\t\t\t\t<\/a>\n\t\t\t\t\t\t\t\t\t\t\t<figcaption class=\"widget-image-caption wp-caption-text\">Haval\u0131 Kavurma Makinelerini G\u00f6rmek \u0130\u00e7in T\u0131klay\u0131n<\/figcaption>\n\t\t\t\t\t\t\t\t\t\t<\/figure>\n\t\t\t\t\t\t\t\t\t<\/div>\n\t\t\t\t<\/div>\n\t\t\t\t\t<\/div>\n\t\t<\/div>\n\t\t\t\t<div class=\"elementor-column elementor-col-50 elementor-top-column elementor-element elementor-element-4a73dd2\" data-id=\"4a73dd2\" data-element_type=\"column\">\n\t\t\t<div class=\"elementor-widget-wrap elementor-element-populated\">\n\t\t\t\t\t\t<div class=\"elementor-element elementor-element-b3c8dbf elementor-widget elementor-widget-image\" data-id=\"b3c8dbf\" data-element_type=\"widget\" data-widget_type=\"image.default\">\n\t\t\t\t<div class=\"elementor-widget-container\">\n\t\t\t\t\t\t\t\t\t\t\t\t<figure class=\"wp-caption\">\n\t\t\t\t\t\t\t\t\t\t\t<a href=\"https:\/\/machinecastle.com\/urun\/mc-30-nuts-roasting-machine\/\">\n\t\t\t\t\t\t\t<img decoding=\"async\" width=\"750\" height=\"628\" src=\"https:\/\/machinecastle.com\/wp-content\/uploads\/2025\/04\/rotating-nuts-roaster-.png\" class=\"attachment-large size-large wp-image-9041\" alt=\"rotating nuts roaster\" srcset=\"https:\/\/machinecastle.com\/wp-content\/uploads\/2025\/04\/rotating-nuts-roaster-.png 750w, https:\/\/machinecastle.com\/wp-content\/uploads\/2025\/04\/rotating-nuts-roaster--300x251.png 300w, https:\/\/machinecastle.com\/wp-content\/uploads\/2025\/04\/rotating-nuts-roaster--600x502.png 600w\" sizes=\"(max-width: 750px) 100vw, 750px\" \/>\t\t\t\t\t\t\t\t<\/a>\n\t\t\t\t\t\t\t\t\t\t\t<figcaption class=\"widget-image-caption wp-caption-text\">D\u00f6ner Kavurma Makinelerini G\u00f6rmek \u0130\u00e7in T\u0131klay\u0131n\u0131z<\/figcaption>\n\t\t\t\t\t\t\t\t\t\t<\/figure>\n\t\t\t\t\t\t\t\t\t<\/div>\n\t\t\t\t<\/div>\n\t\t\t\t\t<\/div>\n\t\t<\/div>\n\t\t\t\t\t<\/div>\n\t\t<\/section>\n\t\t\t\t<\/div>\n\t\t","protected":false},"excerpt":{"rendered":"<p>HAVALI TI\u0307P KURUYEMI\u0307\u015e KAVURMA MAKI\u0307NESI\u0307 VE D\u00d6NER KURUYEMI\u0307\u015e KAVURMA MAKI\u0307NESI\u0307 https:\/\/www.youtube.com\/watch?v=OGQpmRaruxohttps:\/\/youtu.be\/bbpnGMDn6zI End\u00fcstriyel d\u00fczeyde kuruyemi\u015f kavurma s\u00f6z konusu oldu\u011funda, do\u011fru ekipman\u0131 se\u00e7mek lezzet tutarl\u0131l\u0131\u011f\u0131, verimlilik ve \u00fcr\u00fcn kalitesini sa\u011flamak i\u00e7in \u00e7ok \u00f6nemlidir. En yayg\u0131n se\u00e7eneklerden ikisi Hava Tipi Bantl\u0131 Kavurucular ve D\u00f6ner Tamburlu Kavuruculard\u0131r. Her birinin kendine \u00f6zg\u00fc avantajlar\u0131 ve kullan\u0131m alanlar\u0131 vard\u0131r. Haval\u0131 ile Kavuran &hellip;<\/p>\n<p class=\"read-more\"> <a class=\"\" href=\"https:\/\/machinecastle.com\/tr\/havali-tip-kuruyemis-kavurma-makinesi-ve-doner-kuruyemis-kavurma\/\"> <span class=\"screen-reader-text\">Haval\u0131 Tip Kuruyemi\u015f Kavurma Makinesi ve D\u00f6ner Kuruyemi\u015f Kavurma<\/span> Devam\u0131 &raquo;<\/a><\/p>\n","protected":false},"author":1,"featured_media":0,"parent":0,"menu_order":0,"comment_status":"closed","ping_status":"closed","template":"","meta":{"site-sidebar-layout":"no-sidebar","site-content-layout":"page-builder","ast-site-content-layout":"full-width-container","site-content-style":"default","site-sidebar-style":"default","ast-global-header-display":"","ast-banner-title-visibility":"","ast-main-header-display":"","ast-hfb-above-header-display":"","ast-hfb-below-header-display":"","ast-hfb-mobile-header-display":"","site-post-title":"disabled","ast-breadcrumbs-content":"","ast-featured-img":"disabled","footer-sml-layout":"","theme-transparent-header-meta":"","adv-header-id-meta":"","stick-header-meta":"","header-above-stick-meta":"","header-main-stick-meta":"","header-below-stick-meta":"","astra-migrate-meta-layouts":"default","ast-page-background-enabled":"default","ast-page-background-meta":{"desktop":{"background-color":"","background-image":"","background-repeat":"repeat","background-position":"center center","background-size":"auto","background-attachment":"scroll","background-type":"","background-media":"","overlay-type":"","overlay-color":"","overlay-gradient":""},"tablet":{"background-color":"","background-image":"","background-repeat":"repeat","background-position":"center center","background-size":"auto","background-attachment":"scroll","background-type":"","background-media":"","overlay-type":"","overlay-color":"","overlay-gradient":""},"mobile":{"background-color":"","background-image":"","background-repeat":"repeat","background-position":"center center","background-size":"auto","background-attachment":"scroll","background-type":"","background-media":"","overlay-type":"","overlay-color":"","overlay-gradient":""}},"ast-content-background-meta":{"desktop":{"background-color":"var(--ast-global-color-5)","background-image":"","background-repeat":"repeat","background-position":"center center","background-size":"auto","background-attachment":"scroll","background-type":"","background-media":"","overlay-type":"","overlay-color":"","overlay-gradient":""},"tablet":{"background-color":"var(--ast-global-color-5)","background-image":"","background-repeat":"repeat","background-position":"center center","background-size":"auto","background-attachment":"scroll","background-type":"","background-media":"","overlay-type":"","overlay-color":"","overlay-gradient":""},"mobile":{"background-color":"var(--ast-global-color-5)","background-image":"","background-repeat":"repeat","background-position":"center center","background-size":"auto","background-attachment":"scroll","background-type":"","background-media":"","overlay-type":"","overlay-color":"","overlay-gradient":""}},"footnotes":""},"class_list":["post-9073","page","type-page","status-publish","hentry"],"_links":{"self":[{"href":"https:\/\/machinecastle.com\/tr\/wp-json\/wp\/v2\/pages\/9073","targetHints":{"allow":["GET"]}}],"collection":[{"href":"https:\/\/machinecastle.com\/tr\/wp-json\/wp\/v2\/pages"}],"about":[{"href":"https:\/\/machinecastle.com\/tr\/wp-json\/wp\/v2\/types\/page"}],"author":[{"embeddable":true,"href":"https:\/\/machinecastle.com\/tr\/wp-json\/wp\/v2\/users\/1"}],"replies":[{"embeddable":true,"href":"https:\/\/machinecastle.com\/tr\/wp-json\/wp\/v2\/comments?post=9073"}],"version-history":[{"count":17,"href":"https:\/\/machinecastle.com\/tr\/wp-json\/wp\/v2\/pages\/9073\/revisions"}],"predecessor-version":[{"id":9218,"href":"https:\/\/machinecastle.com\/tr\/wp-json\/wp\/v2\/pages\/9073\/revisions\/9218"}],"wp:attachment":[{"href":"https:\/\/machinecastle.com\/tr\/wp-json\/wp\/v2\/media?parent=9073"}],"curies":[{"name":"wp","href":"https:\/\/api.w.org\/{rel}","templated":true}]}}