{"id":7476,"date":"2022-01-29T08:15:33","date_gmt":"2022-01-29T08:15:33","guid":{"rendered":"https:\/\/machinecastle.com\/en-kisa-sure-icerisinde-geri-tarafiniza-geri-donus-yapilacaktir\/"},"modified":"2023-11-19T15:06:16","modified_gmt":"2023-11-19T15:06:16","slug":"en-kisa-sure-icerisinde-geri-tarafiniza-geri-donus-yapilacaktir","status":"publish","type":"page","link":"https:\/\/machinecastle.com\/tr\/en-kisa-sure-icerisinde-geri-tarafiniza-geri-donus-yapilacaktir\/","title":{"rendered":"EN KISA S\u00dcRE \u0130\u00c7ER\u0130S\u0130NDE TARAFINIZA GER\u0130 D\u00d6N\u00dc\u015e YAPILACAKTIR"},"content":{"rendered":"\n<div class=\"wp-block-cover alignfull has-parallax has-custom-content-position is-position-bottom-center\" style=\"min-height:694px;aspect-ratio:unset;\"><span aria-hidden=\"true\" class=\"wp-block-cover__background has-background-dim\" style=\"background-color:#ffffff\"><\/span><div role=\"img\" class=\"wp-block-cover__image-background wp-image-1169 has-parallax\" style=\"background-position:50% 50%;background-image:url(https:\/\/machinecastle.com\/wp-content\/uploads\/2022\/01\/hero2.jpg)\"><\/div><div class=\"wp-block-cover__inner-container is-layout-flow wp-block-cover-is-layout-flow\">\n<div class=\"wp-block-columns alignwide are-vertically-aligned-top is-layout-flex wp-container-core-columns-is-layout-28f84493 wp-block-columns-is-layout-flex\">\n<div class=\"wp-block-column is-vertically-aligned-top is-layout-flow wp-block-column-is-layout-flow\" style=\"flex-basis:70%\">\n<h1 class=\"wp-block-heading has-text-color\" id=\"thank-you-very-much-for-contacting-us\" style=\"color:#171717\">bizimle ileti\u015fime ge\u00e7ti\u011finiz i\u00e7in <br\/>te\u015fekk\u00fcrler <\/h1>\n<\/div>\n\n\n\n<div class=\"wp-block-column is-vertically-aligned-top is-layout-flow wp-block-column-is-layout-flow\" style=\"flex-basis:30%\">\n<div class=\"inherit-container-width wp-block-group alignfull has-background is-layout-constrained wp-block-group-is-layout-constrained\" style=\"background-color:#ffffff\"><div class=\"wp-block-group__inner-container\">\n<h3 class=\"wp-block-heading has-text-color\" id=\"that-is-it\" style=\"color:#000000\">\u0130\u015fte Bu kadar!<\/h3>\n\n\n\n<p class=\"has-text-color\" style=\"color:#000000\"><strong>24 saat i\u00e7erisinde taraf\u0131m\u0131zca aranacak ya da tarafam\u0131zdan mail alacaks\u0131n\u0131z.<\/strong> <strong>Bir temsilcimiz sizinle ileti\u015fime ge\u00e7ecektir. \u0130yi G\u00fcnler Dileriz \ud83d\ude42<\/strong><\/p>\n<\/div><\/div>\n<\/div>\n<\/div>\n\n\n\n<div style=\"height:258px\" aria-hidden=\"true\" class=\"wp-block-spacer\"><\/div>\n<\/div><\/div>\n","protected":false},"excerpt":{"rendered":"","protected":false},"author":1,"featured_media":0,"parent":0,"menu_order":0,"comment_status":"closed","ping_status":"closed","template":"","meta":{"site-sidebar-layout":"default","site-content-layout":"","ast-site-content-layout":"","site-content-style":"default","site-sidebar-style":"default","ast-global-header-display":"","ast-banner-title-visibility":"","ast-main-header-display":"","ast-hfb-above-header-display":"","ast-hfb-below-header-display":"","ast-hfb-mobile-header-display":"","site-post-title":"","ast-breadcrumbs-content":"","ast-featured-img":"","footer-sml-layout":"","theme-transparent-header-meta":"","adv-header-id-meta":"","stick-header-meta":"","header-above-stick-meta":"","header-main-stick-meta":"","header-below-stick-meta":"","astra-migrate-meta-layouts":"default","ast-page-background-enabled":"default","ast-page-background-meta":{"desktop":{"background-color":"","background-image":"","background-repeat":"repeat","background-position":"center center","background-size":"auto","background-attachment":"scroll","background-type":"","background-media":"","overlay-type":"","overlay-color":"","overlay-gradient":""},"tablet":{"background-color":"","background-image":"","background-repeat":"repeat","background-position":"center center","background-size":"auto","background-attachment":"scroll","background-type":"","background-media":"","overlay-type":"","overlay-color":"","overlay-gradient":""},"mobile":{"background-color":"","background-image":"","background-repeat":"repeat","background-position":"center center","background-size":"auto","background-attachment":"scroll","background-type":"","background-media":"","overlay-type":"","overlay-color":"","overlay-gradient":""}},"ast-content-background-meta":{"desktop":{"background-color":"var(--ast-global-color-5)","background-image":"","background-repeat":"repeat","background-position":"center center","background-size":"auto","background-attachment":"scroll","background-type":"","background-media":"","overlay-type":"","overlay-color":"","overlay-gradient":""},"tablet":{"background-color":"var(--ast-global-color-5)","background-image":"","background-repeat":"repeat","background-position":"center center","background-size":"auto","background-attachment":"scroll","background-type":"","background-media":"","overlay-type":"","overlay-color":"","overlay-gradient":""},"mobile":{"background-color":"var(--ast-global-color-5)","background-image":"","background-repeat":"repeat","background-position":"center center","background-size":"auto","background-attachment":"scroll","background-type":"","background-media":"","overlay-type":"","overlay-color":"","overlay-gradient":""}},"footnotes":""},"class_list":["post-7476","page","type-page","status-publish","hentry"],"_links":{"self":[{"href":"https:\/\/machinecastle.com\/tr\/wp-json\/wp\/v2\/pages\/7476","targetHints":{"allow":["GET"]}}],"collection":[{"href":"https:\/\/machinecastle.com\/tr\/wp-json\/wp\/v2\/pages"}],"about":[{"href":"https:\/\/machinecastle.com\/tr\/wp-json\/wp\/v2\/types\/page"}],"author":[{"embeddable":true,"href":"https:\/\/machinecastle.com\/tr\/wp-json\/wp\/v2\/users\/1"}],"replies":[{"embeddable":true,"href":"https:\/\/machinecastle.com\/tr\/wp-json\/wp\/v2\/comments?post=7476"}],"version-history":[{"count":5,"href":"https:\/\/machinecastle.com\/tr\/wp-json\/wp\/v2\/pages\/7476\/revisions"}],"predecessor-version":[{"id":7483,"href":"https:\/\/machinecastle.com\/tr\/wp-json\/wp\/v2\/pages\/7476\/revisions\/7483"}],"wp:attachment":[{"href":"https:\/\/machinecastle.com\/tr\/wp-json\/wp\/v2\/media?parent=7476"}],"curies":[{"name":"wp","href":"https:\/\/api.w.org\/{rel}","templated":true}]}}