{"id":7451,"date":"2018-11-26T12:46:44","date_gmt":"2018-11-26T12:46:44","guid":{"rendered":"https:\/\/machinecastle.com\/projeler\/"},"modified":"2023-11-21T08:12:15","modified_gmt":"2023-11-21T08:12:15","slug":"projeler","status":"publish","type":"page","link":"https:\/\/machinecastle.com\/tr\/projeler\/","title":{"rendered":"Projeler"},"content":{"rendered":"\t\t<div data-elementor-type=\"wp-post\" data-elementor-id=\"7451\" class=\"elementor elementor-7451 elementor-9\">\n\t\t\t\t\t\t<section class=\"elementor-section elementor-top-section elementor-element elementor-element-7d0b1fd elementor-section-content-middle elementor-section-boxed elementor-section-height-default elementor-section-height-default\" data-id=\"7d0b1fd\" data-element_type=\"section\" data-settings=\"{&quot;background_background&quot;:&quot;classic&quot;}\">\n\t\t\t\t\t\t\t<div class=\"elementor-background-overlay\"><\/div>\n\t\t\t\t\t\t\t<div class=\"elementor-container elementor-column-gap-no\">\n\t\t\t\t\t<div class=\"elementor-column elementor-col-100 elementor-top-column elementor-element elementor-element-2365ee4d\" data-id=\"2365ee4d\" data-element_type=\"column\">\n\t\t\t<div class=\"elementor-widget-wrap elementor-element-populated\">\n\t\t\t\t\t\t<div class=\"elementor-element elementor-element-3e363d46 elementor-widget elementor-widget-heading\" data-id=\"3e363d46\" data-element_type=\"widget\" data-widget_type=\"heading.default\">\n\t\t\t\t<div class=\"elementor-widget-container\">\n\t\t\t\t\t<h1 class=\"elementor-heading-title elementor-size-default\">KURUMSAL<\/h1>\t\t\t\t<\/div>\n\t\t\t\t<\/div>\n\t\t\t\t\t<\/div>\n\t\t<\/div>\n\t\t\t\t\t<\/div>\n\t\t<\/section>\n\t\t\t\t<section class=\"elementor-section elementor-top-section elementor-element elementor-element-695b2b0f elementor-section-content-top elementor-section-boxed elementor-section-height-default elementor-section-height-default\" data-id=\"695b2b0f\" data-element_type=\"section\" data-settings=\"{&quot;background_background&quot;:&quot;classic&quot;}\">\n\t\t\t\t\t\t<div class=\"elementor-container elementor-column-gap-no\">\n\t\t\t\t\t<div class=\"elementor-column elementor-col-50 elementor-top-column elementor-element elementor-element-43d414b9\" data-id=\"43d414b9\" data-element_type=\"column\">\n\t\t\t<div class=\"elementor-widget-wrap elementor-element-populated\">\n\t\t\t\t\t\t<div class=\"elementor-element elementor-element-2999a38a elementor-widget elementor-widget-image\" data-id=\"2999a38a\" data-element_type=\"widget\" data-widget_type=\"image.default\">\n\t\t\t\t<div class=\"elementor-widget-container\">\n\t\t\t\t\t\t\t\t\t\t\t\t\t\t\t<img fetchpriority=\"high\" decoding=\"async\" width=\"1366\" height=\"768\" src=\"https:\/\/machinecastle.com\/wp-content\/uploads\/2021\/12\/coffee-roasting-machines-1366x768.jpg\" class=\"attachment-full size-full wp-image-650\" alt=\"coffee roasting machines\" srcset=\"https:\/\/machinecastle.com\/wp-content\/uploads\/2021\/12\/coffee-roasting-machines-1366x768.jpg 1366w, https:\/\/machinecastle.com\/wp-content\/uploads\/2021\/12\/coffee-roasting-machines-300x169.jpg 300w, https:\/\/machinecastle.com\/wp-content\/uploads\/2021\/12\/coffee-roasting-machines-768x432.jpg 768w, https:\/\/machinecastle.com\/wp-content\/uploads\/2021\/12\/coffee-roasting-machines-1024x576.jpg 1024w, https:\/\/machinecastle.com\/wp-content\/uploads\/2021\/12\/coffee-roasting-machines-600x337.jpg 600w\" sizes=\"(max-width: 1366px) 100vw, 1366px\" \/>\t\t\t\t\t\t\t\t\t\t\t\t\t\t\t<\/div>\n\t\t\t\t<\/div>\n\t\t\t\t<div class=\"elementor-element elementor-element-65a46ba6 elementor-widget elementor-widget-heading\" data-id=\"65a46ba6\" data-element_type=\"widget\" data-widget_type=\"heading.default\">\n\t\t\t\t<div class=\"elementor-widget-container\">\n\t\t\t\t\t<h3 class=\"elementor-heading-title elementor-size-default\">SATI\u015e SONRASI SERV\u0130S<\/h3>\t\t\t\t<\/div>\n\t\t\t\t<\/div>\n\t\t\t\t<div class=\"elementor-element elementor-element-2922c6da elementor-widget elementor-widget-text-editor\" data-id=\"2922c6da\" data-element_type=\"widget\" data-widget_type=\"text-editor.default\">\n\t\t\t\t<div class=\"elementor-widget-container\">\n\t\t\t\t\t\t\t\t\t<p>Machine Castle m\u00fc\u015fteri memnuniyetini her zaman \u00f6n planda tutarken sat\u0131\u015f sonras\u0131nda da ayn\u0131 hassasiyeti g\u00f6stermektedir.&nbsp;\u00dcr\u00fcnlerimizin tamam\u0131 4 y\u0131l garantili olup, ayr\u0131ca t\u00fcm m\u00fc\u015fterilerimize 7\/24 s\u0131n\u0131rs\u0131z servis deste\u011fi imkan\u0131 bulunmaktad\u0131r.<\/p>\n<p>Alaca\u011f\u0131n\u0131z makinenin kuruluma ihtiyac\u0131 varsa \u00fccretsiz olarak veriyoruz. E\u011fitim ve \u00e7evrimi\u00e7i uzaktan deste\u011finizde bununla birlikte geliyor.<\/p>\n<p>Bu anlamda hizmetlerimiz paha bi\u00e7ilemez. B\u00f6ylece siz de\u011ferli m\u00fc\u015fterilerimiz kaliteyi sadece \u00fcr\u00fcnlerimizde de\u011fil sat\u0131\u015f sonras\u0131 destekte de g\u00f6r\u00fcrs\u00fcn\u00fcz.<\/p>\t\t\t\t\t\t\t\t<\/div>\n\t\t\t\t<\/div>\n\t\t\t\t\t<\/div>\n\t\t<\/div>\n\t\t\t\t<div class=\"elementor-column elementor-col-50 elementor-top-column elementor-element elementor-element-479f1207\" data-id=\"479f1207\" data-element_type=\"column\">\n\t\t\t<div class=\"elementor-widget-wrap elementor-element-populated\">\n\t\t\t\t\t\t<div class=\"elementor-element elementor-element-1c138690 elementor-widget elementor-widget-image\" data-id=\"1c138690\" data-element_type=\"widget\" data-widget_type=\"image.default\">\n\t\t\t\t<div class=\"elementor-widget-container\">\n\t\t\t\t\t\t\t\t\t\t\t\t\t\t\t<img decoding=\"async\" width=\"600\" height=\"430\" src=\"https:\/\/machinecastle.com\/wp-content\/uploads\/2021\/12\/coffee-roasting-machines-coffee-grinders-600x430.jpg\" class=\"attachment-full size-full wp-image-1036\" alt=\"gear picture\" srcset=\"https:\/\/machinecastle.com\/wp-content\/uploads\/2021\/12\/coffee-roasting-machines-coffee-grinders-600x430.jpg 600w, https:\/\/machinecastle.com\/wp-content\/uploads\/2021\/12\/coffee-roasting-machines-coffee-grinders-300x215.jpg 300w\" sizes=\"(max-width: 600px) 100vw, 600px\" \/>\t\t\t\t\t\t\t\t\t\t\t\t\t\t\t<\/div>\n\t\t\t\t<\/div>\n\t\t\t\t<div class=\"elementor-element elementor-element-659e6e22 elementor-widget elementor-widget-heading\" data-id=\"659e6e22\" data-element_type=\"widget\" data-widget_type=\"heading.default\">\n\t\t\t\t<div class=\"elementor-widget-container\">\n\t\t\t\t\t<h3 class=\"elementor-heading-title elementor-size-default\">KAL\u0130TE POL\u0130T\u0130KALARI<\/h3>\t\t\t\t<\/div>\n\t\t\t\t<\/div>\n\t\t\t\t<div class=\"elementor-element elementor-element-61fbbb60 elementor-widget elementor-widget-text-editor\" data-id=\"61fbbb60\" data-element_type=\"widget\" data-widget_type=\"text-editor.default\">\n\t\t\t\t<div class=\"elementor-widget-container\">\n\t\t\t\t\t\t\t\t\t<p>Hedefe y\u00f6nelik kaliteli bir zihniyeti te\u015fvik ederken\u00a0geli\u015fim ve \u00fcretim sa\u011flaml\u0131\u011f\u0131n\u0131 devam ettirecek \u00fcr\u00fcn ve servisleri 0 hatal\u0131 olacak \u015fekilde bireylere ve \u015firketlere sa\u011flamakt\u0131r.<\/p><p>\u0130lgili yasa ve y\u00f6netmeliklerin yan\u0131 s\u0131ra i\u00e7 gerekliliklere uymak.<\/p><p>Kalite hedeflerini ve sonu\u00e7lar\u0131n\u0131 g\u00f6zden ge\u00e7irerek \u00fcr\u00fcn g\u00fcvenli\u011fini garanti alt\u0131na almak, kalite hatalar\u0131n\u0131 \u00f6nlemek ve kusurlar\u0131 ortadan kald\u0131rmak i\u00e7in kalite y\u00f6netim sistemini iyile\u015ftirme konusunda s\u00fcrekli kendimizi zorluyoruz.<\/p>\t\t\t\t\t\t\t\t<\/div>\n\t\t\t\t<\/div>\n\t\t\t\t\t<\/div>\n\t\t<\/div>\n\t\t\t\t\t<\/div>\n\t\t<\/section>\n\t\t\t\t<section class=\"elementor-section elementor-top-section elementor-element elementor-element-5765c148 elementor-section-content-top elementor-section-boxed elementor-section-height-default elementor-section-height-default\" data-id=\"5765c148\" data-element_type=\"section\" data-settings=\"{&quot;background_background&quot;:&quot;classic&quot;}\">\n\t\t\t\t\t\t<div class=\"elementor-container elementor-column-gap-no\">\n\t\t\t\t\t<div class=\"elementor-column elementor-col-50 elementor-top-column elementor-element elementor-element-52d4d70b\" data-id=\"52d4d70b\" data-element_type=\"column\">\n\t\t\t<div class=\"elementor-widget-wrap elementor-element-populated\">\n\t\t\t\t\t\t<div class=\"elementor-element elementor-element-6a4ef52a elementor-widget elementor-widget-image\" data-id=\"6a4ef52a\" data-element_type=\"widget\" data-widget_type=\"image.default\">\n\t\t\t\t<div class=\"elementor-widget-container\">\n\t\t\t\t\t\t\t\t\t\t\t\t\t\t\t<img decoding=\"async\" width=\"942\" height=\"630\" src=\"https:\/\/machinecastle.com\/wp-content\/uploads\/2021\/12\/Peanut-butter-making-machines-2-942x630.jpg\" class=\"attachment-full size-full wp-image-1031\" alt=\"gears\" srcset=\"https:\/\/machinecastle.com\/wp-content\/uploads\/2021\/12\/Peanut-butter-making-machines-2-942x630.jpg 942w, https:\/\/machinecastle.com\/wp-content\/uploads\/2021\/12\/Peanut-butter-making-machines-2-300x201.jpg 300w, https:\/\/machinecastle.com\/wp-content\/uploads\/2021\/12\/Peanut-butter-making-machines-2-768x514.jpg 768w, https:\/\/machinecastle.com\/wp-content\/uploads\/2021\/12\/Peanut-butter-making-machines-2-600x401.jpg 600w\" sizes=\"(max-width: 942px) 100vw, 942px\" \/>\t\t\t\t\t\t\t\t\t\t\t\t\t\t\t<\/div>\n\t\t\t\t<\/div>\n\t\t\t\t<div class=\"elementor-element elementor-element-7fb3834f elementor-widget elementor-widget-heading\" data-id=\"7fb3834f\" data-element_type=\"widget\" data-widget_type=\"heading.default\">\n\t\t\t\t<div class=\"elementor-widget-container\">\n\t\t\t\t\t<h3 class=\"elementor-heading-title elementor-size-default\">ARA\u015eTIRMA &amp; GEL\u0130\u015eT\u0130RME<\/h3>\t\t\t\t<\/div>\n\t\t\t\t<\/div>\n\t\t\t\t<div class=\"elementor-element elementor-element-cf4ffec elementor-widget elementor-widget-text-editor\" data-id=\"cf4ffec\" data-element_type=\"widget\" data-widget_type=\"text-editor.default\">\n\t\t\t\t<div class=\"elementor-widget-container\">\n\t\t\t\t\t\t\t\t\t<p>Machine Castle&#8217;\u0131n kaynaklar\u0131n\u0131n \u00f6nemli bir y\u00fczdesi, end\u00fcstrinin standartlar\u0131n\u0131 belirlemeye y\u00f6nelik Ar-Ge faaliyetlerine ayr\u0131lm\u0131\u015ft\u0131r. Ar-Ge departman\u0131, dinamik, vizyon sahibi, istekli \u00fcyeleriyle m\u00fc\u015fterilerini rekabette bir ad\u0131m \u00f6nde tutmak i\u00e7in her zaman en ileri teknolojilerin pe\u015findedir.<br \/>Ar-Ge ekibi sadece bug\u00fcn\u00fcn de\u011fil yar\u0131n\u0131n beklentilerini de a\u015fmaya ve makinelerin performans\u0131n\u0131, kalitesini ve dayan\u0131kl\u0131l\u0131\u011f\u0131n\u0131 uzun y\u0131llar boyunca s\u00fcrd\u00fcrmeye \u00e7al\u0131\u015fmaktad\u0131r.<\/p><p>M\u00fc\u015fteri taban\u0131ndan gelen geri bildirim ve \u00f6nerilerin dikkate al\u0131nmas\u0131, bu teknolojilerin geli\u015ftirilmesinde hayati \u00f6neme sahiptir. Geli\u015ftirme departman\u0131m\u0131z\u0131n merkezinde d\u00fc\u015f\u00fcn\u00fcyor, \u00e7al\u0131\u015f\u0131yor ve test ediyoruz. \u00c7al\u0131\u015fan geli\u015ftirme ekibimiz her ge\u00e7en g\u00fcn yeni makineler tasarlamaya ve m\u00fc\u015fterilerimiz i\u00e7in teknolojilerimizi geli\u015ftirmeye odaklan\u0131yor.<\/p>\t\t\t\t\t\t\t\t<\/div>\n\t\t\t\t<\/div>\n\t\t\t\t\t<\/div>\n\t\t<\/div>\n\t\t\t\t<div class=\"elementor-column elementor-col-50 elementor-top-column elementor-element elementor-element-508673ec\" data-id=\"508673ec\" data-element_type=\"column\">\n\t\t\t<div class=\"elementor-widget-wrap elementor-element-populated\">\n\t\t\t\t\t\t<div class=\"elementor-element elementor-element-5a9c6e27 elementor-widget elementor-widget-image\" data-id=\"5a9c6e27\" data-element_type=\"widget\" data-widget_type=\"image.default\">\n\t\t\t\t<div class=\"elementor-widget-container\">\n\t\t\t\t\t\t\t\t\t\t\t\t\t\t\t<img loading=\"lazy\" decoding=\"async\" width=\"600\" height=\"400\" src=\"https:\/\/machinecastle.com\/wp-content\/uploads\/2021\/12\/coffee-grinders-spice-grinder-600x400.jpg\" class=\"attachment-full size-full wp-image-1025\" alt=\"\" srcset=\"https:\/\/machinecastle.com\/wp-content\/uploads\/2021\/12\/coffee-grinders-spice-grinder-600x400.jpg 600w, https:\/\/machinecastle.com\/wp-content\/uploads\/2021\/12\/coffee-grinders-spice-grinder-300x200.jpg 300w\" sizes=\"(max-width: 600px) 100vw, 600px\" \/>\t\t\t\t\t\t\t\t\t\t\t\t\t\t\t<\/div>\n\t\t\t\t<\/div>\n\t\t\t\t<div class=\"elementor-element elementor-element-5feb3576 elementor-widget elementor-widget-heading\" data-id=\"5feb3576\" data-element_type=\"widget\" data-widget_type=\"heading.default\">\n\t\t\t\t<div class=\"elementor-widget-container\">\n\t\t\t\t\t<h3 class=\"elementor-heading-title elementor-size-default\">\u00dcRETME<\/h3>\t\t\t\t<\/div>\n\t\t\t\t<\/div>\n\t\t\t\t<div class=\"elementor-element elementor-element-3d74166f elementor-widget elementor-widget-text-editor\" data-id=\"3d74166f\" data-element_type=\"widget\" data-widget_type=\"text-editor.default\">\n\t\t\t\t<div class=\"elementor-widget-container\">\n\t\t\t\t\t\t\t\t\t<p>M\u00fc\u015fterilerimizi i\u015f ortaklar\u0131m\u0131z olarak g\u00f6r\u00fcyoruz. Firmalar\u0131n makine ihtiya\u00e7lar\u0131na ve \u00fcretim sorunlar\u0131na \u00e7\u00f6z\u00fcm olmak i\u00e7in partnerlik yap\u0131yoruz. B\u00fcy\u00fckten k\u00fc\u00e7\u00fc\u011fe kadar m\u00fc\u015fteri projelerini ele alma yetene\u011fimiz bizi rakiplerimizden ay\u0131r\u0131yor. Ve en \u00f6nemlisi; M\u00dc\u015eTER\u0130LER\u0130M\u0130Z\u0130N TALEB\u0130N\u0130N KAL\u0130TEL\u0130 \u00dcR\u00dcNLER OLDU\u011eUNU VE \u00dcR\u00dcNLER\u0130N KES\u0130NL\u0130KLE ZAMANINDA HAZIR OLMASI GEREKT\u0130\u011e\u0130N\u0130 B\u0130L\u0130YORUZ.<br \/><br \/>Misyonumuz, m\u00fc\u015fterilerimizin sipari\u015fleri konusunda asla endi\u015felenmelerine gerek kalmamas\u0131n\u0131 sa\u011flamakt\u0131r. Kurulu\u015fumuzda m\u00fc\u015fteri memnuniyetini en y\u00fcksek misyon olarak belirledik. Ba\u015far\u0131s\u0131zl\u0131\u011f\u0131n bir se\u00e7enek olmad\u0131\u011f\u0131n\u0131 biliyoruz. Bu ilke kurulu\u015fumuzdan bu yana yol g\u00f6stericimiz oldu ve bizi bug\u00fcne kadar g\u00fc\u00e7l\u00fc tuttu.<\/p>\t\t\t\t\t\t\t\t<\/div>\n\t\t\t\t<\/div>\n\t\t\t\t\t<\/div>\n\t\t<\/div>\n\t\t\t\t\t<\/div>\n\t\t<\/section>\n\t\t\t\t<section class=\"elementor-section elementor-top-section elementor-element elementor-element-424aa8f8 elementor-section-boxed elementor-section-height-default elementor-section-height-default\" data-id=\"424aa8f8\" data-element_type=\"section\" data-settings=\"{&quot;background_background&quot;:&quot;classic&quot;}\">\n\t\t\t\t\t\t<div class=\"elementor-container elementor-column-gap-default\">\n\t\t\t\t\t<div class=\"elementor-column elementor-col-25 elementor-top-column elementor-element elementor-element-47dc678\" data-id=\"47dc678\" data-element_type=\"column\">\n\t\t\t<div class=\"elementor-widget-wrap\">\n\t\t\t\t\t\t\t<\/div>\n\t\t<\/div>\n\t\t\t\t<div class=\"elementor-column elementor-col-25 elementor-top-column elementor-element elementor-element-404eac3f\" data-id=\"404eac3f\" data-element_type=\"column\">\n\t\t\t<div class=\"elementor-widget-wrap elementor-element-populated\">\n\t\t\t\t\t\t<div class=\"elementor-element elementor-element-34975a22 elementor-widget elementor-widget-heading\" data-id=\"34975a22\" data-element_type=\"widget\" data-widget_type=\"heading.default\">\n\t\t\t\t<div class=\"elementor-widget-container\">\n\t\t\t\t\t<h3 class=\"elementor-heading-title elementor-size-default\">End\u00fcstriyel \u00c7\u00f6z\u00fcmler Konusunda Yard\u0131ma m\u0131 \u0130htiyac\u0131n\u0131z Var? \nBiz Uzman\u0131z! Bizimle \u0130leti\u015fime Ge\u00e7in!<\/h3>\t\t\t\t<\/div>\n\t\t\t\t<\/div>\n\t\t\t\t\t<\/div>\n\t\t<\/div>\n\t\t\t\t<div class=\"elementor-column elementor-col-25 elementor-top-column elementor-element elementor-element-70e92261\" data-id=\"70e92261\" data-element_type=\"column\">\n\t\t\t<div class=\"elementor-widget-wrap elementor-element-populated\">\n\t\t\t\t\t\t<div class=\"elementor-element elementor-element-78818cc6 elementor-align-center elementor-widget elementor-widget-button\" data-id=\"78818cc6\" data-element_type=\"widget\" data-widget_type=\"button.default\">\n\t\t\t\t<div class=\"elementor-widget-container\">\n\t\t\t\t\t\t\t\t\t<div class=\"elementor-button-wrapper\">\n\t\t\t\t\t<a class=\"elementor-button elementor-button-link elementor-size-sm\" href=\"https:\/\/machinecastle.com\/tr\/iletisim\/\">\n\t\t\t\t\t\t<span class=\"elementor-button-content-wrapper\">\n\t\t\t\t\t\t\t\t\t<span class=\"elementor-button-text\">\u0130leti\u015fime Ge\u00e7mek \u0130\u00e7in T\u0131klay\u0131n<\/span>\n\t\t\t\t\t<\/span>\n\t\t\t\t\t<\/a>\n\t\t\t\t<\/div>\n\t\t\t\t\t\t\t\t<\/div>\n\t\t\t\t<\/div>\n\t\t\t\t\t<\/div>\n\t\t<\/div>\n\t\t\t\t<div class=\"elementor-column elementor-col-25 elementor-top-column elementor-element elementor-element-32df6e90\" data-id=\"32df6e90\" data-element_type=\"column\">\n\t\t\t<div class=\"elementor-widget-wrap\">\n\t\t\t\t\t\t\t<\/div>\n\t\t<\/div>\n\t\t\t\t\t<\/div>\n\t\t<\/section>\n\t\t\t\t<\/div>\n\t\t","protected":false},"excerpt":{"rendered":"<p>KURUMSAL SATI\u015e SONRASI SERV\u0130S Machine Castle m\u00fc\u015fteri memnuniyetini her zaman \u00f6n planda tutarken sat\u0131\u015f sonras\u0131nda da ayn\u0131 hassasiyeti g\u00f6stermektedir.&nbsp;\u00dcr\u00fcnlerimizin tamam\u0131 4 y\u0131l garantili olup, ayr\u0131ca t\u00fcm m\u00fc\u015fterilerimize 7\/24 s\u0131n\u0131rs\u0131z servis deste\u011fi imkan\u0131 bulunmaktad\u0131r. Alaca\u011f\u0131n\u0131z makinenin kuruluma ihtiyac\u0131 varsa \u00fccretsiz olarak veriyoruz. E\u011fitim ve \u00e7evrimi\u00e7i uzaktan deste\u011finizde bununla birlikte geliyor. Bu anlamda hizmetlerimiz paha bi\u00e7ilemez. B\u00f6ylece &hellip;<\/p>\n<p class=\"read-more\"> <a class=\"\" href=\"https:\/\/machinecastle.com\/tr\/projeler\/\"> <span class=\"screen-reader-text\">Projeler<\/span> Devam\u0131 &raquo;<\/a><\/p>\n","protected":false},"author":1,"featured_media":0,"parent":0,"menu_order":0,"comment_status":"closed","ping_status":"closed","template":"","meta":{"site-sidebar-layout":"no-sidebar","site-content-layout":"page-builder","ast-site-content-layout":"","site-content-style":"default","site-sidebar-style":"default","ast-global-header-display":"","ast-banner-title-visibility":"","ast-main-header-display":"","ast-hfb-above-header-display":"","ast-hfb-below-header-display":"","ast-hfb-mobile-header-display":"","site-post-title":"disabled","ast-breadcrumbs-content":"","ast-featured-img":"disabled","footer-sml-layout":"","theme-transparent-header-meta":"enabled","adv-header-id-meta":"","stick-header-meta":"","header-above-stick-meta":"","header-main-stick-meta":"","header-below-stick-meta":"","astra-migrate-meta-layouts":"default","ast-page-background-enabled":"default","ast-page-background-meta":{"desktop":{"background-color":"","background-image":"","background-repeat":"repeat","background-position":"center center","background-size":"auto","background-attachment":"scroll","background-type":"","background-media":"","overlay-type":"","overlay-color":"","overlay-gradient":""},"tablet":{"background-color":"","background-image":"","background-repeat":"repeat","background-position":"center center","background-size":"auto","background-attachment":"scroll","background-type":"","background-media":"","overlay-type":"","overlay-color":"","overlay-gradient":""},"mobile":{"background-color":"","background-image":"","background-repeat":"repeat","background-position":"center center","background-size":"auto","background-attachment":"scroll","background-type":"","background-media":"","overlay-type":"","overlay-color":"","overlay-gradient":""}},"ast-content-background-meta":{"desktop":{"background-color":"var(--ast-global-color-5)","background-image":"","background-repeat":"repeat","background-position":"center center","background-size":"auto","background-attachment":"scroll","background-type":"","background-media":"","overlay-type":"","overlay-color":"","overlay-gradient":""},"tablet":{"background-color":"var(--ast-global-color-5)","background-image":"","background-repeat":"repeat","background-position":"center center","background-size":"auto","background-attachment":"scroll","background-type":"","background-media":"","overlay-type":"","overlay-color":"","overlay-gradient":""},"mobile":{"background-color":"var(--ast-global-color-5)","background-image":"","background-repeat":"repeat","background-position":"center center","background-size":"auto","background-attachment":"scroll","background-type":"","background-media":"","overlay-type":"","overlay-color":"","overlay-gradient":""}},"footnotes":""},"class_list":["post-7451","page","type-page","status-publish","hentry"],"_links":{"self":[{"href":"https:\/\/machinecastle.com\/tr\/wp-json\/wp\/v2\/pages\/7451","targetHints":{"allow":["GET"]}}],"collection":[{"href":"https:\/\/machinecastle.com\/tr\/wp-json\/wp\/v2\/pages"}],"about":[{"href":"https:\/\/machinecastle.com\/tr\/wp-json\/wp\/v2\/types\/page"}],"author":[{"embeddable":true,"href":"https:\/\/machinecastle.com\/tr\/wp-json\/wp\/v2\/users\/1"}],"replies":[{"embeddable":true,"href":"https:\/\/machinecastle.com\/tr\/wp-json\/wp\/v2\/comments?post=7451"}],"version-history":[{"count":14,"href":"https:\/\/machinecastle.com\/tr\/wp-json\/wp\/v2\/pages\/7451\/revisions"}],"predecessor-version":[{"id":7590,"href":"https:\/\/machinecastle.com\/tr\/wp-json\/wp\/v2\/pages\/7451\/revisions\/7590"}],"wp:attachment":[{"href":"https:\/\/machinecastle.com\/tr\/wp-json\/wp\/v2\/media?parent=7451"}],"curies":[{"name":"wp","href":"https:\/\/api.w.org\/{rel}","templated":true}]}}