{"id":7263,"date":"2018-11-26T12:45:57","date_gmt":"2018-11-26T12:45:57","guid":{"rendered":"https:\/\/machinecastle.com\/hakkinda\/"},"modified":"2023-11-21T16:48:23","modified_gmt":"2023-11-21T16:48:23","slug":"hakkinda","status":"publish","type":"page","link":"https:\/\/machinecastle.com\/tr\/hakkinda\/","title":{"rendered":"Hakk\u0131nda"},"content":{"rendered":"\t\t<div data-elementor-type=\"wp-post\" data-elementor-id=\"7263\" class=\"elementor elementor-7263 elementor-7\">\n\t\t\t\t\t\t<section class=\"elementor-section elementor-top-section elementor-element elementor-element-1b5d768b elementor-section-content-middle elementor-section-boxed elementor-section-height-default elementor-section-height-default\" data-id=\"1b5d768b\" data-element_type=\"section\" data-settings=\"{&quot;background_background&quot;:&quot;classic&quot;}\">\n\t\t\t\t\t\t\t<div class=\"elementor-background-overlay\"><\/div>\n\t\t\t\t\t\t\t<div class=\"elementor-container elementor-column-gap-no\">\n\t\t\t\t\t<div class=\"elementor-column elementor-col-100 elementor-top-column elementor-element elementor-element-1608c15b\" data-id=\"1608c15b\" data-element_type=\"column\">\n\t\t\t<div class=\"elementor-widget-wrap elementor-element-populated\">\n\t\t\t\t\t\t<div class=\"elementor-element elementor-element-321a34b8 elementor-widget elementor-widget-heading\" data-id=\"321a34b8\" data-element_type=\"widget\" data-widget_type=\"heading.default\">\n\t\t\t\t<div class=\"elementor-widget-container\">\n\t\t\t\t\t<h1 class=\"elementor-heading-title elementor-size-default\">Hakk\u0131m\u0131zda<\/h1>\t\t\t\t<\/div>\n\t\t\t\t<\/div>\n\t\t\t\t\t<\/div>\n\t\t<\/div>\n\t\t\t\t\t<\/div>\n\t\t<\/section>\n\t\t\t\t<section class=\"elementor-section elementor-top-section elementor-element elementor-element-54dfedde elementor-section-content-top elementor-section-boxed elementor-section-height-default elementor-section-height-default\" data-id=\"54dfedde\" data-element_type=\"section\" data-settings=\"{&quot;background_background&quot;:&quot;classic&quot;}\">\n\t\t\t\t\t\t<div class=\"elementor-container elementor-column-gap-no\">\n\t\t\t\t\t<div class=\"elementor-column elementor-col-50 elementor-top-column elementor-element elementor-element-3b5232b7\" data-id=\"3b5232b7\" data-element_type=\"column\">\n\t\t\t<div class=\"elementor-widget-wrap elementor-element-populated\">\n\t\t\t\t\t\t<div class=\"elementor-element elementor-element-3f123748 elementor-widget elementor-widget-heading\" data-id=\"3f123748\" data-element_type=\"widget\" data-widget_type=\"heading.default\">\n\t\t\t\t<div class=\"elementor-widget-container\">\n\t\t\t\t\t<h5 class=\"elementor-heading-title elementor-size-default\">Y\u00fcksek Taktiksel \u00c7\u00f6z\u00fcmler\n<\/h5>\t\t\t\t<\/div>\n\t\t\t\t<\/div>\n\t\t\t\t<div class=\"elementor-element elementor-element-ac1409d elementor-widget elementor-widget-heading\" data-id=\"ac1409d\" data-element_type=\"widget\" data-widget_type=\"heading.default\">\n\t\t\t\t<div class=\"elementor-widget-container\">\n\t\t\t\t\t<h2 class=\"elementor-heading-title elementor-size-default\">Temel Hedefimiz Size Kal\u0131c\u0131 \u00c7\u00f6z\u00fcmler Sunmakt\u0131r<\/h2>\t\t\t\t<\/div>\n\t\t\t\t<\/div>\n\t\t\t\t<div class=\"elementor-element elementor-element-e913c03 elementor-widget elementor-widget-heading\" data-id=\"e913c03\" data-element_type=\"widget\" data-widget_type=\"heading.default\">\n\t\t\t\t<div class=\"elementor-widget-container\">\n\t\t\t\t\t<h2 class=\"elementor-heading-title elementor-size-small\"><span>End\u00fcstriyel makine imalat\u0131nda \u00f6nemli bir yere sahip olan MACHINE CASTLE sekt\u00f6r\u00fcnde m\u00fc\u015fteri memnuniyetini \u00f6n planda tutmay\u0131 ba\u015farm\u0131\u015ft\u0131r.\n\n Yurt i\u00e7i ve yurt d\u0131\u015f\u0131nda \u00f6nemli rol oynayan \u015firket, anahtar teslimi fabrikalar\u0131yla m\u00fc\u015fterilerini her zaman memnun etmeyi ba\u015farm\u0131\u015ft\u0131r.\n\n <\/span><\/h2>\t\t\t\t<\/div>\n\t\t\t\t<\/div>\n\t\t\t\t<div class=\"elementor-element elementor-element-cf9d990 elementor-widget elementor-widget-heading\" data-id=\"cf9d990\" data-element_type=\"widget\" data-widget_type=\"heading.default\">\n\t\t\t\t<div class=\"elementor-widget-container\">\n\t\t\t\t\t<h2 class=\"elementor-heading-title elementor-size-small\">\n\n<p class=\"MsoNormal\">\u00dcretim Parkuru: <\/p>\n\n<p class=\"MsoNormal\">- Kahve Kavurma Makinalar\u0131<\/p>\n\n<p class=\"MsoNormal\">- Kahve \u00d6\u011f\u00fct\u00fcc\u00fcler<\/p>\n\n<p class=\"MsoNormal\">- Kahve i\u00e7in Pleksi Silolar<\/p>\n\n<p class=\"MsoNormal\">- Kuruyemi\u015f Kavurma Makinas\u0131 (Tambur Tip ve Bantl\u0131)<\/p>\n\n<p class=\"MsoNormal\">- Tahin Makinalar\u0131<\/p>\n\n<p class=\"MsoNormal\">- Ezme Yapma Makineleri <\/p>\n\n<p class=\"MsoNormal\">- End\u00fcstriyel Frit\u00f6zler<\/p>\n\n<p class=\"MsoNormal\">- Baharat \u00d6\u011f\u00fct\u00fcc\u00fcler<\/p>\n\n<p class=\"MsoNormal\">- Draje ve di\u011fer tip \u00fcr\u00fcnler i\u00e7in Kaplama Makineleri<\/p>\n\n<p class=\"MsoNormal\">- \u0130nce Kabuk Soyma Makineleri<\/p>\n\n<p class=\"MsoNormal\">- Tuzlama ve Kar\u0131\u015ft\u0131rma Makineleri<\/p>\n\n<p class=\"MsoNormal\">- So\u011futma Makineleri<\/p>\n\n<p class=\"MsoNormal\">- Titre\u015fimli ve Kalibrasyon Elekleri<\/p>\n\n<p class=\"MsoNormal\">- Z ve Pvc Elevat\u00f6rler<\/p><\/h2>\t\t\t\t<\/div>\n\t\t\t\t<\/div>\n\t\t\t\t\t<\/div>\n\t\t<\/div>\n\t\t\t\t<div class=\"elementor-column elementor-col-50 elementor-top-column elementor-element elementor-element-3cf1fd6\" data-id=\"3cf1fd6\" data-element_type=\"column\">\n\t\t\t<div class=\"elementor-widget-wrap elementor-element-populated\">\n\t\t\t\t\t\t<div class=\"elementor-element elementor-element-1a7941c elementor-widget elementor-widget-video\" data-id=\"1a7941c\" data-element_type=\"widget\" data-settings=\"{&quot;youtube_url&quot;:&quot;https:\\\/\\\/www.youtube.com\\\/watch?v=8qyv6vS_Tz8&quot;,&quot;show_image_overlay&quot;:&quot;yes&quot;,&quot;image_overlay&quot;:{&quot;url&quot;:&quot;https:\\\/\\\/machinecastle.com\\\/wp-content\\\/uploads\\\/2023\\\/03\\\/introduction-pic.png&quot;,&quot;id&quot;:4167,&quot;size&quot;:&quot;&quot;,&quot;alt&quot;:&quot;introduction pic&quot;,&quot;source&quot;:&quot;library&quot;},&quot;video_type&quot;:&quot;youtube&quot;,&quot;controls&quot;:&quot;yes&quot;}\" data-widget_type=\"video.default\">\n\t\t\t\t<div class=\"elementor-widget-container\">\n\t\t\t\t\t\t\t<div class=\"elementor-wrapper elementor-open-inline\">\n\t\t\t<div class=\"elementor-video\"><\/div>\t\t\t\t<div class=\"elementor-custom-embed-image-overlay\" style=\"background-image: url(https:\/\/machinecastle.com\/wp-content\/uploads\/2023\/03\/introduction-pic.png);\">\n\t\t\t\t\t\t\t\t\t\t\t\t\t\t\t\t<div class=\"elementor-custom-embed-play\" role=\"button\" aria-label=\"Hakk\u0131ndaki Videoyu Oynat introduction pic\" tabindex=\"0\">\n\t\t\t\t\t\t\t<i aria-hidden=\"true\" class=\"eicon-play\"><\/i>\t\t\t\t\t\t<\/div>\n\t\t\t\t\t\t\t\t\t<\/div>\n\t\t\t\t\t<\/div>\n\t\t\t\t\t\t<\/div>\n\t\t\t\t<\/div>\n\t\t\t\t<div class=\"elementor-element elementor-element-8f14f19 elementor-widget elementor-widget-heading\" data-id=\"8f14f19\" data-element_type=\"widget\" data-widget_type=\"heading.default\">\n\t\t\t\t<div class=\"elementor-widget-container\">\n\t\t\t\t\t<h3 class=\"elementor-heading-title elementor-size-default\">G\u0131da i\u015fleme makineleri sekt\u00f6r\u00fcnde y\u0131l\u0131nda ba\u015flayan hikayesi bir\u00e7ok i\u015fletmeye ticari faaliyetlerinde yard\u0131mc\u0131 olmak amac\u0131yla ve siz de\u011ferli m\u00fc\u015fterilerimizin \u00fcr\u00fcnlerine kalite ve de\u011fer katt\u0131.<\/h3>\t\t\t\t<\/div>\n\t\t\t\t<\/div>\n\t\t\t\t<div class=\"elementor-element elementor-element-48d89661 elementor-widget elementor-widget-text-editor\" data-id=\"48d89661\" data-element_type=\"widget\" data-widget_type=\"text-editor.default\">\n\t\t\t\t<div class=\"elementor-widget-container\">\n\t\t\t\t\t\t\t\t\t<p><font color=\"rgba(1, 22, 39, 0.749019607843137)\">G\u0131da i\u015fleme makineleri sekt\u00f6r\u00fcnde ba\u015flayan hikayemiz, bir\u00e7ok i\u015fletmeye ticari faaliyetlerinde yard\u0131mc\u0131 olmak amac\u0131 ile ba\u015flam\u0131\u015f ve siz de\u011ferli m\u00fc\u015fterilerimizin \u00fcr\u00fcnlerine kalite, m\u00fc\u015fterilerine de\u011fer katm\u0131\u015ft\u0131r. Y\u0131llar i\u00e7erisinde geli\u015fen teknolojinin avantajlar\u0131n\u0131 g\u00f6z \u00f6n\u00fcnde bulundurarak \u00fcretti\u011fimiz makineler bir marka haline gelmi\u015f ve m\u00fc\u015fterilerimizin her zaman \u00e7ok k\u0131sa s\u00fcrede daha fazla ba\u015far\u0131 elde edebilece\u011fini kan\u0131tlam\u0131\u015ft\u0131r. Uluslararas\u0131 standartlara uygun end\u00fcstriyel makine imalat\u0131 yapan ve kalitesini belgeleyen MACHINE CASTLE, Amerika, Avrupa, Asya ve Afrika&#8217;da bir\u00e7ok farkl\u0131 \u00fclkeye ihracat yapmaktad\u0131r. Hedefimiz, sekt\u00f6re en kaliteli ve en ekonomik \u00fcr\u00fcnleri sunmaya devam etmektir.<\/font><\/p>\n\t\t\t\t\t\t\t\t<\/div>\n\t\t\t\t<\/div>\n\t\t\t\t<div class=\"elementor-element elementor-element-6f7f8dd elementor-widget elementor-widget-text-editor\" data-id=\"6f7f8dd\" data-element_type=\"widget\" data-widget_type=\"text-editor.default\">\n\t\t\t\t<div class=\"elementor-widget-container\">\n\t\t\t\t\t\t\t\t\t<p><span style=\"color: rgba(1, 22, 39, 0.75);\">Uzun y\u0131llardan gelen tecr\u00fcbe ile makine \u00fcretiminde uzun y\u0131llara dayanan tecr\u00fcbeye sahip lider bir firmay\u0131z, makinelerimiz Avrupa, Kuzey Amerika ve Orta Do\u011fu&#8217;da yo\u011fun talep g\u00f6rmektedir. Makinalar\u0131m\u0131z CE, ISO, 9001:2008, CSA, UL gibi gerekli t\u00fcm sertifikalara sahiptir. M\u00fc\u015fterilerimize sundu\u011fumuz kalite ve m\u00fckemmel hizmet sayesinde her zaman \u00f6n planda kalma ba\u015far\u0131s\u0131n\u0131 yakal\u0131yoruz.&nbsp;<\/span><\/p>\n\t\t\t\t\t\t\t\t<\/div>\n\t\t\t\t<\/div>\n\t\t\t\t<div class=\"elementor-element elementor-element-46a61cc4 elementor-widget elementor-widget-text-editor\" data-id=\"46a61cc4\" data-element_type=\"widget\" data-widget_type=\"text-editor.default\">\n\t\t\t\t<div class=\"elementor-widget-container\">\n\t\t\t\t\t\t\t\t\t<p>End\u00fcstriyel makine imalat sekt\u00f6r\u00fcnde \u00f6nemli bir yere sahip olan MACHINE CASTLE m\u00fc\u015fteri memnuniyetini \u00f6n planda tutmay\u0131 ba\u015farm\u0131\u015ft\u0131r. Yurt i\u00e7i ve yurt d\u0131\u015f\u0131 pazarda \u00f6nemli bir rol oynayan firmam\u0131z anahtar teslimi fabrikalar\u0131yla m\u00fc\u015fterilerini her zaman memnun etmeyi ba\u015farm\u0131\u015ft\u0131r.<\/p>\n\t\t\t\t\t\t\t\t<\/div>\n\t\t\t\t<\/div>\n\t\t\t\t\t<\/div>\n\t\t<\/div>\n\t\t\t\t\t<\/div>\n\t\t<\/section>\n\t\t\t\t<section class=\"elementor-section elementor-top-section elementor-element elementor-element-187f1669 elementor-section-boxed elementor-section-height-default elementor-section-height-default\" data-id=\"187f1669\" data-element_type=\"section\" data-settings=\"{&quot;background_background&quot;:&quot;classic&quot;}\">\n\t\t\t\t\t\t<div class=\"elementor-container elementor-column-gap-default\">\n\t\t\t\t\t<div class=\"elementor-column elementor-col-25 elementor-top-column elementor-element elementor-element-1cee7c30\" data-id=\"1cee7c30\" data-element_type=\"column\">\n\t\t\t<div class=\"elementor-widget-wrap\">\n\t\t\t\t\t\t\t<\/div>\n\t\t<\/div>\n\t\t\t\t<div class=\"elementor-column elementor-col-25 elementor-top-column elementor-element elementor-element-38533178\" data-id=\"38533178\" data-element_type=\"column\">\n\t\t\t<div class=\"elementor-widget-wrap elementor-element-populated\">\n\t\t\t\t\t\t<div class=\"elementor-element elementor-element-6b858d7 elementor-widget elementor-widget-heading\" data-id=\"6b858d7\" data-element_type=\"widget\" data-widget_type=\"heading.default\">\n\t\t\t\t<div class=\"elementor-widget-container\">\n\t\t\t\t\t<h3 class=\"elementor-heading-title elementor-size-default\">End\u00fcstriyel \u00c7\u00f6z\u00fcmler Konusunda Yard\u0131ma m\u0131 \u0130htiyac\u0131n\u0131z Var? Biz Uzman\u0131z!<\/h3>\t\t\t\t<\/div>\n\t\t\t\t<\/div>\n\t\t\t\t\t<\/div>\n\t\t<\/div>\n\t\t\t\t<div class=\"elementor-column elementor-col-25 elementor-top-column elementor-element elementor-element-20c4516d\" data-id=\"20c4516d\" data-element_type=\"column\">\n\t\t\t<div class=\"elementor-widget-wrap elementor-element-populated\">\n\t\t\t\t\t\t<div class=\"elementor-element elementor-element-4e0ea1e7 elementor-align-center elementor-invisible elementor-widget elementor-widget-button\" data-id=\"4e0ea1e7\" data-element_type=\"widget\" data-settings=\"{&quot;_animation&quot;:&quot;zoomInUp&quot;}\" data-widget_type=\"button.default\">\n\t\t\t\t<div class=\"elementor-widget-container\">\n\t\t\t\t\t\t\t\t\t<div class=\"elementor-button-wrapper\">\n\t\t\t\t\t<a class=\"elementor-button elementor-button-link elementor-size-sm\" href=\"https:\/\/machinecastle.com\/tr\/iletisim\/\">\n\t\t\t\t\t\t<span class=\"elementor-button-content-wrapper\">\n\t\t\t\t\t\t\t\t\t<span class=\"elementor-button-text\">\u0130leti\u015fime Ge\u00e7mek \u0130\u00e7in T\u0131klay\u0131n<\/span>\n\t\t\t\t\t<\/span>\n\t\t\t\t\t<\/a>\n\t\t\t\t<\/div>\n\t\t\t\t\t\t\t\t<\/div>\n\t\t\t\t<\/div>\n\t\t\t\t\t<\/div>\n\t\t<\/div>\n\t\t\t\t<div class=\"elementor-column elementor-col-25 elementor-top-column elementor-element elementor-element-3d1a34c\" data-id=\"3d1a34c\" data-element_type=\"column\">\n\t\t\t<div class=\"elementor-widget-wrap\">\n\t\t\t\t\t\t\t<\/div>\n\t\t<\/div>\n\t\t\t\t\t<\/div>\n\t\t<\/section>\n\t\t\t\t<\/div>\n\t\t","protected":false},"excerpt":{"rendered":"<p>Hakk\u0131m\u0131zda Y\u00fcksek Taktiksel \u00c7\u00f6z\u00fcmler Temel Hedefimiz Size Kal\u0131c\u0131 \u00c7\u00f6z\u00fcmler Sunmakt\u0131r End\u00fcstriyel makine imalat\u0131nda \u00f6nemli bir yere sahip olan MACHINE CASTLE sekt\u00f6r\u00fcnde m\u00fc\u015fteri memnuniyetini \u00f6n planda tutmay\u0131 ba\u015farm\u0131\u015ft\u0131r. Yurt i\u00e7i ve yurt d\u0131\u015f\u0131nda \u00f6nemli rol oynayan \u015firket, anahtar teslimi fabrikalar\u0131yla m\u00fc\u015fterilerini her zaman memnun etmeyi ba\u015farm\u0131\u015ft\u0131r. \u00dcretim Parkuru: &#8211; Kahve Kavurma Makinalar\u0131 &#8211; Kahve \u00d6\u011f\u00fct\u00fcc\u00fcler &#8211; &hellip;<\/p>\n<p class=\"read-more\"> <a class=\"\" href=\"https:\/\/machinecastle.com\/tr\/hakkinda\/\"> <span class=\"screen-reader-text\">Hakk\u0131nda<\/span> Devam\u0131 &raquo;<\/a><\/p>\n","protected":false},"author":1,"featured_media":0,"parent":0,"menu_order":0,"comment_status":"closed","ping_status":"closed","template":"","meta":{"site-sidebar-layout":"no-sidebar","site-content-layout":"page-builder","ast-site-content-layout":"","site-content-style":"default","site-sidebar-style":"default","ast-global-header-display":"","ast-banner-title-visibility":"","ast-main-header-display":"","ast-hfb-above-header-display":"","ast-hfb-below-header-display":"","ast-hfb-mobile-header-display":"","site-post-title":"disabled","ast-breadcrumbs-content":"","ast-featured-img":"disabled","footer-sml-layout":"","theme-transparent-header-meta":"enabled","adv-header-id-meta":"","stick-header-meta":"","header-above-stick-meta":"","header-main-stick-meta":"","header-below-stick-meta":"","astra-migrate-meta-layouts":"default","ast-page-background-enabled":"default","ast-page-background-meta":{"desktop":{"background-color":"","background-image":"","background-repeat":"repeat","background-position":"center center","background-size":"auto","background-attachment":"scroll","background-type":"","background-media":"","overlay-type":"","overlay-color":"","overlay-gradient":""},"tablet":{"background-color":"","background-image":"","background-repeat":"repeat","background-position":"center center","background-size":"auto","background-attachment":"scroll","background-type":"","background-media":"","overlay-type":"","overlay-color":"","overlay-gradient":""},"mobile":{"background-color":"","background-image":"","background-repeat":"repeat","background-position":"center center","background-size":"auto","background-attachment":"scroll","background-type":"","background-media":"","overlay-type":"","overlay-color":"","overlay-gradient":""}},"ast-content-background-meta":{"desktop":{"background-color":"var(--ast-global-color-5)","background-image":"","background-repeat":"repeat","background-position":"center center","background-size":"auto","background-attachment":"scroll","background-type":"","background-media":"","overlay-type":"","overlay-color":"","overlay-gradient":""},"tablet":{"background-color":"var(--ast-global-color-5)","background-image":"","background-repeat":"repeat","background-position":"center center","background-size":"auto","background-attachment":"scroll","background-type":"","background-media":"","overlay-type":"","overlay-color":"","overlay-gradient":""},"mobile":{"background-color":"var(--ast-global-color-5)","background-image":"","background-repeat":"repeat","background-position":"center center","background-size":"auto","background-attachment":"scroll","background-type":"","background-media":"","overlay-type":"","overlay-color":"","overlay-gradient":""}},"footnotes":""},"class_list":["post-7263","page","type-page","status-publish","hentry"],"_links":{"self":[{"href":"https:\/\/machinecastle.com\/tr\/wp-json\/wp\/v2\/pages\/7263","targetHints":{"allow":["GET"]}}],"collection":[{"href":"https:\/\/machinecastle.com\/tr\/wp-json\/wp\/v2\/pages"}],"about":[{"href":"https:\/\/machinecastle.com\/tr\/wp-json\/wp\/v2\/types\/page"}],"author":[{"embeddable":true,"href":"https:\/\/machinecastle.com\/tr\/wp-json\/wp\/v2\/users\/1"}],"replies":[{"embeddable":true,"href":"https:\/\/machinecastle.com\/tr\/wp-json\/wp\/v2\/comments?post=7263"}],"version-history":[{"count":16,"href":"https:\/\/machinecastle.com\/tr\/wp-json\/wp\/v2\/pages\/7263\/revisions"}],"predecessor-version":[{"id":7614,"href":"https:\/\/machinecastle.com\/tr\/wp-json\/wp\/v2\/pages\/7263\/revisions\/7614"}],"wp:attachment":[{"href":"https:\/\/machinecastle.com\/tr\/wp-json\/wp\/v2\/media?parent=7263"}],"curies":[{"name":"wp","href":"https:\/\/api.w.org\/{rel}","templated":true}]}}