{"id":8722,"date":"2024-11-12T13:04:00","date_gmt":"2024-11-12T13:04:00","guid":{"rendered":"https:\/\/machinecastle.com\/urun\/macchina-per-tostatura-i-semi-di-sesamo\/"},"modified":"2024-11-12T13:52:37","modified_gmt":"2024-11-12T13:52:37","slug":"macchina-per-tostatura-i-semi-di-sesamo","status":"publish","type":"product","link":"https:\/\/machinecastle.com\/it\/product\/macchina-per-tostatura-i-semi-di-sesamo\/","title":{"rendered":"MACCHINA PER TOSTATURA I SEMI DI SESAMO"},"content":{"rendered":"<p>Nelle fasi di lavorazione del sesamo e produzione del tahini, uno degli strumenti pi\u00f9 essenziali \u00e8 la macchina per tostare il sesamo. Le nostre macchine per tostare il sesamo sono disponibili in diverse capacit\u00e0 e sono utilizzate principalmente per rimuovere l&#8217;umidit\u00e0 dai semi di sesamo tahini. Ci\u00f2 \u00e8 particolarmente utile per le aziende che forniscono direttamente sesamo tahini o producono tahini, poich\u00e9 la tostatura dei semi di sesamo migliora la qualit\u00e0 del prodotto finale tahini. Con la nostra macchina per tostare il sesamo, i semi di sesamo possono essere tostati efficacemente entro 15-20 minuti, a seconda del risultato desiderato. Uno dei vantaggi esclusivi di questa macchina \u00e8 la sua versatilit\u00e0. Oltre a tostare i semi di sesamo, \u00e8 anche in grado di tostare un&#8217;ampia variet\u00e0 di piccoli semi, come semi di lino, semi di papavero, semi di chia e altro ancora. Ci\u00f2 la rende un prezioso strumento multiuso per i produttori che lavorano con diversi tipi di semi e desiderano migliorarne il sapore, l&#8217;aroma e la consistenza attraverso la tostatura. Il design della macchina per la tostatura del sesamo include un tamburo rotante che funziona in senso antiorario durante la tostatura e passa in senso orario per scaricare i semi tostati. Una volta che i semi sono stati posizionati all&#8217;interno del tamburo rotante, gli utenti hanno il controllo completo sia sulla temperatura che sulla velocit\u00e0 di rotazione del tamburo, consentendo loro di adattare il processo di tostatura alle esigenze specifiche di ogni tipo di seme e di ottenere il livello di tostatura desiderato. Per la produzione di tahini, i semi di sesamo possono raggiungere un ricco colore marrone e un profilo aromatico migliorato estendendo leggermente il tempo di tostatura. La capacit\u00e0 di regolare finemente sia il calore che la velocit\u00e0 di rotazione garantisce risultati costanti e di alta qualit\u00e0 su diversi tipi di semi, rendendo questa macchina una scelta efficiente e versatile per i produttori che mirano a migliorare la qualit\u00e0 dei loro prodotti.   <\/p>\n<p><strong><br \/>\nOPZIONI DI CAPACIT\u00c0:<\/strong><\/p>\n<table class=\"table table-striped\">\n<tbody>\n<tr>\n<td><strong>MODELLE<\/strong><\/td>\n<td><strong>CAPACIT\u00c0<\/strong><\/td>\n<\/tr>\n<\/tbody>\n<tbody>\n<tr>\n<td>MC-S-20 MACCHINA PER TOSTATURA I SEMI DI SESAMO<\/td>\n<td>10-60 KG\/ORA<\/td>\n<\/tr>\n<\/tbody>\n<tbody>\n<tr>\n<td>MC-S-50 MACCHINA PER TOSTATURA I SEMI DI SESAMO<\/td>\n<td>50-150 KG\/ORA<\/td>\n<\/tr>\n<\/tbody>\n<tbody>\n<tr>\n<td>MC-S-100 MACCHINA PER TOSTATURA I SEMI DI SESAMO<\/td>\n<td>100-300 KG\/ORA<\/td>\n<\/tr>\n<\/tbody>\n<tbody>\n<tr>\n<td>MC-S-150 MACCHINA PER TOSTATURA I SEMI DI SESAMO<\/td>\n<td>150\/450 KG\/ORA<\/td>\n<\/tr>\n<\/tbody>\n<tbody>\n<tr>\n<td>MC-S-250 MACCHINA PER TOSTATURA I SEMI DI SESAMO<\/td>\n<td>250\/750 KG\/ORA<\/td>\n<\/tr>\n<\/tbody>\n<\/table>\n","protected":false},"excerpt":{"rendered":"<p><iframe title=\"Lettore video di YouTube\" src=\"https:\/\/www.youtube.com\/embed\/yk-YtofP6Io?si=sElOH7TO6FopKDo_\" width=\"560\" height=\"315\" frameborder=\"0\" allowfullscreen=\"allowfullscreen\"><\/iframe><br \/>\n<iframe title=\"Lettore video di YouTube\" src=\"https:\/\/www.youtube.com\/embed\/_7IxNLHGaJY?si=otnVJAJWHe15zN1_\" width=\"560\" height=\"315\" frameborder=\"0\" allowfullscreen=\"allowfullscreen\"><\/iframe><\/p>\n","protected":false},"featured_media":8716,"template":"","meta":{"site-sidebar-layout":"default","site-content-layout":"","ast-site-content-layout":"default","site-content-style":"default","site-sidebar-style":"default","ast-global-header-display":"","ast-banner-title-visibility":"","ast-main-header-display":"","ast-hfb-above-header-display":"","ast-hfb-below-header-display":"","ast-hfb-mobile-header-display":"","site-post-title":"","ast-breadcrumbs-content":"","ast-featured-img":"","footer-sml-layout":"","theme-transparent-header-meta":"default","adv-header-id-meta":"","stick-header-meta":"","header-above-stick-meta":"","header-main-stick-meta":"","header-below-stick-meta":"","astra-migrate-meta-layouts":"default","ast-page-background-enabled":"default","ast-page-background-meta":{"desktop":{"background-color":"","background-image":"","background-repeat":"repeat","background-position":"center center","background-size":"auto","background-attachment":"scroll","background-type":"","background-media":"","overlay-type":"","overlay-color":"","overlay-gradient":""},"tablet":{"background-color":"","background-image":"","background-repeat":"repeat","background-position":"center center","background-size":"auto","background-attachment":"scroll","background-type":"","background-media":"","overlay-type":"","overlay-color":"","overlay-gradient":""},"mobile":{"background-color":"","background-image":"","background-repeat":"repeat","background-position":"center center","background-size":"auto","background-attachment":"scroll","background-type":"","background-media":"","overlay-type":"","overlay-color":"","overlay-gradient":""}},"ast-content-background-meta":{"desktop":{"background-color":"var(--ast-global-color-5)","background-image":"","background-repeat":"repeat","background-position":"center center","background-size":"auto","background-attachment":"scroll","background-type":"","background-media":"","overlay-type":"","overlay-color":"","overlay-gradient":""},"tablet":{"background-color":"var(--ast-global-color-5)","background-image":"","background-repeat":"repeat","background-position":"center center","background-size":"auto","background-attachment":"scroll","background-type":"","background-media":"","overlay-type":"","overlay-color":"","overlay-gradient":""},"mobile":{"background-color":"var(--ast-global-color-5)","background-image":"","background-repeat":"repeat","background-position":"center center","background-size":"auto","background-attachment":"scroll","background-type":"","background-media":"","overlay-type":"","overlay-color":"","overlay-gradient":""}}},"product_brand":[],"product_cat":[153],"product_tag":[],"class_list":{"0":"post-8722","1":"product","2":"type-product","3":"status-publish","4":"has-post-thumbnail","6":"product_cat-macchina-per-arrostire-le-noci","7":"desktop-align-left","8":"tablet-align-left","9":"mobile-align-left","11":"first","12":"instock","13":"shipping-taxable","14":"product-type-simple"},"_links":{"self":[{"href":"https:\/\/machinecastle.com\/it\/wp-json\/wp\/v2\/product\/8722","targetHints":{"allow":["GET"]}}],"collection":[{"href":"https:\/\/machinecastle.com\/it\/wp-json\/wp\/v2\/product"}],"about":[{"href":"https:\/\/machinecastle.com\/it\/wp-json\/wp\/v2\/types\/product"}],"wp:featuredmedia":[{"embeddable":true,"href":"https:\/\/machinecastle.com\/it\/wp-json\/wp\/v2\/media\/8716"}],"wp:attachment":[{"href":"https:\/\/machinecastle.com\/it\/wp-json\/wp\/v2\/media?parent=8722"}],"wp:term":[{"taxonomy":"product_brand","embeddable":true,"href":"https:\/\/machinecastle.com\/it\/wp-json\/wp\/v2\/product_brand?post=8722"},{"taxonomy":"product_cat","embeddable":true,"href":"https:\/\/machinecastle.com\/it\/wp-json\/wp\/v2\/product_cat?post=8722"},{"taxonomy":"product_tag","embeddable":true,"href":"https:\/\/machinecastle.com\/it\/wp-json\/wp\/v2\/product_tag?post=8722"}],"curies":[{"name":"wp","href":"https:\/\/api.w.org\/{rel}","templated":true}]}}