{"id":8617,"date":"2024-11-11T07:34:12","date_gmt":"2024-11-11T07:34:12","guid":{"rendered":"https:\/\/machinecastle.com\/urun\/macchina-per-la-decorticazione-delle-mandorle\/"},"modified":"2024-11-11T07:34:12","modified_gmt":"2024-11-11T07:34:12","slug":"macchina-per-la-decorticazione-delle-mandorle","status":"publish","type":"product","link":"https:\/\/machinecastle.com\/it\/product\/macchina-per-la-decorticazione-delle-mandorle\/","title":{"rendered":"Macchina per la decorticazione delle mandorle"},"content":{"rendered":"<p>La decorticatrice di mandorle Machine Castle separa in modo efficiente da 100 a 1.500 kg di mandorle a guscio verde all&#8217;ora, offrendo un&#8217;elevata produttivit\u00e0 e affidabilit\u00e0. Grazie al suo design compatto, \u00e8 facile da usare e da manutenere, il che la rende ideale per diversi contesti operativi. Questa macchina \u00e8 in grado di pelare con precisione un&#8217;ampia gamma di variet\u00e0 di mandorle sia locali che importate. La pelatrice per mandorle Machine Castle ha un design a gabbia aperta che garantisce un comodo accesso per l&#8217;utilizzo e la manutenzione. Separa il nocciolo della mandorla dal guscio verde. Inoltre, il posizionamento verticale degli anelli esterni della macchina riduce al minimo le perdite di prodotto, rendendola altamente efficiente e affidabile nelle operazioni continue. Questa macchina pu\u00f2 funzionare con l&#8217;elettricit\u00e0 o essere collegata al tuo trattore. La capacit\u00e0 \u00e8 opzionale e con l&#8217;aumento delle macchine decorticatrici \u00e8 possibile ottenere una maggiore capacit\u00e0.     <\/p>\n<p>  Per ulteriori capacit\u00e0, contattateci.<\/p>\n<p><strong>DETTAGLI TECNICI:<\/strong><\/p>\n<table class=\"table table-striped\">\n<tbody>\n<tr>\n<td><strong>DESCRIZIONE<\/strong><\/td>\n<td><strong>Caratteristiche<\/strong><\/td>\n<\/tr>\n<\/tbody>\n<tbody>\n<tr>\n<td>Dimensioni:<\/td>\n<td>82 x 171 x 146 cm (Larghezza x Lunghezza x Altezza)<\/td>\n<\/tr>\n<\/tbody>\n<tbody>\n<tr>\n<td>Peso:<\/td>\n<td>325 Kg<\/td>\n<\/tr>\n<\/tbody>\n<tbody>\n<tr>\n<td>Capacit\u00e0:<\/td>\n<td>1.500 Kg\/ora<\/td>\n<\/tr>\n<tr>\n<td>Consumo di energia<\/td>\n<td>5,5 Kw<\/td>\n<\/tr>\n<\/tbody>\n<\/table>\n","protected":false},"excerpt":{"rendered":"<p><iframe title=\"Lettore video di YouTube\" src=\"https:\/\/www.youtube.com\/embed\/ZzjzOoCKOLg?si=_s2Lmxbj7f_o8lpq\" width=\"560\" height=\"315\" frameborder=\"0\" allowfullscreen=\"allowfullscreen\"><\/iframe><\/p>\n","protected":false},"featured_media":8610,"template":"","meta":{"site-sidebar-layout":"default","site-content-layout":"","ast-site-content-layout":"default","site-content-style":"default","site-sidebar-style":"default","ast-global-header-display":"","ast-banner-title-visibility":"","ast-main-header-display":"","ast-hfb-above-header-display":"","ast-hfb-below-header-display":"","ast-hfb-mobile-header-display":"","site-post-title":"","ast-breadcrumbs-content":"","ast-featured-img":"","footer-sml-layout":"","theme-transparent-header-meta":"default","adv-header-id-meta":"","stick-header-meta":"","header-above-stick-meta":"","header-main-stick-meta":"","header-below-stick-meta":"","astra-migrate-meta-layouts":"default","ast-page-background-enabled":"default","ast-page-background-meta":{"desktop":{"background-color":"","background-image":"","background-repeat":"repeat","background-position":"center center","background-size":"auto","background-attachment":"scroll","background-type":"","background-media":"","overlay-type":"","overlay-color":"","overlay-gradient":""},"tablet":{"background-color":"","background-image":"","background-repeat":"repeat","background-position":"center center","background-size":"auto","background-attachment":"scroll","background-type":"","background-media":"","overlay-type":"","overlay-color":"","overlay-gradient":""},"mobile":{"background-color":"","background-image":"","background-repeat":"repeat","background-position":"center center","background-size":"auto","background-attachment":"scroll","background-type":"","background-media":"","overlay-type":"","overlay-color":"","overlay-gradient":""}},"ast-content-background-meta":{"desktop":{"background-color":"var(--ast-global-color-5)","background-image":"","background-repeat":"repeat","background-position":"center center","background-size":"auto","background-attachment":"scroll","background-type":"","background-media":"","overlay-type":"","overlay-color":"","overlay-gradient":""},"tablet":{"background-color":"var(--ast-global-color-5)","background-image":"","background-repeat":"repeat","background-position":"center center","background-size":"auto","background-attachment":"scroll","background-type":"","background-media":"","overlay-type":"","overlay-color":"","overlay-gradient":""},"mobile":{"background-color":"var(--ast-global-color-5)","background-image":"","background-repeat":"repeat","background-position":"center center","background-size":"auto","background-attachment":"scroll","background-type":"","background-media":"","overlay-type":"","overlay-color":"","overlay-gradient":""}}},"product_brand":[],"product_cat":[336],"product_tag":[],"class_list":{"0":"post-8617","1":"product","2":"type-product","3":"status-publish","4":"has-post-thumbnail","6":"product_cat-macchine-per-pelare-le-frutta-secca","7":"desktop-align-left","8":"tablet-align-left","9":"mobile-align-left","11":"first","12":"instock","13":"shipping-taxable","14":"product-type-simple"},"_links":{"self":[{"href":"https:\/\/machinecastle.com\/it\/wp-json\/wp\/v2\/product\/8617","targetHints":{"allow":["GET"]}}],"collection":[{"href":"https:\/\/machinecastle.com\/it\/wp-json\/wp\/v2\/product"}],"about":[{"href":"https:\/\/machinecastle.com\/it\/wp-json\/wp\/v2\/types\/product"}],"wp:featuredmedia":[{"embeddable":true,"href":"https:\/\/machinecastle.com\/it\/wp-json\/wp\/v2\/media\/8610"}],"wp:attachment":[{"href":"https:\/\/machinecastle.com\/it\/wp-json\/wp\/v2\/media?parent=8617"}],"wp:term":[{"taxonomy":"product_brand","embeddable":true,"href":"https:\/\/machinecastle.com\/it\/wp-json\/wp\/v2\/product_brand?post=8617"},{"taxonomy":"product_cat","embeddable":true,"href":"https:\/\/machinecastle.com\/it\/wp-json\/wp\/v2\/product_cat?post=8617"},{"taxonomy":"product_tag","embeddable":true,"href":"https:\/\/machinecastle.com\/it\/wp-json\/wp\/v2\/product_tag?post=8617"}],"curies":[{"name":"wp","href":"https:\/\/api.w.org\/{rel}","templated":true}]}}