{"id":7245,"date":"2022-03-14T12:35:32","date_gmt":"2022-03-14T12:35:32","guid":{"rendered":"https:\/\/machinecastle.com\/urun\/piccole-torrefazioni\/"},"modified":"2023-11-20T08:03:44","modified_gmt":"2023-11-20T08:03:44","slug":"piccoli-produttori-di-caffe","status":"publish","type":"product","link":"https:\/\/machinecastle.com\/it\/product\/piccoli-produttori-di-caffe\/","title":{"rendered":"PICCOLE TORREFAZIONI"},"content":{"rendered":"<p>1. Capacit\u00e0 a partire da 50 g fino a 1,2 kg. Soddisfare caff\u00e8, uffici o altri usi commerciali.<br \/>\n2. Dimensioni e peso ridotti. Costi di spedizione inferiori.<br \/>\n3. Pannello touch screen. Funzionamento facile e sicuro.<br \/>\n4. Sistema automatico di raccolta della pula. Autopulente.<br \/>\n5. Sistema di raffreddamento rapido.<br \/>\n6. Doppia protezione di sicurezza: spina di sicurezza anti-perdita + protezione di arresto automatico del riscaldamento.<br \/>\n<img fetchpriority=\"high\" decoding=\"async\" class=\"alignnone wp-image-1536\" src=\"https:\/\/machinecastle.com\/wp-content\/uploads\/2022\/03\/2203-202012301626194951-270x300.jpg\" alt=\"\" width=\"376\" height=\"418\" srcset=\"https:\/\/machinecastle.com\/wp-content\/uploads\/2022\/03\/2203-202012301626194951-270x300.jpg 270w, https:\/\/machinecastle.com\/wp-content\/uploads\/2022\/03\/2203-202012301626194951-768x852.jpg 768w, https:\/\/machinecastle.com\/wp-content\/uploads\/2022\/03\/2203-202012301626194951-923x1024.jpg 923w, https:\/\/machinecastle.com\/wp-content\/uploads\/2022\/03\/2203-202012301626194951-600x666.jpg 600w, https:\/\/machinecastle.com\/wp-content\/uploads\/2022\/03\/2203-202012301626194951-1000x1110.jpg 1000w\" sizes=\"(max-width: 376px) 100vw, 376px\" \/><\/p>\n<p><strong>Macchina per torrefazione<\/strong>, Prezzi <strong>macchina per torrefazione<\/strong>, Torrefazione caff\u00e8, Macchina per torrefazione caff\u00e8, Negozio caff\u00e8, Macinatura caff\u00e8, Macinacaff\u00e8, Torrefattori, Torrefattori commerciali, Torrefattori commerciali, Torrefazione caff\u00e8 in grani verdi, Torrefazione caff\u00e8 scuro, Torrefazione caff\u00e8 medio, Caffettiera, Macchina per caff\u00e8 espresso<\/p>\n","protected":false},"excerpt":{"rendered":"<p><iframe title=\"Lettore video di YouTube\" src=\"https:\/\/www.youtube.com\/embed\/_UJyApZ1Qb0\" width=\"560\" height=\"315\" frameborder=\"0\" allowfullscreen=\"allowfullscreen\"><\/iframe><br \/>\nModelli di capacit\u00e0 disponibili:<\/p>\n<table class=\"table table-striped\">\n<tbody>\n<tr>\n<td><strong>MODELLI<\/strong><\/td>\n<td><strong>CAPACIT\u00c0<\/strong><\/td>\n<\/tr>\n<\/tbody>\n<tbody>\n<tr>\n<td>MC-SK-150 <strong>Macchina per la torrefazione del caff\u00e8<\/strong><\/td>\n<td>50-150 grammi<\/td>\n<\/tr>\n<\/tbody>\n<tbody>\n<tr>\n<td>MC-SK-300 <strong>Macchina per la torrefazione del caff\u00e8<\/strong><\/td>\n<td>50-300 grammi<\/td>\n<\/tr>\n<\/tbody>\n<tbody>\n<tr>\n<td>MC-SK-500 <strong>Macchina per la torrefazione del caff\u00e8<\/strong><\/td>\n<td>200-500 grammi<\/td>\n<\/tr>\n<\/tbody>\n<tbody>\n<tr>\n<td>MC-SK-1200 <strong>Macchina per la torrefazione del caff\u00e8<\/strong><\/td>\n<td>300-1200 grammi<\/td>\n<\/tr>\n<\/tbody>\n<\/table>\n<p>Il vostro marchio pu\u00f2 essere presente sulla macchina! Su richiesta, \u00e8 possibile applicare alle macchine colori diversi.<\/p>\n","protected":false},"featured_media":6089,"template":"","meta":{"site-sidebar-layout":"default","site-content-layout":"default","ast-site-content-layout":"default","site-content-style":"default","site-sidebar-style":"default","ast-global-header-display":"","ast-banner-title-visibility":"","ast-main-header-display":"","ast-hfb-above-header-display":"","ast-hfb-below-header-display":"","ast-hfb-mobile-header-display":"","site-post-title":"","ast-breadcrumbs-content":"","ast-featured-img":"","footer-sml-layout":"","theme-transparent-header-meta":"default","adv-header-id-meta":"","stick-header-meta":"","header-above-stick-meta":"","header-main-stick-meta":"","header-below-stick-meta":"","astra-migrate-meta-layouts":"set","ast-page-background-enabled":"default","ast-page-background-meta":{"desktop":{"background-color":"","background-image":"","background-repeat":"repeat","background-position":"center center","background-size":"auto","background-attachment":"scroll","background-type":"","background-media":"","overlay-type":"","overlay-color":"","overlay-gradient":""},"tablet":{"background-color":"","background-image":"","background-repeat":"repeat","background-position":"center center","background-size":"auto","background-attachment":"scroll","background-type":"","background-media":"","overlay-type":"","overlay-color":"","overlay-gradient":""},"mobile":{"background-color":"","background-image":"","background-repeat":"repeat","background-position":"center center","background-size":"auto","background-attachment":"scroll","background-type":"","background-media":"","overlay-type":"","overlay-color":"","overlay-gradient":""}},"ast-content-background-meta":{"desktop":{"background-color":"var(--ast-global-color-5)","background-image":"","background-repeat":"repeat","background-position":"center center","background-size":"auto","background-attachment":"scroll","background-type":"","background-media":"","overlay-type":"","overlay-color":"","overlay-gradient":""},"tablet":{"background-color":"var(--ast-global-color-5)","background-image":"","background-repeat":"repeat","background-position":"center center","background-size":"auto","background-attachment":"scroll","background-type":"","background-media":"","overlay-type":"","overlay-color":"","overlay-gradient":""},"mobile":{"background-color":"var(--ast-global-color-5)","background-image":"","background-repeat":"repeat","background-position":"center center","background-size":"auto","background-attachment":"scroll","background-type":"","background-media":"","overlay-type":"","overlay-color":"","overlay-gradient":""}}},"product_brand":[],"product_cat":[128],"product_tag":[365,366],"class_list":{"0":"post-7245","1":"product","2":"type-product","3":"status-publish","4":"has-post-thumbnail","6":"product_cat-torrefattori-e-macinatori-di-caffe","7":"product_tag-piccola-tostatrice-di-caffe","8":"product_tag-torrefazione-domestica","9":"desktop-align-left","10":"tablet-align-left","11":"mobile-align-left","13":"first","14":"instock","15":"shipping-taxable","16":"product-type-simple"},"_links":{"self":[{"href":"https:\/\/machinecastle.com\/it\/wp-json\/wp\/v2\/product\/7245","targetHints":{"allow":["GET"]}}],"collection":[{"href":"https:\/\/machinecastle.com\/it\/wp-json\/wp\/v2\/product"}],"about":[{"href":"https:\/\/machinecastle.com\/it\/wp-json\/wp\/v2\/types\/product"}],"wp:featuredmedia":[{"embeddable":true,"href":"https:\/\/machinecastle.com\/it\/wp-json\/wp\/v2\/media\/6089"}],"wp:attachment":[{"href":"https:\/\/machinecastle.com\/it\/wp-json\/wp\/v2\/media?parent=7245"}],"wp:term":[{"taxonomy":"product_brand","embeddable":true,"href":"https:\/\/machinecastle.com\/it\/wp-json\/wp\/v2\/product_brand?post=7245"},{"taxonomy":"product_cat","embeddable":true,"href":"https:\/\/machinecastle.com\/it\/wp-json\/wp\/v2\/product_cat?post=7245"},{"taxonomy":"product_tag","embeddable":true,"href":"https:\/\/machinecastle.com\/it\/wp-json\/wp\/v2\/product_tag?post=7245"}],"curies":[{"name":"wp","href":"https:\/\/api.w.org\/{rel}","templated":true}]}}