{"id":7210,"date":"2021-12-30T10:39:22","date_gmt":"2021-12-30T10:39:22","guid":{"rendered":"https:\/\/machinecastle.com\/urun\/macchine-per-il-burro-di-arachidi\/"},"modified":"2025-08-04T07:05:22","modified_gmt":"2025-08-04T07:05:22","slug":"macchine-per-la-produzione-di-burro","status":"publish","type":"product","link":"https:\/\/machinecastle.com\/it\/product\/macchine-per-la-produzione-di-burro\/","title":{"rendered":"MACCHINE PER IL BURRO DI ARACHIDI"},"content":{"rendered":"<p>Queste <strong>macchine per la produzione di burro di noci<\/strong>possono produrre <strong>paste di arachidi, nocciole, pistacchi<\/strong> e molti altri. Una volta che i prodotti entrano nella tramoggia, passano direttamente al processo di incollaggio. Poi sono direttamente pronti. L&#8217;utente pu\u00f2 utilizzare o aggiungere zucchero o aromi diversi dopo la frantumazione. Il colore oro o cromo pu\u00f2 essere scelto sulla macchina.<\/p>\n<p>&nbsp;<\/p>\n<p>&nbsp;<\/p>\n<p>&nbsp;<\/p>\n<p><strong>Macchina per la produzione di burro di arachidi<\/strong>, Macchina <strong>per la produzione di burro di noci<\/strong>, Macchina per la produzione di burro di nocciole, Macchina per la produzione di burro di pistacchio, Macchina per la produzione di burro, Macchina <strong>per<\/strong> la produzione di burro di arachidi, Macchina per la produzione di burro di <strong>nocciole<\/strong>, Piccola macchina per la produzione di burro di arachidi, Macchina per la produzione di burro di mandorle<\/p>\n","protected":false},"excerpt":{"rendered":"<p><iframe title=\"Lettore video di YouTube\" src=\"https:\/\/www.youtube.com\/embed\/JfimLAfHOGs?si=zCDX2egja9fI3zhF\" width=\"560\" height=\"315\" frameborder=\"0\" allowfullscreen=\"allowfullscreen\"><\/iframe><\/p>\n<p><strong>DETTAGLI TECNICI:<\/strong><\/p>\n<p>La nostra <strong>macchina per il burro di arachidi<\/strong> \u00e8 in grado di produrre in pasta arachidi, nocciole, mandorle, anacardi, terebinto, sesamo e papavero. La capacit\u00e0 parte da 1 kg\/ora fino a 50 kg\/ora per le noci.<\/p>\n<p>La nostra macchina \u00e8 adatta per attivit\u00e0 di vendita al dettaglio come mercati, salumifici, negozi di frutta secca e spezie. Offre l&#8217;opportunit\u00e0 di realizzare una produzione istantanea proprio accanto ai clienti.<\/p>\n<p>\u00c8 completamente realizzato in <strong>acciaio inox<\/strong> 304 ed \u00e8 completamente adatto agli alimenti.<\/p>\n<table class=\"table table-striped\">\n<tbody>\n<tr>\n<td><strong>DESCRIZIONE<\/strong><\/td>\n<td><strong>Caratteristiche<\/strong><\/td>\n<\/tr>\n<\/tbody>\n<tbody>\n<tr>\n<td>Dimensioni:<\/td>\n<td>60 x 30 x 60 cm (Larghezza x Lunghezza x Altezza)<\/td>\n<\/tr>\n<\/tbody>\n<tbody>\n<tr>\n<td>Peso:<\/td>\n<td>30 kg<\/td>\n<\/tr>\n<\/tbody>\n<tbody>\n<tr>\n<td>Capacit\u00e0:<\/td>\n<td>1-50 kg\/ora<\/td>\n<\/tr>\n<tr>\n<td>Consumo di energia<\/td>\n<td>1,5 kw<\/td>\n<\/tr>\n<\/tbody>\n<\/table>\n<p><strong>Altri modelli di capacit\u00e0 disponibili:<\/strong><\/p>\n<p><strong>1-120 kg\/ora<\/strong><\/p>\n<p><strong>1-350 kg\/ora<\/strong><\/p>\n<p><strong>1-1000 kg\/ora<\/strong><\/p>\n<p><strong>1-2000 kg\/ora<\/strong><\/p>\n","protected":false},"featured_media":5714,"template":"","meta":{"site-sidebar-layout":"default","site-content-layout":"default","ast-site-content-layout":"default","site-content-style":"default","site-sidebar-style":"default","ast-global-header-display":"","ast-banner-title-visibility":"","ast-main-header-display":"","ast-hfb-above-header-display":"","ast-hfb-below-header-display":"","ast-hfb-mobile-header-display":"","site-post-title":"","ast-breadcrumbs-content":"","ast-featured-img":"","footer-sml-layout":"","theme-transparent-header-meta":"default","adv-header-id-meta":"","stick-header-meta":"","header-above-stick-meta":"","header-main-stick-meta":"","header-below-stick-meta":"","astra-migrate-meta-layouts":"set","ast-page-background-enabled":"default","ast-page-background-meta":{"desktop":{"background-color":"","background-image":"","background-repeat":"repeat","background-position":"center center","background-size":"auto","background-attachment":"scroll","background-type":"","background-media":"","overlay-type":"","overlay-color":"","overlay-gradient":""},"tablet":{"background-color":"","background-image":"","background-repeat":"repeat","background-position":"center center","background-size":"auto","background-attachment":"scroll","background-type":"","background-media":"","overlay-type":"","overlay-color":"","overlay-gradient":""},"mobile":{"background-color":"","background-image":"","background-repeat":"repeat","background-position":"center center","background-size":"auto","background-attachment":"scroll","background-type":"","background-media":"","overlay-type":"","overlay-color":"","overlay-gradient":""}},"ast-content-background-meta":{"desktop":{"background-color":"var(--ast-global-color-5)","background-image":"","background-repeat":"repeat","background-position":"center center","background-size":"auto","background-attachment":"scroll","background-type":"","background-media":"","overlay-type":"","overlay-color":"","overlay-gradient":""},"tablet":{"background-color":"var(--ast-global-color-5)","background-image":"","background-repeat":"repeat","background-position":"center center","background-size":"auto","background-attachment":"scroll","background-type":"","background-media":"","overlay-type":"","overlay-color":"","overlay-gradient":""},"mobile":{"background-color":"var(--ast-global-color-5)","background-image":"","background-repeat":"repeat","background-position":"center center","background-size":"auto","background-attachment":"scroll","background-type":"","background-media":"","overlay-type":"","overlay-color":"","overlay-gradient":""}}},"product_brand":[],"product_cat":[247],"product_tag":[248,250,249],"class_list":{"0":"post-7210","1":"product","2":"type-product","3":"status-publish","4":"has-post-thumbnail","6":"product_cat-macchine-per-burro-di-noci","7":"product_tag-macchina-per-il-burro-di-arachidi","8":"product_tag-macchina-per-il-burro-di-nocciole","9":"product_tag-macchina-per-la-produzione-del-burro","10":"desktop-align-left","11":"tablet-align-left","12":"mobile-align-left","14":"first","15":"instock","16":"shipping-taxable","17":"product-type-simple"},"_links":{"self":[{"href":"https:\/\/machinecastle.com\/it\/wp-json\/wp\/v2\/product\/7210","targetHints":{"allow":["GET"]}}],"collection":[{"href":"https:\/\/machinecastle.com\/it\/wp-json\/wp\/v2\/product"}],"about":[{"href":"https:\/\/machinecastle.com\/it\/wp-json\/wp\/v2\/types\/product"}],"wp:featuredmedia":[{"embeddable":true,"href":"https:\/\/machinecastle.com\/it\/wp-json\/wp\/v2\/media\/5714"}],"wp:attachment":[{"href":"https:\/\/machinecastle.com\/it\/wp-json\/wp\/v2\/media?parent=7210"}],"wp:term":[{"taxonomy":"product_brand","embeddable":true,"href":"https:\/\/machinecastle.com\/it\/wp-json\/wp\/v2\/product_brand?post=7210"},{"taxonomy":"product_cat","embeddable":true,"href":"https:\/\/machinecastle.com\/it\/wp-json\/wp\/v2\/product_cat?post=7210"},{"taxonomy":"product_tag","embeddable":true,"href":"https:\/\/machinecastle.com\/it\/wp-json\/wp\/v2\/product_tag?post=7210"}],"curies":[{"name":"wp","href":"https:\/\/api.w.org\/{rel}","templated":true}]}}