{"id":7200,"date":"2021-12-29T12:22:04","date_gmt":"2021-12-29T12:22:04","guid":{"rendered":"https:\/\/machinecastle.com\/urun\/silos-per-caffe-in-plexi\/"},"modified":"2023-11-20T08:05:01","modified_gmt":"2023-11-20T08:05:01","slug":"plexi-caffe-silos","status":"publish","type":"product","link":"https:\/\/machinecastle.com\/it\/product\/plexi-caffe-silos\/","title":{"rendered":"SILOS PER CAFF\u00c8 IN PLEXI"},"content":{"rendered":"<p>Produciamo silos rettangolari, cilindrici, quadrati, a parete per chicchi di caff\u00e8, distributori di alimenti secchi, distributori di dragee, distributori di noci, distributori di legumi, silos per rinfuse a sistema rotante, distributori di cereali. I silos sono un ottimo modo per mostrare i vostri prodotti ai clienti mentre fanno una bellezza visiva. Non servono solo per la conservazione, ma anche per una buona rappresentazione. Sono disponibili colori opzionali e, su richiesta, dimensioni e capacit\u00e0 diverse.<\/p>\n<p>&nbsp;<\/p>\n<p>Dispenser per caff\u00e8, Silos per caff\u00e8, Distributori di caff\u00e8, Silos per caff\u00e8, Silos per conservare il caff\u00e8<\/p>\n","protected":false},"excerpt":{"rendered":"<p><b>Opzioni di colore: <\/b>Oro, argento, rame.<br \/>\nPer colori diversi, contattateci.<\/p>\n<div class=\"clearfix\"><\/div>\n<p><strong>Dimensioni standard:<\/strong> <span class=\"items\"> 15 Cm x 60 Cm (h)<br \/>\nPer dimensioni maggiori contattateci.<\/span><\/p>\n<div class=\"clearfix\"><\/div>\n<p><b>Capacit\u00e0: <\/b>5-6 KG<br \/>\n<span class=\"items\">Per capacit\u00e0 maggiori, contattateci.<\/span><\/p>\n<p>Silo in plexi, Silo per caff\u00e8, Silo per lo stoccaggio di caff\u00e8 in grani, Silo per caff\u00e8 tostato in grani<\/p>\n","protected":false},"featured_media":5659,"template":"","meta":{"site-sidebar-layout":"default","site-content-layout":"default","ast-site-content-layout":"default","site-content-style":"default","site-sidebar-style":"default","ast-global-header-display":"","ast-banner-title-visibility":"","ast-main-header-display":"","ast-hfb-above-header-display":"","ast-hfb-below-header-display":"","ast-hfb-mobile-header-display":"","site-post-title":"","ast-breadcrumbs-content":"","ast-featured-img":"","footer-sml-layout":"","theme-transparent-header-meta":"default","adv-header-id-meta":"","stick-header-meta":"","header-above-stick-meta":"","header-main-stick-meta":"","header-below-stick-meta":"","astra-migrate-meta-layouts":"set","ast-page-background-enabled":"default","ast-page-background-meta":{"desktop":{"background-color":"","background-image":"","background-repeat":"repeat","background-position":"center center","background-size":"auto","background-attachment":"scroll","background-type":"","background-media":"","overlay-type":"","overlay-color":"","overlay-gradient":""},"tablet":{"background-color":"","background-image":"","background-repeat":"repeat","background-position":"center center","background-size":"auto","background-attachment":"scroll","background-type":"","background-media":"","overlay-type":"","overlay-color":"","overlay-gradient":""},"mobile":{"background-color":"","background-image":"","background-repeat":"repeat","background-position":"center center","background-size":"auto","background-attachment":"scroll","background-type":"","background-media":"","overlay-type":"","overlay-color":"","overlay-gradient":""}},"ast-content-background-meta":{"desktop":{"background-color":"var(--ast-global-color-5)","background-image":"","background-repeat":"repeat","background-position":"center center","background-size":"auto","background-attachment":"scroll","background-type":"","background-media":"","overlay-type":"","overlay-color":"","overlay-gradient":""},"tablet":{"background-color":"var(--ast-global-color-5)","background-image":"","background-repeat":"repeat","background-position":"center center","background-size":"auto","background-attachment":"scroll","background-type":"","background-media":"","overlay-type":"","overlay-color":"","overlay-gradient":""},"mobile":{"background-color":"var(--ast-global-color-5)","background-image":"","background-repeat":"repeat","background-position":"center center","background-size":"auto","background-attachment":"scroll","background-type":"","background-media":"","overlay-type":"","overlay-color":"","overlay-gradient":""}}},"product_brand":[],"product_cat":[128],"product_tag":[],"class_list":{"0":"post-7200","1":"product","2":"type-product","3":"status-publish","4":"has-post-thumbnail","6":"product_cat-torrefattori-e-macinatori-di-caffe","7":"desktop-align-left","8":"tablet-align-left","9":"mobile-align-left","11":"first","12":"instock","13":"shipping-taxable","14":"product-type-simple"},"_links":{"self":[{"href":"https:\/\/machinecastle.com\/it\/wp-json\/wp\/v2\/product\/7200","targetHints":{"allow":["GET"]}}],"collection":[{"href":"https:\/\/machinecastle.com\/it\/wp-json\/wp\/v2\/product"}],"about":[{"href":"https:\/\/machinecastle.com\/it\/wp-json\/wp\/v2\/types\/product"}],"wp:featuredmedia":[{"embeddable":true,"href":"https:\/\/machinecastle.com\/it\/wp-json\/wp\/v2\/media\/5659"}],"wp:attachment":[{"href":"https:\/\/machinecastle.com\/it\/wp-json\/wp\/v2\/media?parent=7200"}],"wp:term":[{"taxonomy":"product_brand","embeddable":true,"href":"https:\/\/machinecastle.com\/it\/wp-json\/wp\/v2\/product_brand?post=7200"},{"taxonomy":"product_cat","embeddable":true,"href":"https:\/\/machinecastle.com\/it\/wp-json\/wp\/v2\/product_cat?post=7200"},{"taxonomy":"product_tag","embeddable":true,"href":"https:\/\/machinecastle.com\/it\/wp-json\/wp\/v2\/product_tag?post=7200"}],"curies":[{"name":"wp","href":"https:\/\/api.w.org\/{rel}","templated":true}]}}