{"id":7195,"date":"2021-12-28T08:07:12","date_gmt":"2021-12-28T08:07:12","guid":{"rendered":"https:\/\/machinecastle.com\/urun\/macchine-per-la-tostatura-dei-ceci\/"},"modified":"2023-11-20T08:07:12","modified_gmt":"2023-11-20T08:07:12","slug":"macchine-per-arrostire-i-ceci","status":"publish","type":"product","link":"https:\/\/machinecastle.com\/it\/product\/macchine-per-arrostire-i-ceci\/","title":{"rendered":"MACCHINE PER LA TOSTATURA DEI CECI"},"content":{"rendered":"<p>Le <strong>macchine per la tostatura dei ceci<\/strong>sono utilizzate per <strong>arrostire i ceci<\/strong>. Questi <strong>tostatori di ceci<\/strong>, che hanno un <strong>tamburo rotante<\/strong> all&#8217;interno, vengono riscaldati e i prodotti nel tamburo vengono arrostiti. La formazione di ceci maculati avviene tramite la tostatura in questa macchina. Queste <strong>macchine per la tostatura dei ceci<\/strong>, preferite soprattutto da rivenditori e negozi, sono prodotte con ruote per essere ergonomiche. Anche l&#8217;ingresso e l&#8217;uscita del prodotto sono controllati manualmente. Generalmente, come unit\u00e0 di alimentazione si utilizza il gas o il gpl, ma si pu\u00f2 applicare anche l&#8217;alimentazione elettrica. A seconda delle richieste, questa macchina pu\u00f2 essere prodotta anche in versione automatica.<\/p>\n<p>&nbsp;<\/p>\n<p>Tostatori di ceci, Tostatore di ceci, Macchina per la tostatura dei ceci<\/p>\n","protected":false},"excerpt":{"rendered":"<p><iframe title=\"Lettore video di YouTube\" src=\"https:\/\/www.youtube.com\/embed\/dn3NEpGeq0o\" width=\"560\" height=\"315\" frameborder=\"0\" allowfullscreen=\"allowfullscreen\"><\/iframe><\/p>\n<p><iframe title=\"Lettore video di YouTube\" src=\"https:\/\/www.youtube.com\/embed\/WHsSxNEP0jI\" width=\"560\" height=\"315\" frameborder=\"0\" allowfullscreen=\"allowfullscreen\"><\/iframe><\/p>\n<p>Capacit\u00e0 disponibili:<br \/>\n4 kg<br \/>\n8 kg<br \/>\n12 kg<br \/>\n16 kg<br \/>\n20 kg<br \/>\n32 kg<br \/>\n40 kg<br \/>\n64 kg<\/p>\n","protected":false},"featured_media":5509,"template":"","meta":{"site-sidebar-layout":"default","site-content-layout":"default","ast-site-content-layout":"default","site-content-style":"default","site-sidebar-style":"default","ast-global-header-display":"","ast-banner-title-visibility":"","ast-main-header-display":"","ast-hfb-above-header-display":"","ast-hfb-below-header-display":"","ast-hfb-mobile-header-display":"","site-post-title":"","ast-breadcrumbs-content":"","ast-featured-img":"","footer-sml-layout":"","theme-transparent-header-meta":"default","adv-header-id-meta":"","stick-header-meta":"","header-above-stick-meta":"","header-main-stick-meta":"","header-below-stick-meta":"","astra-migrate-meta-layouts":"set","ast-page-background-enabled":"default","ast-page-background-meta":{"desktop":{"background-color":"","background-image":"","background-repeat":"repeat","background-position":"center center","background-size":"auto","background-attachment":"scroll","background-type":"","background-media":"","overlay-type":"","overlay-color":"","overlay-gradient":""},"tablet":{"background-color":"","background-image":"","background-repeat":"repeat","background-position":"center center","background-size":"auto","background-attachment":"scroll","background-type":"","background-media":"","overlay-type":"","overlay-color":"","overlay-gradient":""},"mobile":{"background-color":"","background-image":"","background-repeat":"repeat","background-position":"center center","background-size":"auto","background-attachment":"scroll","background-type":"","background-media":"","overlay-type":"","overlay-color":"","overlay-gradient":""}},"ast-content-background-meta":{"desktop":{"background-color":"var(--ast-global-color-5)","background-image":"","background-repeat":"repeat","background-position":"center center","background-size":"auto","background-attachment":"scroll","background-type":"","background-media":"","overlay-type":"","overlay-color":"","overlay-gradient":""},"tablet":{"background-color":"var(--ast-global-color-5)","background-image":"","background-repeat":"repeat","background-position":"center center","background-size":"auto","background-attachment":"scroll","background-type":"","background-media":"","overlay-type":"","overlay-color":"","overlay-gradient":""},"mobile":{"background-color":"var(--ast-global-color-5)","background-image":"","background-repeat":"repeat","background-position":"center center","background-size":"auto","background-attachment":"scroll","background-type":"","background-media":"","overlay-type":"","overlay-color":"","overlay-gradient":""}}},"product_brand":[],"product_cat":[153],"product_tag":[220,221],"class_list":{"0":"post-7195","1":"product","2":"type-product","3":"status-publish","4":"has-post-thumbnail","6":"product_cat-macchina-per-arrostire-le-noci","7":"product_tag-macchina-per-la-tostatura-dei-ceci","8":"product_tag-tostatore-di-ceci","9":"desktop-align-left","10":"tablet-align-left","11":"mobile-align-left","13":"first","14":"instock","15":"shipping-taxable","16":"product-type-simple"},"_links":{"self":[{"href":"https:\/\/machinecastle.com\/it\/wp-json\/wp\/v2\/product\/7195","targetHints":{"allow":["GET"]}}],"collection":[{"href":"https:\/\/machinecastle.com\/it\/wp-json\/wp\/v2\/product"}],"about":[{"href":"https:\/\/machinecastle.com\/it\/wp-json\/wp\/v2\/types\/product"}],"wp:featuredmedia":[{"embeddable":true,"href":"https:\/\/machinecastle.com\/it\/wp-json\/wp\/v2\/media\/5509"}],"wp:attachment":[{"href":"https:\/\/machinecastle.com\/it\/wp-json\/wp\/v2\/media?parent=7195"}],"wp:term":[{"taxonomy":"product_brand","embeddable":true,"href":"https:\/\/machinecastle.com\/it\/wp-json\/wp\/v2\/product_brand?post=7195"},{"taxonomy":"product_cat","embeddable":true,"href":"https:\/\/machinecastle.com\/it\/wp-json\/wp\/v2\/product_cat?post=7195"},{"taxonomy":"product_tag","embeddable":true,"href":"https:\/\/machinecastle.com\/it\/wp-json\/wp\/v2\/product_tag?post=7195"}],"curies":[{"name":"wp","href":"https:\/\/api.w.org\/{rel}","templated":true}]}}