{"id":7190,"date":"2021-12-28T06:41:09","date_gmt":"2021-12-28T06:41:09","guid":{"rendered":"https:\/\/machinecastle.com\/urun\/macchine-per-il-rivestimento\/"},"modified":"2023-11-20T08:37:35","modified_gmt":"2023-11-20T08:37:35","slug":"macchine-per-il-rivestimento","status":"publish","type":"product","link":"https:\/\/machinecastle.com\/it\/product\/macchine-per-il-rivestimento\/","title":{"rendered":"MACCHINE PER IL RIVESTIMENTO"},"content":{"rendered":"<h4>Macchina a rivestimento singolo<\/h4>\n<p>\u00c8 la macchina preferita da chi vuole rivestire prodotti come ceci tostati, arachidi, mandorle, nocciole ecc. A seconda della preferenza per la produzione di prodotti salati o zuccherati, la macchina pu\u00f2 avere anche un&#8217;area di riscaldamento. Il <strong>forno a legna<\/strong> \u00e8 preferito da chi vuole fare il dragee con lo zucchero, in termini di utilizzo dello zucchero per la <strong>caramellizzazione<\/strong>. Chi desidera realizzare prodotti senza caramellare lo zucchero pu\u00f2 utilizzare questa macchina anche senza riscaldamento.<\/p>\n<h4>Macchina a doppio rivestimento<\/h4>\n<p>Questa macchina presenta le stesse caratteristiche della <strong>spalmatrice a testa singola<\/strong>, ma \u00e8 dotata di due teste per aumentare la capacit\u00e0. La maggior parte delle aziende preferisce raddoppiare completamente la capacit\u00e0 del prodotto ed eseguire l&#8217;usabilit\u00e0 in base al prezzo\/prestazioni invece di acquistare una singola testa.<\/p>\n<h4>Macchina di rivestimento inclinabile<\/h4>\n<p>La <strong>macchina di rivestimento inclinabile<\/strong> viene utilizzata anche per effettuare il processo di rivestimento come <strong>macchina di rivestimento a testa singola<\/strong>. Tutte le funzioni, come il touch screen Plc, il riscaldamento o il controllo a pulsanti, possono essere personalizzate in base alle richieste. La <strong>spalmatrice inclinabile<\/strong> offre all&#8217;utente una facile <strong>prestazione di spalmatura<\/strong>, poich\u00e9 tutto pu\u00f2 essere utilizzato con la semplice pressione di un pulsante. Premendo un pulsante, i prodotti possono essere rivestiti e versati su un vassoio mobile.<\/p>\n<p>&nbsp;<\/p>\n<p>Capacit\u00e0 disponibili:<br \/>\n50 kg\/ora<br \/>\n100 kg\/ora<br \/>\n150 kg\/ora<br \/>\n200 kg\/ora<br \/>\n250 kg\/ora<br \/>\n300 kg\/ora<br \/>\n350 kg\/ora<br \/>\n400 kg\/ora<br \/>\n450 kg\/ora<br \/>\n500 kg\/ora<\/p>\n","protected":false},"excerpt":{"rendered":"<p><iframe title=\"Lettore video di YouTube\" src=\"https:\/\/www.youtube.com\/embed\/0sRoO_pAang\" width=\"560\" height=\"315\" frameborder=\"0\" allowfullscreen=\"allowfullscreen\"><\/iframe><\/p>\n<p>https:\/\/www.youtube.com\/shorts\/3UR-PZVeZho<\/p>\n<p>Modelli disponibili:<\/p>\n<table class=\"table table-striped\">\n<tbody>\n<tr>\n<td><strong>MODELLI<\/strong><\/td>\n<td><strong>Caratteristica<\/strong><\/td>\n<\/tr>\n<\/tbody>\n<tbody>\n<tr>\n<td>MC-50 <strong>Macchina di rivestimento<\/strong><\/td>\n<td><strong>Tamburo cromato inossidabile, solo rivestimento<\/strong><\/td>\n<\/tr>\n<\/tbody>\n<tbody>\n<tr>\n<td><strong>Macchina di rivestimento<\/strong> MC-60<\/td>\n<td><strong>Fusto cromato lucido, solo rivestimento<\/strong><\/td>\n<\/tr>\n<\/tbody>\n<tbody>\n<tr>\n<td><strong>Macchina di rivestimento<\/strong> MC-70<\/td>\n<td><strong>Tamburo cromato inossidabile, rivestimento + riscaldamento a gas<\/strong><\/td>\n<\/tr>\n<tr>\n<td><strong>Macchina di rivestimento<\/strong> MC-80<\/td>\n<td><strong>Tamburo cromato lucido, rivestimento + riscaldamento a gas<\/strong><\/td>\n<\/tr>\n<\/tbody>\n<tbody>\n<tr>\n<td><strong>Macchina di rivestimento<\/strong> MC-90<\/td>\n<td><strong>Tamburo in rame inossidabile, rivestimento + riscaldamento a gas<\/strong><\/td>\n<\/tr>\n<tr>\n<td><strong>Macchina di rivestimento<\/strong> MC-100<\/td>\n<td><strong>Macchina di rivestimento inclinabile (tamburo cromato) con comando a pulsante + riscaldamento a gas<\/strong><\/td>\n<\/tr>\n<tr>\n<td>MC-150 <strong>Macchina di rivestimento<\/strong><\/td>\n<td><strong>Macchina di rivestimento inclinabile (tamburo cromato) con controllo touch screen + riscaldamento a gas<\/strong><\/td>\n<\/tr>\n<tr>\n<td><strong>Macchina di rivestimento<\/strong> MC-160<\/td>\n<td><strong>Macchina di rivestimento inclinabile (tamburo di rame) con controllo a pulsante + riscaldamento a gas<\/strong><\/td>\n<\/tr>\n<tr>\n<td><strong>Macchina di rivestimento<\/strong> MC-170<\/td>\n<td><strong>Macchina di rivestimento inclinabile (tamburo di rame) con controllo touch screen + riscaldamento a gas<\/strong><\/td>\n<\/tr>\n<\/tbody>\n<\/table>\n<p>Siamo in grado di personalizzare il tutto in base alle vostre esigenze, fateci sapere cosa avete in mente?<\/p>\n","protected":false},"featured_media":6524,"template":"","meta":{"site-sidebar-layout":"default","site-content-layout":"default","ast-site-content-layout":"default","site-content-style":"default","site-sidebar-style":"default","ast-global-header-display":"","ast-banner-title-visibility":"","ast-main-header-display":"","ast-hfb-above-header-display":"","ast-hfb-below-header-display":"","ast-hfb-mobile-header-display":"","site-post-title":"","ast-breadcrumbs-content":"","ast-featured-img":"","footer-sml-layout":"","theme-transparent-header-meta":"default","adv-header-id-meta":"","stick-header-meta":"","header-above-stick-meta":"","header-main-stick-meta":"","header-below-stick-meta":"","astra-migrate-meta-layouts":"set","ast-page-background-enabled":"default","ast-page-background-meta":{"desktop":{"background-color":"","background-image":"","background-repeat":"repeat","background-position":"center center","background-size":"auto","background-attachment":"scroll","background-type":"","background-media":"","overlay-type":"","overlay-color":"","overlay-gradient":""},"tablet":{"background-color":"","background-image":"","background-repeat":"repeat","background-position":"center center","background-size":"auto","background-attachment":"scroll","background-type":"","background-media":"","overlay-type":"","overlay-color":"","overlay-gradient":""},"mobile":{"background-color":"","background-image":"","background-repeat":"repeat","background-position":"center center","background-size":"auto","background-attachment":"scroll","background-type":"","background-media":"","overlay-type":"","overlay-color":"","overlay-gradient":""}},"ast-content-background-meta":{"desktop":{"background-color":"var(--ast-global-color-5)","background-image":"","background-repeat":"repeat","background-position":"center center","background-size":"auto","background-attachment":"scroll","background-type":"","background-media":"","overlay-type":"","overlay-color":"","overlay-gradient":""},"tablet":{"background-color":"var(--ast-global-color-5)","background-image":"","background-repeat":"repeat","background-position":"center center","background-size":"auto","background-attachment":"scroll","background-type":"","background-media":"","overlay-type":"","overlay-color":"","overlay-gradient":""},"mobile":{"background-color":"var(--ast-global-color-5)","background-image":"","background-repeat":"repeat","background-position":"center center","background-size":"auto","background-attachment":"scroll","background-type":"","background-media":"","overlay-type":"","overlay-color":"","overlay-gradient":""}}},"product_brand":[],"product_cat":[206],"product_tag":[207,208],"class_list":{"0":"post-7190","1":"product","2":"type-product","3":"status-publish","4":"has-post-thumbnail","6":"product_cat-macchine-per-il-rivestimento","7":"product_tag-macchina-di-rivestimento","8":"product_tag-macchina-di-rivestimento-dragee","9":"desktop-align-left","10":"tablet-align-left","11":"mobile-align-left","13":"first","14":"instock","15":"shipping-taxable","16":"product-type-simple"},"_links":{"self":[{"href":"https:\/\/machinecastle.com\/it\/wp-json\/wp\/v2\/product\/7190","targetHints":{"allow":["GET"]}}],"collection":[{"href":"https:\/\/machinecastle.com\/it\/wp-json\/wp\/v2\/product"}],"about":[{"href":"https:\/\/machinecastle.com\/it\/wp-json\/wp\/v2\/types\/product"}],"wp:featuredmedia":[{"embeddable":true,"href":"https:\/\/machinecastle.com\/it\/wp-json\/wp\/v2\/media\/6524"}],"wp:attachment":[{"href":"https:\/\/machinecastle.com\/it\/wp-json\/wp\/v2\/media?parent=7190"}],"wp:term":[{"taxonomy":"product_brand","embeddable":true,"href":"https:\/\/machinecastle.com\/it\/wp-json\/wp\/v2\/product_brand?post=7190"},{"taxonomy":"product_cat","embeddable":true,"href":"https:\/\/machinecastle.com\/it\/wp-json\/wp\/v2\/product_cat?post=7190"},{"taxonomy":"product_tag","embeddable":true,"href":"https:\/\/machinecastle.com\/it\/wp-json\/wp\/v2\/product_tag?post=7190"}],"curies":[{"name":"wp","href":"https:\/\/api.w.org\/{rel}","templated":true}]}}