{"id":7180,"date":"2021-12-24T13:23:03","date_gmt":"2021-12-24T13:23:03","guid":{"rendered":"https:\/\/machinecastle.com\/urun\/macchina-per-la-macinazione-della-polvere\/"},"modified":"2023-11-21T10:14:48","modified_gmt":"2023-11-21T10:14:48","slug":"macchina-per-macinare-la-polvere","status":"publish","type":"product","link":"https:\/\/machinecastle.com\/it\/product\/macchina-per-macinare-la-polvere\/","title":{"rendered":"MACCHINA PER LA MACINAZIONE DELLA POLVERE"},"content":{"rendered":"<p>La <strong>macchina per la macinazione<\/strong> di noci e spezie \u00e8 pensata per chi vuole macinare i propri prodotti e ridurli in <strong>polvere<\/strong>. La particolarit\u00e0 della <strong>macchina<\/strong> \u00e8 che l&#8217;utente pu\u00f2 utilizzarla per tutti i tipi di noci e spezie. Grazie alla <strong>potenza del motore<\/strong> di 28.000 giri\/min. \u00e8 possibile <strong>macinare<\/strong> istantaneamente frutta secca oleosa come <strong>mandorle, nocciole, arachidi<\/strong> o anacardi. Questa macchina pu\u00f2 essere utilizzata anche per macinare tutti i tipi di <strong>spezie<\/strong>. Se richiesto, \u00e8 possibile aggiungere un regolatore di velocit\u00e0 per la velocit\u00e0 di rotazione del motore. Struttura interamente <strong>in acciaio inox<\/strong> per una macchina robusta e duratura. Il coperchio in policarbonato e la ciotola e le lame dei coltelli in <strong>acciaio inox di alta qualit\u00e0<\/strong> garantiscono l&#8217;igiene.<\/p>\n","protected":false},"excerpt":{"rendered":"<p><iframe title=\"Lettore video di YouTube\" src=\"https:\/\/www.youtube.com\/embed\/tIdA4otTZKo\" width=\"560\" height=\"315\" frameborder=\"0\" allowfullscreen=\"allowfullscreen\"><\/iframe><br \/>\n<iframe title=\"Lettore video di YouTube\" src=\"https:\/\/www.youtube.com\/embed\/mlcAvIEhwds\" width=\"560\" height=\"315\" frameborder=\"0\" allowfullscreen=\"allowfullscreen\"><\/iframe><\/p>\n<table class=\"table table-striped\">\n<tbody>\n<tr>\n<td>Velocit\u00e0 di rotazione<\/td>\n<td>Fino a 28.000 giri\/min, (velocit\u00e0 regolabile con il regolatore di velocit\u00e0)<\/td>\n<\/tr>\n<tr>\n<td>Potenza<\/td>\n<td>0,37 kw per volta<\/td>\n<\/tr>\n<tr>\n<td>Capacit\u00e0<\/td>\n<td>1500 grammi (per una maggiore capacit\u00e0, contattateci)<\/td>\n<\/tr>\n<tr>\n<td>Peso<\/td>\n<td>18 Kg<\/td>\n<\/tr>\n<tr>\n<td>Elettricit\u00e0<\/td>\n<td>Tensione 220V 50\/60 Hz<\/td>\n<\/tr>\n<\/tbody>\n<\/table>\n","protected":false},"featured_media":6024,"template":"","meta":{"site-sidebar-layout":"default","site-content-layout":"default","ast-site-content-layout":"default","site-content-style":"default","site-sidebar-style":"default","ast-global-header-display":"","ast-banner-title-visibility":"","ast-main-header-display":"","ast-hfb-above-header-display":"","ast-hfb-below-header-display":"","ast-hfb-mobile-header-display":"","site-post-title":"","ast-breadcrumbs-content":"","ast-featured-img":"","footer-sml-layout":"","theme-transparent-header-meta":"default","adv-header-id-meta":"","stick-header-meta":"","header-above-stick-meta":"","header-main-stick-meta":"","header-below-stick-meta":"","astra-migrate-meta-layouts":"set","ast-page-background-enabled":"default","ast-page-background-meta":{"desktop":{"background-color":"","background-image":"","background-repeat":"repeat","background-position":"center center","background-size":"auto","background-attachment":"scroll","background-type":"","background-media":"","overlay-type":"","overlay-color":"","overlay-gradient":""},"tablet":{"background-color":"","background-image":"","background-repeat":"repeat","background-position":"center center","background-size":"auto","background-attachment":"scroll","background-type":"","background-media":"","overlay-type":"","overlay-color":"","overlay-gradient":""},"mobile":{"background-color":"","background-image":"","background-repeat":"repeat","background-position":"center center","background-size":"auto","background-attachment":"scroll","background-type":"","background-media":"","overlay-type":"","overlay-color":"","overlay-gradient":""}},"ast-content-background-meta":{"desktop":{"background-color":"var(--ast-global-color-5)","background-image":"","background-repeat":"repeat","background-position":"center center","background-size":"auto","background-attachment":"scroll","background-type":"","background-media":"","overlay-type":"","overlay-color":"","overlay-gradient":""},"tablet":{"background-color":"var(--ast-global-color-5)","background-image":"","background-repeat":"repeat","background-position":"center center","background-size":"auto","background-attachment":"scroll","background-type":"","background-media":"","overlay-type":"","overlay-color":"","overlay-gradient":""},"mobile":{"background-color":"var(--ast-global-color-5)","background-image":"","background-repeat":"repeat","background-position":"center center","background-size":"auto","background-attachment":"scroll","background-type":"","background-media":"","overlay-type":"","overlay-color":"","overlay-gradient":""}}},"product_brand":[],"product_cat":[185],"product_tag":[186],"class_list":{"0":"post-7180","1":"product","2":"type-product","3":"status-publish","4":"has-post-thumbnail","6":"product_cat-macchina-per-la-macinazione-delle-polveri","7":"product_tag-macchina-per-la-macinazione-della-polvere","8":"desktop-align-left","9":"tablet-align-left","10":"mobile-align-left","12":"first","13":"instock","14":"shipping-taxable","15":"product-type-simple"},"_links":{"self":[{"href":"https:\/\/machinecastle.com\/it\/wp-json\/wp\/v2\/product\/7180","targetHints":{"allow":["GET"]}}],"collection":[{"href":"https:\/\/machinecastle.com\/it\/wp-json\/wp\/v2\/product"}],"about":[{"href":"https:\/\/machinecastle.com\/it\/wp-json\/wp\/v2\/types\/product"}],"wp:featuredmedia":[{"embeddable":true,"href":"https:\/\/machinecastle.com\/it\/wp-json\/wp\/v2\/media\/6024"}],"wp:attachment":[{"href":"https:\/\/machinecastle.com\/it\/wp-json\/wp\/v2\/media?parent=7180"}],"wp:term":[{"taxonomy":"product_brand","embeddable":true,"href":"https:\/\/machinecastle.com\/it\/wp-json\/wp\/v2\/product_brand?post=7180"},{"taxonomy":"product_cat","embeddable":true,"href":"https:\/\/machinecastle.com\/it\/wp-json\/wp\/v2\/product_cat?post=7180"},{"taxonomy":"product_tag","embeddable":true,"href":"https:\/\/machinecastle.com\/it\/wp-json\/wp\/v2\/product_tag?post=7180"}],"curies":[{"name":"wp","href":"https:\/\/api.w.org\/{rel}","templated":true}]}}