{"id":7165,"date":"2021-12-16T11:55:26","date_gmt":"2021-12-16T11:55:26","guid":{"rendered":"https:\/\/machinecastle.com\/urun\/macchine-per-la-torrefazione-del-caffe\/"},"modified":"2024-12-30T07:51:10","modified_gmt":"2024-12-30T07:51:10","slug":"torrefazione-del-caffe","status":"publish","type":"product","link":"https:\/\/machinecastle.com\/it\/product\/torrefazione-del-caffe\/","title":{"rendered":"MACCHINE PER LA TORREFAZIONE DEL CAFF\u00c8"},"content":{"rendered":"<p>Produttore di macchine per la torrefazione del caff\u00e8 di alta qualit\u00e0 che eccellono per qualit\u00e0, aspetto e funzionalit\u00e0. Grazie all&#8217;elevato livello di qualit\u00e0 e alla costante disponibilit\u00e0 del nostro team di assistenza, Machine Castle \u00e8 una delle migliori marche di torrefazioni. I nostri tostatori sono progettati e costruiti con orgoglio in TURCHIA e sono realizzati per durare nel tempo con materiali resistenti. Machine Castle fornisce gli strumenti per portare un livello di qualit\u00e0 superiore nella vostra attivit\u00e0 di caff\u00e8. Quando si inizia a tostare il proprio caff\u00e8, si ha il controllo dei profili aromatici e di altri strumenti personalizzati che possono distinguere il prodotto della propria azienda dagli altri. Naturalmente, la tostatura del caff\u00e8 \u00e8 anche un grande teatro che valorizza l&#8217;atmosfera di qualsiasi ambiente. Progettate e prodotte in Turchia, queste torrefattrici sono state sviluppate per soddisfare le esigenze di un mercato della torrefazione di caff\u00e8 speciali in continua evoluzione e con la massima tecnologia.<\/p>\n<h2><strong>Cosa si pu\u00f2 avere con Machine Castle<br \/>\n<\/strong><\/h2>\n<table>\n<tbody>\n<tr>\n<td>-Cucchiaio di controllo del prodotto e bicchiere di osservazione<br \/>\nCiclone raccogli-polvere<br \/>\n-Tostatura e raffreddamento allo stesso tempo<br \/>\n-Sistema di raffreddamento e ventole ad alta capacit\u00e0<br \/>\n-Sistema di sicurezza per il raffreddamento e la tostatura<br \/>\n-Indicatore di calore e osservazione della fiamma<br \/>\n-Tostatura controllata dal computer<br \/>\n-Sistema di salvataggio delle ricette<br \/>\n-Cavi certificati UL<br \/>\n-Componenti elettrici Siemens, Schneider, Delta<br \/>\n-\u00c8 possibile applicare la tostatura con sistema artigianale e Cropster.<br \/>\n-Sistema automatico e controllato da Manuel<br \/>\n-Controllo touch screen PLC<br \/>\n-15-18 minuti velocit\u00e0 di tostatura in batch<br \/>\n-Fusto a doppia parete ad alto isolamento termico<br \/>\n-Ciclone per la raccolta della pula e delle particelle indesiderate<br \/>\n-Alimentazione ad aria con alimentatore di caff\u00e8 ad aria fonomatico (opzionale)<br \/>\n-Collegamento al PC con cavo USB<br \/>\n-Velocit\u00e0 del tamburo di tostatura del caff\u00e8, livelli di fiamma, controllo del tempo di tostatura e del tempo di raffreddamento del caff\u00e8, registrazione del grafico del caff\u00e8 durante la tostatura del caff\u00e8 con i parametri e il tempo di tostatura<br \/>\n-4 anni di garanzia e assistenza illimitata 7\/24 a vita<\/td>\n<\/tr>\n<\/tbody>\n<\/table>\n<p>&nbsp;<\/p>\n<h2><em>Dettagli tecnici:<\/em><\/h2>\n<style>#sp-ea-7541 .spcollapsing { height: 0; overflow: hidden; transition-property: height;transition-duration: 300ms;}#sp-ea-7541.sp-easy-accordion>.sp-ea-single {margin-bottom: 10px; border: 1px solid #e2e2e2; }#sp-ea-7541.sp-easy-accordion>.sp-ea-single>.ea-header a {color: #444;}#sp-ea-7541.sp-easy-accordion>.sp-ea-single>.sp-collapse>.ea-body {background: #fff; color: #444;}#sp-ea-7541.sp-easy-accordion>.sp-ea-single {background: #eee;}#sp-ea-7541.sp-easy-accordion>.sp-ea-single>.ea-header a .ea-expand-icon { float: left; color: #444;font-size: 16px;}<\/style><div id=\"sp_easy_accordion-1700483848\"><div id=\"sp-ea-7541\" class=\"sp-ea-one sp-easy-accordion\" data-ea-active=\"ea-click\" data-ea-mode=\"vertical\" data-preloader=\"\" data-scroll-active-item=\"\" data-offset-to-scroll=\"0\"><div class=\"ea-card ea-expand sp-ea-single\"><h3 class=\"ea-header\"><a class=\"collapsed\" id=\"ea-header-75410\" role=\"button\" data-sptoggle=\"spcollapse\" data-sptarget=\"#collapse75410\" aria-controls=\"collapse75410\" href=\"#\" aria-expanded=\"true\" tabindex=\"0\"><i aria-hidden=\"true\" role=\"presentation\" class=\"ea-expand-icon eap-icon-ea-expand-minus\"><\/i> TOSTATRICE PER CAFF\u00c8 MC-K-2 (2 Kg\/Lotto)<\/a><\/h3><div class=\"sp-collapse spcollapse collapsed show\" id=\"collapse75410\" data-parent=\"#sp-ea-7541\" role=\"region\" aria-labelledby=\"ea-header-75410\"> <div class=\"ea-body\"><p>Questa tostatrice per caff\u00e8, che pu\u00f2 tostare 2 kg di chicchi di caff\u00e8 alla volta, ha un isolamento termico di alta qualit\u00e0 per ottenere un'esperienza di tostatura speciale. Questa tostatrice per caff\u00e8 \u00e8 diventata la pi\u00f9 popolare tra le caffetterie e gli amanti del caff\u00e8 in tutto il mondo. Grazie al software di tostatura, il tuo profilo di tostatura e il processo di produzione del caff\u00e8 sono completamente sotto controllo. Le nostre tostatrici per caff\u00e8, che hanno funzioni di raffreddamento rapido e risparmio di carburante, sono sempre state facili da usare e hanno una struttura facile da usare. Le opzioni di tipo di carburante sono disponibili come elettrico, gas, GPL e diesel.<\/p><table class=\"table\"><tbody><tr><td>Lunghezza<\/td><td>1200 mm<\/td><\/tr><tr><td>Larghezza<\/td><td>880 mm<\/td><\/tr><tr><td>Altezza<\/td><td>1100 mm<\/td><\/tr><tr><td>Elettricit\u00e0 Consumo (parti mobili + riscaldamento)<\/td><td>3,6 Kw<\/td><\/tr><tr><td>Gas Consumo<\/td><td>\u2014<\/td><\/tr><\/tbody><\/table><\/div><\/div><\/div><div class=\"ea-card sp-ea-single\"><h3 class=\"ea-header\"><a class=\"collapsed\" id=\"ea-header-75411\" role=\"button\" data-sptoggle=\"spcollapse\" data-sptarget=\"#collapse75411\" aria-controls=\"collapse75411\" href=\"#\" aria-expanded=\"false\" tabindex=\"0\"><i aria-hidden=\"true\" role=\"presentation\" class=\"ea-expand-icon eap-icon-ea-expand-plus\"><\/i> TOSTATRICE PER CAFF\u00c8 MC-K-5 (5 Kg\/Lotto)<\/a><\/h3><div class=\"sp-collapse spcollapse \" id=\"collapse75411\" data-parent=\"#sp-ea-7541\" role=\"region\" aria-labelledby=\"ea-header-75411\"> <div class=\"ea-body\"><table class=\"table\"><tbody><tr><td>Lunghezza<\/td><td>1690 mm<\/td><\/tr><tr><td>Larghezza<\/td><td>1300 mm<\/td><\/tr><tr><td>Altezza<\/td><td>1700 mm<\/td><\/tr><tr><td>Elettricit\u00e0 Consumo (parti mobili + riscaldamento)<\/td><td>1,6 Kw+ 5,1 Kw<\/td><\/tr><tr><td>Gas Consumo<\/td><td>2,20 m\u00b3\/h<\/td><\/tr><\/tbody><\/table><\/div><\/div><\/div><div class=\"ea-card sp-ea-single\"><h3 class=\"ea-header\"><a class=\"collapsed\" id=\"ea-header-75412\" role=\"button\" data-sptoggle=\"spcollapse\" data-sptarget=\"#collapse75412\" aria-controls=\"collapse75412\" href=\"#\" aria-expanded=\"false\" tabindex=\"0\"><i aria-hidden=\"true\" role=\"presentation\" class=\"ea-expand-icon eap-icon-ea-expand-plus\"><\/i> TOSTATRICE PER CAFF\u00c8 MC-K-10 (10 Kg\/Lotto)<\/a><\/h3><div class=\"sp-collapse spcollapse \" id=\"collapse75412\" data-parent=\"#sp-ea-7541\" role=\"region\" aria-labelledby=\"ea-header-75412\"> <div class=\"ea-body\"><table class=\"table\"><tbody><tr><td>Lunghezza<\/td><td>2200 mm<\/td><\/tr><tr><td>Larghezza<\/td><td>2080 mm<\/td><\/tr><tr><td>Altezza<\/td><td>2000 mm<\/td><\/tr><tr><td>Elettricit\u00e0 Consumo (parti mobili + riscaldamento)<\/td><td>1,6 Kw + 6,3<\/td><\/tr><tr><td>Gas Consumo<\/td><td>3,20 m\u00b3\/h<\/td><\/tr><\/tbody><\/table><\/div><\/div><\/div><div class=\"ea-card sp-ea-single\"><h3 class=\"ea-header\"><a class=\"collapsed\" id=\"ea-header-75413\" role=\"button\" data-sptoggle=\"spcollapse\" data-sptarget=\"#collapse75413\" aria-controls=\"collapse75413\" href=\"#\" aria-expanded=\"false\" tabindex=\"0\"><i aria-hidden=\"true\" role=\"presentation\" class=\"ea-expand-icon eap-icon-ea-expand-plus\"><\/i> TOSTATRICE PER CAFF\u00c8 MC-K-15 (15 Kg\/Lotto)<\/a><\/h3><div class=\"sp-collapse spcollapse \" id=\"collapse75413\" data-parent=\"#sp-ea-7541\" role=\"region\" aria-labelledby=\"ea-header-75413\"> <div class=\"ea-body\"><table class=\"table\"><tbody><tr><td>Lunghezza<\/td><td>2400 mm<\/td><\/tr><tr><td>Larghezza<\/td><td>2250 mm<\/td><\/tr><tr><td>Altezza<\/td><td>2100 mm<\/td><\/tr><tr><td>Elettricit\u00e0 Consumo (parti mobili)<\/td><td>1,8 Kw<\/td><\/tr><tr><td>Gas Consumo<\/td><td>4,2 m\u00b3\/h<\/td><\/tr><\/tbody><\/table><\/div><\/div><\/div><div class=\"ea-card sp-ea-single\"><h3 class=\"ea-header\"><a class=\"collapsed\" id=\"ea-header-75414\" role=\"button\" data-sptoggle=\"spcollapse\" data-sptarget=\"#collapse75414\" aria-controls=\"collapse75414\" href=\"#\" aria-expanded=\"false\" tabindex=\"0\"><i aria-hidden=\"true\" role=\"presentation\" class=\"ea-expand-icon eap-icon-ea-expand-plus\"><\/i> TOSTATRICE PER CAFF\u00c8 MC-K-30 (30 Kg\/Lotto)<\/a><\/h3><div class=\"sp-collapse spcollapse \" id=\"collapse75414\" data-parent=\"#sp-ea-7541\" role=\"region\" aria-labelledby=\"ea-header-75414\"> <div class=\"ea-body\"><table class=\"table\"><tbody><tr><td>Lunghezza<\/td><td>2100 mm<\/td><\/tr><tr><td>Larghezza<\/td><td>4500 mm<\/td><\/tr><tr><td>Altezza<\/td><td>3000 mm<\/td><\/tr><tr><td>Elettricit\u00e0 Consumo (parti mobili )<\/td><td>3,7 Kw<\/td><\/tr><tr><td>Gas Consumo<\/td><td>5 m\u00b3\/h<\/td><\/tr><\/tbody><\/table><\/div><\/div><\/div><div class=\"ea-card sp-ea-single\"><h3 class=\"ea-header\"><a class=\"collapsed\" id=\"ea-header-75415\" role=\"button\" data-sptoggle=\"spcollapse\" data-sptarget=\"#collapse75415\" aria-controls=\"collapse75415\" href=\"#\" aria-expanded=\"false\" tabindex=\"0\"><i aria-hidden=\"true\" role=\"presentation\" class=\"ea-expand-icon eap-icon-ea-expand-plus\"><\/i> TOSTATRICE PER CAFF\u00c8 MC-K-60 (60 Kg\/Lotto)<\/a><\/h3><div class=\"sp-collapse spcollapse \" id=\"collapse75415\" data-parent=\"#sp-ea-7541\" role=\"region\" aria-labelledby=\"ea-header-75415\"> <div class=\"ea-body\"><table class=\"table\"><tbody><tr><td>Lunghezza<\/td><td>2800 mm<\/td><\/tr><tr><td>Larghezza<\/td><td>5100 mm<\/td><\/tr><tr><td>Altezza<\/td><td>3200 mm<\/td><\/tr><tr><td>Elettricit\u00e0 Consumo (parti mobili)<\/td><td>6 Kw<\/td><\/tr><tr><td>Gas Consumo<\/td><td>6 m\u00b3\/h<\/td><\/tr><\/tbody><\/table><\/div><\/div><\/div><div class=\"ea-card sp-ea-single\"><h3 class=\"ea-header\"><a class=\"collapsed\" id=\"ea-header-75416\" role=\"button\" data-sptoggle=\"spcollapse\" data-sptarget=\"#collapse75416\" aria-controls=\"collapse75416\" href=\"#\" aria-expanded=\"false\" tabindex=\"0\"><i aria-hidden=\"true\" role=\"presentation\" class=\"ea-expand-icon eap-icon-ea-expand-plus\"><\/i> TOSTATRICE PER CAFF\u00c8 MC-K-120 (120 Kg\/Lotto)<\/a><\/h3><div class=\"sp-collapse spcollapse \" id=\"collapse75416\" data-parent=\"#sp-ea-7541\" role=\"region\" aria-labelledby=\"ea-header-75416\"> <div class=\"ea-body\"><table class=\"table\"><tbody><tr><td>Lunghezza<\/td><td>5700 mm<\/td><\/tr><tr><td>Larghezza<\/td><td>6600 mm<\/td><\/tr><tr><td>Altezza<\/td><td>3350 mm<\/td><\/tr><tr><td>Elettricit\u00e0 Consumo (parti mobili)<\/td><td>7 Kw<\/td><\/tr><tr><td>Gas Consumo<\/td><td>8 m\u00b3\/h<\/td><\/tr><\/tbody><\/table><\/div><\/div><\/div><\/div><\/div>\n<p><strong>Macchina per torrefazione<\/strong>, Prezzi <strong>macchina per torrefazione<\/strong>, <strong>Torrefazione caff\u00e8<\/strong>, Macchina per torrefazione caff\u00e8, Negozio caff\u00e8, Macinatura caff\u00e8, Macinacaff\u00e8, <strong>Torrefattori<\/strong>, Torrefattori commerciali, Torrefattori commerciali, Torrefazione caff\u00e8 in grani verdi, <strong>Torrefazione caff\u00e8 scuro<\/strong>, Torrefazione caff\u00e8 medio, Caffettiera, Macchina per caff\u00e8 espresso<\/p>\n","protected":false},"excerpt":{"rendered":"<p><iframe title=\"YouTube video player\" src=\"https:\/\/www.youtube.com\/embed\/dudKCsRciGw?si=Ma7DE5etDgLJmLYb\" width=\"560\" height=\"315\" frameborder=\"0\" allowfullscreen=\"allowfullscreen\"><\/iframe><\/p>\n<p><iframe title=\"YouTube video player\" src=\"https:\/\/www.youtube.com\/embed\/hBJ6lO1-LJU?si=wvbu77MmtsTlMZEY\" width=\"560\" height=\"315\" frameborder=\"0\" allowfullscreen=\"allowfullscreen\"><\/iframe><\/p>\n<p>https:\/\/youtube.com\/shorts\/nBKQeYQkkTs?si=kUP4Q-Rl1xOBtPSV<\/p>\n","protected":false},"featured_media":6519,"template":"","meta":{"site-sidebar-layout":"default","site-content-layout":"default","ast-site-content-layout":"default","site-content-style":"default","site-sidebar-style":"default","ast-global-header-display":"","ast-banner-title-visibility":"","ast-main-header-display":"","ast-hfb-above-header-display":"","ast-hfb-below-header-display":"","ast-hfb-mobile-header-display":"","site-post-title":"","ast-breadcrumbs-content":"","ast-featured-img":"","footer-sml-layout":"","theme-transparent-header-meta":"default","adv-header-id-meta":"","stick-header-meta":"","header-above-stick-meta":"","header-main-stick-meta":"","header-below-stick-meta":"","astra-migrate-meta-layouts":"set","ast-page-background-enabled":"default","ast-page-background-meta":{"desktop":{"background-color":"","background-image":"","background-repeat":"repeat","background-position":"center center","background-size":"auto","background-attachment":"scroll","background-type":"","background-media":"","overlay-type":"","overlay-color":"","overlay-gradient":""},"tablet":{"background-color":"","background-image":"","background-repeat":"repeat","background-position":"center center","background-size":"auto","background-attachment":"scroll","background-type":"","background-media":"","overlay-type":"","overlay-color":"","overlay-gradient":""},"mobile":{"background-color":"","background-image":"","background-repeat":"repeat","background-position":"center center","background-size":"auto","background-attachment":"scroll","background-type":"","background-media":"","overlay-type":"","overlay-color":"","overlay-gradient":""}},"ast-content-background-meta":{"desktop":{"background-color":"var(--ast-global-color-5)","background-image":"","background-repeat":"repeat","background-position":"center center","background-size":"auto","background-attachment":"scroll","background-type":"","background-media":"","overlay-type":"","overlay-color":"","overlay-gradient":""},"tablet":{"background-color":"var(--ast-global-color-5)","background-image":"","background-repeat":"repeat","background-position":"center center","background-size":"auto","background-attachment":"scroll","background-type":"","background-media":"","overlay-type":"","overlay-color":"","overlay-gradient":""},"mobile":{"background-color":"var(--ast-global-color-5)","background-image":"","background-repeat":"repeat","background-position":"center center","background-size":"auto","background-attachment":"scroll","background-type":"","background-media":"","overlay-type":"","overlay-color":"","overlay-gradient":""}}},"product_brand":[],"product_cat":[128],"product_tag":[130,132,129,131],"class_list":{"0":"post-7165","1":"product","2":"type-product","3":"status-publish","4":"has-post-thumbnail","6":"product_cat-torrefattori-e-macinatori-di-caffe","7":"product_tag-macchina-per-la-torrefazione-del-caffe","8":"product_tag-macchina-per-la-torrefazione-industriale-del-caffe","9":"product_tag-torrefattore-di-caffe","10":"product_tag-torrefazione-commerciale-di-caffe","11":"desktop-align-left","12":"tablet-align-left","13":"mobile-align-left","15":"first","16":"instock","17":"shipping-taxable","18":"product-type-simple"},"_links":{"self":[{"href":"https:\/\/machinecastle.com\/it\/wp-json\/wp\/v2\/product\/7165","targetHints":{"allow":["GET"]}}],"collection":[{"href":"https:\/\/machinecastle.com\/it\/wp-json\/wp\/v2\/product"}],"about":[{"href":"https:\/\/machinecastle.com\/it\/wp-json\/wp\/v2\/types\/product"}],"wp:featuredmedia":[{"embeddable":true,"href":"https:\/\/machinecastle.com\/it\/wp-json\/wp\/v2\/media\/6519"}],"wp:attachment":[{"href":"https:\/\/machinecastle.com\/it\/wp-json\/wp\/v2\/media?parent=7165"}],"wp:term":[{"taxonomy":"product_brand","embeddable":true,"href":"https:\/\/machinecastle.com\/it\/wp-json\/wp\/v2\/product_brand?post=7165"},{"taxonomy":"product_cat","embeddable":true,"href":"https:\/\/machinecastle.com\/it\/wp-json\/wp\/v2\/product_cat?post=7165"},{"taxonomy":"product_tag","embeddable":true,"href":"https:\/\/machinecastle.com\/it\/wp-json\/wp\/v2\/product_tag?post=7165"}],"curies":[{"name":"wp","href":"https:\/\/api.w.org\/{rel}","templated":true}]}}