{"id":9175,"date":"2025-04-25T10:01:59","date_gmt":"2025-04-25T10:01:59","guid":{"rendered":"https:\/\/machinecastle.com\/macchina-per-tahini-di-tipo-a-pietra\/"},"modified":"2025-04-25T10:50:37","modified_gmt":"2025-04-25T10:50:37","slug":"macchina-per-tahini-di-tipo-a-pietra","status":"publish","type":"page","link":"https:\/\/machinecastle.com\/it\/macchina-per-tahini-di-tipo-a-pietra\/","title":{"rendered":"MACCHINA PER TAHINI DI TIPO A PIETRA"},"content":{"rendered":"\t\t<div data-elementor-type=\"wp-page\" data-elementor-id=\"9175\" class=\"elementor elementor-9175 elementor-9163\">\n\t\t\t\t\t\t<section class=\"elementor-section elementor-top-section elementor-element elementor-element-c558352 elementor-section-boxed elementor-section-height-default elementor-section-height-default\" data-id=\"c558352\" data-element_type=\"section\">\n\t\t\t\t\t\t<div class=\"elementor-container elementor-column-gap-default\">\n\t\t\t\t\t<div class=\"elementor-column elementor-col-100 elementor-top-column elementor-element elementor-element-9a76139\" data-id=\"9a76139\" data-element_type=\"column\">\n\t\t\t<div class=\"elementor-widget-wrap elementor-element-populated\">\n\t\t\t\t\t\t<div class=\"elementor-element elementor-element-a8f46aa elementor-widget elementor-widget-heading\" data-id=\"a8f46aa\" data-element_type=\"widget\" data-widget_type=\"heading.default\">\n\t\t\t\t<div class=\"elementor-widget-container\">\n\t\t\t\t\t<h2 class=\"elementor-heading-title elementor-size-default\">MACCHINA PER TAHINI DI TIPO A PIETRA<\/h2>\t\t\t\t<\/div>\n\t\t\t\t<\/div>\n\t\t\t\t\t<\/div>\n\t\t<\/div>\n\t\t\t\t\t<\/div>\n\t\t<\/section>\n\t\t\t\t<section class=\"elementor-section elementor-top-section elementor-element elementor-element-7c4fd36 elementor-section-boxed elementor-section-height-default elementor-section-height-default\" data-id=\"7c4fd36\" data-element_type=\"section\">\n\t\t\t\t\t\t<div class=\"elementor-container elementor-column-gap-default\">\n\t\t\t\t\t<div class=\"elementor-column elementor-col-100 elementor-top-column elementor-element elementor-element-35fe53c\" data-id=\"35fe53c\" data-element_type=\"column\">\n\t\t\t<div class=\"elementor-widget-wrap elementor-element-populated\">\n\t\t\t\t\t\t<div class=\"elementor-element elementor-element-2f683e9 elementor-widget elementor-widget-video\" data-id=\"2f683e9\" data-element_type=\"widget\" data-settings=\"{&quot;youtube_url&quot;:&quot;https:\\\/\\\/www.youtube.com\\\/shorts\\\/0HBpzYk5aFk&quot;,&quot;video_type&quot;:&quot;youtube&quot;,&quot;controls&quot;:&quot;yes&quot;}\" data-widget_type=\"video.default\">\n\t\t\t\t<div class=\"elementor-widget-container\">\n\t\t\t\t\t\t\t<div class=\"elementor-wrapper elementor-open-inline\">\n\t\t\t<div class=\"elementor-video\"><\/div>\t\t<\/div>\n\t\t\t\t\t\t<\/div>\n\t\t\t\t<\/div>\n\t\t\t\t\t<\/div>\n\t\t<\/div>\n\t\t\t\t\t<\/div>\n\t\t<\/section>\n\t\t\t\t<section class=\"elementor-section elementor-top-section elementor-element elementor-element-6c80d40 elementor-section-boxed elementor-section-height-default elementor-section-height-default\" data-id=\"6c80d40\" data-element_type=\"section\">\n\t\t\t\t\t\t<div class=\"elementor-container elementor-column-gap-default\">\n\t\t\t\t\t<div class=\"elementor-column elementor-col-100 elementor-top-column elementor-element elementor-element-4cfc617\" data-id=\"4cfc617\" data-element_type=\"column\">\n\t\t\t<div class=\"elementor-widget-wrap elementor-element-populated\">\n\t\t\t\t\t\t<div class=\"elementor-element elementor-element-f182693 elementor-widget elementor-widget-heading\" data-id=\"f182693\" data-element_type=\"widget\" data-widget_type=\"heading.default\">\n\t\t\t\t<div class=\"elementor-widget-container\">\n\t\t\t\t\t<h3 class=\"elementor-heading-title elementor-size-default\">Macchine per Tahini per una produzione di Tahini di alta qualit\u00e0<\/h3>\t\t\t\t<\/div>\n\t\t\t\t<\/div>\n\t\t\t\t\t<\/div>\n\t\t<\/div>\n\t\t\t\t\t<\/div>\n\t\t<\/section>\n\t\t\t\t<section class=\"elementor-section elementor-top-section elementor-element elementor-element-171817f elementor-section-boxed elementor-section-height-default elementor-section-height-default\" data-id=\"171817f\" data-element_type=\"section\">\n\t\t\t\t\t\t<div class=\"elementor-container elementor-column-gap-default\">\n\t\t\t\t\t<div class=\"elementor-column elementor-col-100 elementor-top-column elementor-element elementor-element-7b31b53\" data-id=\"7b31b53\" data-element_type=\"column\">\n\t\t\t<div class=\"elementor-widget-wrap elementor-element-populated\">\n\t\t\t\t\t\t<div class=\"elementor-element elementor-element-ddf8014 elementor-widget elementor-widget-text-editor\" data-id=\"ddf8014\" data-element_type=\"widget\" data-widget_type=\"text-editor.default\">\n\t\t\t\t<div class=\"elementor-widget-container\">\n\t\t\t\t\t\t\t\t\t<p>Quando si tratta di produrre tahini di alta qualit\u00e0, avere l&#8217;attrezzatura giusta \u00e8 importante quanto utilizzare ingredienti di qualit\u00e0. Le nostre macchine per tahini sono state progettate per fornire un tahini costante, liscio e di alta qualit\u00e0, utilizzando un metodo tradizionale ma efficiente di macinazione con pietre circolari naturali cotte al forno.   <\/p>\n\t\t\t\t\t\t\t\t<\/div>\n\t\t\t\t<\/div>\n\t\t\t\t\t<\/div>\n\t\t<\/div>\n\t\t\t\t\t<\/div>\n\t\t<\/section>\n\t\t\t\t<section class=\"elementor-section elementor-top-section elementor-element elementor-element-a4f9cea elementor-section-boxed elementor-section-height-default elementor-section-height-default\" data-id=\"a4f9cea\" data-element_type=\"section\">\n\t\t\t\t\t\t<div class=\"elementor-container elementor-column-gap-default\">\n\t\t\t\t\t<div class=\"elementor-column elementor-col-100 elementor-top-column elementor-element elementor-element-f061dd1\" data-id=\"f061dd1\" data-element_type=\"column\">\n\t\t\t<div class=\"elementor-widget-wrap elementor-element-populated\">\n\t\t\t\t\t\t<div class=\"elementor-element elementor-element-79a18da elementor-widget elementor-widget-heading\" data-id=\"79a18da\" data-element_type=\"widget\" data-widget_type=\"heading.default\">\n\t\t\t\t<div class=\"elementor-widget-container\">\n\t\t\t\t\t<h3 class=\"elementor-heading-title elementor-size-default\">Come funzionano le nostre macchine per tahini a pietra<\/h3>\t\t\t\t<\/div>\n\t\t\t\t<\/div>\n\t\t\t\t\t<\/div>\n\t\t<\/div>\n\t\t\t\t\t<\/div>\n\t\t<\/section>\n\t\t\t\t<section class=\"elementor-section elementor-top-section elementor-element elementor-element-2885241 elementor-section-boxed elementor-section-height-default elementor-section-height-default\" data-id=\"2885241\" data-element_type=\"section\">\n\t\t\t\t\t\t<div class=\"elementor-container elementor-column-gap-default\">\n\t\t\t\t\t<div class=\"elementor-column elementor-col-100 elementor-top-column elementor-element elementor-element-4541122\" data-id=\"4541122\" data-element_type=\"column\">\n\t\t\t<div class=\"elementor-widget-wrap elementor-element-populated\">\n\t\t\t\t\t\t<div class=\"elementor-element elementor-element-cdf576f elementor-widget elementor-widget-text-editor\" data-id=\"cdf576f\" data-element_type=\"widget\" data-widget_type=\"text-editor.default\">\n\t\t\t\t<div class=\"elementor-widget-container\">\n\t\t\t\t\t\t\t\t\t<p class=\"\" data-start=\"645\" data-end=\"990\">Ogni <a href=\"https:\/\/machinecastle.com\/it\/Prodotto\/macchine-per-fare-il-tahini\/\"><strong>macchina per tahini<\/strong><\/a> \u00e8 dotata di pi\u00f9 teste di macinazione e ogni testa contiene una pietra appositamente realizzata. Queste pietre sono fondamentali per il processo di produzione del tahini, in quanto garantiscono una consistenza omogenea e una macinatura ottimale. A seconda della capacit\u00e0 produttiva, le macchine variano sia nel numero di teste che nelle dimensioni delle pietre di macinazione.    <\/p>\n<p class=\"\" data-start=\"645\" data-end=\"990\">Ad esempio, una macchina per tahini con una capacit\u00e0 di 50 kg\/ora \u00e8 dotata di due teste, mentre una macchina pi\u00f9 grande con una capacit\u00e0 di 500 kg\/ora sar\u00e0 dotata di cinque teste. Nonostante queste differenze di dimensioni e di produzione, il principio di base rimane lo stesso: una macinazione efficiente e naturale per produrre tahini di alta qualit\u00e0.   <\/p>\n\t\t\t\t\t\t\t\t<\/div>\n\t\t\t\t<\/div>\n\t\t\t\t\t<\/div>\n\t\t<\/div>\n\t\t\t\t\t<\/div>\n\t\t<\/section>\n\t\t\t\t<section class=\"elementor-section elementor-top-section elementor-element elementor-element-51f816c elementor-section-boxed elementor-section-height-default elementor-section-height-default\" data-id=\"51f816c\" data-element_type=\"section\">\n\t\t\t\t\t\t<div class=\"elementor-container elementor-column-gap-default\">\n\t\t\t\t\t<div class=\"elementor-column elementor-col-100 elementor-top-column elementor-element elementor-element-c281dcb\" data-id=\"c281dcb\" data-element_type=\"column\">\n\t\t\t<div class=\"elementor-widget-wrap elementor-element-populated\">\n\t\t\t\t\t\t<div class=\"elementor-element elementor-element-d700b3a elementor-widget elementor-widget-heading\" data-id=\"d700b3a\" data-element_type=\"widget\" data-widget_type=\"heading.default\">\n\t\t\t\t<div class=\"elementor-widget-container\">\n\t\t\t\t\t<h3 class=\"elementor-heading-title elementor-size-default\">Coerenza che puoi controllare<\/h3>\t\t\t\t<\/div>\n\t\t\t\t<\/div>\n\t\t\t\t\t<\/div>\n\t\t<\/div>\n\t\t\t\t\t<\/div>\n\t\t<\/section>\n\t\t\t\t<section class=\"elementor-section elementor-top-section elementor-element elementor-element-431cf44 elementor-section-boxed elementor-section-height-default elementor-section-height-default\" data-id=\"431cf44\" data-element_type=\"section\">\n\t\t\t\t\t\t<div class=\"elementor-container elementor-column-gap-default\">\n\t\t\t\t\t<div class=\"elementor-column elementor-col-100 elementor-top-column elementor-element elementor-element-9e75101\" data-id=\"9e75101\" data-element_type=\"column\">\n\t\t\t<div class=\"elementor-widget-wrap elementor-element-populated\">\n\t\t\t\t\t\t<div class=\"elementor-element elementor-element-bb2d601 elementor-widget elementor-widget-text-editor\" data-id=\"bb2d601\" data-element_type=\"widget\" data-widget_type=\"text-editor.default\">\n\t\t\t\t<div class=\"elementor-widget-container\">\n\t\t\t\t\t\t\t\t\t<p>Una delle caratteristiche principali delle nostre macchine per tahini \u00e8 la possibilit\u00e0 di controllare la densit\u00e0 del tahini prodotto. Ci\u00f2 avviene regolando la distanza tra le pietre di macinazione. Una volta raggiunta la consistenza ideale, le pietre possono essere bloccate in posizione per ottenere risultati costanti durante la produzione.    <\/p>\n<p>Questa flessibilit\u00e0 permette ai produttori di soddisfare le diverse preferenze dei clienti e le richieste del mercato senza sacrificare la qualit\u00e0.<\/p>\n\t\t\t\t\t\t\t\t<\/div>\n\t\t\t\t<\/div>\n\t\t\t\t\t<\/div>\n\t\t<\/div>\n\t\t\t\t\t<\/div>\n\t\t<\/section>\n\t\t\t\t<section class=\"elementor-section elementor-top-section elementor-element elementor-element-c5d1c60 elementor-section-boxed elementor-section-height-default elementor-section-height-default\" data-id=\"c5d1c60\" data-element_type=\"section\">\n\t\t\t\t\t\t<div class=\"elementor-container elementor-column-gap-default\">\n\t\t\t\t\t<div class=\"elementor-column elementor-col-100 elementor-top-column elementor-element elementor-element-b6fc0d9\" data-id=\"b6fc0d9\" data-element_type=\"column\">\n\t\t\t<div class=\"elementor-widget-wrap elementor-element-populated\">\n\t\t\t\t\t\t<div class=\"elementor-element elementor-element-a0d40a9 elementor-widget elementor-widget-heading\" data-id=\"a0d40a9\" data-element_type=\"widget\" data-widget_type=\"heading.default\">\n\t\t\t\t<div class=\"elementor-widget-container\">\n\t\t\t\t\t<h3 class=\"elementor-heading-title elementor-size-default\">L'importanza dei semi di sesamo preparati<\/h3>\t\t\t\t<\/div>\n\t\t\t\t<\/div>\n\t\t\t\t\t<\/div>\n\t\t<\/div>\n\t\t\t\t\t<\/div>\n\t\t<\/section>\n\t\t\t\t<section class=\"elementor-section elementor-top-section elementor-element elementor-element-a334267 elementor-section-boxed elementor-section-height-default elementor-section-height-default\" data-id=\"a334267\" data-element_type=\"section\">\n\t\t\t\t\t\t<div class=\"elementor-container elementor-column-gap-default\">\n\t\t\t\t\t<div class=\"elementor-column elementor-col-100 elementor-top-column elementor-element elementor-element-9653fd2\" data-id=\"9653fd2\" data-element_type=\"column\">\n\t\t\t<div class=\"elementor-widget-wrap elementor-element-populated\">\n\t\t\t\t\t\t<div class=\"elementor-element elementor-element-f3f6422 elementor-widget elementor-widget-text-editor\" data-id=\"f3f6422\" data-element_type=\"widget\" data-widget_type=\"text-editor.default\">\n\t\t\t\t<div class=\"elementor-widget-container\">\n\t\t\t\t\t\t\t\t\t<p class=\"\" data-start=\"1834\" data-end=\"2067\">Sebbene le nostre macchine siano progettate per offrire i migliori risultati, la qualit\u00e0 del tahini dipende anche dai semi di sesamo utilizzati. \u00c8 fondamentale utilizzare semi di sesamo appositamente preparati per la produzione di tahini.   <\/p>\n<p class=\"\" data-start=\"2069\" data-end=\"2128\">I semi di sesamo preparati passano attraverso diverse fasi, tra cui:<\/p>\n<ul data-start=\"2130\" data-end=\"2328\">\n<li class=\"\" data-start=\"2130\" data-end=\"2156\">\n<p class=\"\" data-start=\"2132\" data-end=\"2156\"><strong data-start=\"2132\" data-end=\"2154\">Calibrazione del sesamo<\/strong><\/p>\n<\/li>\n<li class=\"\" data-start=\"2157\" data-end=\"2181\">\n<p class=\"\" data-start=\"2159\" data-end=\"2181\"><strong data-start=\"2159\" data-end=\"2179\">Lavaggio in piscina<\/strong><\/p>\n<\/li>\n<li class=\"\" data-start=\"2182\" data-end=\"2197\">\n<p class=\"\" data-start=\"2184\" data-end=\"2197\"><strong data-start=\"2184\" data-end=\"2195\">Peeling<\/strong><\/p>\n<\/li>\n<li class=\"\" data-start=\"2198\" data-end=\"2229\">\n<p class=\"\" data-start=\"2200\" data-end=\"2229\"><strong data-start=\"2200\" data-end=\"2227\">Lavaggio con acqua salata<\/strong><\/p>\n<\/li>\n<li class=\"\" data-start=\"2230\" data-end=\"2256\">\n<p class=\"\" data-start=\"2232\" data-end=\"2256\"><strong data-start=\"2232\" data-end=\"2254\">Risciacquo con acqua<\/strong><\/p>\n<\/li>\n<li class=\"\" data-start=\"2257\" data-end=\"2297\">\n<p class=\"\" data-start=\"2259\" data-end=\"2297\"><strong data-start=\"2259\" data-end=\"2295\">Rimozione dell&#8217;acqua con la centrifuga<\/strong><\/p>\n<\/li>\n<li class=\"\" data-start=\"2298\" data-end=\"2314\">\n<p class=\"\" data-start=\"2300\" data-end=\"2314\"><strong data-start=\"2300\" data-end=\"2312\">Tostatura<\/strong><\/p>\n<\/li>\n<li class=\"\" data-start=\"2315\" data-end=\"2328\">\n<p class=\"\" data-start=\"2317\" data-end=\"2328\"><strong data-start=\"2317\" data-end=\"2328\">Raffreddamento<\/strong><\/p>\n<\/li>\n<\/ul>\n<p class=\"\" data-start=\"2330\" data-end=\"2645\">Poich\u00e9 ci concentriamo esclusivamente sulla produzione e sulla fornitura di <a href=\"https:\/\/machinecastle.com\/it\/\">macchine per tahini<\/a>, i nostri clienti si riforniscono di questi semi di sesamo preparati da aziende specializzate nella lavorazione del sesamo. Al momento dell&#8217;ordine, \u00e8 importante specificare che i semi di sesamo sono destinati alla produzione di tahini per garantire che venga seguito il giusto processo di preparazione.   <\/p>\n\t\t\t\t\t\t\t\t<\/div>\n\t\t\t\t<\/div>\n\t\t\t\t\t<\/div>\n\t\t<\/div>\n\t\t\t\t\t<\/div>\n\t\t<\/section>\n\t\t\t\t<section class=\"elementor-section elementor-top-section elementor-element elementor-element-646ac63 elementor-section-boxed elementor-section-height-default elementor-section-height-default\" data-id=\"646ac63\" data-element_type=\"section\">\n\t\t\t\t\t\t<div class=\"elementor-container elementor-column-gap-default\">\n\t\t\t\t\t<div class=\"elementor-column elementor-col-100 elementor-top-column elementor-element elementor-element-503ad58\" data-id=\"503ad58\" data-element_type=\"column\">\n\t\t\t<div class=\"elementor-widget-wrap elementor-element-populated\">\n\t\t\t\t\t\t<div class=\"elementor-element elementor-element-72670d4 elementor-widget elementor-widget-heading\" data-id=\"72670d4\" data-element_type=\"widget\" data-widget_type=\"heading.default\">\n\t\t\t\t<div class=\"elementor-widget-container\">\n\t\t\t\t\t<h3 class=\"elementor-heading-title elementor-size-default\">Perch\u00e9 scegliere le nostre macchine per tahini?<\/h3>\t\t\t\t<\/div>\n\t\t\t\t<\/div>\n\t\t\t\t\t<\/div>\n\t\t<\/div>\n\t\t\t\t\t<\/div>\n\t\t<\/section>\n\t\t\t\t<section class=\"elementor-section elementor-top-section elementor-element elementor-element-08597e1 elementor-section-boxed elementor-section-height-default elementor-section-height-default\" data-id=\"08597e1\" data-element_type=\"section\">\n\t\t\t\t\t\t<div class=\"elementor-container elementor-column-gap-default\">\n\t\t\t\t\t<div class=\"elementor-column elementor-col-100 elementor-top-column elementor-element elementor-element-c830256\" data-id=\"c830256\" data-element_type=\"column\">\n\t\t\t<div class=\"elementor-widget-wrap elementor-element-populated\">\n\t\t\t\t\t\t<div class=\"elementor-element elementor-element-6a09096 elementor-widget elementor-widget-text-editor\" data-id=\"6a09096\" data-element_type=\"widget\" data-widget_type=\"text-editor.default\">\n\t\t\t\t<div class=\"elementor-widget-container\">\n\t\t\t\t\t\t\t\t\t<ul data-start=\"2684\" data-end=\"2980\">\n<li class=\"\" data-start=\"2684\" data-end=\"2756\">\n<p class=\"\" data-start=\"2686\" data-end=\"2756\"><strong data-start=\"2686\" data-end=\"2720\">Resistenti macine in pietra naturale<\/strong> per un sapore tradizionale e autentico<\/p>\n<\/li>\n<li class=\"\" data-start=\"2757\" data-end=\"2820\">\n<p class=\"\" data-start=\"2759\" data-end=\"2820\"><strong data-start=\"2759\" data-end=\"2788\">Impostazioni della pietra regolabili<\/strong> per un controllo totale della texture<\/p>\n<\/li>\n<li class=\"\" data-start=\"2821\" data-end=\"2903\">\n<p class=\"\" data-start=\"2823\" data-end=\"2903\"><strong data-start=\"2823\" data-end=\"2857\">Capacit\u00e0 produttive scalabili<\/strong>, dalla piccola scala alla produzione di livello industriale<\/p>\n<\/li>\n<li class=\"\" data-start=\"2904\" data-end=\"2980\">\n<p class=\"\" data-start=\"2906\" data-end=\"2980\"><strong data-start=\"2906\" data-end=\"2938\">Facile da usare e da manutenere<\/strong>, progettato per un uso costante e a lungo termine<\/p>\n<\/li>\n<\/ul>\n<p class=\"\" data-start=\"2982\" data-end=\"3154\">Sia che tu stia avviando una nuova attivit\u00e0 di produzione di tahini, sia che tu voglia aggiornare i tuoi macchinari attuali, le nostre macchine per tahini rappresentano una soluzione affidabile e performante.<\/p>\n\t\t\t\t\t\t\t\t<\/div>\n\t\t\t\t<\/div>\n\t\t\t\t\t<\/div>\n\t\t<\/div>\n\t\t\t\t\t<\/div>\n\t\t<\/section>\n\t\t\t\t<section class=\"elementor-section elementor-top-section elementor-element elementor-element-e35abf8 elementor-section-boxed elementor-section-height-default elementor-section-height-default\" data-id=\"e35abf8\" data-element_type=\"section\">\n\t\t\t\t\t\t<div class=\"elementor-container elementor-column-gap-default\">\n\t\t\t\t\t<div class=\"elementor-column elementor-col-100 elementor-top-column elementor-element elementor-element-6728abd\" data-id=\"6728abd\" data-element_type=\"column\">\n\t\t\t<div class=\"elementor-widget-wrap elementor-element-populated\">\n\t\t\t\t\t\t<div class=\"elementor-element elementor-element-9eb495f elementor-widget elementor-widget-image\" data-id=\"9eb495f\" data-element_type=\"widget\" data-widget_type=\"image.default\">\n\t\t\t\t<div class=\"elementor-widget-container\">\n\t\t\t\t\t\t\t\t\t\t\t\t<figure class=\"wp-caption\">\n\t\t\t\t\t\t\t\t\t\t\t<a href=\"https:\/\/machinecastle.com\/it\/Prodotto\/macchine-per-fare-il-tahini\/\">\n\t\t\t\t\t\t\t<img fetchpriority=\"high\" decoding=\"async\" width=\"600\" height=\"560\" src=\"https:\/\/machinecastle.com\/wp-content\/uploads\/2025\/04\/Tahini-Production-Machine--600x560.png\" class=\"attachment-woocommerce_single size-woocommerce_single wp-image-9147\" alt=\"Tahini Production Machine\" srcset=\"https:\/\/machinecastle.com\/wp-content\/uploads\/2025\/04\/Tahini-Production-Machine--600x560.png 600w, https:\/\/machinecastle.com\/wp-content\/uploads\/2025\/04\/Tahini-Production-Machine--300x280.png 300w, https:\/\/machinecastle.com\/wp-content\/uploads\/2025\/04\/Tahini-Production-Machine--768x716.png 768w, https:\/\/machinecastle.com\/wp-content\/uploads\/2025\/04\/Tahini-Production-Machine-.png 938w\" sizes=\"(max-width: 600px) 100vw, 600px\" \/>\t\t\t\t\t\t\t\t<\/a>\n\t\t\t\t\t\t\t\t\t\t\t<figcaption class=\"widget-image-caption wp-caption-text\">Clicca sull'immagine qui sopra per vedere i nostri modelli<\/figcaption>\n\t\t\t\t\t\t\t\t\t\t<\/figure>\n\t\t\t\t\t\t\t\t\t<\/div>\n\t\t\t\t<\/div>\n\t\t\t\t\t<\/div>\n\t\t<\/div>\n\t\t\t\t\t<\/div>\n\t\t<\/section>\n\t\t\t\t<section class=\"elementor-section elementor-top-section elementor-element elementor-element-ed18c1e elementor-section-boxed elementor-section-height-default elementor-section-height-default\" data-id=\"ed18c1e\" data-element_type=\"section\">\n\t\t\t\t\t\t<div class=\"elementor-container elementor-column-gap-default\">\n\t\t\t\t\t<div class=\"elementor-column elementor-col-100 elementor-top-column elementor-element elementor-element-3769655\" data-id=\"3769655\" data-element_type=\"column\">\n\t\t\t<div class=\"elementor-widget-wrap\">\n\t\t\t\t\t\t\t<\/div>\n\t\t<\/div>\n\t\t\t\t\t<\/div>\n\t\t<\/section>\n\t\t\t\t<\/div>\n\t\t","protected":false},"excerpt":{"rendered":"<p>MACCHINA PER TAHINI DI TIPO A PIETRA Macchine per Tahini per una produzione di Tahini di alta qualit\u00e0 Quando si tratta di produrre tahini di alta qualit\u00e0, avere l&#8217;attrezzatura giusta \u00e8 importante quanto utilizzare ingredienti di qualit\u00e0. Le nostre macchine per tahini sono state progettate per fornire un tahini costante, liscio e di alta qualit\u00e0, &hellip;<\/p>\n<p class=\"read-more\"> <a class=\"\" href=\"https:\/\/machinecastle.com\/it\/macchina-per-tahini-di-tipo-a-pietra\/\"> <span class=\"screen-reader-text\">MACCHINA PER TAHINI DI TIPO A PIETRA<\/span> Leggi altro &raquo;<\/a><\/p>\n","protected":false},"author":1,"featured_media":0,"parent":0,"menu_order":0,"comment_status":"closed","ping_status":"closed","template":"","meta":{"site-sidebar-layout":"default","site-content-layout":"","ast-site-content-layout":"default","site-content-style":"default","site-sidebar-style":"default","ast-global-header-display":"","ast-banner-title-visibility":"","ast-main-header-display":"","ast-hfb-above-header-display":"","ast-hfb-below-header-display":"","ast-hfb-mobile-header-display":"","site-post-title":"","ast-breadcrumbs-content":"","ast-featured-img":"","footer-sml-layout":"","theme-transparent-header-meta":"","adv-header-id-meta":"","stick-header-meta":"","header-above-stick-meta":"","header-main-stick-meta":"","header-below-stick-meta":"","astra-migrate-meta-layouts":"default","ast-page-background-enabled":"default","ast-page-background-meta":{"desktop":{"background-color":"","background-image":"","background-repeat":"repeat","background-position":"center center","background-size":"auto","background-attachment":"scroll","background-type":"","background-media":"","overlay-type":"","overlay-color":"","overlay-gradient":""},"tablet":{"background-color":"","background-image":"","background-repeat":"repeat","background-position":"center center","background-size":"auto","background-attachment":"scroll","background-type":"","background-media":"","overlay-type":"","overlay-color":"","overlay-gradient":""},"mobile":{"background-color":"","background-image":"","background-repeat":"repeat","background-position":"center center","background-size":"auto","background-attachment":"scroll","background-type":"","background-media":"","overlay-type":"","overlay-color":"","overlay-gradient":""}},"ast-content-background-meta":{"desktop":{"background-color":"var(--ast-global-color-5)","background-image":"","background-repeat":"repeat","background-position":"center center","background-size":"auto","background-attachment":"scroll","background-type":"","background-media":"","overlay-type":"","overlay-color":"","overlay-gradient":""},"tablet":{"background-color":"var(--ast-global-color-5)","background-image":"","background-repeat":"repeat","background-position":"center center","background-size":"auto","background-attachment":"scroll","background-type":"","background-media":"","overlay-type":"","overlay-color":"","overlay-gradient":""},"mobile":{"background-color":"var(--ast-global-color-5)","background-image":"","background-repeat":"repeat","background-position":"center center","background-size":"auto","background-attachment":"scroll","background-type":"","background-media":"","overlay-type":"","overlay-color":"","overlay-gradient":""}},"footnotes":""},"class_list":["post-9175","page","type-page","status-publish","hentry"],"_links":{"self":[{"href":"https:\/\/machinecastle.com\/it\/wp-json\/wp\/v2\/pages\/9175","targetHints":{"allow":["GET"]}}],"collection":[{"href":"https:\/\/machinecastle.com\/it\/wp-json\/wp\/v2\/pages"}],"about":[{"href":"https:\/\/machinecastle.com\/it\/wp-json\/wp\/v2\/types\/page"}],"author":[{"embeddable":true,"href":"https:\/\/machinecastle.com\/it\/wp-json\/wp\/v2\/users\/1"}],"replies":[{"embeddable":true,"href":"https:\/\/machinecastle.com\/it\/wp-json\/wp\/v2\/comments?post=9175"}],"version-history":[{"count":6,"href":"https:\/\/machinecastle.com\/it\/wp-json\/wp\/v2\/pages\/9175\/revisions"}],"predecessor-version":[{"id":9195,"href":"https:\/\/machinecastle.com\/it\/wp-json\/wp\/v2\/pages\/9175\/revisions\/9195"}],"wp:attachment":[{"href":"https:\/\/machinecastle.com\/it\/wp-json\/wp\/v2\/media?parent=9175"}],"curies":[{"name":"wp","href":"https:\/\/api.w.org\/{rel}","templated":true}]}}