{"id":9089,"date":"2025-04-10T10:43:48","date_gmt":"2025-04-10T10:43:48","guid":{"rendered":"https:\/\/machinecastle.com\/tostatore-noccioline\/"},"modified":"2025-04-16T10:23:11","modified_gmt":"2025-04-16T10:23:11","slug":"tostatore-noccioline","status":"publish","type":"page","link":"https:\/\/machinecastle.com\/it\/tostatore-noccioline\/","title":{"rendered":"Tostatore noccioline"},"content":{"rendered":"\t\t<div data-elementor-type=\"wp-page\" data-elementor-id=\"9089\" class=\"elementor elementor-9089 elementor-8944\">\n\t\t\t\t\t\t<section class=\"elementor-section elementor-top-section elementor-element elementor-element-382474a elementor-section-boxed elementor-section-height-default elementor-section-height-default\" data-id=\"382474a\" data-element_type=\"section\">\n\t\t\t\t\t\t<div class=\"elementor-container elementor-column-gap-default\">\n\t\t\t\t\t<div class=\"elementor-column elementor-col-100 elementor-top-column elementor-element elementor-element-af8f9f2\" data-id=\"af8f9f2\" data-element_type=\"column\">\n\t\t\t<div class=\"elementor-widget-wrap elementor-element-populated\">\n\t\t\t\t\t\t<div class=\"elementor-element elementor-element-fc175a2 elementor-widget elementor-widget-heading\" data-id=\"fc175a2\" data-element_type=\"widget\" data-widget_type=\"heading.default\">\n\t\t\t\t<div class=\"elementor-widget-container\">\n\t\t\t\t\t<h2 class=\"elementor-heading-title elementor-size-default\">TOSTATORE DI NOCI<\/h2>\t\t\t\t<\/div>\n\t\t\t\t<\/div>\n\t\t\t\t<div class=\"elementor-element elementor-element-537afdb elementor-widget elementor-widget-video\" data-id=\"537afdb\" data-element_type=\"widget\" data-settings=\"{&quot;youtube_url&quot;:&quot;https:\\\/\\\/www.youtube.com\\\/watch?v=JGFY-uy1Wb8&quot;,&quot;video_type&quot;:&quot;youtube&quot;,&quot;controls&quot;:&quot;yes&quot;}\" data-widget_type=\"video.default\">\n\t\t\t\t<div class=\"elementor-widget-container\">\n\t\t\t\t\t\t\t<div class=\"elementor-wrapper elementor-open-inline\">\n\t\t\t<div class=\"elementor-video\"><\/div>\t\t<\/div>\n\t\t\t\t\t\t<\/div>\n\t\t\t\t<\/div>\n\t\t\t\t<div class=\"elementor-element elementor-element-1e642fc elementor-widget elementor-widget-text-editor\" data-id=\"1e642fc\" data-element_type=\"widget\" data-widget_type=\"text-editor.default\">\n\t\t\t\t<div class=\"elementor-widget-container\">\n\t\t\t\t\t\t\t\t\t<p>Il <b><a href=\"https:\/\/nutsroaster.com\">tostatrice di noci<\/a><\/b> che funziona con un nastro di qualit\u00e0 in acciaio inox AISI 304, muove continuamente i prodotti attraverso le camere di tostatura e raffreddamento. Una volta caricati nel bunker di ingresso della tostatrice, i prodotti vengono posizionati direttamente sul nastro in continuo movimento. Il nastro trasporta i prodotti nella prima camera di tostatura, dove l&#8217;aria viene riscaldata dal basso. Poi, i prodotti si spostano nella seconda camera di tostatura, dove ricevono aria riscaldata dall&#8217;alto. Questa circolazione di calore dal basso e dall&#8217;alto garantisce una tostatura uniforme e omogenea dei prodotti nella nostra camera di tostatura.   &nbsp;<b>tostatore di noci<\/b>. Dopo aver completato le fasi di tostatura, i prodotti passano attraverso una fase di riposo. Questa fase di riposo evita che i prodotti siano esposti a un raffreddamento diretto e rapido, evitando crepe e preservando la qualit\u00e0 del prodotto. Dopo la fase di riposo, i prodotti vengono raffreddati a temperatura ambiente nella camera di raffreddamento. Una volta raffreddati, i prodotti sono pronti per essere confezionati. Il numero di camere di tostatura varia a seconda delle dimensioni della macchina per la tostatura delle noci. La funzione di raffreddamento pu\u00f2 essere aggiunta alle <b>tostatrici di noci<\/b> con capacit\u00e0 a partire da 30 kg\/ora.     <\/p>\n<p>La nostra <b>macchina per la tostatura della frutta secca<\/b> \u00e8 in grado di tostare perfettamente vari tipi di noci e semi, tra cui: Arachidi, Nocciole, Ceci, Semi di Zucca, Semi di Girasole, Nocciole sgusciate Mandorle, Mandorle sgusciate, Pistacchi, Anacardi e molti altri. <b><a href=\"https:\/\/machinecastle.com\/it\/\">macchina tostatrice per noci<\/a><\/b> offre eccellenti prestazioni di tostatura e un gusto superiore, garantendo una produzione di alta qualit\u00e0 con un processo di tostatura costante. Progettata con componenti completamente in acciaio inox, la macchina richiede meno manodopera e consuma poca energia. Nonostante l&#8217;elevata temperatura all&#8217;interno delle camere di tostatura, la macchina \u00e8 progettata per evitare qualsiasi perdita di aroma dei prodotti. I <b>tostatori di nocciole<\/b>sono altamente isolati, riducendo il consumo energetico e i costi di produzione.   <\/p>\n<h3 data-start=\"2245\" data-end=\"2284\">Design igienico e facile da usare<\/h3>\n<p data-start=\"2286\" data-end=\"2481\">Questo forno per arrostire \u00e8 progettato per soddisfare gli standard di sicurezza e igiene alimentare in conformit\u00e0 con le normative FDA. \u00c8 dotato di un avanzato pannello di controllo touchscreen che offre flessibilit\u00e0 di regolazione: <\/p>\n<ul data-start=\"2483\" data-end=\"2551\">\n<li data-start=\"2483\" data-end=\"2507\">\n<p data-start=\"2485\" data-end=\"2507\">Temperatura di tostatura<\/p>\n<\/li>\n<li data-start=\"2508\" data-end=\"2531\">\n<p data-start=\"2510\" data-end=\"2531\">Velocit\u00e0 del nastro trasportatore<\/p>\n<\/li>\n<li data-start=\"2532\" data-end=\"2551\">\n<p data-start=\"2534\" data-end=\"2551\">Livelli di umidit\u00e0<\/p>\n<\/li>\n<li data-start=\"2532\" data-end=\"2551\">\n<p data-start=\"2534\" data-end=\"2551\">Salvataggio della ricetta<\/p>\n<\/li>\n<\/ul>\n<p data-start=\"2553\" data-end=\"2654\">Inoltre, l&#8217;utente pu\u00f2 controllare lo spessore del prodotto che viene steso sul nastro continuo.<\/p>\n<h3 data-start=\"2661\" data-end=\"2682\">Opzioni di riscaldamento<\/h3>\n<p data-start=\"2684\" data-end=\"2789\">La macchina per la tostatura delle noci offre vari tipi di combustibile per soddisfare le esigenze di diversi impianti di produzione:<\/p>\n<ul data-start=\"2791\" data-end=\"2833\">\n<li data-start=\"2791\" data-end=\"2798\">\n<p data-start=\"2793\" data-end=\"2798\">Gas<\/p>\n<\/li>\n<li data-start=\"2799\" data-end=\"2806\">\n<p data-start=\"2801\" data-end=\"2806\">GPL<\/p>\n<\/li>\n<li data-start=\"2807\" data-end=\"2817\">\n<p data-start=\"2809\" data-end=\"2817\">Diesel<\/p>\n<\/li>\n<li data-start=\"2818\" data-end=\"2833\">\n<p data-start=\"2820\" data-end=\"2833\">Elettricit\u00e0<\/p>\n<\/li>\n<\/ul>\n<p data-start=\"2835\" data-end=\"3006\">Per le macchine alimentate a gas, GPL o diesel, il riscaldamento \u00e8 assicurato da bruciatori. Nei modelli a riscaldamento elettrico, si utilizzano riscaldatori tubolari alettati per un riscaldamento efficiente e uniforme. <\/p>\t\t\t\t\t\t\t\t<\/div>\n\t\t\t\t<\/div>\n\t\t\t\t\t<\/div>\n\t\t<\/div>\n\t\t\t\t\t<\/div>\n\t\t<\/section>\n\t\t\t\t<\/div>\n\t\t","protected":false},"excerpt":{"rendered":"<p>TOSTATORE DI NOCI https:\/\/www.youtube.com\/watch?v=JGFY-uy1Wb8 Il tostatrice di noci che funziona con un nastro di qualit\u00e0 in acciaio inox AISI 304, muove continuamente i prodotti attraverso le camere di tostatura e raffreddamento. Una volta caricati nel bunker di ingresso della tostatrice, i prodotti vengono posizionati direttamente sul nastro in continuo movimento. Il nastro trasporta i prodotti &hellip;<\/p>\n<p class=\"read-more\"> <a class=\"\" href=\"https:\/\/machinecastle.com\/it\/tostatore-noccioline\/\"> <span class=\"screen-reader-text\">Tostatore noccioline<\/span> Leggi altro &raquo;<\/a><\/p>\n","protected":false},"author":1,"featured_media":0,"parent":0,"menu_order":0,"comment_status":"closed","ping_status":"closed","template":"","meta":{"site-sidebar-layout":"default","site-content-layout":"","ast-site-content-layout":"default","site-content-style":"default","site-sidebar-style":"default","ast-global-header-display":"","ast-banner-title-visibility":"","ast-main-header-display":"","ast-hfb-above-header-display":"","ast-hfb-below-header-display":"","ast-hfb-mobile-header-display":"","site-post-title":"","ast-breadcrumbs-content":"","ast-featured-img":"","footer-sml-layout":"","theme-transparent-header-meta":"","adv-header-id-meta":"","stick-header-meta":"","header-above-stick-meta":"","header-main-stick-meta":"","header-below-stick-meta":"","astra-migrate-meta-layouts":"default","ast-page-background-enabled":"default","ast-page-background-meta":{"desktop":{"background-color":"","background-image":"","background-repeat":"repeat","background-position":"center center","background-size":"auto","background-attachment":"scroll","background-type":"","background-media":"","overlay-type":"","overlay-color":"","overlay-gradient":""},"tablet":{"background-color":"","background-image":"","background-repeat":"repeat","background-position":"center center","background-size":"auto","background-attachment":"scroll","background-type":"","background-media":"","overlay-type":"","overlay-color":"","overlay-gradient":""},"mobile":{"background-color":"","background-image":"","background-repeat":"repeat","background-position":"center center","background-size":"auto","background-attachment":"scroll","background-type":"","background-media":"","overlay-type":"","overlay-color":"","overlay-gradient":""}},"ast-content-background-meta":{"desktop":{"background-color":"var(--ast-global-color-5)","background-image":"","background-repeat":"repeat","background-position":"center center","background-size":"auto","background-attachment":"scroll","background-type":"","background-media":"","overlay-type":"","overlay-color":"","overlay-gradient":""},"tablet":{"background-color":"var(--ast-global-color-5)","background-image":"","background-repeat":"repeat","background-position":"center center","background-size":"auto","background-attachment":"scroll","background-type":"","background-media":"","overlay-type":"","overlay-color":"","overlay-gradient":""},"mobile":{"background-color":"var(--ast-global-color-5)","background-image":"","background-repeat":"repeat","background-position":"center center","background-size":"auto","background-attachment":"scroll","background-type":"","background-media":"","overlay-type":"","overlay-color":"","overlay-gradient":""}},"footnotes":""},"class_list":["post-9089","page","type-page","status-publish","hentry"],"_links":{"self":[{"href":"https:\/\/machinecastle.com\/it\/wp-json\/wp\/v2\/pages\/9089","targetHints":{"allow":["GET"]}}],"collection":[{"href":"https:\/\/machinecastle.com\/it\/wp-json\/wp\/v2\/pages"}],"about":[{"href":"https:\/\/machinecastle.com\/it\/wp-json\/wp\/v2\/types\/page"}],"author":[{"embeddable":true,"href":"https:\/\/machinecastle.com\/it\/wp-json\/wp\/v2\/users\/1"}],"replies":[{"embeddable":true,"href":"https:\/\/machinecastle.com\/it\/wp-json\/wp\/v2\/comments?post=9089"}],"version-history":[{"count":1,"href":"https:\/\/machinecastle.com\/it\/wp-json\/wp\/v2\/pages\/9089\/revisions"}],"predecessor-version":[{"id":9090,"href":"https:\/\/machinecastle.com\/it\/wp-json\/wp\/v2\/pages\/9089\/revisions\/9090"}],"wp:attachment":[{"href":"https:\/\/machinecastle.com\/it\/wp-json\/wp\/v2\/media?parent=9089"}],"curies":[{"name":"wp","href":"https:\/\/api.w.org\/{rel}","templated":true}]}}