{"id":9063,"date":"2025-04-16T08:01:58","date_gmt":"2025-04-16T08:01:58","guid":{"rendered":"https:\/\/machinecastle.com\/macchina-tostatrice-di-noci-ad-aria-e-tostatrice-di-noci-rotanti\/"},"modified":"2025-04-17T11:46:13","modified_gmt":"2025-04-17T11:46:13","slug":"macchina-tostatrice-di-noci-ad-aria-e-tostatrice-di-noci-rotanti","status":"publish","type":"page","link":"https:\/\/machinecastle.com\/it\/macchina-tostatrice-di-noci-ad-aria-e-tostatrice-di-noci-rotanti\/","title":{"rendered":"Macchina tostatrice di noci ad aria e tostatrice di noci rotanti"},"content":{"rendered":"\t\t<div data-elementor-type=\"wp-page\" data-elementor-id=\"9063\" class=\"elementor elementor-9063 elementor-9009\">\n\t\t\t\t\t\t<section class=\"elementor-section elementor-top-section elementor-element elementor-element-ded9af0 elementor-section-boxed elementor-section-height-default elementor-section-height-default\" data-id=\"ded9af0\" data-element_type=\"section\">\n\t\t\t\t\t\t<div class=\"elementor-container elementor-column-gap-default\">\n\t\t\t\t\t<div class=\"elementor-column elementor-col-100 elementor-top-column elementor-element elementor-element-6ac022a\" data-id=\"6ac022a\" data-element_type=\"column\">\n\t\t\t<div class=\"elementor-widget-wrap elementor-element-populated\">\n\t\t\t\t\t\t<div class=\"elementor-element elementor-element-f52d7e8 elementor-widget elementor-widget-heading\" data-id=\"f52d7e8\" data-element_type=\"widget\" data-widget_type=\"heading.default\">\n\t\t\t\t<div class=\"elementor-widget-container\">\n\t\t\t\t\t<h2 class=\"elementor-heading-title elementor-size-default\">MACCHINA TOSTATRICE DI NOCI AD ARIA E MACCHINA TOSTATRICE DI NOCI ROTANTE<\/h2>\t\t\t\t<\/div>\n\t\t\t\t<\/div>\n\t\t\t\t\t<\/div>\n\t\t<\/div>\n\t\t\t\t\t<\/div>\n\t\t<\/section>\n\t\t\t\t<section class=\"elementor-section elementor-top-section elementor-element elementor-element-35c49c6 elementor-section-boxed elementor-section-height-default elementor-section-height-default\" data-id=\"35c49c6\" data-element_type=\"section\">\n\t\t\t\t\t\t<div class=\"elementor-container elementor-column-gap-default\">\n\t\t\t\t\t<div class=\"elementor-column elementor-col-50 elementor-top-column elementor-element elementor-element-335d99c\" data-id=\"335d99c\" data-element_type=\"column\">\n\t\t\t<div class=\"elementor-widget-wrap elementor-element-populated\">\n\t\t\t\t\t\t<div class=\"elementor-element elementor-element-451b848 elementor-widget elementor-widget-video\" data-id=\"451b848\" data-element_type=\"widget\" data-settings=\"{&quot;youtube_url&quot;:&quot;https:\\\/\\\/www.youtube.com\\\/watch?v=OGQpmRaruxo&quot;,&quot;video_type&quot;:&quot;youtube&quot;,&quot;controls&quot;:&quot;yes&quot;}\" data-widget_type=\"video.default\">\n\t\t\t\t<div class=\"elementor-widget-container\">\n\t\t\t\t\t\t\t<div class=\"elementor-wrapper elementor-open-inline\">\n\t\t\t<div class=\"elementor-video\"><\/div>\t\t<\/div>\n\t\t\t\t\t\t<\/div>\n\t\t\t\t<\/div>\n\t\t\t\t\t<\/div>\n\t\t<\/div>\n\t\t\t\t<div class=\"elementor-column elementor-col-50 elementor-top-column elementor-element elementor-element-ba7f8c6\" data-id=\"ba7f8c6\" data-element_type=\"column\">\n\t\t\t<div class=\"elementor-widget-wrap elementor-element-populated\">\n\t\t\t\t\t\t<div class=\"elementor-element elementor-element-14f9272 elementor-widget elementor-widget-video\" data-id=\"14f9272\" data-element_type=\"widget\" data-settings=\"{&quot;youtube_url&quot;:&quot;https:\\\/\\\/youtu.be\\\/bbpnGMDn6zI&quot;,&quot;video_type&quot;:&quot;youtube&quot;,&quot;controls&quot;:&quot;yes&quot;}\" data-widget_type=\"video.default\">\n\t\t\t\t<div class=\"elementor-widget-container\">\n\t\t\t\t\t\t\t<div class=\"elementor-wrapper elementor-open-inline\">\n\t\t\t<div class=\"elementor-video\"><\/div>\t\t<\/div>\n\t\t\t\t\t\t<\/div>\n\t\t\t\t<\/div>\n\t\t\t\t\t<\/div>\n\t\t<\/div>\n\t\t\t\t\t<\/div>\n\t\t<\/section>\n\t\t\t\t<section class=\"elementor-section elementor-top-section elementor-element elementor-element-2c2ddf7 elementor-section-boxed elementor-section-height-default elementor-section-height-default\" data-id=\"2c2ddf7\" data-element_type=\"section\">\n\t\t\t\t\t\t<div class=\"elementor-container elementor-column-gap-default\">\n\t\t\t\t\t<div class=\"elementor-column elementor-col-100 elementor-top-column elementor-element elementor-element-eac859c\" data-id=\"eac859c\" data-element_type=\"column\">\n\t\t\t<div class=\"elementor-widget-wrap elementor-element-populated\">\n\t\t\t\t\t\t<div class=\"elementor-element elementor-element-e007c9a elementor-widget elementor-widget-text-editor\" data-id=\"e007c9a\" data-element_type=\"widget\" data-widget_type=\"text-editor.default\">\n\t\t\t\t<div class=\"elementor-widget-container\">\n\t\t\t\t\t\t\t\t\t<p>Quando si tratta di tostare frutta secca a livello industriale, la scelta dell&#8217;attrezzatura giusta \u00e8 fondamentale per garantire la consistenza del sapore, l&#8217;efficienza e la qualit\u00e0 del prodotto. Due delle opzioni pi\u00f9 comuni sono i <strong data-start=\"448\" data-end=\"474\">tostatori a nastro ad aria<\/strong> e i <strong data-start=\"479\" data-end=\"505\">tostatori a tamburo rotante<\/strong>. Ognuna di esse presenta vantaggi e casi d&#8217;uso specifici.  <\/p>\n\t\t\t\t\t\t\t\t<\/div>\n\t\t\t\t<\/div>\n\t\t\t\t\t<\/div>\n\t\t<\/div>\n\t\t\t\t\t<\/div>\n\t\t<\/section>\n\t\t\t\t<section class=\"elementor-section elementor-top-section elementor-element elementor-element-96b7ee1 elementor-section-boxed elementor-section-height-default elementor-section-height-default\" data-id=\"96b7ee1\" data-element_type=\"section\">\n\t\t\t\t\t\t<div class=\"elementor-container elementor-column-gap-default\">\n\t\t\t\t\t<div class=\"elementor-column elementor-col-100 elementor-top-column elementor-element elementor-element-a2a0831\" data-id=\"a2a0831\" data-element_type=\"column\">\n\t\t\t<div class=\"elementor-widget-wrap elementor-element-populated\">\n\t\t\t\t\t\t<div class=\"elementor-element elementor-element-2ad6e5e elementor-widget elementor-widget-heading\" data-id=\"2ad6e5e\" data-element_type=\"widget\" data-widget_type=\"heading.default\">\n\t\t\t\t<div class=\"elementor-widget-container\">\n\t\t\t\t\t<h3 class=\"elementor-heading-title elementor-size-default\">Macchina tostatrice di noci ad aria:<\/h3>\t\t\t\t<\/div>\n\t\t\t\t<\/div>\n\t\t\t\t\t<\/div>\n\t\t<\/div>\n\t\t\t\t\t<\/div>\n\t\t<\/section>\n\t\t\t\t<section class=\"elementor-section elementor-top-section elementor-element elementor-element-226830e elementor-section-boxed elementor-section-height-default elementor-section-height-default\" data-id=\"226830e\" data-element_type=\"section\">\n\t\t\t\t\t\t<div class=\"elementor-container elementor-column-gap-default\">\n\t\t\t\t\t<div class=\"elementor-column elementor-col-100 elementor-top-column elementor-element elementor-element-8f9ff50\" data-id=\"8f9ff50\" data-element_type=\"column\">\n\t\t\t<div class=\"elementor-widget-wrap elementor-element-populated\">\n\t\t\t\t\t\t<div class=\"elementor-element elementor-element-9ac97ad elementor-widget elementor-widget-text-editor\" data-id=\"9ac97ad\" data-element_type=\"widget\" data-widget_type=\"text-editor.default\">\n\t\t\t\t<div class=\"elementor-widget-container\">\n\t\t\t\t\t\t\t\t\t<p>Nei tostatori di noci a nastro, i prodotti vengono tostati utilizzando aria riscaldata. Una volta riempita la tramoggia di ingresso con le noci e impostati i parametri (velocit\u00e0 del nastro e grado di tostatura), il nastro si muove continuamente e trasporta le noci verso l&#8217;uscita. Ci sono due camere di tostatura: la prima utilizza una ventola inferiore per far circolare l&#8217;aria riscaldata, mentre la seconda utilizza una ventola superiore. Questo doppio flusso d&#8217;aria garantisce una tostatura uniforme nel tempo. Dopo la tostatura, le noci vengono trasferite nella camera di raffreddamento, dove vengono raffreddate rapidamente e preparate per il confezionamento. Le opzioni di alimentazione per i tostatori a nastro includono gas, GPL, diesel ed elettricit\u00e0. I modelli a gas, GPL o diesel utilizzano bruciatori per il riscaldamento. I modelli elettrici utilizzano riscaldatori tubolari alettati.         <\/p>\n<p>Questa macchina \u00e8 dotata di un pannello di controllo touchscreen che consente agli utenti di creare e salvare ricette per ottenere risultati uniformi. L&#8217;operatore non deve rimuovere manualmente il prodotto: i dadi vengono scaricati automaticamente nella tramoggia di uscita. <\/p>\n<p class=\"\" data-start=\"589\" data-end=\"846\">Le caratteristiche principali includono:<\/p>\n<ul data-start=\"848\" data-end=\"1129\">\n<li class=\"\" data-start=\"848\" data-end=\"907\">\n<p class=\"\" data-start=\"850\" data-end=\"907\"><strong data-start=\"850\" data-end=\"882\">Tostatura uniforme e costante<\/strong> grazie al doppio flusso d&#8217;aria.<\/p>\n<\/li>\n<li class=\"\" data-start=\"908\" data-end=\"956\">\n<p class=\"\" data-start=\"910\" data-end=\"956\"><strong data-start=\"910\" data-end=\"929\">Completamente automatizzato<\/strong> con comandi touchscreen.<\/p>\n<\/li>\n<li class=\"\" data-start=\"957\" data-end=\"1010\">\n<p class=\"\" data-start=\"959\" data-end=\"1010\">Possibilit\u00e0 di <strong data-start=\"970\" data-end=\"986\">salvare le ricette<\/strong> per ottenere risultati ripetibili.<\/p>\n<\/li>\n<li class=\"\" data-start=\"1011\" data-end=\"1058\">\n<p class=\"\" data-start=\"1013\" data-end=\"1058\"><strong data-start=\"1013\" data-end=\"1037\">Scarico a mani libere<\/strong> dei prodotti tostati.<\/p>\n<\/li>\n<li class=\"\" data-start=\"1059\" data-end=\"1129\">\n<p class=\"\" data-start=\"1061\" data-end=\"1129\">Disponibile con diverse opzioni di alimentazione: Gas, GPL, Diesel o Elettrico.<\/p>\n<\/li>\n<\/ul>\n<p class=\"\" data-start=\"1131\" data-end=\"1218\">Ideale per gli ambienti di produzione ad alta capacit\u00e0 che richiedono coerenza e automazione.<\/p>\n\t\t\t\t\t\t\t\t<\/div>\n\t\t\t\t<\/div>\n\t\t\t\t\t<\/div>\n\t\t<\/div>\n\t\t\t\t\t<\/div>\n\t\t<\/section>\n\t\t\t\t<section class=\"elementor-section elementor-top-section elementor-element elementor-element-e495507 elementor-section-boxed elementor-section-height-default elementor-section-height-default\" data-id=\"e495507\" data-element_type=\"section\">\n\t\t\t\t\t\t<div class=\"elementor-container elementor-column-gap-default\">\n\t\t\t\t\t<div class=\"elementor-column elementor-col-100 elementor-top-column elementor-element elementor-element-f44c930\" data-id=\"f44c930\" data-element_type=\"column\">\n\t\t\t<div class=\"elementor-widget-wrap elementor-element-populated\">\n\t\t\t\t\t\t<div class=\"elementor-element elementor-element-31741eb elementor-widget elementor-widget-heading\" data-id=\"31741eb\" data-element_type=\"widget\" data-widget_type=\"heading.default\">\n\t\t\t\t<div class=\"elementor-widget-container\">\n\t\t\t\t\t<h3 class=\"elementor-heading-title elementor-size-default\">Macchina rotante per la tostatura delle noci:<\/h3>\t\t\t\t<\/div>\n\t\t\t\t<\/div>\n\t\t\t\t\t<\/div>\n\t\t<\/div>\n\t\t\t\t\t<\/div>\n\t\t<\/section>\n\t\t\t\t<section class=\"elementor-section elementor-top-section elementor-element elementor-element-e2e2329 elementor-section-boxed elementor-section-height-default elementor-section-height-default\" data-id=\"e2e2329\" data-element_type=\"section\">\n\t\t\t\t\t\t<div class=\"elementor-container elementor-column-gap-default\">\n\t\t\t\t\t<div class=\"elementor-column elementor-col-100 elementor-top-column elementor-element elementor-element-5af1b71\" data-id=\"5af1b71\" data-element_type=\"column\">\n\t\t\t<div class=\"elementor-widget-wrap elementor-element-populated\">\n\t\t\t\t\t\t<div class=\"elementor-element elementor-element-7f157ba elementor-widget elementor-widget-text-editor\" data-id=\"7f157ba\" data-element_type=\"widget\" data-widget_type=\"text-editor.default\">\n\t\t\t\t<div class=\"elementor-widget-container\">\n\t\t\t\t\t\t\t\t\t<p>La tostatrice a tamburo rotante arrostisce le noci in un tamburo rotante e riscaldato. Pu\u00f2 funzionare a gas, GPL, diesel o elettricit\u00e0. Una volta raggiunta la temperatura desiderata, l&#8217;operatore carica le noci mentre il tamburo ruota. Dopo la tostatura, le noci vengono scaricate utilizzando una maniglia. Un metodo molto diffuso prevede la tostatura delle noci in sale riscaldato. Esistono due maniglie di scarico: una per rimuovere le noci e l&#8217;altra per rimuovere il sale o i prodotti residui.     &nbsp;<\/p>\n<p>Questo modello non ha un sistema di raffreddamento, quindi le noci vengono spostate altrove per raffreddarsi naturalmente. L&#8217;operatore controlla solo la velocit\u00e0 del tamburo e il calore: non esiste una tecnologia di risparmio delle ricette, quindi i risultati consistenti dipendono esclusivamente dall&#8217;abilit\u00e0 dell&#8217;operatore. <\/p>\n<p data-start=\"1255\" data-end=\"1414\">Caratteristiche principali:<\/p>\n<ul data-start=\"1416\" data-end=\"1650\">\n<li data-start=\"1416\" data-end=\"1472\">\n<p data-start=\"1418\" data-end=\"1472\">Funziona manualmente, <strong data-start=\"1437\" data-end=\"1457\">senza memoria di ricette<\/strong> o automazione.<\/p>\n<\/li>\n<li data-start=\"1473\" data-end=\"1533\">\n<p data-start=\"1475\" data-end=\"1533\"><strong data-start=\"1475\" data-end=\"1500\">Nessun raffreddamento integrato<\/strong>: i prodotti devono essere raffreddati separatamente.<\/p>\n<\/li>\n<li data-start=\"1534\" data-end=\"1596\">\n<p data-start=\"1536\" data-end=\"1596\"><strong data-start=\"1536\" data-end=\"1556\">Scarico manuale<\/strong> con doppia maniglia (per noci e sale).<\/p>\n<\/li>\n<li data-start=\"1597\" data-end=\"1650\">\n<p data-start=\"1599\" data-end=\"1650\">Adatto a <strong data-start=\"1612\" data-end=\"1649\">tostature speciali<\/strong>.<\/p>\n<\/li>\n<\/ul>\n<div>Perfetto per le aziende che vogliono avere un controllo diretto sulla tostatura o che producono piccoli lotti personalizzati.<\/div>\t\t\t\t\t\t\t\t<\/div>\n\t\t\t\t<\/div>\n\t\t\t\t\t<\/div>\n\t\t<\/div>\n\t\t\t\t\t<\/div>\n\t\t<\/section>\n\t\t\t\t<section class=\"elementor-section elementor-top-section elementor-element elementor-element-79c4668 elementor-section-boxed elementor-section-height-default elementor-section-height-default\" data-id=\"79c4668\" data-element_type=\"section\">\n\t\t\t\t\t\t<div class=\"elementor-container elementor-column-gap-default\">\n\t\t\t\t\t<div class=\"elementor-column elementor-col-100 elementor-top-column elementor-element elementor-element-3f46634\" data-id=\"3f46634\" data-element_type=\"column\">\n\t\t\t<div class=\"elementor-widget-wrap elementor-element-populated\">\n\t\t\t\t\t\t<div class=\"elementor-element elementor-element-8b08a75 elementor-widget elementor-widget-heading\" data-id=\"8b08a75\" data-element_type=\"widget\" data-widget_type=\"heading.default\">\n\t\t\t\t<div class=\"elementor-widget-container\">\n\t\t\t\t\t<h4 class=\"elementor-heading-title elementor-size-default\">Quale scegliere?<\/h4>\t\t\t\t<\/div>\n\t\t\t\t<\/div>\n\t\t\t\t\t<\/div>\n\t\t<\/div>\n\t\t\t\t\t<\/div>\n\t\t<\/section>\n\t\t\t\t<section class=\"elementor-section elementor-top-section elementor-element elementor-element-bcbeb19 elementor-section-boxed elementor-section-height-default elementor-section-height-default\" data-id=\"bcbeb19\" data-element_type=\"section\">\n\t\t\t\t\t\t<div class=\"elementor-container elementor-column-gap-default\">\n\t\t\t\t\t<div class=\"elementor-column elementor-col-100 elementor-top-column elementor-element elementor-element-1f4ecc5\" data-id=\"1f4ecc5\" data-element_type=\"column\">\n\t\t\t<div class=\"elementor-widget-wrap elementor-element-populated\">\n\t\t\t\t\t\t<div class=\"elementor-element elementor-element-957d0ad elementor-widget elementor-widget-text-editor\" data-id=\"957d0ad\" data-element_type=\"widget\" data-widget_type=\"text-editor.default\">\n\t\t\t\t<div class=\"elementor-widget-container\">\n\t\t\t\t\t\t\t\t\t<ul>\n<li data-start=\"1783\" data-end=\"1880\">\n<p data-start=\"1785\" data-end=\"1880\">Scegli le <strong data-start=\"1792\" data-end=\"1818\">tostatrici a nastro ad aria<\/strong> se hai bisogno di automazione, facilit\u00e0 d&#8217;uso e produzione costante.<\/p>\n<\/li>\n<li data-start=\"1881\" data-end=\"2019\">\n<p data-start=\"1883\" data-end=\"2019\">Opta per i <strong data-start=\"1891\" data-end=\"1917\">tostatori a tamburo rotante<\/strong> se preferisci il controllo manuale o se vuoi utilizzare metodi tradizionali e arrostire i prodotti con l&#8217;aggiunta di elementi aromatici come il sale.<\/p>\n<\/li>\n<\/ul>\n\t\t\t\t\t\t\t\t<\/div>\n\t\t\t\t<\/div>\n\t\t\t\t\t<\/div>\n\t\t<\/div>\n\t\t\t\t\t<\/div>\n\t\t<\/section>\n\t\t\t\t<section class=\"elementor-section elementor-top-section elementor-element elementor-element-eca6517 elementor-section-boxed elementor-section-height-default elementor-section-height-default\" data-id=\"eca6517\" data-element_type=\"section\">\n\t\t\t\t\t\t<div class=\"elementor-container elementor-column-gap-default\">\n\t\t\t\t\t<div class=\"elementor-column elementor-col-50 elementor-top-column elementor-element elementor-element-66d2381\" data-id=\"66d2381\" data-element_type=\"column\">\n\t\t\t<div class=\"elementor-widget-wrap elementor-element-populated\">\n\t\t\t\t\t\t<div class=\"elementor-element elementor-element-ee0b37d elementor-widget elementor-widget-image\" data-id=\"ee0b37d\" data-element_type=\"widget\" data-widget_type=\"image.default\">\n\t\t\t\t<div class=\"elementor-widget-container\">\n\t\t\t\t\t\t\t\t\t\t\t\t<figure class=\"wp-caption\">\n\t\t\t\t\t\t\t\t\t\t\t<a href=\"https:\/\/machinecastle.com\/urun\/nuts-roaster\/\">\n\t\t\t\t\t\t\t<img fetchpriority=\"high\" decoding=\"async\" width=\"750\" height=\"630\" src=\"https:\/\/machinecastle.com\/wp-content\/uploads\/2025\/04\/Belt-Type-Nuts-Roaster-.png\" class=\"attachment-large size-large wp-image-9034\" alt=\"Belt Type Nuts Roaster\" srcset=\"https:\/\/machinecastle.com\/wp-content\/uploads\/2025\/04\/Belt-Type-Nuts-Roaster-.png 750w, https:\/\/machinecastle.com\/wp-content\/uploads\/2025\/04\/Belt-Type-Nuts-Roaster--300x252.png 300w, https:\/\/machinecastle.com\/wp-content\/uploads\/2025\/04\/Belt-Type-Nuts-Roaster--600x504.png 600w\" sizes=\"(max-width: 750px) 100vw, 750px\" \/>\t\t\t\t\t\t\t\t<\/a>\n\t\t\t\t\t\t\t\t\t\t\t<figcaption class=\"widget-image-caption wp-caption-text\">Clicca per vedere le macchine per la tostatura ad aria<\/figcaption>\n\t\t\t\t\t\t\t\t\t\t<\/figure>\n\t\t\t\t\t\t\t\t\t<\/div>\n\t\t\t\t<\/div>\n\t\t\t\t\t<\/div>\n\t\t<\/div>\n\t\t\t\t<div class=\"elementor-column elementor-col-50 elementor-top-column elementor-element elementor-element-4a73dd2\" data-id=\"4a73dd2\" data-element_type=\"column\">\n\t\t\t<div class=\"elementor-widget-wrap elementor-element-populated\">\n\t\t\t\t\t\t<div class=\"elementor-element elementor-element-b3c8dbf elementor-widget elementor-widget-image\" data-id=\"b3c8dbf\" data-element_type=\"widget\" data-widget_type=\"image.default\">\n\t\t\t\t<div class=\"elementor-widget-container\">\n\t\t\t\t\t\t\t\t\t\t\t\t<figure class=\"wp-caption\">\n\t\t\t\t\t\t\t\t\t\t\t<a href=\"https:\/\/machinecastle.com\/urun\/mc-30-nuts-roasting-machine\/\">\n\t\t\t\t\t\t\t<img decoding=\"async\" width=\"750\" height=\"628\" src=\"https:\/\/machinecastle.com\/wp-content\/uploads\/2025\/04\/rotating-nuts-roaster-.png\" class=\"attachment-large size-large wp-image-9041\" alt=\"rotating nuts roaster\" srcset=\"https:\/\/machinecastle.com\/wp-content\/uploads\/2025\/04\/rotating-nuts-roaster-.png 750w, https:\/\/machinecastle.com\/wp-content\/uploads\/2025\/04\/rotating-nuts-roaster--300x251.png 300w, https:\/\/machinecastle.com\/wp-content\/uploads\/2025\/04\/rotating-nuts-roaster--600x502.png 600w\" sizes=\"(max-width: 750px) 100vw, 750px\" \/>\t\t\t\t\t\t\t\t<\/a>\n\t\t\t\t\t\t\t\t\t\t\t<figcaption class=\"widget-image-caption wp-caption-text\">Clicca per vedere le tostatrici rotanti<\/figcaption>\n\t\t\t\t\t\t\t\t\t\t<\/figure>\n\t\t\t\t\t\t\t\t\t<\/div>\n\t\t\t\t<\/div>\n\t\t\t\t\t<\/div>\n\t\t<\/div>\n\t\t\t\t\t<\/div>\n\t\t<\/section>\n\t\t\t\t<\/div>\n\t\t","protected":false},"excerpt":{"rendered":"<p>MACCHINA TOSTATRICE DI NOCI AD ARIA E MACCHINA TOSTATRICE DI NOCI ROTANTE https:\/\/www.youtube.com\/watch?v=OGQpmRaruxohttps:\/\/youtu.be\/bbpnGMDn6zI Quando si tratta di tostare frutta secca a livello industriale, la scelta dell&#8217;attrezzatura giusta \u00e8 fondamentale per garantire la consistenza del sapore, l&#8217;efficienza e la qualit\u00e0 del prodotto. Due delle opzioni pi\u00f9 comuni sono i tostatori a nastro ad aria e i &hellip;<\/p>\n<p class=\"read-more\"> <a class=\"\" href=\"https:\/\/machinecastle.com\/it\/macchina-tostatrice-di-noci-ad-aria-e-tostatrice-di-noci-rotanti\/\"> <span class=\"screen-reader-text\">Macchina tostatrice di noci ad aria e tostatrice di noci rotanti<\/span> Leggi altro &raquo;<\/a><\/p>\n","protected":false},"author":1,"featured_media":0,"parent":0,"menu_order":0,"comment_status":"closed","ping_status":"closed","template":"","meta":{"site-sidebar-layout":"no-sidebar","site-content-layout":"page-builder","ast-site-content-layout":"full-width-container","site-content-style":"default","site-sidebar-style":"default","ast-global-header-display":"","ast-banner-title-visibility":"","ast-main-header-display":"","ast-hfb-above-header-display":"","ast-hfb-below-header-display":"","ast-hfb-mobile-header-display":"","site-post-title":"disabled","ast-breadcrumbs-content":"","ast-featured-img":"disabled","footer-sml-layout":"","theme-transparent-header-meta":"","adv-header-id-meta":"","stick-header-meta":"","header-above-stick-meta":"","header-main-stick-meta":"","header-below-stick-meta":"","astra-migrate-meta-layouts":"default","ast-page-background-enabled":"default","ast-page-background-meta":{"desktop":{"background-color":"","background-image":"","background-repeat":"repeat","background-position":"center center","background-size":"auto","background-attachment":"scroll","background-type":"","background-media":"","overlay-type":"","overlay-color":"","overlay-gradient":""},"tablet":{"background-color":"","background-image":"","background-repeat":"repeat","background-position":"center center","background-size":"auto","background-attachment":"scroll","background-type":"","background-media":"","overlay-type":"","overlay-color":"","overlay-gradient":""},"mobile":{"background-color":"","background-image":"","background-repeat":"repeat","background-position":"center center","background-size":"auto","background-attachment":"scroll","background-type":"","background-media":"","overlay-type":"","overlay-color":"","overlay-gradient":""}},"ast-content-background-meta":{"desktop":{"background-color":"var(--ast-global-color-5)","background-image":"","background-repeat":"repeat","background-position":"center center","background-size":"auto","background-attachment":"scroll","background-type":"","background-media":"","overlay-type":"","overlay-color":"","overlay-gradient":""},"tablet":{"background-color":"var(--ast-global-color-5)","background-image":"","background-repeat":"repeat","background-position":"center center","background-size":"auto","background-attachment":"scroll","background-type":"","background-media":"","overlay-type":"","overlay-color":"","overlay-gradient":""},"mobile":{"background-color":"var(--ast-global-color-5)","background-image":"","background-repeat":"repeat","background-position":"center center","background-size":"auto","background-attachment":"scroll","background-type":"","background-media":"","overlay-type":"","overlay-color":"","overlay-gradient":""}},"footnotes":""},"class_list":["post-9063","page","type-page","status-publish","hentry"],"_links":{"self":[{"href":"https:\/\/machinecastle.com\/it\/wp-json\/wp\/v2\/pages\/9063","targetHints":{"allow":["GET"]}}],"collection":[{"href":"https:\/\/machinecastle.com\/it\/wp-json\/wp\/v2\/pages"}],"about":[{"href":"https:\/\/machinecastle.com\/it\/wp-json\/wp\/v2\/types\/page"}],"author":[{"embeddable":true,"href":"https:\/\/machinecastle.com\/it\/wp-json\/wp\/v2\/users\/1"}],"replies":[{"embeddable":true,"href":"https:\/\/machinecastle.com\/it\/wp-json\/wp\/v2\/comments?post=9063"}],"version-history":[{"count":7,"href":"https:\/\/machinecastle.com\/it\/wp-json\/wp\/v2\/pages\/9063\/revisions"}],"predecessor-version":[{"id":9127,"href":"https:\/\/machinecastle.com\/it\/wp-json\/wp\/v2\/pages\/9063\/revisions\/9127"}],"wp:attachment":[{"href":"https:\/\/machinecastle.com\/it\/wp-json\/wp\/v2\/media?parent=9063"}],"curies":[{"name":"wp","href":"https:\/\/api.w.org\/{rel}","templated":true}]}}