{"id":9312,"date":"2025-10-07T11:24:26","date_gmt":"2025-10-07T11:24:26","guid":{"rendered":"https:\/\/machinecastle.com\/product\/machine-a-casser-les-coques-damandes\/"},"modified":"2025-10-07T11:24:26","modified_gmt":"2025-10-07T11:24:26","slug":"machine-a-casser-les-coques-damandes","status":"publish","type":"product","link":"https:\/\/machinecastle.com\/fr\/produit\/machine-a-casser-les-coques-damandes\/","title":{"rendered":"Machine \u00e0 casser les coques d&rsquo;amandes"},"content":{"rendered":"<p>Machine enti\u00e8rement automatique pour casser les coques d&rsquo;amandes. La machine prend les amandes d\u00e9cortiqu\u00e9es dans la tr\u00e9mie d&rsquo;alimentation et casse les coques, puis s\u00e9pare les coques et les amandes. \u00c0 la fin du processus, les coques sont mises d&rsquo;un c\u00f4t\u00e9 et les amandes de l&rsquo;autre. Le fonctionnement de la machine est le suivant :   <\/p>\n<p>&#8211; L&rsquo;utilisateur place les amandes d\u00e9cortiqu\u00e9es dans la tr\u00e9mie d&rsquo;alimentation et les produits sont achemin\u00e9s vers la partie de la machine charg\u00e9e de casser les coques.<\/p>\n<p>&#8211; Une fois les coques des amandes cass\u00e9es, la machine s\u00e9pare les amandes et les coques les unes des autres.<\/p>\n<p>&#8211; \u00c0 la fin du processus, les amandes sont cass\u00e9es et s\u00e9par\u00e9es de leur coque.<\/p>\n<p><strong><br \/>\nOPTIONS DE CAPACIT\u00c9 :<\/strong><\/p>\n<table class=\"table table-striped\">\n<tbody>\n<tr>\n<td>\n  <strong>MOD\u00c8LES<\/strong>\n<\/td>\n<td>\n  <strong>CAPACIT\u00c9S<\/strong>\n<\/td>\n<\/tr>\n<\/tbody>\n<tbody>\n<tr>\n<td>ABM-100 MACHINE \u00c0 CASSER LES COQUILLES D&rsquo;AMANDES<\/td>\n<td>100 &#8211; 125 KG\/HEURE<\/td>\n<\/tr>\n<\/tbody>\n<tbody>\n<tr>\n<td>ABM-250 MACHINE \u00c0 CASSER LES COQUILLES D&rsquo;AMANDES<\/td>\n<td>250- 275 KG\/HEURE<\/td>\n<\/tr>\n<\/tbody>\n<tbody>\n<tr>\n<td>ABM-500 MACHINE \u00c0 CASSER LES COQUILLES D&rsquo;AMANDES<\/td>\n<td>500 &#8211; 550 KG\/HEURE<\/td>\n<\/tr>\n<\/tbody>\n<\/table>\n","protected":false},"excerpt":{"rendered":"<p>https:\/\/youtube.com\/shorts\/5KiCfbwEiRI?feature=share<\/p>\n<p>&nbsp;<\/p>\n","protected":false},"featured_media":9285,"template":"","meta":{"site-sidebar-layout":"default","site-content-layout":"","ast-site-content-layout":"default","site-content-style":"default","site-sidebar-style":"default","ast-global-header-display":"","ast-banner-title-visibility":"","ast-main-header-display":"","ast-hfb-above-header-display":"","ast-hfb-below-header-display":"","ast-hfb-mobile-header-display":"","site-post-title":"","ast-breadcrumbs-content":"","ast-featured-img":"","footer-sml-layout":"","theme-transparent-header-meta":"default","adv-header-id-meta":"","stick-header-meta":"","header-above-stick-meta":"","header-main-stick-meta":"","header-below-stick-meta":"","astra-migrate-meta-layouts":"default","ast-page-background-enabled":"default","ast-page-background-meta":{"desktop":{"background-color":"","background-image":"","background-repeat":"repeat","background-position":"center center","background-size":"auto","background-attachment":"scroll","background-type":"","background-media":"","overlay-type":"","overlay-color":"","overlay-gradient":""},"tablet":{"background-color":"","background-image":"","background-repeat":"repeat","background-position":"center center","background-size":"auto","background-attachment":"scroll","background-type":"","background-media":"","overlay-type":"","overlay-color":"","overlay-gradient":""},"mobile":{"background-color":"","background-image":"","background-repeat":"repeat","background-position":"center center","background-size":"auto","background-attachment":"scroll","background-type":"","background-media":"","overlay-type":"","overlay-color":"","overlay-gradient":""}},"ast-content-background-meta":{"desktop":{"background-color":"var(--ast-global-color-5)","background-image":"","background-repeat":"repeat","background-position":"center center","background-size":"auto","background-attachment":"scroll","background-type":"","background-media":"","overlay-type":"","overlay-color":"","overlay-gradient":""},"tablet":{"background-color":"var(--ast-global-color-5)","background-image":"","background-repeat":"repeat","background-position":"center center","background-size":"auto","background-attachment":"scroll","background-type":"","background-media":"","overlay-type":"","overlay-color":"","overlay-gradient":""},"mobile":{"background-color":"var(--ast-global-color-5)","background-image":"","background-repeat":"repeat","background-position":"center center","background-size":"auto","background-attachment":"scroll","background-type":"","background-media":"","overlay-type":"","overlay-color":"","overlay-gradient":""}}},"product_brand":[],"product_cat":[438],"product_tag":[],"class_list":{"0":"post-9312","1":"product","2":"type-product","3":"status-publish","4":"has-post-thumbnail","6":"product_cat-machines-a-plucher-les-noix","7":"desktop-align-left","8":"tablet-align-left","9":"mobile-align-left","11":"first","12":"instock","13":"shipping-taxable","14":"product-type-simple"},"_links":{"self":[{"href":"https:\/\/machinecastle.com\/fr\/wp-json\/wp\/v2\/product\/9312","targetHints":{"allow":["GET"]}}],"collection":[{"href":"https:\/\/machinecastle.com\/fr\/wp-json\/wp\/v2\/product"}],"about":[{"href":"https:\/\/machinecastle.com\/fr\/wp-json\/wp\/v2\/types\/product"}],"wp:featuredmedia":[{"embeddable":true,"href":"https:\/\/machinecastle.com\/fr\/wp-json\/wp\/v2\/media\/9285"}],"wp:attachment":[{"href":"https:\/\/machinecastle.com\/fr\/wp-json\/wp\/v2\/media?parent=9312"}],"wp:term":[{"taxonomy":"product_brand","embeddable":true,"href":"https:\/\/machinecastle.com\/fr\/wp-json\/wp\/v2\/product_brand?post=9312"},{"taxonomy":"product_cat","embeddable":true,"href":"https:\/\/machinecastle.com\/fr\/wp-json\/wp\/v2\/product_cat?post=9312"},{"taxonomy":"product_tag","embeddable":true,"href":"https:\/\/machinecastle.com\/fr\/wp-json\/wp\/v2\/product_tag?post=9312"}],"curies":[{"name":"wp","href":"https:\/\/api.w.org\/{rel}","templated":true}]}}