{"id":9306,"date":"2025-10-07T10:39:47","date_gmt":"2025-10-07T10:39:47","guid":{"rendered":"https:\/\/machinecastle.com\/product\/machine-a-casser-les-coques-de-noisettes\/"},"modified":"2025-10-07T10:39:47","modified_gmt":"2025-10-07T10:39:47","slug":"machine-a-casser-les-coques-de-noisettes","status":"publish","type":"product","link":"https:\/\/machinecastle.com\/fr\/produit\/machine-a-casser-les-coques-de-noisettes\/","title":{"rendered":"Machine \u00e0 casser les coques de noisettes"},"content":{"rendered":"<p>La machine \u00e0 casser les noisettes sert \u00e0 briser la coque dure des noisettes, puis \u00e0 s\u00e9parer les coques des cerneaux. \u00c0 la fin du processus, les morceaux de coques cass\u00e9s sont r\u00e9cup\u00e9r\u00e9s et les cerneaux sont collect\u00e9s s\u00e9par\u00e9ment les uns des autres. En fonction des besoins en capacit\u00e9, un syst\u00e8me d&rsquo;alimentation en air suppl\u00e9mentaire peut \u00eatre ajout\u00e9 pour acheminer les noisettes vers la tr\u00e9mie d&rsquo;alimentation de la machine \u00e0 casser les noisettes.  <\/p>\n<p><strong><br \/>\nOPTIONS DE CAPACIT\u00c9 :<\/strong><\/p>\n<table class=\"table table-striped\">\n<tbody>\n<tr>\n<td>\n  <strong>MOD\u00c8LES<\/strong>\n<\/td>\n<td>\n  <strong>CAPACIT\u00c9S<\/strong>\n<\/td>\n<\/tr>\n<\/tbody>\n<tbody>\n<tr>\n<td>HZB-25 MACHINE \u00c0 CASSER LES NOISETTES<\/td>\n<td>500 Grammes &#8211; 25 Kg\/Heure<\/td>\n<\/tr>\n<\/tbody>\n<tbody>\n<tr>\n<td>HZB-30 MACHINE \u00c0 CASSER LES NOISETTES<\/td>\n<td>1000 Grammes &#8211; 30 Kg\/Heure<\/td>\n<\/tr>\n<\/tbody>\n<tbody>\n<tr>\n<td>HZB-40 MACHINE \u00c0 CASSER LES NOISETTES<\/td>\n<td>2000 Grammes &#8211; 40 Kg\/Heure<\/td>\n<\/tr>\n<\/tbody>\n<tbody>\n<tr>\n<td>HZB-80 MACHINE \u00c0 CASSER LES NOISETTES<\/td>\n<td>5000 Grammes &#8211; 80 Kg\/Heure<\/td>\n<\/tr>\n<\/tbody>\n<tbody>\n<tr>\n<td>HZB-100 MACHINE \u00c0 CASSER LES NOISETTES<\/td>\n<td>5000 Grammes &#8211; 100 Kg\/Heure<\/td>\n<\/tr>\n<\/tbody>\n<\/table>\n","protected":false},"excerpt":{"rendered":"<p><iframe title=\"Lecteur vid\u00e9o YouTube\" src=\"https:\/\/www.youtube.com\/embed\/3Nh-bQo7L48?si=dTi3o9elLD56k9HH\" width=\"560\" height=\"315\" frameborder=\"0\" allowfullscreen=\"allowfullscreen\"><\/iframe><\/p>\n","protected":false},"featured_media":9276,"template":"","meta":{"site-sidebar-layout":"default","site-content-layout":"","ast-site-content-layout":"default","site-content-style":"default","site-sidebar-style":"default","ast-global-header-display":"","ast-banner-title-visibility":"","ast-main-header-display":"","ast-hfb-above-header-display":"","ast-hfb-below-header-display":"","ast-hfb-mobile-header-display":"","site-post-title":"","ast-breadcrumbs-content":"","ast-featured-img":"","footer-sml-layout":"","theme-transparent-header-meta":"default","adv-header-id-meta":"","stick-header-meta":"","header-above-stick-meta":"","header-main-stick-meta":"","header-below-stick-meta":"","astra-migrate-meta-layouts":"default","ast-page-background-enabled":"default","ast-page-background-meta":{"desktop":{"background-color":"","background-image":"","background-repeat":"repeat","background-position":"center center","background-size":"auto","background-attachment":"scroll","background-type":"","background-media":"","overlay-type":"","overlay-color":"","overlay-gradient":""},"tablet":{"background-color":"","background-image":"","background-repeat":"repeat","background-position":"center center","background-size":"auto","background-attachment":"scroll","background-type":"","background-media":"","overlay-type":"","overlay-color":"","overlay-gradient":""},"mobile":{"background-color":"","background-image":"","background-repeat":"repeat","background-position":"center center","background-size":"auto","background-attachment":"scroll","background-type":"","background-media":"","overlay-type":"","overlay-color":"","overlay-gradient":""}},"ast-content-background-meta":{"desktop":{"background-color":"var(--ast-global-color-5)","background-image":"","background-repeat":"repeat","background-position":"center center","background-size":"auto","background-attachment":"scroll","background-type":"","background-media":"","overlay-type":"","overlay-color":"","overlay-gradient":""},"tablet":{"background-color":"var(--ast-global-color-5)","background-image":"","background-repeat":"repeat","background-position":"center center","background-size":"auto","background-attachment":"scroll","background-type":"","background-media":"","overlay-type":"","overlay-color":"","overlay-gradient":""},"mobile":{"background-color":"var(--ast-global-color-5)","background-image":"","background-repeat":"repeat","background-position":"center center","background-size":"auto","background-attachment":"scroll","background-type":"","background-media":"","overlay-type":"","overlay-color":"","overlay-gradient":""}}},"product_brand":[],"product_cat":[438],"product_tag":[],"class_list":{"0":"post-9306","1":"product","2":"type-product","3":"status-publish","4":"has-post-thumbnail","6":"product_cat-machines-a-plucher-les-noix","7":"desktop-align-left","8":"tablet-align-left","9":"mobile-align-left","11":"first","12":"instock","13":"shipping-taxable","14":"product-type-simple"},"_links":{"self":[{"href":"https:\/\/machinecastle.com\/fr\/wp-json\/wp\/v2\/product\/9306","targetHints":{"allow":["GET"]}}],"collection":[{"href":"https:\/\/machinecastle.com\/fr\/wp-json\/wp\/v2\/product"}],"about":[{"href":"https:\/\/machinecastle.com\/fr\/wp-json\/wp\/v2\/types\/product"}],"wp:featuredmedia":[{"embeddable":true,"href":"https:\/\/machinecastle.com\/fr\/wp-json\/wp\/v2\/media\/9276"}],"wp:attachment":[{"href":"https:\/\/machinecastle.com\/fr\/wp-json\/wp\/v2\/media?parent=9306"}],"wp:term":[{"taxonomy":"product_brand","embeddable":true,"href":"https:\/\/machinecastle.com\/fr\/wp-json\/wp\/v2\/product_brand?post=9306"},{"taxonomy":"product_cat","embeddable":true,"href":"https:\/\/machinecastle.com\/fr\/wp-json\/wp\/v2\/product_cat?post=9306"},{"taxonomy":"product_tag","embeddable":true,"href":"https:\/\/machinecastle.com\/fr\/wp-json\/wp\/v2\/product_tag?post=9306"}],"curies":[{"name":"wp","href":"https:\/\/api.w.org\/{rel}","templated":true}]}}