{"id":8723,"date":"2024-11-12T13:04:00","date_gmt":"2024-11-12T13:04:00","guid":{"rendered":"https:\/\/machinecastle.com\/urun\/machine-a-rotir-au-sesame\/"},"modified":"2024-11-12T13:50:47","modified_gmt":"2024-11-12T13:50:47","slug":"machine-a-rotir-au-sesame","status":"publish","type":"product","link":"https:\/\/machinecastle.com\/fr\/produit\/machine-a-rotir-au-sesame\/","title":{"rendered":"MACHINE \u00c0 R\u00d4TIR AU S\u00c9SAME"},"content":{"rendered":"<p>Dans les \u00e9tapes de transformation du s\u00e9same et de production de tahini, l&rsquo;un des \u00e9quipements les plus essentiels est la machine \u00e0 r\u00f4tir le s\u00e9same. Nos machines \u00e0 r\u00f4tir le s\u00e9same sont disponibles en diff\u00e9rentes capacit\u00e9s et sont principalement utilis\u00e9es pour \u00e9liminer l&rsquo;humidit\u00e9 des graines de s\u00e9same tahini. Cela est particuli\u00e8rement avantageux pour les entreprises qui fournissent directement du s\u00e9same tahini ou qui produisent du tahini, car la torr\u00e9faction des graines de s\u00e9same am\u00e9liore la qualit\u00e9 du produit final \u00e0 base de tahini. Avec notre machine \u00e0 r\u00f4tir le s\u00e9same, les graines de s\u00e9same peuvent \u00eatre torr\u00e9fi\u00e9es efficacement en 15 \u00e0 20 minutes, selon le r\u00e9sultat souhait\u00e9. L&rsquo;un des avantages uniques de cette machine est sa polyvalence. En plus de torr\u00e9fier les graines de s\u00e9same, elle est \u00e9galement capable de torr\u00e9fier une grande vari\u00e9t\u00e9 de petites graines, telles que les graines de lin, les graines de pavot, les graines de chia, etc. Cela en fait un outil polyvalent pr\u00e9cieux pour les producteurs qui travaillent avec diff\u00e9rents types de graines et souhaitent am\u00e9liorer leur saveur, leur ar\u00f4me et leur texture gr\u00e2ce \u00e0 la torr\u00e9faction. La machine \u00e0 r\u00f4tir le s\u00e9same est con\u00e7ue avec un tambour rotatif qui tourne dans le sens inverse des aiguilles d\u2019une montre pendant la torr\u00e9faction et passe dans le sens des aiguilles d\u2019une montre pour \u00e9vacuer les graines grill\u00e9es. Une fois les graines plac\u00e9es \u00e0 l\u2019int\u00e9rieur du tambour rotatif, les utilisateurs ont un contr\u00f4le total sur la temp\u00e9rature et la vitesse de rotation du tambour, ce qui leur permet d\u2019adapter le processus de torr\u00e9faction aux besoins sp\u00e9cifiques de chaque type de graine et d\u2019atteindre le niveau de torr\u00e9faction souhait\u00e9. Pour la production de tahini, les graines de s\u00e9same peuvent atteindre une riche couleur brune et un profil de saveur am\u00e9lior\u00e9 en prolongeant l\u00e9g\u00e8rement le temps de torr\u00e9faction. La possibilit\u00e9 de r\u00e9gler finement la chaleur et la vitesse de rotation garantit des r\u00e9sultats coh\u00e9rents et de haute qualit\u00e9 pour diff\u00e9rents types de graines, ce qui fait de cette machine un choix efficace et polyvalent pour les producteurs qui souhaitent am\u00e9liorer la qualit\u00e9 de leurs produits.   <\/p>\n<p><strong><br \/>\nOPTIONS DE CAPACIT\u00c9 :<\/strong><\/p>\n<table class=\"table table-striped\">\n<tbody>\n<tr>\n<td><strong>MOD\u00c8LES<\/strong><\/td>\n<td><strong>CAPACIT\u00c9S<\/strong><\/td>\n<\/tr>\n<\/tbody>\n<tbody>\n<tr>\n<td>MC-S-20 MACHINE \u00c0 R\u00d4TIR AU S\u00c9SAME<\/td>\n<td>10-60 KG\/HEURE<\/td>\n<\/tr>\n<\/tbody>\n<tbody>\n<tr>\n<td>MC-S-50 MACHINE \u00c0 R\u00d4TIR AU S\u00c9SAME<\/td>\n<td>50-150 KG\/HEURE<\/td>\n<\/tr>\n<\/tbody>\n<tbody>\n<tr>\n<td>MC-S-100 MACHINE \u00c0 R\u00d4TIR AU S\u00c9SAME<\/td>\n<td>100-300 KG\/HEURE<\/td>\n<\/tr>\n<\/tbody>\n<tbody>\n<tr>\n<td>MC-S-150 MACHINE \u00c0 R\u00d4TIR AU S\u00c9SAME<\/td>\n<td>150\/450 KG\/HEURE<\/td>\n<\/tr>\n<\/tbody>\n<tbody>\n<tr>\n<td>MC-S-250 MACHINE \u00c0 R\u00d4TIR AU S\u00c9SAME<\/td>\n<td>250\/750 KG\/HEURE<\/td>\n<\/tr>\n<\/tbody>\n<\/table>\n","protected":false},"excerpt":{"rendered":"<p><iframe title=\"Lecteur vid\u00e9o YouTube\" src=\"https:\/\/www.youtube.com\/embed\/yk-YtofP6Io?si=sElOH7TO6FopKDo_\" width=\"560\" height=\"315\" frameborder=\"0\" allowfullscreen=\"allowfullscreen\"><\/iframe><br \/>\n<iframe title=\"Lecteur vid\u00e9o YouTube\" src=\"https:\/\/www.youtube.com\/embed\/_7IxNLHGaJY?si=otnVJAJWHe15zN1_\" width=\"560\" height=\"315\" frameborder=\"0\" allowfullscreen=\"allowfullscreen\"><\/iframe><\/p>\n","protected":false},"featured_media":8715,"template":"","meta":{"site-sidebar-layout":"default","site-content-layout":"","ast-site-content-layout":"default","site-content-style":"default","site-sidebar-style":"default","ast-global-header-display":"","ast-banner-title-visibility":"","ast-main-header-display":"","ast-hfb-above-header-display":"","ast-hfb-below-header-display":"","ast-hfb-mobile-header-display":"","site-post-title":"","ast-breadcrumbs-content":"","ast-featured-img":"","footer-sml-layout":"","theme-transparent-header-meta":"default","adv-header-id-meta":"","stick-header-meta":"","header-above-stick-meta":"","header-main-stick-meta":"","header-below-stick-meta":"","astra-migrate-meta-layouts":"default","ast-page-background-enabled":"default","ast-page-background-meta":{"desktop":{"background-color":"","background-image":"","background-repeat":"repeat","background-position":"center center","background-size":"auto","background-attachment":"scroll","background-type":"","background-media":"","overlay-type":"","overlay-color":"","overlay-gradient":""},"tablet":{"background-color":"","background-image":"","background-repeat":"repeat","background-position":"center center","background-size":"auto","background-attachment":"scroll","background-type":"","background-media":"","overlay-type":"","overlay-color":"","overlay-gradient":""},"mobile":{"background-color":"","background-image":"","background-repeat":"repeat","background-position":"center center","background-size":"auto","background-attachment":"scroll","background-type":"","background-media":"","overlay-type":"","overlay-color":"","overlay-gradient":""}},"ast-content-background-meta":{"desktop":{"background-color":"var(--ast-global-color-5)","background-image":"","background-repeat":"repeat","background-position":"center center","background-size":"auto","background-attachment":"scroll","background-type":"","background-media":"","overlay-type":"","overlay-color":"","overlay-gradient":""},"tablet":{"background-color":"var(--ast-global-color-5)","background-image":"","background-repeat":"repeat","background-position":"center center","background-size":"auto","background-attachment":"scroll","background-type":"","background-media":"","overlay-type":"","overlay-color":"","overlay-gradient":""},"mobile":{"background-color":"var(--ast-global-color-5)","background-image":"","background-repeat":"repeat","background-position":"center center","background-size":"auto","background-attachment":"scroll","background-type":"","background-media":"","overlay-type":"","overlay-color":"","overlay-gradient":""}}},"product_brand":[],"product_cat":[436],"product_tag":[],"class_list":{"0":"post-8723","1":"product","2":"type-product","3":"status-publish","4":"has-post-thumbnail","6":"product_cat-machines-a-rotir-les-noix","7":"desktop-align-left","8":"tablet-align-left","9":"mobile-align-left","11":"first","12":"instock","13":"shipping-taxable","14":"product-type-simple"},"_links":{"self":[{"href":"https:\/\/machinecastle.com\/fr\/wp-json\/wp\/v2\/product\/8723","targetHints":{"allow":["GET"]}}],"collection":[{"href":"https:\/\/machinecastle.com\/fr\/wp-json\/wp\/v2\/product"}],"about":[{"href":"https:\/\/machinecastle.com\/fr\/wp-json\/wp\/v2\/types\/product"}],"wp:featuredmedia":[{"embeddable":true,"href":"https:\/\/machinecastle.com\/fr\/wp-json\/wp\/v2\/media\/8715"}],"wp:attachment":[{"href":"https:\/\/machinecastle.com\/fr\/wp-json\/wp\/v2\/media?parent=8723"}],"wp:term":[{"taxonomy":"product_brand","embeddable":true,"href":"https:\/\/machinecastle.com\/fr\/wp-json\/wp\/v2\/product_brand?post=8723"},{"taxonomy":"product_cat","embeddable":true,"href":"https:\/\/machinecastle.com\/fr\/wp-json\/wp\/v2\/product_cat?post=8723"},{"taxonomy":"product_tag","embeddable":true,"href":"https:\/\/machinecastle.com\/fr\/wp-json\/wp\/v2\/product_tag?post=8723"}],"curies":[{"name":"wp","href":"https:\/\/api.w.org\/{rel}","templated":true}]}}