{"id":8675,"date":"2024-11-11T08:28:18","date_gmt":"2024-11-11T08:28:18","guid":{"rendered":"https:\/\/machinecastle.com\/urun\/machine-a-decortiquer-les-noix\/"},"modified":"2024-11-11T08:28:18","modified_gmt":"2024-11-11T08:28:18","slug":"machine-a-decortiquer-les-noix","status":"publish","type":"product","link":"https:\/\/machinecastle.com\/fr\/produit\/machine-a-decortiquer-les-noix\/","title":{"rendered":"Machine \u00c0 D\u00e9cortiquer Les Noix"},"content":{"rendered":"<p>La machine \u00e0 \u00e9plucher les noix \u00e9limine efficacement les peaux de noix en utilisant une combinaison de techniques d&rsquo;eau et de r\u00e2page. Au fur et \u00e0 mesure que la machine traite chaque noix, elle s\u00e9pare soigneusement la noix pel\u00e9e de la peau retir\u00e9e, livrant chaque composant individuellement. Ce processus rationalis\u00e9 garantit que les parties internes de la noix restent intactes tandis que les d\u00e9chets de peau sont facilement \u00e9limin\u00e9s. Nous proposons une gamme de machines \u00e0 \u00e9plucher les noix con\u00e7ues pour r\u00e9pondre \u00e0 divers besoins, de la production industrielle \u00e0 l&rsquo;utilisation \u00e0 plus petite \u00e9chelle. Nos mod\u00e8les comprennent une grande vari\u00e9t\u00e9 d&rsquo;options, avec des machines avec des m\u00e9canismes de r\u00e2page, des lames de pr\u00e9cision, des r\u00e9glages de vitesse r\u00e9glables et des mod\u00e8les \u00e0 vitesse fixe. Cette polyvalence permet aux utilisateurs de s\u00e9lectionner la machine id\u00e9ale pour leurs besoins sp\u00e9cifiques, garantissant une exp\u00e9rience d&rsquo;\u00e9pluchage sur mesure qui maintient la qualit\u00e9 de la noix. Explorez notre s\u00e9lection de machines \u00e0 \u00e9plucher les noix dans cette cat\u00e9gorie pour trouver exactement ce dont vous avez besoin. Avec des d\u00e9cennies d&rsquo;expertise, Machine Castle a d\u00e9velopp\u00e9 ces machines dans un souci de durabilit\u00e9 et de pr\u00e9cision, garantissant qu&rsquo;elles r\u00e9pondent aux normes les plus \u00e9lev\u00e9es en mati\u00e8re de traitement des noix. Chaque machine est con\u00e7ue pour fournir un processus d&rsquo;\u00e9pluchage fluide et efficace, ce qui facilite plus que jamais la manipulation de gros lots de noix avec coh\u00e9rence et facilit\u00e9. Que vous ayez besoin d&rsquo;une solution d&rsquo;\u00e9pluchage \u00e0 grande vitesse ou d&rsquo;une machine avec des r\u00e9glages r\u00e9glables pour les travaux d\u00e9licats, les machines \u00e0 \u00e9plucher les noix de Machine Castle sont con\u00e7ues pour vous servir de mani\u00e8re fiable pendant des ann\u00e9es.  <\/p>\n<p>&nbsp;<\/p>\n<p><strong>MOD\u00c8LES DE CAPACIT\u00c9 DISPONIBLES :<\/strong><\/p>\n<table class=\"table table-striped\" style=\"height: 310px;\" width=\"1329\">\n<tbody>\n<tr>\n<td><strong>MOD\u00c8LE<\/strong><\/td>\n<td><strong>CAPACIT\u00c9<\/strong><\/td>\n<\/tr>\n<\/tbody>\n<tbody>\n<tr>\n<td>RM-35<\/td>\n<td>15 kg\/lot &#8211; Puissance du moteur : 0,37 kW-0,50 CV, Corps : acier ST37, R\u00e2pe : t\u00f4le de 1,2 mm, Poids : 30 kg, Largeur : 49 cm, Profondeur : 51 cm, Hauteur : 80 cm<\/td>\n<\/tr>\n<\/tbody>\n<tbody>\n<tr>\n<td>RM-65<\/td>\n<td>35 kg\/lot &#8211; Puissance moteur : 0,75 kW-1 CV, Corps : acier ST37, R\u00e2pe : t\u00f4le de 1,2 mm, Poids : 45 kg, Largeur : 57 cm, Profondeur : 61 cm, Hauteur : 87 cm<\/td>\n<\/tr>\n<\/tbody>\n<tbody>\n<tr>\n<td>RM-78<\/td>\n<td>40 kg\/lot &#8211; Puissance moteur : 0,75 kW-1 CV, Corps : acier ST37, R\u00e2pe : t\u00f4le de 1,2 mm, Poids : 54 kg, Largeur : 64 cm, Profondeur : 67 cm, Hauteur : 90 cm<\/td>\n<\/tr>\n<tr>\n<td>RM-90<\/td>\n<td>50 Kg\/Lot &#8211; Puissance moteur : 0,75 KW &#8211; 1 CV, Corps : Acier ST 37, R\u00e2pe : Feuille de 1,2 mm, Poids : 81 kg, Largeur : 68 cm, Profondeur : 74 cm, Hauteur : 94 cm<\/td>\n<\/tr>\n<tr>\n<td>RM-170<\/td>\n<td>90 kg\/lot &#8211; Puissance moteur : 1,5 KW-2HP, Corps : acier ST37, R\u00e2pe : t\u00f4le de 1,2 mm, Poids : 115 kg, Largeur : 78 cm, Profondeur : 84 cm, Hauteur : 103 cm<\/td>\n<\/tr>\n<tr>\n<td>RM-250<\/td>\n<td>120 kg\/lot &#8211; Puissance moteur : 2,2 KW-3 CV, Corps : acier ST37, R\u00e2pe : t\u00f4le de 1,2 mm, Poids : 100 kg, Largeur : 86 cm, Profondeur : 91 cm, Hauteur : 110 cm<\/td>\n<\/tr>\n<tr>\n<td>RM-350<\/td>\n<td>150 kg\/lot &#8211; Puissance moteur : 4 KW-5 CV, Corps : acier ST37, R\u00e2pe : t\u00f4le de 1,2 mm, Poids : 120 kg, Largeur : 96 cm, Profondeur : 99 cm, Hauteur : 118 cm<\/td>\n<\/tr>\n<\/tbody>\n<\/table>\n","protected":false},"excerpt":{"rendered":"<p><iframe title=\"Lecteur vid\u00e9o YouTube\" src=\"https:\/\/www.youtube.com\/embed\/Xjq-I-jlA6k?si=aVVNocCdunN1Uo6z\" width=\"560\" height=\"315\" frameborder=\"0\" allowfullscreen=\"allowfullscreen\"><\/iframe><br \/>\n<iframe title=\"Lecteur vid\u00e9o YouTube\" src=\"https:\/\/www.youtube.com\/embed\/VynrnU3mJnY?si=h_ZAa9-K7ufGqO15\" width=\"560\" height=\"315\" frameborder=\"0\" allowfullscreen=\"allowfullscreen\"><\/iframe><\/p>\n","protected":false},"featured_media":8623,"template":"","meta":{"site-sidebar-layout":"default","site-content-layout":"","ast-site-content-layout":"default","site-content-style":"default","site-sidebar-style":"default","ast-global-header-display":"","ast-banner-title-visibility":"","ast-main-header-display":"","ast-hfb-above-header-display":"","ast-hfb-below-header-display":"","ast-hfb-mobile-header-display":"","site-post-title":"","ast-breadcrumbs-content":"","ast-featured-img":"","footer-sml-layout":"","theme-transparent-header-meta":"default","adv-header-id-meta":"","stick-header-meta":"","header-above-stick-meta":"","header-main-stick-meta":"","header-below-stick-meta":"","astra-migrate-meta-layouts":"default","ast-page-background-enabled":"default","ast-page-background-meta":{"desktop":{"background-color":"","background-image":"","background-repeat":"repeat","background-position":"center center","background-size":"auto","background-attachment":"scroll","background-type":"","background-media":"","overlay-type":"","overlay-color":"","overlay-gradient":""},"tablet":{"background-color":"","background-image":"","background-repeat":"repeat","background-position":"center center","background-size":"auto","background-attachment":"scroll","background-type":"","background-media":"","overlay-type":"","overlay-color":"","overlay-gradient":""},"mobile":{"background-color":"","background-image":"","background-repeat":"repeat","background-position":"center center","background-size":"auto","background-attachment":"scroll","background-type":"","background-media":"","overlay-type":"","overlay-color":"","overlay-gradient":""}},"ast-content-background-meta":{"desktop":{"background-color":"var(--ast-global-color-5)","background-image":"","background-repeat":"repeat","background-position":"center center","background-size":"auto","background-attachment":"scroll","background-type":"","background-media":"","overlay-type":"","overlay-color":"","overlay-gradient":""},"tablet":{"background-color":"var(--ast-global-color-5)","background-image":"","background-repeat":"repeat","background-position":"center center","background-size":"auto","background-attachment":"scroll","background-type":"","background-media":"","overlay-type":"","overlay-color":"","overlay-gradient":""},"mobile":{"background-color":"var(--ast-global-color-5)","background-image":"","background-repeat":"repeat","background-position":"center center","background-size":"auto","background-attachment":"scroll","background-type":"","background-media":"","overlay-type":"","overlay-color":"","overlay-gradient":""}}},"product_brand":[],"product_cat":[438],"product_tag":[],"class_list":{"0":"post-8675","1":"product","2":"type-product","3":"status-publish","4":"has-post-thumbnail","6":"product_cat-machines-a-plucher-les-noix","7":"desktop-align-left","8":"tablet-align-left","9":"mobile-align-left","11":"first","12":"instock","13":"shipping-taxable","14":"product-type-simple"},"_links":{"self":[{"href":"https:\/\/machinecastle.com\/fr\/wp-json\/wp\/v2\/product\/8675","targetHints":{"allow":["GET"]}}],"collection":[{"href":"https:\/\/machinecastle.com\/fr\/wp-json\/wp\/v2\/product"}],"about":[{"href":"https:\/\/machinecastle.com\/fr\/wp-json\/wp\/v2\/types\/product"}],"wp:featuredmedia":[{"embeddable":true,"href":"https:\/\/machinecastle.com\/fr\/wp-json\/wp\/v2\/media\/8623"}],"wp:attachment":[{"href":"https:\/\/machinecastle.com\/fr\/wp-json\/wp\/v2\/media?parent=8675"}],"wp:term":[{"taxonomy":"product_brand","embeddable":true,"href":"https:\/\/machinecastle.com\/fr\/wp-json\/wp\/v2\/product_brand?post=8675"},{"taxonomy":"product_cat","embeddable":true,"href":"https:\/\/machinecastle.com\/fr\/wp-json\/wp\/v2\/product_cat?post=8675"},{"taxonomy":"product_tag","embeddable":true,"href":"https:\/\/machinecastle.com\/fr\/wp-json\/wp\/v2\/product_tag?post=8675"}],"curies":[{"name":"wp","href":"https:\/\/api.w.org\/{rel}","templated":true}]}}