{"id":8618,"date":"2024-11-11T07:34:12","date_gmt":"2024-11-11T07:34:12","guid":{"rendered":"https:\/\/machinecastle.com\/urun\/machine-a-decortiquer-les-amandes\/"},"modified":"2024-11-11T07:34:12","modified_gmt":"2024-11-11T07:34:12","slug":"machine-a-decortiquer-les-amandes","status":"publish","type":"product","link":"https:\/\/machinecastle.com\/fr\/produit\/machine-a-decortiquer-les-amandes\/","title":{"rendered":"Machine \u00e0 d\u00e9cortiquer les amandes"},"content":{"rendered":"<p>La d\u00e9cortiqueuse d&rsquo;amandes Machine Castle s\u00e9pare efficacement de 100 \u00e0 1 500 kg d&rsquo;amandes vertes par heure, offrant une productivit\u00e9 et une fiabilit\u00e9 \u00e9lev\u00e9es. Gr\u00e2ce \u00e0 sa conception compacte, elle est facile \u00e0 utiliser et \u00e0 entretenir, ce qui la rend id\u00e9ale pour divers environnements op\u00e9rationnels. Cette machine permet d&rsquo;\u00e9plucher en toute s\u00e9curit\u00e9 et avec pr\u00e9cision un large \u00e9ventail de vari\u00e9t\u00e9s d&rsquo;amandes locales et import\u00e9es. La machine \u00e0 peler les amandes Castle est dot\u00e9e d&rsquo;une cage ouverte, ce qui facilite l&rsquo;acc\u00e8s pour l&rsquo;utilisation et l&rsquo;entretien. Elle s\u00e9pare l&rsquo;amande de sa coque verte. En outre, le positionnement vertical des anneaux ext\u00e9rieurs de la machine minimise les pertes de produit, ce qui la rend tr\u00e8s efficace et fiable dans les op\u00e9rations en continu. Cette machine peut fonctionner \u00e0 l&rsquo;\u00e9lectricit\u00e9 ou \u00eatre connect\u00e9e \u00e0 votre tracteur. La capacit\u00e9 est optionnelle et avec l&rsquo;augmentation des d\u00e9cortiqueuses, il est possible d&rsquo;obtenir plus de r\u00e9sultats en termes de capacit\u00e9.     <\/p>\n<p>  Pour plus de capacit\u00e9s, veuillez nous contacter.<\/p>\n<p><strong>D\u00c9TAILS TECHNIQUES :<\/strong><\/p>\n<table class=\"table table-striped\">\n<tbody>\n<tr>\n<td><strong>DESCRIPTION<\/strong><\/td>\n<td><strong>Caract\u00e9ristiques<\/strong><\/td>\n<\/tr>\n<\/tbody>\n<tbody>\n<tr>\n<td>Dimensions : 82 x 171 x 146 cm (largeur x longueur x hauteur) :<\/td>\n<td>82 x 171 x 146 cm (largeur x longueur x hauteur)<\/td>\n<\/tr>\n<\/tbody>\n<tbody>\n<tr>\n<td>Poids :<\/td>\n<td>325 Kg<\/td>\n<\/tr>\n<\/tbody>\n<tbody>\n<tr>\n<td>Capacit\u00e9 :<\/td>\n<td>1.500 Kg \/ Heure<\/td>\n<\/tr>\n<tr>\n<td>Consommation \u00e9lectrique<\/td>\n<td>5,5 Kw<\/td>\n<\/tr>\n<\/tbody>\n<\/table>\n","protected":false},"excerpt":{"rendered":"<p><iframe title=\"Lecteur vid\u00e9o YouTube\" src=\"https:\/\/www.youtube.com\/embed\/ZzjzOoCKOLg?si=_s2Lmxbj7f_o8lpq\" width=\"560\" height=\"315\" frameborder=\"0\" allowfullscreen=\"allowfullscreen\"><\/iframe><\/p>\n","protected":false},"featured_media":8609,"template":"","meta":{"site-sidebar-layout":"default","site-content-layout":"","ast-site-content-layout":"default","site-content-style":"default","site-sidebar-style":"default","ast-global-header-display":"","ast-banner-title-visibility":"","ast-main-header-display":"","ast-hfb-above-header-display":"","ast-hfb-below-header-display":"","ast-hfb-mobile-header-display":"","site-post-title":"","ast-breadcrumbs-content":"","ast-featured-img":"","footer-sml-layout":"","theme-transparent-header-meta":"default","adv-header-id-meta":"","stick-header-meta":"","header-above-stick-meta":"","header-main-stick-meta":"","header-below-stick-meta":"","astra-migrate-meta-layouts":"default","ast-page-background-enabled":"default","ast-page-background-meta":{"desktop":{"background-color":"","background-image":"","background-repeat":"repeat","background-position":"center center","background-size":"auto","background-attachment":"scroll","background-type":"","background-media":"","overlay-type":"","overlay-color":"","overlay-gradient":""},"tablet":{"background-color":"","background-image":"","background-repeat":"repeat","background-position":"center center","background-size":"auto","background-attachment":"scroll","background-type":"","background-media":"","overlay-type":"","overlay-color":"","overlay-gradient":""},"mobile":{"background-color":"","background-image":"","background-repeat":"repeat","background-position":"center center","background-size":"auto","background-attachment":"scroll","background-type":"","background-media":"","overlay-type":"","overlay-color":"","overlay-gradient":""}},"ast-content-background-meta":{"desktop":{"background-color":"var(--ast-global-color-5)","background-image":"","background-repeat":"repeat","background-position":"center center","background-size":"auto","background-attachment":"scroll","background-type":"","background-media":"","overlay-type":"","overlay-color":"","overlay-gradient":""},"tablet":{"background-color":"var(--ast-global-color-5)","background-image":"","background-repeat":"repeat","background-position":"center center","background-size":"auto","background-attachment":"scroll","background-type":"","background-media":"","overlay-type":"","overlay-color":"","overlay-gradient":""},"mobile":{"background-color":"var(--ast-global-color-5)","background-image":"","background-repeat":"repeat","background-position":"center center","background-size":"auto","background-attachment":"scroll","background-type":"","background-media":"","overlay-type":"","overlay-color":"","overlay-gradient":""}}},"product_brand":[],"product_cat":[438],"product_tag":[],"class_list":{"0":"post-8618","1":"product","2":"type-product","3":"status-publish","4":"has-post-thumbnail","6":"product_cat-machines-a-plucher-les-noix","7":"desktop-align-left","8":"tablet-align-left","9":"mobile-align-left","11":"first","12":"instock","13":"shipping-taxable","14":"product-type-simple"},"_links":{"self":[{"href":"https:\/\/machinecastle.com\/fr\/wp-json\/wp\/v2\/product\/8618","targetHints":{"allow":["GET"]}}],"collection":[{"href":"https:\/\/machinecastle.com\/fr\/wp-json\/wp\/v2\/product"}],"about":[{"href":"https:\/\/machinecastle.com\/fr\/wp-json\/wp\/v2\/types\/product"}],"wp:featuredmedia":[{"embeddable":true,"href":"https:\/\/machinecastle.com\/fr\/wp-json\/wp\/v2\/media\/8609"}],"wp:attachment":[{"href":"https:\/\/machinecastle.com\/fr\/wp-json\/wp\/v2\/media?parent=8618"}],"wp:term":[{"taxonomy":"product_brand","embeddable":true,"href":"https:\/\/machinecastle.com\/fr\/wp-json\/wp\/v2\/product_brand?post=8618"},{"taxonomy":"product_cat","embeddable":true,"href":"https:\/\/machinecastle.com\/fr\/wp-json\/wp\/v2\/product_cat?post=8618"},{"taxonomy":"product_tag","embeddable":true,"href":"https:\/\/machinecastle.com\/fr\/wp-json\/wp\/v2\/product_tag?post=8618"}],"curies":[{"name":"wp","href":"https:\/\/api.w.org\/{rel}","templated":true}]}}