{"id":7934,"date":"2022-07-20T09:28:36","date_gmt":"2022-07-20T09:28:36","guid":{"rendered":"https:\/\/machinecastle.com\/urun\/machine-a-laver-le-cafe\/"},"modified":"2023-11-27T14:55:07","modified_gmt":"2023-11-27T14:55:07","slug":"machine-a-laver-le-cafe","status":"publish","type":"product","link":"https:\/\/machinecastle.com\/fr\/produit\/machine-a-laver-le-cafe\/","title":{"rendered":"MACHINE \u00c0 LAVER LE CAF\u00c9"},"content":{"rendered":"<p>La machine \u00e0 laver le caf\u00e9 est utilis\u00e9e pour nettoyer les grains de caf\u00e9 vert et \u00e9liminer la poussi\u00e8re et les \u00e9l\u00e9ments ind\u00e9sirables des produits. L&rsquo;eau pulv\u00e9ris\u00e9e est utilis\u00e9e pour nettoyer la poussi\u00e8re et les objets ind\u00e9sirables. Apr\u00e8s avoir \u00e9t\u00e9 lav\u00e9s \u00e0 la machine, les grains de caf\u00e9 verts sont s\u00e9ch\u00e9s dans des ventilateurs et l&rsquo;air permet d&rsquo;\u00e9liminer l&rsquo;eau des grains de caf\u00e9. La machine dispose \u00e9galement d&rsquo;une fonction d&rsquo;\u00e9vacuation de l&rsquo;eau. Le mat\u00e9riau utilis\u00e9 est enti\u00e8rement inoxydable.<\/p>\n<p>Les machines sur mesure sont produites en fonction des besoins de capacit\u00e9 de nos clients estim\u00e9s.<\/p>\n","protected":false},"excerpt":{"rendered":"<p>https:\/\/www.youtube.com\/watch?v=Nds8UCUqo8Q&#038;ab_channel=MachineCastle<\/p>\n","protected":false},"featured_media":7937,"template":"","meta":{"site-sidebar-layout":"default","site-content-layout":"default","ast-site-content-layout":"default","site-content-style":"default","site-sidebar-style":"default","ast-global-header-display":"","ast-banner-title-visibility":"","ast-main-header-display":"","ast-hfb-above-header-display":"","ast-hfb-below-header-display":"","ast-hfb-mobile-header-display":"","site-post-title":"","ast-breadcrumbs-content":"","ast-featured-img":"","footer-sml-layout":"","theme-transparent-header-meta":"","adv-header-id-meta":"","stick-header-meta":"","header-above-stick-meta":"","header-main-stick-meta":"","header-below-stick-meta":"","astra-migrate-meta-layouts":"set","ast-page-background-enabled":"default","ast-page-background-meta":{"desktop":{"background-color":"","background-image":"","background-repeat":"repeat","background-position":"center center","background-size":"auto","background-attachment":"scroll","background-type":"","background-media":"","overlay-type":"","overlay-color":"","overlay-gradient":""},"tablet":{"background-color":"","background-image":"","background-repeat":"repeat","background-position":"center center","background-size":"auto","background-attachment":"scroll","background-type":"","background-media":"","overlay-type":"","overlay-color":"","overlay-gradient":""},"mobile":{"background-color":"","background-image":"","background-repeat":"repeat","background-position":"center center","background-size":"auto","background-attachment":"scroll","background-type":"","background-media":"","overlay-type":"","overlay-color":"","overlay-gradient":""}},"ast-content-background-meta":{"desktop":{"background-color":"var(--ast-global-color-5)","background-image":"","background-repeat":"repeat","background-position":"center center","background-size":"auto","background-attachment":"scroll","background-type":"","background-media":"","overlay-type":"","overlay-color":"","overlay-gradient":""},"tablet":{"background-color":"var(--ast-global-color-5)","background-image":"","background-repeat":"repeat","background-position":"center center","background-size":"auto","background-attachment":"scroll","background-type":"","background-media":"","overlay-type":"","overlay-color":"","overlay-gradient":""},"mobile":{"background-color":"var(--ast-global-color-5)","background-image":"","background-repeat":"repeat","background-position":"center center","background-size":"auto","background-attachment":"scroll","background-type":"","background-media":"","overlay-type":"","overlay-color":"","overlay-gradient":""}}},"product_brand":[],"product_cat":[434],"product_tag":[483,482],"class_list":{"0":"post-7934","1":"product","2":"type-product","3":"status-publish","4":"has-post-thumbnail","6":"product_cat-torrefacteurs-et-moulins-a-cafe","7":"product_tag-laveur-de-cafe","8":"product_tag-machine-a-laver-le-cafe","9":"desktop-align-left","10":"tablet-align-left","11":"mobile-align-left","13":"first","14":"instock","15":"shipping-taxable","16":"product-type-simple"},"_links":{"self":[{"href":"https:\/\/machinecastle.com\/fr\/wp-json\/wp\/v2\/product\/7934","targetHints":{"allow":["GET"]}}],"collection":[{"href":"https:\/\/machinecastle.com\/fr\/wp-json\/wp\/v2\/product"}],"about":[{"href":"https:\/\/machinecastle.com\/fr\/wp-json\/wp\/v2\/types\/product"}],"wp:featuredmedia":[{"embeddable":true,"href":"https:\/\/machinecastle.com\/fr\/wp-json\/wp\/v2\/media\/7937"}],"wp:attachment":[{"href":"https:\/\/machinecastle.com\/fr\/wp-json\/wp\/v2\/media?parent=7934"}],"wp:term":[{"taxonomy":"product_brand","embeddable":true,"href":"https:\/\/machinecastle.com\/fr\/wp-json\/wp\/v2\/product_brand?post=7934"},{"taxonomy":"product_cat","embeddable":true,"href":"https:\/\/machinecastle.com\/fr\/wp-json\/wp\/v2\/product_cat?post=7934"},{"taxonomy":"product_tag","embeddable":true,"href":"https:\/\/machinecastle.com\/fr\/wp-json\/wp\/v2\/product_tag?post=7934"}],"curies":[{"name":"wp","href":"https:\/\/api.w.org\/{rel}","templated":true}]}}