{"id":7916,"date":"2022-03-14T12:35:32","date_gmt":"2022-03-14T12:35:32","guid":{"rendered":"https:\/\/machinecastle.com\/urun\/petits-torrefacteurs-de-cafe\/"},"modified":"2023-11-27T14:53:57","modified_gmt":"2023-11-27T14:53:57","slug":"petits-torrefacteurs-de-cafe","status":"publish","type":"product","link":"https:\/\/machinecastle.com\/fr\/produit\/petits-torrefacteurs-de-cafe\/","title":{"rendered":"PETITS TORR\u00c9FACTEURS DE CAF\u00c9"},"content":{"rendered":"<p>1. Capacit\u00e9 De 50 g \u00e0 1,2 kg. Satisfait les caf\u00e9s, les bureaux ou autres utilisations commerciales.<br \/>\n2. Petite taille et poids l\u00e9ger. Frais d&rsquo;exp\u00e9dition r\u00e9duits.<br \/>\n3. \u00c9cran tactile. Fonctionnement facile et s\u00fbr.<br \/>\n4. Syst\u00e8me de collecte automatique des paillettes. Auto-nettoyage.<br \/>\n5. Syst\u00e8me de refroidissement rapide.<br \/>\n6. Double protection : bouchon de s\u00e9curit\u00e9 anti-fuite + protection contre l&rsquo;arr\u00eat automatique du chauffage.<br \/>\n<img fetchpriority=\"high\" decoding=\"async\" class=\"alignnone wp-image-1536\" src=\"https:\/\/machinecastle.com\/wp-content\/uploads\/2022\/03\/2203-202012301626194951-270x300.jpg\" alt=\"\" width=\"376\" height=\"418\" srcset=\"https:\/\/machinecastle.com\/wp-content\/uploads\/2022\/03\/2203-202012301626194951-270x300.jpg 270w, https:\/\/machinecastle.com\/wp-content\/uploads\/2022\/03\/2203-202012301626194951-768x852.jpg 768w, https:\/\/machinecastle.com\/wp-content\/uploads\/2022\/03\/2203-202012301626194951-923x1024.jpg 923w, https:\/\/machinecastle.com\/wp-content\/uploads\/2022\/03\/2203-202012301626194951-600x666.jpg 600w, https:\/\/machinecastle.com\/wp-content\/uploads\/2022\/03\/2203-202012301626194951-1000x1110.jpg 1000w\" sizes=\"(max-width: 376px) 100vw, 376px\" \/><\/p>\n<p><strong>Machine \u00e0 torr\u00e9fier le caf\u00e9<\/strong>, <strong>Prix des machines \u00e0 tor r\u00e9fier le caf\u00e9<\/strong>, Torr\u00e9faction du caf\u00e9, Machine \u00e0 torr\u00e9fier le caf\u00e9, Magasin de caf\u00e9, Mouture du caf\u00e9, Moulins \u00e0 caf\u00e9, Torr\u00e9factiondu caf\u00e9, Machine \u00e0 torr\u00e9fier le caf\u00e9 commercial, Torr\u00e9faction du caf\u00e9 commercial, Machine \u00e0 torr\u00e9fier les grains verts, Torr\u00e9faction du caf\u00e9 noir, Machine \u00e0 torr\u00e9fier le caf\u00e9 moyen, Cafeti\u00e8re, Machine \u00e0 caf\u00e9 expresso<\/p>\n","protected":false},"excerpt":{"rendered":"<p><iframe title=\"Lecteur vid\u00e9o YouTube\" src=\"https:\/\/www.youtube.com\/embed\/_UJyApZ1Qb0\" width=\"560\" height=\"315\" frameborder=\"0\" allowfullscreen=\"allowfullscreen\"><\/iframe><br \/>\nMod\u00e8les de capacit\u00e9 disponibles :<\/p>\n<table class=\"table table-striped\">\n<tbody>\n<tr>\n<td><strong>MOD\u00c8LES<\/strong><\/td>\n<td><strong>CAPACIT\u00c9S<\/strong><\/td>\n<\/tr>\n<\/tbody>\n<tbody>\n<tr>\n<td>MC-SK-150 <strong>Machine \u00e0 torr\u00e9fier le caf\u00e9<\/strong><\/td>\n<td>50-150 grammes<\/td>\n<\/tr>\n<\/tbody>\n<tbody>\n<tr>\n<td>MC-SK-300 <strong>Machine \u00e0 torr\u00e9fier le caf\u00e9<\/strong><\/td>\n<td>50-300 grammes<\/td>\n<\/tr>\n<\/tbody>\n<tbody>\n<tr>\n<td>MC-SK-500 <strong>Machine \u00e0 torr\u00e9fier le caf\u00e9<\/strong><\/td>\n<td>200-500 grammes<\/td>\n<\/tr>\n<\/tbody>\n<tbody>\n<tr>\n<td>MC-SK-1200 <strong>Machine \u00e0 torr\u00e9fier le caf\u00e9<\/strong><\/td>\n<td>300-1200 grammes<\/td>\n<\/tr>\n<\/tbody>\n<\/table>\n<p>Votre marque peut figurer sur la machine ! Diff\u00e9rentes couleurs peuvent \u00eatre appliqu\u00e9es sur les machines, sur demande.<\/p>\n","protected":false},"featured_media":7921,"template":"","meta":{"site-sidebar-layout":"default","site-content-layout":"default","ast-site-content-layout":"default","site-content-style":"default","site-sidebar-style":"default","ast-global-header-display":"","ast-banner-title-visibility":"","ast-main-header-display":"","ast-hfb-above-header-display":"","ast-hfb-below-header-display":"","ast-hfb-mobile-header-display":"","site-post-title":"","ast-breadcrumbs-content":"","ast-featured-img":"","footer-sml-layout":"","theme-transparent-header-meta":"default","adv-header-id-meta":"","stick-header-meta":"","header-above-stick-meta":"","header-main-stick-meta":"","header-below-stick-meta":"","astra-migrate-meta-layouts":"set","ast-page-background-enabled":"default","ast-page-background-meta":{"desktop":{"background-color":"","background-image":"","background-repeat":"repeat","background-position":"center center","background-size":"auto","background-attachment":"scroll","background-type":"","background-media":"","overlay-type":"","overlay-color":"","overlay-gradient":""},"tablet":{"background-color":"","background-image":"","background-repeat":"repeat","background-position":"center center","background-size":"auto","background-attachment":"scroll","background-type":"","background-media":"","overlay-type":"","overlay-color":"","overlay-gradient":""},"mobile":{"background-color":"","background-image":"","background-repeat":"repeat","background-position":"center center","background-size":"auto","background-attachment":"scroll","background-type":"","background-media":"","overlay-type":"","overlay-color":"","overlay-gradient":""}},"ast-content-background-meta":{"desktop":{"background-color":"var(--ast-global-color-5)","background-image":"","background-repeat":"repeat","background-position":"center center","background-size":"auto","background-attachment":"scroll","background-type":"","background-media":"","overlay-type":"","overlay-color":"","overlay-gradient":""},"tablet":{"background-color":"var(--ast-global-color-5)","background-image":"","background-repeat":"repeat","background-position":"center center","background-size":"auto","background-attachment":"scroll","background-type":"","background-media":"","overlay-type":"","overlay-color":"","overlay-gradient":""},"mobile":{"background-color":"var(--ast-global-color-5)","background-image":"","background-repeat":"repeat","background-position":"center center","background-size":"auto","background-attachment":"scroll","background-type":"","background-media":"","overlay-type":"","overlay-color":"","overlay-gradient":""}}},"product_brand":[],"product_cat":[434],"product_tag":[480,481],"class_list":{"0":"post-7916","1":"product","2":"type-product","3":"status-publish","4":"has-post-thumbnail","6":"product_cat-torrefacteurs-et-moulins-a-cafe","7":"product_tag-petit-torrefacteur-de-cafe","8":"product_tag-torrefacteur-domestique","9":"desktop-align-left","10":"tablet-align-left","11":"mobile-align-left","13":"first","14":"instock","15":"shipping-taxable","16":"product-type-simple"},"_links":{"self":[{"href":"https:\/\/machinecastle.com\/fr\/wp-json\/wp\/v2\/product\/7916","targetHints":{"allow":["GET"]}}],"collection":[{"href":"https:\/\/machinecastle.com\/fr\/wp-json\/wp\/v2\/product"}],"about":[{"href":"https:\/\/machinecastle.com\/fr\/wp-json\/wp\/v2\/types\/product"}],"wp:featuredmedia":[{"embeddable":true,"href":"https:\/\/machinecastle.com\/fr\/wp-json\/wp\/v2\/media\/7921"}],"wp:attachment":[{"href":"https:\/\/machinecastle.com\/fr\/wp-json\/wp\/v2\/media?parent=7916"}],"wp:term":[{"taxonomy":"product_brand","embeddable":true,"href":"https:\/\/machinecastle.com\/fr\/wp-json\/wp\/v2\/product_brand?post=7916"},{"taxonomy":"product_cat","embeddable":true,"href":"https:\/\/machinecastle.com\/fr\/wp-json\/wp\/v2\/product_cat?post=7916"},{"taxonomy":"product_tag","embeddable":true,"href":"https:\/\/machinecastle.com\/fr\/wp-json\/wp\/v2\/product_tag?post=7916"}],"curies":[{"name":"wp","href":"https:\/\/api.w.org\/{rel}","templated":true}]}}