{"id":7902,"date":"2022-02-10T08:58:15","date_gmt":"2022-02-10T08:58:15","guid":{"rendered":"https:\/\/machinecastle.com\/urun\/machines-demballage-sous-vide\/"},"modified":"2023-11-27T14:53:04","modified_gmt":"2023-11-27T14:53:04","slug":"machines-demballage-sous-vide","status":"publish","type":"product","link":"https:\/\/machinecastle.com\/fr\/produit\/machines-demballage-sous-vide\/","title":{"rendered":"MACHINES D&rsquo;EMBALLAGE SOUS VIDE"},"content":{"rendered":"<p>Les <strong>machines \u00e0 emballer sous vide<\/strong>sont enti\u00e8rement fabriqu\u00e9es en acier ( <strong>acier inoxydable<\/strong> de qualit\u00e9 304). Elles sont con\u00e7ues selon les normes europ\u00e9ennes et fabriqu\u00e9es dans une structure solide.<br \/>\nGr\u00e2ce au panneau de commande \u00e9lectrom\u00e9canique, vous pouvez r\u00e9gler simplement le temps d&rsquo;aspiration et le temps de collage.<br \/>\nLorsque vous fermez le couvercle de la machine, il se met automatiquement en marche et effectue respectivement les op\u00e9rations d&rsquo;\u00e9vacuation de l&rsquo;air interne, de collage et d&rsquo;\u00e9vacuation de l&rsquo;air. De cette mani\u00e8re, les produits emball\u00e9s sont prot\u00e9g\u00e9s des facteurs externes nuisibles tels que la rouille, la fonte, l&rsquo;humidit\u00e9, les odeurs, et la dur\u00e9e de conservation de votre produit est prolong\u00e9e.<br \/>\nProduit dans des conditions hygi\u00e9niques<br \/>\nElle est fabriqu\u00e9e dans un design peu encombrant et s&rsquo;adresse aux petites cuisines. Les machines d&#8217;emballage sous vide sont le meilleur moyen de mettre vos produits sous vide et de les emballer. Gr\u00e2ce \u00e0 ces machines \u00e0 vide, vos produits peuvent toujours \u00eatre conserv\u00e9s plus longtemps par vos clients.<br \/>\nIl ex\u00e9cute automatiquement l&rsquo;ensemble du processus de mise sous vide (mise sous vide, collage, impression, refroidissement et d\u00e9chargement). Les produits emball\u00e9s sont prot\u00e9g\u00e9s contre l&rsquo;oxydation, les d\u00e9versements, les fuites et les infestations, et restent donc frais plus longtemps.<\/p>\n<p>&nbsp;<\/p>\n<p><strong>Machine \u00e0 emballer sous vide<\/strong>, Machines \u00e0 emballer sous vide, Machines \u00e0 emballer sous vide, <strong>Machine<\/strong> \u00e0 emballer sous vide pour aliments, Machine \u00e0 emballer sous vide pour noix de cajou, Machine \u00e0 emballer sous vide pour caf\u00e9, Machine \u00e0 emballer sous vide pour caf\u00e9<\/p>\n","protected":false},"excerpt":{"rendered":"<p><iframe title=\"Lecteur vid\u00e9o YouTube\" src=\"https:\/\/www.youtube.com\/embed\/575X8iyEonM\" width=\"560\" height=\"315\" frameborder=\"0\" allowfullscreen=\"allowfullscreen\"><\/iframe><br \/>\n<iframe title=\"Lecteur vid\u00e9o YouTube\" src=\"https:\/\/www.youtube.com\/embed\/4VJEFORMIEw\" width=\"560\" height=\"315\" frameborder=\"0\" allowfullscreen=\"allowfullscreen\"><\/iframe><\/p>\n<table class=\"table table-striped\">\n<tbody>\n<tr>\n<td>Puissance<\/td>\n<td>1.0 (KW)<\/td>\n<\/tr>\n<tr>\n<td>Tension<\/td>\n<td>220\/50 \/V\/HZ<\/td>\n<\/tr>\n<tr>\n<td>Longueur de la m\u00e2choire de collage<\/td>\n<td>41+41 Cm<\/td>\n<\/tr>\n<tr>\n<td>Longueur de l&rsquo;<strong>emballage du produit<\/strong> <\/td>\n<td>40 Cm<\/td>\n<\/tr>\n<tr>\n<td>Profondeur de l&#8217;emballage du produit<\/td>\n<td>11 Cm<\/td>\n<\/tr>\n<tr>\n<td>Largeur de collage<\/td>\n<td>6 mm<\/td>\n<\/tr>\n<tr>\n<td>Temps de liaison<\/td>\n<td>25 secondes<\/td>\n<\/tr>\n<\/tbody>\n<\/table>\n<p>Pour plus de capacit\u00e9s, veuillez nous contacter.<\/p>\n<p>&nbsp;<\/p>\n","protected":false},"featured_media":7914,"template":"","meta":{"site-sidebar-layout":"default","site-content-layout":"default","ast-site-content-layout":"default","site-content-style":"default","site-sidebar-style":"default","ast-global-header-display":"","ast-banner-title-visibility":"","ast-main-header-display":"","ast-hfb-above-header-display":"","ast-hfb-below-header-display":"","ast-hfb-mobile-header-display":"","site-post-title":"","ast-breadcrumbs-content":"","ast-featured-img":"","footer-sml-layout":"","theme-transparent-header-meta":"default","adv-header-id-meta":"","stick-header-meta":"","header-above-stick-meta":"","header-main-stick-meta":"","header-below-stick-meta":"","astra-migrate-meta-layouts":"set","ast-page-background-enabled":"default","ast-page-background-meta":{"desktop":{"background-color":"","background-image":"","background-repeat":"repeat","background-position":"center center","background-size":"auto","background-attachment":"scroll","background-type":"","background-media":"","overlay-type":"","overlay-color":"","overlay-gradient":""},"tablet":{"background-color":"","background-image":"","background-repeat":"repeat","background-position":"center center","background-size":"auto","background-attachment":"scroll","background-type":"","background-media":"","overlay-type":"","overlay-color":"","overlay-gradient":""},"mobile":{"background-color":"","background-image":"","background-repeat":"repeat","background-position":"center center","background-size":"auto","background-attachment":"scroll","background-type":"","background-media":"","overlay-type":"","overlay-color":"","overlay-gradient":""}},"ast-content-background-meta":{"desktop":{"background-color":"var(--ast-global-color-5)","background-image":"","background-repeat":"repeat","background-position":"center center","background-size":"auto","background-attachment":"scroll","background-type":"","background-media":"","overlay-type":"","overlay-color":"","overlay-gradient":""},"tablet":{"background-color":"var(--ast-global-color-5)","background-image":"","background-repeat":"repeat","background-position":"center center","background-size":"auto","background-attachment":"scroll","background-type":"","background-media":"","overlay-type":"","overlay-color":"","overlay-gradient":""},"mobile":{"background-color":"var(--ast-global-color-5)","background-image":"","background-repeat":"repeat","background-position":"center center","background-size":"auto","background-attachment":"scroll","background-type":"","background-media":"","overlay-type":"","overlay-color":"","overlay-gradient":""}}},"product_brand":[],"product_cat":[477],"product_tag":[479,478],"class_list":{"0":"post-7902","1":"product","2":"type-product","3":"status-publish","4":"has-post-thumbnail","6":"product_cat-machines-demballage-sous-vide","7":"product_tag-machine-demballage","8":"product_tag-machine-demballage-sous-vide","9":"desktop-align-left","10":"tablet-align-left","11":"mobile-align-left","13":"first","14":"instock","15":"shipping-taxable","16":"product-type-simple"},"_links":{"self":[{"href":"https:\/\/machinecastle.com\/fr\/wp-json\/wp\/v2\/product\/7902","targetHints":{"allow":["GET"]}}],"collection":[{"href":"https:\/\/machinecastle.com\/fr\/wp-json\/wp\/v2\/product"}],"about":[{"href":"https:\/\/machinecastle.com\/fr\/wp-json\/wp\/v2\/types\/product"}],"wp:featuredmedia":[{"embeddable":true,"href":"https:\/\/machinecastle.com\/fr\/wp-json\/wp\/v2\/media\/7914"}],"wp:attachment":[{"href":"https:\/\/machinecastle.com\/fr\/wp-json\/wp\/v2\/media?parent=7902"}],"wp:term":[{"taxonomy":"product_brand","embeddable":true,"href":"https:\/\/machinecastle.com\/fr\/wp-json\/wp\/v2\/product_brand?post=7902"},{"taxonomy":"product_cat","embeddable":true,"href":"https:\/\/machinecastle.com\/fr\/wp-json\/wp\/v2\/product_cat?post=7902"},{"taxonomy":"product_tag","embeddable":true,"href":"https:\/\/machinecastle.com\/fr\/wp-json\/wp\/v2\/product_tag?post=7902"}],"curies":[{"name":"wp","href":"https:\/\/api.w.org\/{rel}","templated":true}]}}