{"id":7895,"date":"2022-01-03T09:38:07","date_gmt":"2022-01-03T09:38:07","guid":{"rendered":"https:\/\/machinecastle.com\/urun\/machine-a-decortiquer-les-cacahuetes-et-les-noisettes\/"},"modified":"2023-11-27T14:52:24","modified_gmt":"2023-11-27T14:52:24","slug":"machine-a-decortiquer-les-cacahuetes-et-les-noisettes","status":"publish","type":"product","link":"https:\/\/machinecastle.com\/fr\/produit\/machine-a-decortiquer-les-cacahuetes-et-les-noisettes\/","title":{"rendered":"Machine \u00e0 d\u00e9cortiquer les cacahu\u00e8tes et les noisettes"},"content":{"rendered":"<p>La <strong>machine \u00e0 d\u00e9cortiquer les<\/strong> noisettes et les <strong>cacahu\u00e8tes<\/strong>, qui permet d&rsquo;\u00e9plucher la fine coquille des noisettes et des cacahu\u00e8tes, est devenue la favorite des entreprises qui transforment ces produits. Gr\u00e2ce aux caoutchoucs situ\u00e9s sur le dessus et le dessous de l&rsquo;appareil, l&rsquo;<strong>\u00e9plucheuse<\/strong> prend rapidement la fine coque de la cacahu\u00e8te ou de la noisette. Ensuite, il sort de la machine sans ces minces coquilles.<\/p>\n<p>Pendant le processus de pelage, les peaux restantes des produits sont envoy\u00e9es dans le cyclone \u00e0 poussi\u00e8res. Avant d&rsquo;entrer dans cette machine, les produits doivent entrer s\u00e9ch\u00e9s, et non crus.<\/p>\n<p>&nbsp;<\/p>\n<p>Machine \u00e0 peler les cacahu\u00e8tes, Machine \u00e0 peler les cacahu\u00e8tes, Machine \u00e0 peler les <strong>noisettes<\/strong>, Machine \u00e0 peler les noix, <strong>Machine \u00e0 peler les noix<\/strong>,<\/p>\n","protected":false},"excerpt":{"rendered":"<p>Mod\u00e8les de capacit\u00e9 disponibles :<\/p>\n<table class=\"table table-striped\">\n<tbody>\n<tr>\n<td><strong>MOD\u00c8LES<\/strong><\/td>\n<td><strong>CAPACIT\u00c9S<\/strong><\/td>\n<\/tr>\n<\/tbody>\n<tbody>\n<tr>\n<td>MC-P-100 <strong>Machine \u00e0 d\u00e9cortiquer les cacahu\u00e8tes et les noisettes<\/strong><\/td>\n<td>100 Kg\/h<\/td>\n<\/tr>\n<\/tbody>\n<tbody>\n<tr>\n<td>MC-P-200 <strong>Machine \u00e0 d\u00e9cortiquer les cacahu\u00e8tes et les noisettes<\/strong><\/td>\n<td>200 Kg\/h<\/td>\n<\/tr>\n<\/tbody>\n<tbody>\n<tr>\n<td>MC-P-300 <strong>Machine \u00e0 d\u00e9cortiquer les cacahu\u00e8tes et les noisettes<\/strong><\/td>\n<td>300 Kg\/h<\/td>\n<\/tr>\n<\/tbody>\n<\/table>\n<p><iframe title=\"Lecteur vid\u00e9o YouTube\" src=\"https:\/\/www.youtube.com\/embed\/dqo0PazMGJU?si=74__j-Dds5SPwZXE\" width=\"560\" height=\"315\" frameborder=\"0\" allowfullscreen=\"allowfullscreen\"><\/iframe><\/p>\n","protected":false},"featured_media":7901,"template":"","meta":{"site-sidebar-layout":"default","site-content-layout":"default","ast-site-content-layout":"default","site-content-style":"default","site-sidebar-style":"default","ast-global-header-display":"","ast-banner-title-visibility":"","ast-main-header-display":"","ast-hfb-above-header-display":"","ast-hfb-below-header-display":"","ast-hfb-mobile-header-display":"","site-post-title":"","ast-breadcrumbs-content":"","ast-featured-img":"","footer-sml-layout":"","theme-transparent-header-meta":"default","adv-header-id-meta":"","stick-header-meta":"","header-above-stick-meta":"","header-main-stick-meta":"","header-below-stick-meta":"","astra-migrate-meta-layouts":"set","ast-page-background-enabled":"default","ast-page-background-meta":{"desktop":{"background-color":"","background-image":"","background-repeat":"repeat","background-position":"center center","background-size":"auto","background-attachment":"scroll","background-type":"","background-media":"","overlay-type":"","overlay-color":"","overlay-gradient":""},"tablet":{"background-color":"","background-image":"","background-repeat":"repeat","background-position":"center center","background-size":"auto","background-attachment":"scroll","background-type":"","background-media":"","overlay-type":"","overlay-color":"","overlay-gradient":""},"mobile":{"background-color":"","background-image":"","background-repeat":"repeat","background-position":"center center","background-size":"auto","background-attachment":"scroll","background-type":"","background-media":"","overlay-type":"","overlay-color":"","overlay-gradient":""}},"ast-content-background-meta":{"desktop":{"background-color":"var(--ast-global-color-5)","background-image":"","background-repeat":"repeat","background-position":"center center","background-size":"auto","background-attachment":"scroll","background-type":"","background-media":"","overlay-type":"","overlay-color":"","overlay-gradient":""},"tablet":{"background-color":"var(--ast-global-color-5)","background-image":"","background-repeat":"repeat","background-position":"center center","background-size":"auto","background-attachment":"scroll","background-type":"","background-media":"","overlay-type":"","overlay-color":"","overlay-gradient":""},"mobile":{"background-color":"var(--ast-global-color-5)","background-image":"","background-repeat":"repeat","background-position":"center center","background-size":"auto","background-attachment":"scroll","background-type":"","background-media":"","overlay-type":"","overlay-color":"","overlay-gradient":""}}},"product_brand":[],"product_cat":[438],"product_tag":[476,475],"class_list":{"0":"post-7895","1":"product","2":"type-product","3":"status-publish","4":"has-post-thumbnail","6":"product_cat-machines-a-plucher-les-noix","7":"product_tag-machine-a-eplucher-les-arachides","8":"product_tag-machine-a-eplucher-les-noix","9":"desktop-align-left","10":"tablet-align-left","11":"mobile-align-left","13":"first","14":"instock","15":"shipping-taxable","16":"product-type-simple"},"_links":{"self":[{"href":"https:\/\/machinecastle.com\/fr\/wp-json\/wp\/v2\/product\/7895","targetHints":{"allow":["GET"]}}],"collection":[{"href":"https:\/\/machinecastle.com\/fr\/wp-json\/wp\/v2\/product"}],"about":[{"href":"https:\/\/machinecastle.com\/fr\/wp-json\/wp\/v2\/types\/product"}],"wp:featuredmedia":[{"embeddable":true,"href":"https:\/\/machinecastle.com\/fr\/wp-json\/wp\/v2\/media\/7901"}],"wp:attachment":[{"href":"https:\/\/machinecastle.com\/fr\/wp-json\/wp\/v2\/media?parent=7895"}],"wp:term":[{"taxonomy":"product_brand","embeddable":true,"href":"https:\/\/machinecastle.com\/fr\/wp-json\/wp\/v2\/product_brand?post=7895"},{"taxonomy":"product_cat","embeddable":true,"href":"https:\/\/machinecastle.com\/fr\/wp-json\/wp\/v2\/product_cat?post=7895"},{"taxonomy":"product_tag","embeddable":true,"href":"https:\/\/machinecastle.com\/fr\/wp-json\/wp\/v2\/product_tag?post=7895"}],"curies":[{"name":"wp","href":"https:\/\/api.w.org\/{rel}","templated":true}]}}